{"id":326892,"date":"2023-10-04T10:04:27","date_gmt":"2024-04-05T14:49:31","guid":{"rendered":"https:\/\/www.moskito.cz\/produkt\/etui-crkt-provoke-compact-sheath-d4045\/"},"modified":"2025-05-07T11:08:56","modified_gmt":"2025-05-07T10:08:56","slug":"etui-crkt-provoke-compact-sheath-d4045","status":"publish","type":"product","link":"https:\/\/www.moskito.cz\/pl\/produkt\/etui-crkt-provoke-compact-sheath-d4045\/","title":{"rendered":"Etui CRKT Provoke Compact Sheath D4045"},"content":{"rendered":"<p>Etui <strong>CRKT<\/strong> Provoke Compact Sheath D4045<\/p>\n<p>Potrzebujesz etui na n\u00f3\u017c Provoke\u00ae Compact? Mamy to dla Ciebie.<\/p>\n<p>Wykonana z mocnego i trwa\u0142ego, formowanego pr\u00f3\u017cniowo tworzywa termoplastycznego, ta kabura bezpiecznie utrzyma ostrze jastrz\u0119bia w gnie\u017adzie, dop\u00f3ki nie zostanie sprowokowane. Pochwa jest wyposa\u017cona w zestaw klips\u00f3w kompatybilnych ze sprz\u0119tem, kt\u00f3re odpowiadaj\u0105 potrzebom paska i taktycznym. Pochwa w pe\u0142ni chroni ostrze no\u017ca i zabezpiecza wed\u0142ug w\u0142asnych upodoba\u0144 dzi\u0119ki wielu opcjom klipsa i przenoszenia. Pochwa ta jest przeznaczona do no\u017ca 4045 Provoke\u00ae Compact.<\/p>\n<p>Pasuje do no\u017ca 4045 Provoke\u00ae Compact<br \/>\nKompatybilno\u015b\u0107 z przek\u0142adni\u0105: Trwa\u0142a skorupa z tworzywa termoplastycznego z mo\u017cliwo\u015bci\u0105 monta\u017cu<br \/>\nKompatybilny z przek\u0142adni\u0105: zestaw klips\u00f3w zapewnia wiele opcji noszenia<\/p>\n<p>Waga 1,90 uncji (53,86 g)<\/p>\n<p>Stylowe etui<br \/>\nMateria\u0142 skorupy Boltaron\u00ae<\/p>\n<p>&nbsp;<\/p>\n<p>&nbsp;<\/p>\n","protected":false},"excerpt":{"rendered":"<p><strong>Potrzebujesz etui na n\u00f3\u017c Provoke\u00ae Compact? Mamy to dla Ciebie.<\/strong><\/p>\n","protected":false},"featured_media":326893,"comment_status":"open","ping_status":"closed","template":"","meta":[],"pwb-brand":[3458],"product_brand":[],"product_cat":[3296,3307],"product_tag":[3671],"class_list":{"0":"post-326892","1":"product","2":"type-product","3":"status-publish","4":"has-post-thumbnail","6":"pwb-brand-crkt-pl","7":"product_cat-noze-pl","8":"product_cat-zamykanie-nozy","9":"product_tag-b2b-pl","11":"first","12":"instock","13":"taxable","14":"shipping-taxable","15":"purchasable","16":"product-type-simple"},"brands":[{"id":3458,"name":"CRKT","slug":"crkt-pl"}],"_links":{"self":[{"href":"https:\/\/www.moskito.cz\/pl\/wp-json\/wp\/v2\/product\/326892","targetHints":{"allow":["GET"]}}],"collection":[{"href":"https:\/\/www.moskito.cz\/pl\/wp-json\/wp\/v2\/product"}],"about":[{"href":"https:\/\/www.moskito.cz\/pl\/wp-json\/wp\/v2\/types\/product"}],"replies":[{"embeddable":true,"href":"https:\/\/www.moskito.cz\/pl\/wp-json\/wp\/v2\/comments?post=326892"}],"wp:featuredmedia":[{"embeddable":true,"href":"https:\/\/www.moskito.cz\/pl\/wp-json\/wp\/v2\/media\/326893"}],"wp:attachment":[{"href":"https:\/\/www.moskito.cz\/pl\/wp-json\/wp\/v2\/media?parent=326892"}],"wp:term":[{"taxonomy":"pwb-brand","embeddable":true,"href":"https:\/\/www.moskito.cz\/pl\/wp-json\/wp\/v2\/pwb-brand?post=326892"},{"taxonomy":"product_brand","embeddable":true,"href":"https:\/\/www.moskito.cz\/pl\/wp-json\/wp\/v2\/product_brand?post=326892"},{"taxonomy":"product_cat","embeddable":true,"href":"https:\/\/www.moskito.cz\/pl\/wp-json\/wp\/v2\/product_cat?post=326892"},{"taxonomy":"product_tag","embeddable":true,"href":"https:\/\/www.moskito.cz\/pl\/wp-json\/wp\/v2\/product_tag?post=326892"}],"curies":[{"name":"wp","href":"https:\/\/api.w.org\/{rel}","templated":true}]}}