{"id":327007,"date":"2024-04-06T20:04:27","date_gmt":"2024-04-06T19:05:27","guid":{"rendered":"https:\/\/www.moskito.cz\/produkt\/noz-zamykajacy-crkt-padawan-6070\/"},"modified":"2025-05-07T11:08:58","modified_gmt":"2025-05-07T10:08:58","slug":"noz-zamykajacy-crkt-padawan-6070","status":"publish","type":"product","link":"https:\/\/www.moskito.cz\/pl\/produkt\/noz-zamykajacy-crkt-padawan-6070\/","title":{"rendered":"N\u00f3\u017c zamykaj\u0105cy CRKT Padawan 6070"},"content":{"rendered":"<p>N\u00f3\u017c zamykaj\u0105cy <strong>CRKT<\/strong> Padawan 6070<\/p>\n<p>Dlaczego nazywamy to <strong>Padawanem<\/strong> ? Praktyka Buzettiego jako znanego wytw\u00f3rcy no\u017cy Flavio Ikoma \u2013 znanego jako \u201eMistrz\u201d \u2013 by\u0142a doskona\u0142\u0105 inspiracj\u0105 do debiutu jego pierwszego projektu. Ten funkcjonalny n\u00f3\u017c sk\u0142adany, b\u0119d\u0105cy pierwszym projektem Pedro Buzettiego we wsp\u00f3\u0142pracy z <strong>CRKT<\/strong> , zosta\u0142 stworzony z my\u015bl\u0105 o formie i funkcjonalno\u015bci, z zako\u0144czonym ostrzem wykonanym ze stali 14C28N i pi\u0119kn\u0105 pow\u0142ok\u0105 micarta na r\u0119koje\u015bci dla lepszego chwytu. Blokada ramy zosta\u0142a zmodyfikowana tak, aby zabezpieczy\u0107 ostrze, a klips umo\u017cliwia trzymanie no\u017ca nisko w kieszeni. Padawan dost\u0119pny jest w dw\u00f3ch wersjach.<\/p>\n<p>Dane techniczne:<br \/>\nOstrze ze stali Sandvik 14C28N zachowuje swoj\u0105 kraw\u0119d\u017a<br \/>\nSworze\u0144 z \u0142o\u017cyskiem kulkowym IKBS p\u0142ynnie \u0142\u0105czy si\u0119 z ostrzem<br \/>\nFlipper szybko rozk\u0142ada ostrze<\/p>\n<p>Dane techniczne<br \/>\nD\u0142ugo\u015b\u0107 ostrza: 7,64 cm<br \/>\nD\u0142ugo\u015b\u0107 r\u0105czki: 10,52 cm<br \/>\nD\u0142ugo\u015b\u0107 ca\u0142kowita: 18,09 cm<br \/>\nMateria\u0142 ostrza: stal nierdzewna Sandvik 14C28N<br \/>\nStyl ostrza: Drop Point<br \/>\nWyko\u0144czenie ostrza: Szczotkowana satyna<br \/>\nMateria\u0142 r\u0119koje\u015bci: stal nierdzewna z br\u0105zow\u0105 nak\u0142adk\u0105 Micarta<br \/>\nMechanizm blokuj\u0105cy: Blokada ramy<br \/>\nKieszonkowy klips: sk\u0142adany, do noszenia w prawej r\u0119ce<br \/>\nWaga: 3,10 uncji (87,88 g)<br \/>\nProjektant: Pedro Buzetti<\/p>\n<p><iframe title=\"CRKT Padawan Frame Lock | Pedro Buzetti Design\" width=\"800\" height=\"450\" src=\"https:\/\/www.youtube.com\/embed\/6YZEVM4HSiM?feature=oembed\" frameborder=\"0\" allow=\"accelerometer; autoplay; clipboard-write; encrypted-media; gyroscope; picture-in-picture; web-share\" referrerpolicy=\"strict-origin-when-cross-origin\" allowfullscreen><\/iframe><\/p>\n<p>&nbsp;<\/p>\n<p>&nbsp;<\/p>\n","protected":false},"excerpt":{"rendered":"<p><strong>Oficjalnie wyszkolony w dziedzinie architektury Brazylijczyk Pedro Buzetti wyznaje motto \u201eforma i funkcja, a nie jedno nad drugim\u201d. Harmonia ta jest widoczna w jego pracach na zam\u00f3wienie i urzeczywistniona w sk\u0142adanym no\u017cu Padawan \u2013 pierwszej wsp\u00f3\u0142pracy Pedro z CRKT. W ramach d\u0142ugiej tradycji mentoringu w\u015br\u00f3d tw\u00f3rc\u00f3w no\u017cy, Pedro studiowa\u0142 u znanego wytw\u00f3rcy Flavio Ikomy \u2013 wynalazcy zamka Deadbolt\u00ae i sworznia z \u0142o\u017cyskiem kulkowym IKBS\u2122. Pod czujnym okiem Flavio Pedro doskonali\u0142 swoje umiej\u0119tno\u015bci techniczne i udoskonala\u0142 swoje podej\u015bcie do projektowania, czego efektem by\u0142y idealnie wywa\u017cone no\u017ce z subtelnymi elementami projektowymi inspirowanymi charakterystyczn\u0105 estetyk\u0105 jego mentora. Perfekcjonizm \u2013 kolejna cecha przepojona Flavio \u2013 jest sta\u0142\u0105 cech\u0105 tw\u00f3rczo\u015bci Pedra, a ka\u017cdy uko\u0144czony utw\u00f3r jest lepszy od poprzedniego, niezale\u017cnie od tego, jak niewielka mo\u017ce by\u0107 poprawa<\/strong>.<\/p>\n","protected":false},"featured_media":326960,"comment_status":"open","ping_status":"closed","template":"","meta":[],"pwb-brand":[3458],"product_brand":[],"product_cat":[3307,3296],"product_tag":[3671],"class_list":{"0":"post-327007","1":"product","2":"type-product","3":"status-publish","4":"has-post-thumbnail","6":"pwb-brand-crkt-pl","7":"product_cat-zamykanie-nozy","8":"product_cat-noze-pl","9":"product_tag-b2b-pl","11":"first","12":"outofstock","13":"sale","14":"taxable","15":"shipping-taxable","16":"purchasable","17":"product-type-simple"},"brands":[{"id":3458,"name":"CRKT","slug":"crkt-pl"}],"_links":{"self":[{"href":"https:\/\/www.moskito.cz\/pl\/wp-json\/wp\/v2\/product\/327007","targetHints":{"allow":["GET"]}}],"collection":[{"href":"https:\/\/www.moskito.cz\/pl\/wp-json\/wp\/v2\/product"}],"about":[{"href":"https:\/\/www.moskito.cz\/pl\/wp-json\/wp\/v2\/types\/product"}],"replies":[{"embeddable":true,"href":"https:\/\/www.moskito.cz\/pl\/wp-json\/wp\/v2\/comments?post=327007"}],"wp:featuredmedia":[{"embeddable":true,"href":"https:\/\/www.moskito.cz\/pl\/wp-json\/wp\/v2\/media\/326960"}],"wp:attachment":[{"href":"https:\/\/www.moskito.cz\/pl\/wp-json\/wp\/v2\/media?parent=327007"}],"wp:term":[{"taxonomy":"pwb-brand","embeddable":true,"href":"https:\/\/www.moskito.cz\/pl\/wp-json\/wp\/v2\/pwb-brand?post=327007"},{"taxonomy":"product_brand","embeddable":true,"href":"https:\/\/www.moskito.cz\/pl\/wp-json\/wp\/v2\/product_brand?post=327007"},{"taxonomy":"product_cat","embeddable":true,"href":"https:\/\/www.moskito.cz\/pl\/wp-json\/wp\/v2\/product_cat?post=327007"},{"taxonomy":"product_tag","embeddable":true,"href":"https:\/\/www.moskito.cz\/pl\/wp-json\/wp\/v2\/product_tag?post=327007"}],"curies":[{"name":"wp","href":"https:\/\/api.w.org\/{rel}","templated":true}]}}