{"id":327092,"date":"2022-08-22T20:51:46","date_gmt":"2024-04-08T13:00:54","guid":{"rendered":"https:\/\/www.moskito.cz\/produkt\/noz-zamykajacy-crkt-provoke-orange-4041o\/"},"modified":"2025-05-07T11:09:04","modified_gmt":"2025-05-07T10:09:04","slug":"noz-zamykajacy-crkt-provoke-orange-4041o","status":"publish","type":"product","link":"https:\/\/www.moskito.cz\/pl\/produkt\/noz-zamykajacy-crkt-provoke-orange-4041o\/","title":{"rendered":"N\u00f3\u017c zamykaj\u0105cy CRKT PROVOKE ORANGE 4041O"},"content":{"rendered":"<p>N\u00f3\u017c zamykaj\u0105cy <strong>CRKT<\/strong> PROVOKE ORANGE 4041O.<\/p>\n<p>Podawa\u0107. Broni\u0107. Morfuj\u0105cy n\u00f3\u017c karambit Provoke\u00ae Orange nawi\u0105zuje do staro\u017cytnego projektu, ale kryje w sobie futurystyczny sekret. Pierwszy w historii n\u00f3\u017c z technologi\u0105 Kinematic\u00ae, kt\u00f3ry mo\u017cna dobrze schowa\u0107 podczas transportu i o\u017cywa, gdy pojawi\u0105 si\u0119 problemy. Teraz wykonany z Grivory\u00ae \u2013 wytrzyma\u0142ego, lekkiego, technicznego tworzywa termoplastycznego \u2013 jest l\u017cejszy, bardziej zwinny i mo\u017cna go zabra\u0107 wsz\u0119dzie.<\/p>\n<p>W tym przypadku projektanta Joe Caswella postrzegamy jako szalonego naukowca. Kiedy zobaczyli\u015bmy szkice tego, co mia\u0142o sta\u0107 si\u0119 Provokiem\u00ae \u2013 zaprojektowanym w Newbury Park w Kalifornii \u2013 wiedzieli\u015bmy, \u017ce jego przeznaczeniem jest sta\u0107 si\u0119 jednym z najbardziej innowacyjnych projektant\u00f3w, jaki kiedykolwiek widzia\u0142 \u015bwiat no\u017cy. Wzorowane na tradycyjnym karambicie, ostrze w stylu czarnego jastrz\u0119bia wykonane jest ze stali nierdzewnej kamiennej.<\/p>\n<p>Mechanizm otwieraj\u0105cy przenosi folder w przysz\u0142o\u015b\u0107, gotowy lub nie. Naci\u015bni\u0119cie kciukiem na g\u00f3rny dr\u0105\u017cek wywo\u0142uje reakcj\u0119 \u0142a\u0144cuchow\u0105, powoduj\u0105c, \u017ce ostrze uruchamia si\u0119, podczas gdy Ty trzymasz mocno r\u0119koje\u015b\u0107. Wykonany jest z pomara\u0144czowego Grivory\u00ae, super wytrzyma\u0142ego, lekkiego tworzywa termoplastycznego, kt\u00f3ry u\u0142atwia transport i zapewnia p\u0142ynne przej\u015bcie do codziennego noszenia. Klips kieszonkowy, w prawdziwym stylu Joe, jest r\u00f3wnie\u017c nowo\u015bci\u0105 na \u015bwiecie \u2013 jest prawie ca\u0142kowicie zr\u00f3wnany z r\u0105czk\u0105 i mo\u017cna go r\u00f3wnie\u017c aktywowa\u0107 lekkim naci\u015bni\u0119ciem kciuka.<\/p>\n<p>Prowokowa\u0107\u00ae<br \/>\njest silny, gdy zostaje wezwany do s\u0142u\u017cby.<\/p>\n<p>Jak dzia\u0142a Kinematic\u00ae<br \/>\nWci\u015bnij kciuk w g\u00f3rn\u0105 poprzeczk\u0119, podczas gdy pozosta\u0142e palce mocno \u015bciskaj\u0105 r\u0119koje\u015b\u0107, a ostrze o\u017cyje i zatrza\u015bnie si\u0119 na swoim miejscu. Przesu\u0144 dyskretn\u0105 d\u017awigni\u0119 u podstawy p\u0119tli na palec, a ostrze cofnie si\u0119 do pozycji zamkni\u0119tej.<\/p>\n<p>SPECYFIKACJE<br \/>\nD\u0142ugo\u015b\u0107 ostrza 2,47 cala (62,69 mm)<br \/>\nOstrze proste<br \/>\nOstrze ze stali 1.4116<br \/>\nWyko\u0144czenie ostrza typu stonewash<br \/>\nGrubo\u015b\u0107 ostrza 0,21 cala (5,38 mm)<br \/>\nD\u0142ugo\u015b\u0107 ca\u0142kowita 7,19 cala (182,58 mm)<br \/>\nD\u0142ugo\u015b\u0107 po zamkni\u0119ciu 4,96 cala (125,88 mm)<br \/>\nWaga 4,70 uncji (133,24 g)<br \/>\nR\u0119koje\u015b\u0107 Grivory\u00ae<br \/>\nStylowy n\u00f3\u017c sk\u0142adany z Kinematic\u2122<\/p>\n<p><iframe title=\"CRKT PROVOKE\u2122 ORANGE | Joe Caswell Design\" width=\"800\" height=\"450\" src=\"https:\/\/www.youtube.com\/embed\/QMMSMFwqDe4?feature=oembed\" frameborder=\"0\" allow=\"accelerometer; autoplay; clipboard-write; encrypted-media; gyroscope; picture-in-picture; web-share\" referrerpolicy=\"strict-origin-when-cross-origin\" allowfullscreen><\/iframe><\/p>\n<p>&nbsp;<\/p>\n","protected":false},"excerpt":{"rendered":"<p>Zaprojektowany przez Joe Caswella w Newbury Park w Kalifornii.<\/p>\n","protected":false},"featured_media":327093,"comment_status":"open","ping_status":"closed","template":"","meta":[],"pwb-brand":[3458],"product_brand":[],"product_cat":[3307,3296],"product_tag":[3671],"class_list":{"0":"post-327092","1":"product","2":"type-product","3":"status-publish","4":"has-post-thumbnail","6":"pwb-brand-crkt-pl","7":"product_cat-zamykanie-nozy","8":"product_cat-noze-pl","9":"product_tag-b2b-pl","11":"first","12":"instock","13":"taxable","14":"shipping-taxable","15":"purchasable","16":"product-type-simple"},"brands":[{"id":3458,"name":"CRKT","slug":"crkt-pl"}],"_links":{"self":[{"href":"https:\/\/www.moskito.cz\/pl\/wp-json\/wp\/v2\/product\/327092","targetHints":{"allow":["GET"]}}],"collection":[{"href":"https:\/\/www.moskito.cz\/pl\/wp-json\/wp\/v2\/product"}],"about":[{"href":"https:\/\/www.moskito.cz\/pl\/wp-json\/wp\/v2\/types\/product"}],"replies":[{"embeddable":true,"href":"https:\/\/www.moskito.cz\/pl\/wp-json\/wp\/v2\/comments?post=327092"}],"wp:featuredmedia":[{"embeddable":true,"href":"https:\/\/www.moskito.cz\/pl\/wp-json\/wp\/v2\/media\/327093"}],"wp:attachment":[{"href":"https:\/\/www.moskito.cz\/pl\/wp-json\/wp\/v2\/media?parent=327092"}],"wp:term":[{"taxonomy":"pwb-brand","embeddable":true,"href":"https:\/\/www.moskito.cz\/pl\/wp-json\/wp\/v2\/pwb-brand?post=327092"},{"taxonomy":"product_brand","embeddable":true,"href":"https:\/\/www.moskito.cz\/pl\/wp-json\/wp\/v2\/product_brand?post=327092"},{"taxonomy":"product_cat","embeddable":true,"href":"https:\/\/www.moskito.cz\/pl\/wp-json\/wp\/v2\/product_cat?post=327092"},{"taxonomy":"product_tag","embeddable":true,"href":"https:\/\/www.moskito.cz\/pl\/wp-json\/wp\/v2\/product_tag?post=327092"}],"curies":[{"name":"wp","href":"https:\/\/api.w.org\/{rel}","templated":true}]}}