{"id":327205,"date":"2023-03-21T19:35:56","date_gmt":"2024-04-08T13:16:47","guid":{"rendered":"https:\/\/www.moskito.cz\/produkt\/noz-zamykajacy-crkt-provoke-z-zabkami-veff\/"},"modified":"2025-05-07T11:09:06","modified_gmt":"2025-05-07T10:09:06","slug":"noz-zamykajacy-crkt-provoke-z-zabkami-veff","status":"publish","type":"product","link":"https:\/\/www.moskito.cz\/pl\/produkt\/noz-zamykajacy-crkt-provoke-z-zabkami-veff\/","title":{"rendered":"N\u00f3\u017c zamykaj\u0105cy CRKT PROVOKE Z Z\u0104BKAMI VEFF"},"content":{"rendered":"<p>N\u00f3\u017c zamykaj\u0105cy <strong>CRKT<\/strong> PROVOKE Z Z\u0104BKAMI VEFF<\/p>\n<p><strong>Podawa\u0107. Broni\u0107.<\/strong><\/p>\n<p>Materia\u0142 w\u0142\u00f3knisty, uwa\u017caj na Provoke\u00ae z Veff Serrations\u2122. Zmieniaj\u0105ca bran\u017c\u0119 innowacja Kinematic\u00ae \u0142\u0105czy si\u0119 ze sprawdzonymi Veff Serrations\u2122, tworz\u0105c now\u0105 wersj\u0119 oryginalnego no\u017ca karambitowego Provoke\u00ae. Liny, pasy bezpiecze\u0144stwa i siatki nigdy nie mia\u0142y szans.<br \/>\nUnikalna innowacja Kinematic\u00ae szybko rozk\u0142ada ostrze za naci\u015bni\u0119ciem kciuka<br \/>\nVeff Serrations\u2122 zapewniaj\u0105 doskona\u0142e ci\u0119cie lin, ta\u015bm i materia\u0142\u00f3w w\u0142\u00f3knistych<br \/>\nStal ostrza D2 zapewniaj\u0105ca doskona\u0142e trzymanie ostrza; Czarna pow\u0142oka z azotku tytanu zapewniaj\u0105ca zwi\u0119kszon\u0105 odporno\u015b\u0107 na korozj\u0119<\/p>\n<p>SPECYFIKACJE<br \/>\nD\u0142ugo\u015b\u0107 ostrza: 6,12 cm<br \/>\nZ\u0105bkowania kraw\u0119dzi ostrza Veff\u2122<br \/>\nOstrze ze stali D2<br \/>\nObr\u00f3bka powierzchni ostrza azotkiem tytanu<br \/>\nGrubo\u015b\u0107 ostrza 0,53 cm<br \/>\nD\u0142ugo\u015b\u0107 ca\u0142kowita: 18,41 cm<br \/>\nD\u0142ugo\u015b\u0107 po zamkni\u0119ciu: 12,59 cm<br \/>\nWaga 167,26 g<br \/>\nUchwyt aluminiowy<br \/>\nStylowy n\u00f3\u017c sk\u0142adany z Kinematic\u2122<\/p>\n<p><iframe title=\"CRKT Kinematic | How It Works\" width=\"800\" height=\"450\" src=\"https:\/\/www.youtube.com\/embed\/birKtIe7HRY?feature=oembed\" frameborder=\"0\" allow=\"accelerometer; autoplay; clipboard-write; encrypted-media; gyroscope; picture-in-picture; web-share\" referrerpolicy=\"strict-origin-when-cross-origin\" allowfullscreen><\/iframe><\/p>\n<p>&nbsp;<\/p>\n","protected":false},"excerpt":{"rendered":"<pre id=\"tw-target-text\" class=\"tw-data-text tw-text-large tw-ta\" dir=\"ltr\" data-placeholder=\"P\u0159eklad\"><strong>Navrhl Joe Caswell v Newbury Park v Kalifornii.<\/strong><\/pre>\n","protected":false},"featured_media":327206,"comment_status":"open","ping_status":"closed","template":"","meta":[],"pwb-brand":[3458],"product_brand":[],"product_cat":[3307,3296],"product_tag":[3671],"class_list":{"0":"post-327205","1":"product","2":"type-product","3":"status-publish","4":"has-post-thumbnail","6":"pwb-brand-crkt-pl","7":"product_cat-zamykanie-nozy","8":"product_cat-noze-pl","9":"product_tag-b2b-pl","11":"first","12":"outofstock","13":"taxable","14":"shipping-taxable","15":"purchasable","16":"product-type-simple"},"brands":[{"id":3458,"name":"CRKT","slug":"crkt-pl"}],"_links":{"self":[{"href":"https:\/\/www.moskito.cz\/pl\/wp-json\/wp\/v2\/product\/327205","targetHints":{"allow":["GET"]}}],"collection":[{"href":"https:\/\/www.moskito.cz\/pl\/wp-json\/wp\/v2\/product"}],"about":[{"href":"https:\/\/www.moskito.cz\/pl\/wp-json\/wp\/v2\/types\/product"}],"replies":[{"embeddable":true,"href":"https:\/\/www.moskito.cz\/pl\/wp-json\/wp\/v2\/comments?post=327205"}],"wp:featuredmedia":[{"embeddable":true,"href":"https:\/\/www.moskito.cz\/pl\/wp-json\/wp\/v2\/media\/327206"}],"wp:attachment":[{"href":"https:\/\/www.moskito.cz\/pl\/wp-json\/wp\/v2\/media?parent=327205"}],"wp:term":[{"taxonomy":"pwb-brand","embeddable":true,"href":"https:\/\/www.moskito.cz\/pl\/wp-json\/wp\/v2\/pwb-brand?post=327205"},{"taxonomy":"product_brand","embeddable":true,"href":"https:\/\/www.moskito.cz\/pl\/wp-json\/wp\/v2\/product_brand?post=327205"},{"taxonomy":"product_cat","embeddable":true,"href":"https:\/\/www.moskito.cz\/pl\/wp-json\/wp\/v2\/product_cat?post=327205"},{"taxonomy":"product_tag","embeddable":true,"href":"https:\/\/www.moskito.cz\/pl\/wp-json\/wp\/v2\/product_tag?post=327205"}],"curies":[{"name":"wp","href":"https:\/\/api.w.org\/{rel}","templated":true}]}}