{"id":327306,"date":"2022-08-20T20:23:52","date_gmt":"2024-04-08T13:34:33","guid":{"rendered":"https:\/\/www.moskito.cz\/produkt\/noz-zamykajacy-crkt-m16-14sf\/"},"modified":"2025-05-07T11:09:08","modified_gmt":"2025-05-07T10:09:08","slug":"noz-zamykajacy-crkt-m16-14sf","status":"publish","type":"product","link":"https:\/\/www.moskito.cz\/pl\/produkt\/noz-zamykajacy-crkt-m16-14sf\/","title":{"rendered":"N\u00f3\u017c zamykaj\u0105cy CRKT M16-14SF"},"content":{"rendered":"<p>N\u00f3\u017c zamykaj\u0105cy <strong>CRKT<\/strong> M16-14SF.<\/p>\n<p>Nasze aluminiowe p\u0142yty InterFrame build SF maj\u0105 unikaln\u0105 konstrukcj\u0119, kt\u00f3ra oferuje po\u0142\u0105czenie cech serii Carson M16 wymaganych do zakupu przez specjalist\u00f3w wojskowych. Wybrano podw\u00f3jnie szlifowane ostrza Tanto, poniewa\u017c zapewniaj\u0105 maksymaln\u0105 wytrzyma\u0142o\u015b\u0107. Otwarta konstrukcja pozwala na wbudowanie dw\u00f3ch Carson Flipper\u00f3w, co daje prawdziw\u0105 r\u0119koje\u015b\u0107 &#8211; bardzo rzadk\u0105 w no\u017cach sk\u0142adanych.<\/p>\n<p>M16\u00ae-14SF Big Dog Aluminium to nasza wytrzyma\u0142a wersja u\u017cyteczna z podw\u00f3jnie szlifowanym ostrzem Tanto o d\u0142ugo\u015bci 3,875 cala (98 mm) i pe\u0142nowymiarow\u0105 r\u0119koje\u015bci\u0105 z g\u0142owic\u0105.<\/p>\n<p>Ostrze, rama i okucia s\u0105 w kolorze nieodblaskowym, taktycznym czarnym. czarna pow\u0142oka z azotku tytanu zapewniaj\u0105ca maksymaln\u0105 odporno\u015b\u0107 na korozj\u0119. Typowe ko\u0142ki pod kciuk z podw\u00f3jn\u0105 kratk\u0105 s\u0105 standardem. Otwieranie i zamykanie jedn\u0105 r\u0119k\u0105 jest szybkie i p\u0142ynne.<\/p>\n<p>Posiada r\u00f3wnie\u017c nasze automatyczne zabezpieczenie wk\u0142adu. Automatyczne zabezpieczenie wk\u0142adki to innowacja w zakresie bezpiecze\u0144stwa wk\u0142adki blokuj\u0105cej, kt\u00f3ra zosta\u0142a przeniesiona na wy\u017cszy poziom. Automatyczna blokada wk\u0142adki ustawia sworze\u0144 pomi\u0119dzy wk\u0142adk\u0105 zamka a o\u015bcie\u017cnic\u0105. Trzpie\u0144 ten pe\u0142ni rol\u0119 dodatkowej warstwy zabezpieczaj\u0105cej, zmniejszaj\u0105c prawdopodobie\u0144stwo poluzowania si\u0119 wk\u0142adki blokuj\u0105cej podczas u\u017cytkowania.<\/p>\n<p>Aby zamkn\u0105\u0107 n\u00f3\u017c nale\u017cy odci\u0105gn\u0105\u0107 d\u017awigni\u0119 zabezpieczaj\u0105c\u0105 z czerwonym przyciskiem, przesun\u0105\u0107 wk\u0142adk\u0119 blokuj\u0105c\u0105 i z\u0142o\u017cy\u0107 ostrze do pozycji zamkni\u0119tej. Chcesz mie\u0107 jeden z najbezpieczniejszych system\u00f3w bezpiecze\u0144stwa na rynku? Wyb\u00f3r jest automatyczny.<\/p>\n<p>Nasza aluminiowa rama SF ma rze\u017abione, anodowane na twardo aluminium 6061 T6, z promieniem obwodowym zapewniaj\u0105cym wygodny chwyt w r\u0119kawiczkach lub bez, wstawki ze stali nierdzewnej z rowkami ciernymi oraz wysokiej jako\u015bci ostrze ze stali nierdzewnej AUS 8. Ostra jak brzytwa i z\u0105bkowana kraw\u0119d\u017a Triple-Point\u2122 jest standardem.<\/p>\n<p>Wszystkie no\u017ce z tej serii wyposa\u017cone s\u0105 w klipsy umo\u017cliwiaj\u0105ce noszenie w czterech pozycjach na pasku lub pasku. Ostrze\u017cenie: Te no\u017ce nie s\u0105 przeznaczone do przechowywania w kieszeni. S\u0105 to no\u017ce specjalne, zaprojektowane przez wojsko do u\u017cytku w si\u0142ach specjalnych.<\/p>\n<p><iframe title=\"CRKT M16-14SF Knife Designed by Kit Carson\" width=\"800\" height=\"450\" src=\"https:\/\/www.youtube.com\/embed\/KwiXKng97LA?feature=oembed\" frameborder=\"0\" allow=\"accelerometer; autoplay; clipboard-write; encrypted-media; gyroscope; picture-in-picture; web-share\" referrerpolicy=\"strict-origin-when-cross-origin\" allowfullscreen><\/iframe><\/p>\n<p>&nbsp;<\/p>\n<p>SPECYFIKACJE<br \/>\nD\u0142ugo\u015b\u0107 ostrza 3,99 cala (101,35 mm)<br \/>\nKraw\u0119d\u017a ostrza Triple Point Serrations\u2122<br \/>\nOstrze ze stali AUS 8<br \/>\nObr\u00f3bka powierzchni ostrza Azotek tytanu<br \/>\nGrubo\u015b\u0107 ostrza 0,14 cala (3,56 mm)<br \/>\nD\u0142ugo\u015b\u0107 ca\u0142kowita 9,25 cala (234,95 mm)<br \/>\nD\u0142ugo\u015b\u0107 po zamkni\u0119ciu 5,38 cala (136,53 mm)<br \/>\nWaga 5,70 uncji (161,59 g)<br \/>\nUchwyt aluminiowy<br \/>\nStylowy n\u00f3\u017c sk\u0142adany z blokad\u0105 Liner Lock<\/p>\n","protected":false},"excerpt":{"rendered":"<p>Zaprojektowany przez Kita Carsona w Vine Grove w stanie Kentucky.<\/p>\n","protected":false},"featured_media":327315,"comment_status":"open","ping_status":"closed","template":"","meta":[],"pwb-brand":[3458],"product_brand":[],"product_cat":[3296,3307],"product_tag":[3671],"class_list":{"0":"post-327306","1":"product","2":"type-product","3":"status-publish","4":"has-post-thumbnail","6":"pwb-brand-crkt-pl","7":"product_cat-noze-pl","8":"product_cat-zamykanie-nozy","9":"product_tag-b2b-pl","11":"first","12":"outofstock","13":"taxable","14":"shipping-taxable","15":"purchasable","16":"product-type-simple"},"brands":[{"id":3458,"name":"CRKT","slug":"crkt-pl"}],"_links":{"self":[{"href":"https:\/\/www.moskito.cz\/pl\/wp-json\/wp\/v2\/product\/327306","targetHints":{"allow":["GET"]}}],"collection":[{"href":"https:\/\/www.moskito.cz\/pl\/wp-json\/wp\/v2\/product"}],"about":[{"href":"https:\/\/www.moskito.cz\/pl\/wp-json\/wp\/v2\/types\/product"}],"replies":[{"embeddable":true,"href":"https:\/\/www.moskito.cz\/pl\/wp-json\/wp\/v2\/comments?post=327306"}],"wp:featuredmedia":[{"embeddable":true,"href":"https:\/\/www.moskito.cz\/pl\/wp-json\/wp\/v2\/media\/327315"}],"wp:attachment":[{"href":"https:\/\/www.moskito.cz\/pl\/wp-json\/wp\/v2\/media?parent=327306"}],"wp:term":[{"taxonomy":"pwb-brand","embeddable":true,"href":"https:\/\/www.moskito.cz\/pl\/wp-json\/wp\/v2\/pwb-brand?post=327306"},{"taxonomy":"product_brand","embeddable":true,"href":"https:\/\/www.moskito.cz\/pl\/wp-json\/wp\/v2\/product_brand?post=327306"},{"taxonomy":"product_cat","embeddable":true,"href":"https:\/\/www.moskito.cz\/pl\/wp-json\/wp\/v2\/product_cat?post=327306"},{"taxonomy":"product_tag","embeddable":true,"href":"https:\/\/www.moskito.cz\/pl\/wp-json\/wp\/v2\/product_tag?post=327306"}],"curies":[{"name":"wp","href":"https:\/\/api.w.org\/{rel}","templated":true}]}}