{"id":327369,"date":"2022-08-20T23:08:29","date_gmt":"2024-04-08T13:50:50","guid":{"rendered":"https:\/\/www.moskito.cz\/produkt\/noz-zamykajacy-crkt-m21-14dsfg\/"},"modified":"2025-05-07T11:09:09","modified_gmt":"2025-05-07T10:09:09","slug":"noz-zamykajacy-crkt-m21-14dsfg","status":"publish","type":"product","link":"https:\/\/www.moskito.cz\/pl\/produkt\/noz-zamykajacy-crkt-m21-14dsfg\/","title":{"rendered":"N\u00f3\u017c zamykaj\u0105cy CRKT M21-14DSFG"},"content":{"rendered":"<p>N\u00f3\u017c zamykaj\u0105cy <strong>CRKT<\/strong> M21-14DSFG.<\/p>\n<p>W procesie opracowywania linii modeli Carson dla si\u0142 specjalnych G10 M21\u2122 sta\u0142o si\u0119 jasne, \u017ce istnieje zapotrzebowanie na te modele ze strony si\u0142 koalicyjnych s\u0142u\u017c\u0105cych w \u015brodowisku pustynnym. Te modele maj\u0105 ostrze i \u0142uski Desert Tan.<br \/>\n6,5 uncji (184 g).<\/p>\n<p>Podobnie jak jego czarny taktyczny odpowiednik, n\u00f3\u017c ten ma unikaln\u0105 konstrukcj\u0119 oferuj\u0105c\u0105 po\u0142\u0105czenie cech serii Carson SF, kt\u00f3rych wymagali specjali\u015bci kontraktowi wojskowego. Posiada kombinacj\u0119 ostrej jak brzytwa i opatentowanej (1) z\u0105bkowanej kraw\u0119dzi Veff\u2122. Otwarta konstrukcja pozwala na wbudowanie dw\u00f3ch Carson Flipper\u00f3w, co daje prawdziw\u0105 r\u0119koje\u015b\u0107 &#8211; dotychczas rzadko spotykan\u0105 w no\u017cach sk\u0142adanych.<\/p>\n<p>Ostrze i \u0142uski s\u0105 nieodblaskowe w kolorze Desert Tan. Najnowocze\u015bniejsze ostrze ze stali nierdzewnej 8Cr14MoV jest pokryte azotkiem tytanu dla maksymalnej odporno\u015bci na korozj\u0119. Markowe ko\u0142ki na kciuki z podw\u00f3jn\u0105 kratk\u0105 s\u0105 standardem. Otwieranie i zamykanie jedn\u0105 r\u0119k\u0105 jest szybkie i p\u0142ynne.<\/p>\n<p>Otwarta konstrukcja InterFrame wykorzystuje skal\u0119 Desert Tan z G10 i wstawki ze stali nierdzewnej z rowkami ciernymi. G10 jest cz\u0119sto preferowany ze wzgl\u0119du na agresywny chwyt, lekko\u015b\u0107 i w\u0142a\u015bciwo\u015bci izolacyjne, kt\u00f3re sprawiaj\u0105, \u017ce jest ch\u0142odniejszy w upale i cieplejszy w zimnie ni\u017c metal.<\/p>\n<p>Posiada r\u00f3wnie\u017c nasze automatyczne zabezpieczenie wk\u0142adu. Automatyczne zabezpieczenie wk\u0142adki to innowacja w zakresie bezpiecze\u0144stwa wk\u0142adki blokuj\u0105cej, kt\u00f3ra zosta\u0142a przeniesiona na wy\u017cszy poziom. Automatyczna blokada wk\u0142adki ustawia sworze\u0144 pomi\u0119dzy wk\u0142adk\u0105 zamka a o\u015bcie\u017cnic\u0105. Trzpie\u0144 ten pe\u0142ni rol\u0119 dodatkowej warstwy zabezpieczaj\u0105cej, zmniejszaj\u0105c prawdopodobie\u0144stwo poluzowania si\u0119 wk\u0142adki blokuj\u0105cej podczas u\u017cytkowania.<\/p>\n<p>Aby zamkn\u0105\u0107 n\u00f3\u017c nale\u017cy odci\u0105gn\u0105\u0107 d\u017awigni\u0119 zabezpieczaj\u0105c\u0105 z czerwonym przyciskiem, przesun\u0105\u0107 wk\u0142adk\u0119 blokuj\u0105c\u0105 i z\u0142o\u017cy\u0107 ostrze do pozycji zamkni\u0119tej. Chcesz mie\u0107 jeden z najbezpieczniejszych system\u00f3w bezpiecze\u0144stwa na rynku? Wyb\u00f3r jest automatyczny.<\/p>\n<p>Wszystkie no\u017ce z tej serii posiadaj\u0105 klipsy umo\u017cliwiaj\u0105ce noszenie przy pasku lub nosidle w czterech pozycjach \u2013 skierowanym w g\u00f3r\u0119, skierowanym w d\u00f3\u0142, w lewo lub w prawo. (Ostrze\u017cenie: te no\u017ce nie s\u0105 przeznaczone do noszenia w sk\u0142adanej kieszeni.)<\/p>\n<p>S\u0105 to specjalne no\u017ce, zaprojektowane przez wojsko do u\u017cytku pustynnego przez si\u0142y specjalne.<\/p>\n<p>SPECYFIKACJE<br \/>\nD\u0142ugo\u015b\u0107 ostrza 3,98 cala (101,04 mm)<br \/>\nKraw\u0119d\u017a ostrza Veff Serrations\u2122<br \/>\nOstrze ze stali 1.4116<br \/>\nObr\u00f3bka powierzchni ostrza Azotek tytanu<br \/>\nGrubo\u015b\u0107 ostrza 0,14 cala (3,45 mm)<br \/>\nD\u0142ugo\u015b\u0107 ca\u0142kowita 9,34 cala (237,34 mm)<br \/>\nD\u0142ugo\u015b\u0107 po zamkni\u0119ciu 5,34 cala (135,64 mm)<br \/>\nWaga 6,60 uncji (187,11 g)<br \/>\nR\u0119koje\u015b\u0107 G10<br \/>\nStylowy n\u00f3\u017c sk\u0142adany z blokad\u0105 Liner Lock<\/p>\n","protected":false},"excerpt":{"rendered":"<p>Zaprojektowany przez Kita Carsona w Vine Grove w stanie Kentucky.<\/p>\n","protected":false},"featured_media":327370,"comment_status":"open","ping_status":"closed","template":"","meta":[],"pwb-brand":[3458],"product_brand":[],"product_cat":[3307,3296],"product_tag":[3671],"class_list":{"0":"post-327369","1":"product","2":"type-product","3":"status-publish","4":"has-post-thumbnail","6":"pwb-brand-crkt-pl","7":"product_cat-zamykanie-nozy","8":"product_cat-noze-pl","9":"product_tag-b2b-pl","11":"first","12":"outofstock","13":"taxable","14":"shipping-taxable","15":"purchasable","16":"product-type-simple"},"brands":[{"id":3458,"name":"CRKT","slug":"crkt-pl"}],"_links":{"self":[{"href":"https:\/\/www.moskito.cz\/pl\/wp-json\/wp\/v2\/product\/327369","targetHints":{"allow":["GET"]}}],"collection":[{"href":"https:\/\/www.moskito.cz\/pl\/wp-json\/wp\/v2\/product"}],"about":[{"href":"https:\/\/www.moskito.cz\/pl\/wp-json\/wp\/v2\/types\/product"}],"replies":[{"embeddable":true,"href":"https:\/\/www.moskito.cz\/pl\/wp-json\/wp\/v2\/comments?post=327369"}],"wp:featuredmedia":[{"embeddable":true,"href":"https:\/\/www.moskito.cz\/pl\/wp-json\/wp\/v2\/media\/327370"}],"wp:attachment":[{"href":"https:\/\/www.moskito.cz\/pl\/wp-json\/wp\/v2\/media?parent=327369"}],"wp:term":[{"taxonomy":"pwb-brand","embeddable":true,"href":"https:\/\/www.moskito.cz\/pl\/wp-json\/wp\/v2\/pwb-brand?post=327369"},{"taxonomy":"product_brand","embeddable":true,"href":"https:\/\/www.moskito.cz\/pl\/wp-json\/wp\/v2\/product_brand?post=327369"},{"taxonomy":"product_cat","embeddable":true,"href":"https:\/\/www.moskito.cz\/pl\/wp-json\/wp\/v2\/product_cat?post=327369"},{"taxonomy":"product_tag","embeddable":true,"href":"https:\/\/www.moskito.cz\/pl\/wp-json\/wp\/v2\/product_tag?post=327369"}],"curies":[{"name":"wp","href":"https:\/\/api.w.org\/{rel}","templated":true}]}}