{"id":327404,"date":"2022-08-20T18:05:33","date_gmt":"2024-04-08T14:00:30","guid":{"rendered":"https:\/\/www.moskito.cz\/produkt\/noz-zamykajacy-crkt-m16-14sfg\/"},"modified":"2025-05-07T11:09:10","modified_gmt":"2025-05-07T10:09:10","slug":"noz-zamykajacy-crkt-m16-14sfg","status":"publish","type":"product","link":"https:\/\/www.moskito.cz\/pl\/produkt\/noz-zamykajacy-crkt-m16-14sfg\/","title":{"rendered":"N\u00f3\u017c zamykaj\u0105cy CRKT M16-14SFG"},"content":{"rendered":"<p>N\u00f3\u017c zamykaj\u0105cy <strong>CRKT<\/strong> M16-14SFG.<\/p>\n<p>Modele Si\u0142 Specjalnych G10 maj\u0105 unikaln\u0105 konstrukcj\u0119, kt\u00f3ra oferuje po\u0142\u0105czenie funkcji serii Carson M16\u00ae wymaganych przez specjalist\u00f3w wojskowych. Wybrano podw\u00f3jnie szlifowane ostrza Tanto, poniewa\u017c zapewniaj\u0105 maksymaln\u0105 wytrzyma\u0142o\u015b\u0107. Otwarta konstrukcja pozwala na wbudowanie dw\u00f3ch Carson Flipper\u00f3w, co daje prawdziw\u0105 r\u0119koje\u015b\u0107 &#8211; bardzo rzadk\u0105 w no\u017cach sk\u0142adanych.<\/p>\n<p>M16\u00ae-14SFG Big Dog G10 to nasza wytrzyma\u0142a wersja u\u017cytkowa z podw\u00f3jnie szlifowanym ostrzem Tanto o \u015brednicy 3,99 cala i pe\u0142nowymiarowym chwytem z g\u0142owic\u0105 na kolbie.<\/p>\n<p>Ostrze, rama i okucia s\u0105 w kolorze nieodblaskowym, taktycznym czarnym. Ostrze ma wyko\u0144czenie z czarnego azotku tytanu dla maksymalnej odporno\u015bci na korozj\u0119. Charakterystyczne dla zestawu pokr\u0119t\u0142a z podw\u00f3jn\u0105 szachownic\u0105 s\u0105 standardem. Otwieranie i zamykanie jedn\u0105 r\u0119k\u0105 jest szybkie i p\u0142ynne.<\/p>\n<p>Posiada r\u00f3wnie\u017c nasze automatyczne zabezpieczenie wk\u0142adu. Automatyczne zabezpieczenie wk\u0142adki to innowacja w zakresie bezpiecze\u0144stwa wk\u0142adki blokuj\u0105cej, kt\u00f3ra zosta\u0142a przeniesiona na wy\u017cszy poziom. Automatyczna blokada wk\u0142adki ustawia sworze\u0144 pomi\u0119dzy wk\u0142adk\u0105 zamka a o\u015bcie\u017cnic\u0105. Trzpie\u0144 ten pe\u0142ni rol\u0119 dodatkowej warstwy zabezpieczaj\u0105cej, zmniejszaj\u0105c prawdopodobie\u0144stwo poluzowania si\u0119 wk\u0142adki blokuj\u0105cej podczas u\u017cytkowania.<\/p>\n<p>Aby zamkn\u0105\u0107 n\u00f3\u017c nale\u017cy odci\u0105gn\u0105\u0107 d\u017awigni\u0119 zabezpieczaj\u0105c\u0105 z czerwonym przyciskiem, przesun\u0105\u0107 wk\u0142adk\u0119 blokuj\u0105c\u0105 i z\u0142o\u017cy\u0107 ostrze do pozycji zamkni\u0119tej. Chcesz mie\u0107 jeden z najbezpieczniejszych system\u00f3w bezpiecze\u0144stwa na rynku? Wyb\u00f3r jest automatyczny.<\/p>\n<p>Nasz model G10 ma czarne \u0142uski G10, wstawki ze stali nierdzewnej z rowkami ciernymi oraz ostrze ze stali nierdzewnej premium 8Cr14MoV z po\u0142\u0105czonymi (2) z\u0105bkami Veff\u2122. G10 jest cz\u0119sto preferowany ze wzgl\u0119du na agresywny chwyt, lekko\u015b\u0107 i doskona\u0142e w\u0142a\u015bciwo\u015bci izolacyjne.<\/p>\n<p>Wszystkie no\u017ce z tej serii wyposa\u017cone s\u0105 w klipsy umo\u017cliwiaj\u0105ce noszenie w czterech pozycjach na pasku lub pasku. Ostrze\u017cenie: Te no\u017ce nie s\u0105 przeznaczone do przechowywania w kieszeni. S\u0105 to no\u017ce specjalne, zaprojektowane przez wojsko do u\u017cytku w si\u0142ach specjalnych.<\/p>\n<p>Automatyczne zabezpieczenie wk\u0142adu<br \/>\nZ\u0105bki Veff\u2122<br \/>\nPodw\u00f3jna os\u0142ona ostrza z r\u0119koje\u015bci\u0105 G10<br \/>\nSPECYFIKACJE<br \/>\nD\u0142ugo\u015b\u0107 ostrza 3,95 cala (100,41 mm)<br \/>\nKraw\u0119d\u017a ostrza Veff Serrations\u2122<br \/>\nOstrze ze stali 1.4116<br \/>\nObr\u00f3bka powierzchni ostrza Pow\u0142oka teflonowa<br \/>\nGrubo\u015b\u0107 ostrza 0,14 cala (3,58 mm)<br \/>\nD\u0142ugo\u015b\u0107 ca\u0142kowita 9,31 cala (236,55 mm)<br \/>\nD\u0142ugo\u015b\u0107 po zamkni\u0119ciu 5,34 cala (135,61 mm)<br \/>\nWaga 6,50 uncji (184,27 g)<br \/>\nR\u0119koje\u015b\u0107 G10<br \/>\nStylowy n\u00f3\u017c sk\u0142adany z blokad\u0105 Liner Lock<\/p>\n<p><iframe title=\"CRKT M16-14SFG Knife Designed by Kit Carson\" width=\"800\" height=\"450\" src=\"https:\/\/www.youtube.com\/embed\/cm_3-L4GhXM?feature=oembed\" frameborder=\"0\" allow=\"accelerometer; autoplay; clipboard-write; encrypted-media; gyroscope; picture-in-picture; web-share\" referrerpolicy=\"strict-origin-when-cross-origin\" allowfullscreen><\/iframe><\/p>\n","protected":false},"excerpt":{"rendered":"<p>Zaprojektowany przez Kita Carsona w Vine Grove w stanie Kentucky.<\/p>\n","protected":false},"featured_media":327405,"comment_status":"open","ping_status":"closed","template":"","meta":[],"pwb-brand":[3458],"product_brand":[],"product_cat":[3296,3307],"product_tag":[3671],"class_list":{"0":"post-327404","1":"product","2":"type-product","3":"status-publish","4":"has-post-thumbnail","6":"pwb-brand-crkt-pl","7":"product_cat-noze-pl","8":"product_cat-zamykanie-nozy","9":"product_tag-b2b-pl","11":"first","12":"outofstock","13":"taxable","14":"shipping-taxable","15":"purchasable","16":"product-type-simple"},"brands":[{"id":3458,"name":"CRKT","slug":"crkt-pl"}],"_links":{"self":[{"href":"https:\/\/www.moskito.cz\/pl\/wp-json\/wp\/v2\/product\/327404","targetHints":{"allow":["GET"]}}],"collection":[{"href":"https:\/\/www.moskito.cz\/pl\/wp-json\/wp\/v2\/product"}],"about":[{"href":"https:\/\/www.moskito.cz\/pl\/wp-json\/wp\/v2\/types\/product"}],"replies":[{"embeddable":true,"href":"https:\/\/www.moskito.cz\/pl\/wp-json\/wp\/v2\/comments?post=327404"}],"wp:featuredmedia":[{"embeddable":true,"href":"https:\/\/www.moskito.cz\/pl\/wp-json\/wp\/v2\/media\/327405"}],"wp:attachment":[{"href":"https:\/\/www.moskito.cz\/pl\/wp-json\/wp\/v2\/media?parent=327404"}],"wp:term":[{"taxonomy":"pwb-brand","embeddable":true,"href":"https:\/\/www.moskito.cz\/pl\/wp-json\/wp\/v2\/pwb-brand?post=327404"},{"taxonomy":"product_brand","embeddable":true,"href":"https:\/\/www.moskito.cz\/pl\/wp-json\/wp\/v2\/product_brand?post=327404"},{"taxonomy":"product_cat","embeddable":true,"href":"https:\/\/www.moskito.cz\/pl\/wp-json\/wp\/v2\/product_cat?post=327404"},{"taxonomy":"product_tag","embeddable":true,"href":"https:\/\/www.moskito.cz\/pl\/wp-json\/wp\/v2\/product_tag?post=327404"}],"curies":[{"name":"wp","href":"https:\/\/api.w.org\/{rel}","templated":true}]}}