{"id":327494,"date":"2022-09-28T16:28:59","date_gmt":"2024-04-08T14:16:07","guid":{"rendered":"https:\/\/www.moskito.cz\/produkt\/topor-crkt-freyr-2746\/"},"modified":"2025-05-07T11:09:11","modified_gmt":"2025-05-07T10:09:11","slug":"topor-crkt-freyr-2746","status":"publish","type":"product","link":"https:\/\/www.moskito.cz\/pl\/produkt\/topor-crkt-freyr-2746\/","title":{"rendered":"Top\u00f3r CRKT FREYR 2746"},"content":{"rendered":"<p>Top\u00f3r <strong>CRKT<\/strong> FREYR 2746.<\/p>\n<p>Nordycki design z dusz\u0105 ca\u0142kowicie ameryka\u0144sk\u0105. Po co zadziera\u0107 z kszta\u0142tem topora, kt\u00f3ry sprawdza si\u0119 od ponad tysi\u0105ca lat? M\u00f3wi projektant logiki i weteran Elmer Roush, przedstawiaj\u0105cy top\u00f3r taktyczny Freyr\u2122. G\u0142\u0119boka broda odzwierciedla styl Wiking\u00f3w. Jednak jego r\u00f3wnowaga i czysta moc stawiaj\u0105 go w obecnej lidze sam w sobie. Tarcza Wiking\u00f3w i okrzyk bojowy nie s\u0105 cz\u0119\u015bci\u0105 zestawu.<\/p>\n<p>Elmer Roush z Brasstown w Karolinie P\u00f3\u0142nocnej jedn\u0105 nog\u0105 zdecydowanie nale\u017cy do przesz\u0142o\u015bci. Je\u015bli chodzi o projektowanie osi tj. Chocia\u017c g\u0142\u0119bokiej brody Freyru\u2122 nie mo\u017cna u\u017cy\u0107 do zniszczenia tarczy wroga, tak jak mia\u0142oby to miejsce w morzach stra\u017cnik\u00f3w wi\u0119ziennych strze\u017conych przez Wiking\u00f3w, r\u00f3wnowaga, jak\u0105 dodaje, podnosi ten top\u00f3r do rangi nowoczesnego konia poci\u0105gowego. Nazwany na cze\u015b\u0107 nordyckiego boga dobrobytu, jego wikingowska dusza odpowiada klasycznemu wygl\u0105dowi.<\/p>\n<p>Samo ostrze jest kute na gor\u0105co ze stali w\u0119glowej i pasywowane w celu zapewnienia maksymalnej odporno\u015bci na korozj\u0119. Wyposa\u017cony w r\u0119koje\u015b\u0107 wyrze\u017abion\u0105 z hikory Tennessee, jest precyzyjnie wykonany, aby zapewni\u0107 trwa\u0142o\u015b\u0107 i \u0142atwo\u015b\u0107 u\u017cytkowania. Istnieje mo\u017cliwo\u015b\u0107 dokupienia sk\u00f3rzanej pochwy.<\/p>\n<p>Je\u015bli prawd\u0105 jest, \u017ce historia si\u0119 powtarza, to ten top\u00f3r u\u017cytkowy jest ostatecznym dowodem.<\/p>\n<p>O firmie Forged By War\u00ae<\/p>\n<p>W 2013 roku Ryan Johnson z RMJ Taktyczne, projektant elitarnych, wojskowych i taktycznych tomahawk\u00f3w, zwr\u00f3ci\u0142 si\u0119 do CRKT\u00ae z wiadomo\u015bci\u0105, \u017ce wsp\u00f3\u0142pracowa\u0142 z kilkoma weteranami wojennymi, kt\u00f3rzy wr\u00f3cili z wojny z r\u00f3\u017cnym stopniem stresu pourazowego (PTS).<\/p>\n<p>Aby pom\u00f3c im pokona\u0107 wyzwania, zaprojektowali i przekuli stal na w\u0142asne narz\u0119dzia. Bazuj\u0105c na swoim do\u015bwiadczeniu zdobytym w sytuacjach bojowych, stworzyli narz\u0119dzia, kt\u00f3re chcieli mie\u0107 dost\u0119pne na polu bitwy.<\/p>\n<p>CRKT\u00ae bardzo troszczy si\u0119 o naszych powracaj\u0105cych weteran\u00f3w i znale\u017ali\u015bmy spos\u00f3b, aby odwdzi\u0119czy\u0107 si\u0119 spo\u0142eczno\u015bci, kt\u00f3ra ich stworzy\u0142a. W 2016 roku uruchomili\u015bmy program Forged By War\u00ae.<\/p>\n<p>S\u0105 to narz\u0119dzia gotowe do realizacji misji, zaprojektowane przez weteran\u00f3w, a cz\u0119\u015b\u0107 dochod\u00f3w przekazywana na wybran\u0105 przez weteran\u00f3w organizacj\u0119 charytatywn\u0105.<\/p>\n<p>Narz\u0119dzia gotowe do misji, stworzone przez War\u00ae. Dowiedz si\u0119 wi\u0119cej tutaj.<\/p>\n<p>Organizacj\u0105 charytatywn\u0105 Elmera Rousha zajmuj\u0105c\u0105 si\u0119 tym narz\u0119dziem jest Fundacja Green Beret.<\/p>\n<p>*Chocia\u017c wiemy, \u017ce pokusa jest ogromna, nie zalecamy wyrzucania tego konkretnego narz\u0119dzia ze wzgl\u0119d\u00f3w bezpiecze\u0144stwa i potencjalnej utraty gwarancji.<\/p>\n<p>SPECYFIKACJE<br \/>\nD\u0142ugo\u015b\u0107 ostrza 4,53 cala (115,01 mm)<br \/>\nOstrze proste<br \/>\nOstrze ze stali w\u0119glowej 1055<br \/>\nObr\u00f3bka powierzchni ostrza Pow\u0142oka na bazie fosforanu manganu<br \/>\nGrubo\u015b\u0107 ostrza 1,19 cala (30,10 mm)<br \/>\nD\u0142ugo\u015b\u0107 ca\u0142kowita 16,13 cala (409,58 mm)<br \/>\nWaga 1,79 funta (0,81 kg)<br \/>\nR\u0119koje\u015b\u0107 z drewna hikorowego Tennessee<br \/>\nStyl siekiery<\/p>\n<p><iframe title=\"CRKT Freyr Axe | An Elmer Roush Design\" width=\"800\" height=\"450\" src=\"https:\/\/www.youtube.com\/embed\/rxxWf33LFHM?feature=oembed\" frameborder=\"0\" allow=\"accelerometer; autoplay; clipboard-write; encrypted-media; gyroscope; picture-in-picture; web-share\" referrerpolicy=\"strict-origin-when-cross-origin\" allowfullscreen><\/iframe><\/p>\n<p>&nbsp;<\/p>\n","protected":false},"excerpt":{"rendered":"<p>Zaprojektowany przez Elmera Rousha w Brasstown w P\u00f3\u0142nocnej Karolinie.<\/p>\n<p>&nbsp;<\/p>\n","protected":false},"featured_media":327495,"comment_status":"open","ping_status":"closed","template":"","meta":[],"pwb-brand":[3458],"product_brand":[],"product_cat":[3284],"product_tag":[3671],"class_list":{"0":"post-327494","1":"product","2":"type-product","3":"status-publish","4":"has-post-thumbnail","6":"pwb-brand-crkt-pl","7":"product_cat-osie","8":"product_tag-b2b-pl","10":"first","11":"outofstock","12":"taxable","13":"shipping-taxable","14":"purchasable","15":"product-type-simple"},"brands":[{"id":3458,"name":"CRKT","slug":"crkt-pl"}],"_links":{"self":[{"href":"https:\/\/www.moskito.cz\/pl\/wp-json\/wp\/v2\/product\/327494","targetHints":{"allow":["GET"]}}],"collection":[{"href":"https:\/\/www.moskito.cz\/pl\/wp-json\/wp\/v2\/product"}],"about":[{"href":"https:\/\/www.moskito.cz\/pl\/wp-json\/wp\/v2\/types\/product"}],"replies":[{"embeddable":true,"href":"https:\/\/www.moskito.cz\/pl\/wp-json\/wp\/v2\/comments?post=327494"}],"wp:featuredmedia":[{"embeddable":true,"href":"https:\/\/www.moskito.cz\/pl\/wp-json\/wp\/v2\/media\/327495"}],"wp:attachment":[{"href":"https:\/\/www.moskito.cz\/pl\/wp-json\/wp\/v2\/media?parent=327494"}],"wp:term":[{"taxonomy":"pwb-brand","embeddable":true,"href":"https:\/\/www.moskito.cz\/pl\/wp-json\/wp\/v2\/pwb-brand?post=327494"},{"taxonomy":"product_brand","embeddable":true,"href":"https:\/\/www.moskito.cz\/pl\/wp-json\/wp\/v2\/product_brand?post=327494"},{"taxonomy":"product_cat","embeddable":true,"href":"https:\/\/www.moskito.cz\/pl\/wp-json\/wp\/v2\/product_cat?post=327494"},{"taxonomy":"product_tag","embeddable":true,"href":"https:\/\/www.moskito.cz\/pl\/wp-json\/wp\/v2\/product_tag?post=327494"}],"curies":[{"name":"wp","href":"https:\/\/api.w.org\/{rel}","templated":true}]}}