{"id":327598,"date":"2021-07-29T20:29:34","date_gmt":"2024-04-08T14:25:23","guid":{"rendered":"https:\/\/www.moskito.cz\/produkt\/noz-zamykajacy-crkt-m16-10ks\/"},"modified":"2025-05-07T11:09:13","modified_gmt":"2025-05-07T10:09:13","slug":"noz-zamykajacy-crkt-m16-10ks","status":"publish","type":"product","link":"https:\/\/www.moskito.cz\/pl\/produkt\/noz-zamykajacy-crkt-m16-10ks\/","title":{"rendered":"N\u00f3\u017c zamykaj\u0105cy CRKT M16-10KS"},"content":{"rendered":"<div class=\"flex-1 overflow-hidden @container\/thread\">\n<div class=\"h-full\">\n<div class=\"react-scroll-to-bottom--css-vxybp-79elbk h-full\">\n<div class=\"react-scroll-to-bottom--css-vxybp-1n7m0yu\">\n<div class=\"flex flex-col text-sm md:pb-9\">\n<article class=\"w-full scroll-mb-[var(--thread-trailing-height,150px)] text-token-text-primary focus-visible:outline-2 focus-visible:outline-offset-[-4px]\" dir=\"auto\" data-testid=\"conversation-turn-473\" data-scroll-anchor=\"true\">\n<div class=\"m-auto text-base py-[18px] px-3 md:px-4 w-full md:px-5 lg:px-4 xl:px-5\">\n<div class=\"mx-auto flex flex-1 gap-4 text-base md:gap-5 lg:gap-6 md:max-w-3xl\">\n<div class=\"group\/conversation-turn relative flex w-full min-w-0 flex-col agent-turn\">\n<div class=\"flex-col gap-1 md:gap-3\">\n<div class=\"flex max-w-full flex-col flex-grow\">\n<div class=\"min-h-8 text-message flex w-full flex-col items-end gap-2 whitespace-normal break-words text-start [.text-message+&amp;]:mt-5\" dir=\"auto\" data-message-author-role=\"assistant\" data-message-id=\"cadfd5c2-c0dc-40af-b706-bda4272b2557\" data-message-model-slug=\"gpt-4o-mini\">\n<div class=\"flex w-full flex-col gap-1 empty:hidden first:pt-[3px]\">\n<div class=\"markdown prose w-full break-words dark:prose-invert light\">\n<h3><strong>N\u00f3\u017c zamykaj\u0105cy CRKT M16-10KS<\/strong><\/h3>\n<p><strong>Zaprojektowany przez:<\/strong> Kit Carson, Vine Grove, Kentucky<br \/>\n<strong>Styl:<\/strong> N\u00f3\u017c sk\u0142adany z blokad\u0105 Frame Lock (Framelock)<\/p>\n<p>Seria <strong>M16\u00ae-SS EDC<\/strong> to <strong>praktyczny i trwa\u0142y<\/strong> wyb\u00f3r do codziennego noszenia, zachowuj\u0105cy design i funkcjonalno\u015b\u0107 no\u017cy wojskowych, ale w <strong>kompaktowej i przyst\u0119pnej formie, dostosowanej<\/strong> do potrzeb u\u017cytkownik\u00f3w cywilnych. Je\u015bli jeste\u015b fanem popularnej serii <strong>M16\u00ae<\/strong> , znanej ze swojej <strong>taktycznej niezawodno\u015bci<\/strong> , ta wersja <strong>ze stali nierdzewnej<\/strong> wnosi nowoczesne udoskonalenia i styl do <strong>codziennego noszenia<\/strong> (EDC). <\/p>\n<h3><strong>G\u0142\u00f3wne cechy i korzy\u015bci:<\/strong><\/h3>\n<h4>1. <strong>Carson Flipper do szybkiego otwierania:<\/strong><\/h4>\n<ul>\n<li><strong>Carson Flipper<\/strong> to praktyczny mechanizm, kt\u00f3ry umo\u017cliwia <strong>szybkie i wygodne otwarcie ostrza<\/strong> . P\u0142etwa ta nie tylko s\u0142u\u017cy do aktywacji ostrza, ale tak\u017ce dzia\u0142a jako <strong>skuteczny ochraniacz ostrza<\/strong> w pozycji otwartej, zapewniaj\u0105c bezpiecze\u0144stwo podczas u\u017cytkowania. <\/li>\n<\/ul>\n<h4>2. **Ostrze z <strong>z\u0105bkami Triple Point\u2122:<\/strong><\/h4>\n<ul>\n<li><strong>Z\u0105bki Triple Point\u2122<\/strong> zapewniaj\u0105 <strong>doskona\u0142e w\u0142a\u015bciwo\u015bci tn\u0105ce<\/strong> i idealnie nadaj\u0105 si\u0119 do <strong>ci\u0119cia takich materia\u0142\u00f3w<\/strong> jak liny, folia plastikowa, tektura i inne ci\u0119\u017csze materia\u0142y. Ten typ z\u0119b\u00f3w jest <strong>popularny w no\u017cach taktycznych<\/strong> , poniewa\u017c zapewnia <strong>wydajno\u015b\u0107 ci\u0119cia<\/strong> nawet w trudniejszych warunkach. <\/li>\n<\/ul>\n<h4>3. <strong>Stal 8Cr14MoV:<\/strong><\/h4>\n<ul>\n<li><strong>8Cr14MoV<\/strong> to wysokiej jako\u015bci <strong>stal nierdzewna<\/strong> , <strong>odporna na zu\u017cycie<\/strong> i bardzo dobrze trzymaj\u0105ca <strong>ostro\u015b\u0107<\/strong> . Stal jest \u0142atwa do <strong>ostrzenia<\/strong> i w po\u0142\u0105czeniu z <strong>z\u0105bkami Triple Point\u2122<\/strong> gwarantuje <strong>wysok\u0105 funkcjonalno\u015b\u0107<\/strong> nawet w przypadku wymagaj\u0105cych zada\u0144. <\/li>\n<\/ul>\n<h4>4. <strong>Obr\u00f3bka powierzchni \u0142opatki EDP (Electro Deposition Coating):<\/strong><\/h4>\n<ul>\n<li><strong>Pow\u0142oka EDP<\/strong> zapewnia <strong>lepsz\u0105 ochron\u0119 przed korozj\u0105<\/strong> i <strong>matowieniem<\/strong> , gwarantuj\u0105c d\u0142ugotrwa\u0142\u0105 trwa\u0142o\u015b\u0107 i odporno\u015b\u0107 nawet przy stosowaniu w <strong>trudniejszych warunkach<\/strong> .<\/li>\n<\/ul>\n<h4>5. <strong>Konstrukcja ze stali nierdzewnej:<\/strong><\/h4>\n<ul>\n<li><strong>Uchwyt ze stali nierdzewnej<\/strong> gwarantuje wysok\u0105 <strong>wytrzyma\u0142o\u015b\u0107<\/strong> i <strong>trwa\u0142o\u015b\u0107<\/strong> . Materia\u0142 ten jest tak\u017ce odporny <strong>na zarysowania<\/strong> , a <strong>czarne oksydowanie<\/strong> nie tylko poprawia estetyk\u0119, ale tak\u017ce zwi\u0119ksza <strong>odporno\u015b\u0107 na zu\u017cycie<\/strong> i <strong>korozj\u0119<\/strong> . <\/li>\n<\/ul>\n<h4>6. <strong>Blokada Framelock zapewniaj\u0105ca bezpieczne blokowanie ostrza:<\/strong><\/h4>\n<ul>\n<li><strong>Framelock<\/strong> gwarantuje, \u017ce ostrze <strong>pozostanie na swoim miejscu<\/strong> do momentu r\u0119cznego zwolnienia blokady. Zamek ten jest niezwykle niezawodny i <strong>\u0142atwy w obs\u0142udze<\/strong> , zapewniaj\u0105c <strong>mocne i bezpieczne zamkni\u0119cie<\/strong> nawet przy intensywnym u\u017cytkowaniu. <\/li>\n<\/ul>\n<h3><strong>Dane techniczne:<\/strong><\/h3>\n<ul>\n<li><strong>D\u0142ugo\u015b\u0107 ostrza:<\/strong> 3,06&#8243; (77,72 mm)<\/li>\n<li><strong>Ostrze:<\/strong> Triple Point\u2122 Serrations\u2122<\/li>\n<li><strong>Stal ostrza:<\/strong> 8Cr14MoV<\/li>\n<li><strong>Obr\u00f3bka powierzchni ostrza:<\/strong> EDP (Electrodeposition Surface Treatment)<\/li>\n<li><strong>Grubo\u015b\u0107 ostrza:<\/strong> 0,10&#8243; (2,49 mm)<\/li>\n<li><strong>D\u0142ugo\u015b\u0107 ca\u0142kowita:<\/strong> 7,00&#8243; (177,80 mm)<\/li>\n<li><strong>D\u0142ugo\u015b\u0107 po z\u0142o\u017ceniu:<\/strong> 4,00&#8243; (101,60 mm)<\/li>\n<li><strong>Waga:<\/strong> 2,60 uncji (73,71 g)<\/li>\n<li><strong>Uchwyt:<\/strong> stal nierdzewna z wyko\u0144czeniem w kolorze czarnym oksydowanym<\/li>\n<li><strong>Styl:<\/strong> N\u00f3\u017c sk\u0142adany z blokad\u0105 Frame Lock (Framelock)<\/li>\n<\/ul>\n<h3><strong>U\u017cywa\u0107:<\/strong><\/h3>\n<ul>\n<li><strong>No\u015bnik na co dzie\u0144 (EDC):<\/strong> Kompaktowy rozmiar i <strong>niewielka waga<\/strong> sprawiaj\u0105, \u017ce n\u00f3\u017c ten idealnie nadaje si\u0119 do <strong>codziennego u\u017cytku<\/strong> \u2013 otwierania paczek, przecinania sznurka i innych typowych zada\u0144, do kt\u00f3rych potrzebne jest niezawodne narz\u0119dzie.<\/li>\n<li><strong>Zastosowanie taktyczne i w terenie:<\/strong> <strong>Zastosowanie taktyczne<\/strong> jest r\u00f3wnie\u017c doskona\u0142e dzi\u0119ki technologii <strong>Triple Point\u2122 Serrations\u2122<\/strong> i <strong>wytrzyma\u0142ej konstrukcji<\/strong> , co pozwala na u\u017cywanie w trudniejszych warunkach, np. na wypadek <strong>sytuacji awaryjnych<\/strong> lub <strong>przyg\u00f3d<\/strong> na \u015bwie\u017cym powietrzu. <\/li>\n<\/ul>\n<h3><strong>Wniosek:<\/strong><\/h3>\n<p><strong>CRKT M16-10KS<\/strong> to <strong>\u015bwietny n\u00f3\u017c do codziennego noszenia<\/strong> , kt\u00f3ry oferuje <strong>niezawodn\u0105 wydajno\u015b\u0107<\/strong> , <strong>nowoczesny design<\/strong> i <strong>solidn\u0105 konstrukcj\u0119<\/strong> . Je\u015bli szukasz <strong>prostego<\/strong> , <strong>wytrzyma\u0142ego<\/strong> i <strong>niedrogiego<\/strong> no\u017ca, kt\u00f3ry sprawdzi si\u0119 w trudnych zadaniach i sprawdzi si\u0119 w <strong>zastosowaniach taktycznych i EDC<\/strong> , ten model b\u0119dzie \u015bwietnym wyborem. <\/p>\n<\/div>\n<\/div>\n<\/div>\n<\/div>\n<div class=\"mb-2 flex gap-3 empty:hidden -ml-2\">\n<div class=\"items-center justify-start rounded-xl p-1 flex\">\n<div class=\"flex items-center\"><\/div>\n<\/div>\n<\/div>\n<div class=\"pr-2 lg:pr-0\"><\/div>\n<\/div>\n<\/div>\n<\/div>\n<\/div>\n<\/article>\n<\/div>\n<\/div>\n<\/div>\n<\/div>\n<\/div>\n","protected":false},"excerpt":{"rendered":"<p><strong>CRKT M16-10KS to \u015bwietny n\u00f3\u017c do codziennego noszenia, kt\u00f3ry charakteryzuje si\u0119 niezawodn\u0105 wydajno\u015bci\u0105, nowoczesnym wzornictwem i solidn\u0105 konstrukcj\u0105. Je\u015bli szukasz prostego, wytrzyma\u0142ego i niedrogiego no\u017ca, kt\u00f3ry sprawdzi si\u0119 w trudnych zadaniach i sprawdzi si\u0119 w zastosowaniach taktycznych i codziennym noszeniu, ten model b\u0119dzie \u015bwietnym wyborem. <\/strong><\/p>\n","protected":false},"featured_media":327599,"comment_status":"open","ping_status":"closed","template":"","meta":[],"pwb-brand":[3458],"product_brand":[],"product_cat":[3296,3307],"product_tag":[3671],"class_list":{"0":"post-327598","1":"product","2":"type-product","3":"status-publish","4":"has-post-thumbnail","6":"pwb-brand-crkt-pl","7":"product_cat-noze-pl","8":"product_cat-zamykanie-nozy","9":"product_tag-b2b-pl","11":"first","12":"outofstock","13":"taxable","14":"shipping-taxable","15":"purchasable","16":"product-type-simple"},"brands":[{"id":3458,"name":"CRKT","slug":"crkt-pl"}],"_links":{"self":[{"href":"https:\/\/www.moskito.cz\/pl\/wp-json\/wp\/v2\/product\/327598","targetHints":{"allow":["GET"]}}],"collection":[{"href":"https:\/\/www.moskito.cz\/pl\/wp-json\/wp\/v2\/product"}],"about":[{"href":"https:\/\/www.moskito.cz\/pl\/wp-json\/wp\/v2\/types\/product"}],"replies":[{"embeddable":true,"href":"https:\/\/www.moskito.cz\/pl\/wp-json\/wp\/v2\/comments?post=327598"}],"wp:featuredmedia":[{"embeddable":true,"href":"https:\/\/www.moskito.cz\/pl\/wp-json\/wp\/v2\/media\/327599"}],"wp:attachment":[{"href":"https:\/\/www.moskito.cz\/pl\/wp-json\/wp\/v2\/media?parent=327598"}],"wp:term":[{"taxonomy":"pwb-brand","embeddable":true,"href":"https:\/\/www.moskito.cz\/pl\/wp-json\/wp\/v2\/pwb-brand?post=327598"},{"taxonomy":"product_brand","embeddable":true,"href":"https:\/\/www.moskito.cz\/pl\/wp-json\/wp\/v2\/product_brand?post=327598"},{"taxonomy":"product_cat","embeddable":true,"href":"https:\/\/www.moskito.cz\/pl\/wp-json\/wp\/v2\/product_cat?post=327598"},{"taxonomy":"product_tag","embeddable":true,"href":"https:\/\/www.moskito.cz\/pl\/wp-json\/wp\/v2\/product_tag?post=327598"}],"curies":[{"name":"wp","href":"https:\/\/api.w.org\/{rel}","templated":true}]}}