{"id":327698,"date":"2021-07-31T21:42:38","date_gmt":"2024-04-08T14:28:18","guid":{"rendered":"https:\/\/www.moskito.cz\/produkt\/noz-zamykajacy-crkt-ceo-flipper\/"},"modified":"2025-05-07T11:09:16","modified_gmt":"2025-05-07T10:09:16","slug":"noz-zamykajacy-crkt-ceo-flipper","status":"publish","type":"product","link":"https:\/\/www.moskito.cz\/pl\/produkt\/noz-zamykajacy-crkt-ceo-flipper\/","title":{"rendered":"CRKT CEO FLIPPER 7097 N\u00f3\u017c sk\u0142adany"},"content":{"rendered":"<p><strong style=\"font-family: -apple-system, BlinkMacSystemFont, 'Segoe UI', Roboto, 'Helvetica Neue', Arial, 'Noto Sans', sans-serif, 'Apple Color Emoji', 'Segoe UI Emoji', 'Segoe UI Symbol', 'Noto Color Emoji';\">N\u00f3\u017c sk\u0142adany CRKT CEO Flipper 7097<\/strong> <span style=\"font-family: -apple-system, BlinkMacSystemFont, 'Segoe UI', Roboto, 'Helvetica Neue', Arial, 'Noto Sans', sans-serif, 'Apple Color Emoji', 'Segoe UI Emoji', 'Segoe UI Symbol', 'Noto Color Emoji';\">to elegancki i niezwykle funkcjonalny n\u00f3\u017c zaprojektowany przez Richarda Rogersa, kt\u00f3ry uciele\u015bnia koncepcj\u0119 nowoczesnego no\u017ca do codziennego noszenia (EDC), k\u0142ad\u0105c nacisk na<\/span> <strong style=\"font-family: -apple-system, BlinkMacSystemFont, 'Segoe UI', Roboto, 'Helvetica Neue', Arial, 'Noto Sans', sans-serif, 'Apple Color Emoji', 'Segoe UI Emoji', 'Segoe UI Symbol', 'Noto Color Emoji';\">kompaktowo\u015b\u0107<\/strong> <span style=\"font-family: -apple-system, BlinkMacSystemFont, 'Segoe UI', Roboto, 'Helvetica Neue', Arial, 'Noto Sans', sans-serif, 'Apple Color Emoji', 'Segoe UI Emoji', 'Segoe UI Symbol', 'Noto Color Emoji';\">,<\/span> <strong style=\"font-family: -apple-system, BlinkMacSystemFont, 'Segoe UI', Roboto, 'Helvetica Neue', Arial, 'Noto Sans', sans-serif, 'Apple Color Emoji', 'Segoe UI Emoji', 'Segoe UI Symbol', 'Noto Color Emoji';\">design<\/strong> <span style=\"font-family: -apple-system, BlinkMacSystemFont, 'Segoe UI', Roboto, 'Helvetica Neue', Arial, 'Noto Sans', sans-serif, 'Apple Color Emoji', 'Segoe UI Emoji', 'Segoe UI Symbol', 'Noto Color Emoji';\">i<\/span> <strong style=\"font-family: -apple-system, BlinkMacSystemFont, 'Segoe UI', Roboto, 'Helvetica Neue', Arial, 'Noto Sans', sans-serif, 'Apple Color Emoji', 'Segoe UI Emoji', 'Segoe UI Symbol', 'Noto Color Emoji';\">ergonomi\u0119.<\/strong><span style=\"font-family: -apple-system, BlinkMacSystemFont, 'Segoe UI', Roboto, 'Helvetica Neue', Arial, 'Noto Sans', sans-serif, 'Apple Color Emoji', 'Segoe UI Emoji', 'Segoe UI Symbol', 'Noto Color Emoji';\">. N\u00f3\u017c ten jest idealnym wyborem dla os\u00f3b, kt\u00f3re potrzebuj\u0105 niezawodnego narz\u0119dzia, ale jednocze\u015bnie nie chc\u0105 nosi\u0107 ze sob\u0105 zbyt du\u017cego lub ci\u0119\u017ckiego no\u017ca.<\/span><\/p>\n<div class=\"flex-1 overflow-hidden @container\/thread\">\n<div class=\"h-full\">\n<div class=\"react-scroll-to-bottom--css-vxybp-79elbk h-full\">\n<div class=\"react-scroll-to-bottom--css-vxybp-1n7m0yu\">\n<div class=\"flex flex-col text-sm\">\n<article class=\"w-full scroll-mb-[var(--thread-trailing-height,150px)] text-token-text-primary focus-visible:outline-2 focus-visible:outline-offset-[-4px]\" dir=\"auto\" data-testid=\"conversation-turn-421\" data-scroll-anchor=\"true\">\n<div class=\"m-auto text-base py-[18px] px-3 md:px-4 w-full md:px-5 lg:px-4 xl:px-5\">\n<div class=\"mx-auto flex flex-1 gap-4 text-base md:gap-5 lg:gap-6 md:max-w-3xl\">\n<div class=\"group\/conversation-turn relative flex w-full min-w-0 flex-col agent-turn\">\n<div class=\"flex-col gap-1 md:gap-3\">\n<div class=\"flex max-w-full flex-col flex-grow\">\n<div class=\"min-h-8 text-message flex w-full flex-col items-end gap-2 whitespace-normal break-words text-start [.text-message+&amp;]:mt-5\" dir=\"auto\" data-message-author-role=\"assistant\" data-message-id=\"fecebe75-7439-4a20-810d-28aaa07d7280\" data-message-model-slug=\"gpt-4o-mini\">\n<div class=\"flex w-full flex-col gap-1 empty:hidden first:pt-[3px]\">\n<div class=\"markdown prose w-full break-words dark:prose-invert light\">\n<h3><strong>Cechy i korzy\u015bci:<\/strong><\/h3>\n<h4><strong>1. Projekt i ergonomia:<\/strong><\/h4>\n<ul>\n<li><strong>Kompaktowy i dyskretny:<\/strong> N\u00f3\u017c CEO zaprojektowano tak, aby zmie\u015bci\u0142 si\u0119 w <strong>kieszeni koszuli<\/strong> i by\u0142 na tyle dyskretny, \u017ce mo\u017cna go nosi\u0107 na co dzie\u0144. Dzi\u0119ki <strong>niewielkim rozmiarom<\/strong> n\u00f3\u017c jest bardzo por\u0119czny, co czyni go \u015bwietnym wyborem dla profesjonalist\u00f3w, kt\u00f3rzy potrzebuj\u0105 <strong>dyskretnego no\u017ca<\/strong> do szybkich zada\u0144. <\/li>\n<li><strong>Ergonomia:<\/strong> Mimo kompaktowego kszta\u0142tu, n\u00f3\u017c nie traci <strong>na ergonomii<\/strong> i <strong>komforcie u\u017cytkowania<\/strong> . Zapewnia wygodny i stabilny chwyt nawet przy d\u0142u\u017cszym u\u017cytkowaniu. <\/li>\n<\/ul>\n<h4><strong>2. Wspomagane otwieranie i mechanizm IKBS\u2122:<\/strong><\/h4>\n<ul>\n<li><strong>P\u0142ynne otwieranie:<\/strong> Otwieranie ostrza wspomagane jest przez system <strong>\u0142o\u017cysk kulkowych IKBS\u2122<\/strong> , kt\u00f3ry gwarantuje <strong>p\u0142ynny i szybki ruch<\/strong> podczas otwierania no\u017ca.<\/li>\n<li><strong>Flipper:<\/strong> Mechanizm flippera umo\u017cliwia <strong>szybkie otwarcie<\/strong> no\u017ca jedn\u0105 r\u0119k\u0105, co jest przydatne dla os\u00f3b, kt\u00f3re potrzebuj\u0105 natychmiastowego dost\u0119pu do no\u017ca.<\/li>\n<\/ul>\n<h4><strong>3. Ostrze i jego moc:<\/strong><\/h4>\n<ul>\n<li><strong>Stal AUS-8:<\/strong> Ostrze wykonane jest ze stali nierdzewnej <strong>AUS-8<\/strong> , kt\u00f3ra charakteryzuje si\u0119 <strong>dobr\u0105 odporno\u015bci\u0105 na korozj\u0119<\/strong> i doskona\u0142\u0105 <strong>ostro\u015bci\u0105<\/strong> . Stal ta jest tak\u017ce bardzo \u0142atwa w utrzymaniu i stosunkowo \u0142atwo si\u0119 ostrzy, co czyni j\u0105 idealn\u0105 do cz\u0119stego u\u017cytku. <\/li>\n<li><strong>Wyko\u0144czenie satynowe:<\/strong> <strong>Satynowe<\/strong> wyko\u0144czenie ostrza zwi\u0119ksza jego walory estetyczne i odporno\u015b\u0107 na zarysowania. Wyko\u0144czenie takie jest nie tylko atrakcyjne wizualnie, ale i praktyczne, gdy\u017c zapewnia \u0142atw\u0105 konserwacj\u0119. <\/li>\n<\/ul>\n<h4><strong>4. Lekko\u015b\u0107 i trwa\u0142o\u015b\u0107:<\/strong><\/h4>\n<ul>\n<li><strong>Lekki i wytrzyma\u0142y:<\/strong> R\u0119koje\u015b\u0107 <strong>wykonana z nylonu wzmocnionego w\u0142\u00f3knem szklanym<\/strong> jest <strong>bardzo lekka<\/strong> (ca\u0142kowita waga no\u017ca wynosi zaledwie 53,86 g), co oznacza, \u017ce \u200b\u200bn\u00f3\u017c nie jest niewygodny do noszenia w kieszeni. Materia\u0142 r\u0119koje\u015bci jest r\u00f3wnie\u017c bardzo <strong>trwa\u0142y<\/strong> , co gwarantuje d\u0142ug\u0105 \u017cywotno\u015b\u0107 no\u017ca, nawet przy codziennym u\u017cytkowaniu. <\/li>\n<li><strong>Kompaktowy rozmiar:<\/strong> Kompaktowy rozmiar sprawia, \u017ce \u200b\u200bn\u00f3\u017c ten idealnie nadaje si\u0119 do codziennego noszenia w \u015brodowisku miejskim lub na spotkaniach w pracy, gdzie wa\u017cna jest dyskrecja.<\/li>\n<\/ul>\n<h4><strong>5. \u0141atwe zamykanie i blokowanie wk\u0142adek:<\/strong><\/h4>\n<ul>\n<li><strong>Liner Lock:<\/strong> Mechanizm ten zapewnia, \u017ce \u200b\u200bostrze b\u0119dzie bezpiecznie zablokowane w pozycji otwartej. Zamykanie jest \u0142atwe i pozwala na <strong>\u0142atw\u0105 obs\u0142ug\u0119<\/strong> no\u017ca jedn\u0105 r\u0119k\u0105. <\/li>\n<\/ul>\n<h4><strong>6. Opcje noszenia:<\/strong><\/h4>\n<ul>\n<li><strong>Regulowany klips do paska:<\/strong> Klips umo\u017cliwia noszenie no\u017ca w kieszeni lub na pasku. Mo\u017cesz nosi\u0107 n\u00f3\u017c w lewej lub prawej kieszeni, co zapewnia wi\u0119ksz\u0105 <strong>elastyczno\u015b\u0107 przenoszenia<\/strong> .<\/li>\n<\/ul>\n<h3><strong>Dane techniczne:<\/strong><\/h3>\n<ul>\n<li><strong>D\u0142ugo\u015b\u0107 ostrza:<\/strong> 3,35 cala (85,14 mm)<\/li>\n<li><strong>D\u0142ugo\u015b\u0107 ca\u0142kowita:<\/strong> 7,69 cala (195,28 mm)<\/li>\n<li><strong>D\u0142ugo\u015b\u0107 po z\u0142o\u017ceniu:<\/strong> 4,35 cala (110,39 mm)<\/li>\n<li><strong>Grubo\u015b\u0107 ostrza:<\/strong> 0,029 cala (2,29 mm)<\/li>\n<li><strong>Stal:<\/strong> AUS 8<\/li>\n<li><strong>Wyko\u0144czenie ostrza:<\/strong> Satynowe<\/li>\n<li><strong>Waga:<\/strong> 1,90 uncji. (53,86 g)<\/li>\n<li><strong>Uchwyt:<\/strong> Nylon wzmacniany w\u0142\u00f3knem szklanym<\/li>\n<li><strong>Styl:<\/strong> N\u00f3\u017c sk\u0142adany z blokad\u0105 wk\u0142adki<\/li>\n<\/ul>\n<h3><strong>Wniosek:<\/strong><\/h3>\n<p><strong>CRKT CEO Flipper 7097<\/strong> to \u015bwietny <strong>n\u00f3\u017c EDC<\/strong> do codziennego u\u017cytku, zw\u0142aszcza dla tych, kt\u00f3rzy szukaj\u0105 kompaktowego i <strong>dyskretnego narz\u0119dzia<\/strong> do szybkiego rozwi\u0105zywania zada\u0144. Dzi\u0119ki <strong>niewielkim rozmiarom<\/strong> , <strong>wysokiej funkcjonalno\u015bci<\/strong> i <strong>ergonomicznej konstrukcji<\/strong> jest to idealne narz\u0119dzie dla profesjonalist\u00f3w, kt\u00f3rzy potrzebuj\u0105 no\u017ca \u0142atwego w przenoszeniu, a jednocze\u015bnie zapewniaj\u0105cego du\u017c\u0105 wydajno\u015b\u0107 w u\u017cytkowaniu. <\/p>\n<p>Je\u015bli szukasz <strong>lekkiego<\/strong> , <strong>stylowego<\/strong> i <strong>funkcjonalnego<\/strong> no\u017ca do codziennego noszenia, kt\u00f3ry \u0142atwo si\u0119 otwiera i jest trwa\u0142y, <strong>to CRKT CEO Flipper 7097<\/strong> b\u0119dzie doskona\u0142ym wyborem.<\/p>\n<\/div>\n<\/div>\n<\/div>\n<\/div>\n<div class=\"mb-2 flex gap-3 empty:hidden -ml-2\">\n<div class=\"items-center justify-start rounded-xl p-1 flex\">\n<div class=\"flex items-center\"><\/div>\n<\/div>\n<\/div>\n<div class=\"pr-2 lg:pr-0\"><\/div>\n<\/div>\n<\/div>\n<\/div>\n<\/div>\n<\/article>\n<\/div>\n<\/div>\n<\/div>\n<\/div>\n<\/div>\n<div class=\"product_view_bullet\">\n<p><iframe title=\"CEO FLIPPER | Richard Rogers Design\" width=\"800\" height=\"450\" src=\"https:\/\/www.youtube.com\/embed\/YT3idMh_Y5k?feature=oembed\" frameborder=\"0\" allow=\"accelerometer; autoplay; clipboard-write; encrypted-media; gyroscope; picture-in-picture; web-share\" referrerpolicy=\"strict-origin-when-cross-origin\" allowfullscreen><\/iframe><\/p>\n<p>&nbsp;<\/p>\n<p>&nbsp;<\/p>\n<\/div>\n","protected":false},"excerpt":{"rendered":"<p><strong>CRKT CEO Flipper 7097 to \u015bwietny n\u00f3\u017c EDC do codziennego u\u017cytku, zw\u0142aszcza dla tych, kt\u00f3rzy szukaj\u0105 kompaktowego i dyskretnego narz\u0119dzia do szybkiego rozwi\u0105zywania zada\u0144. Dzi\u0119ki niewielkim rozmiarom, wysokiej funkcjonalno\u015bci i ergonomicznej konstrukcji jest to idealne narz\u0119dzie dla profesjonalist\u00f3w, kt\u00f3rzy potrzebuj\u0105 no\u017ca \u0142atwego w przenoszeniu, a jednocze\u015bnie zapewniaj\u0105cego du\u017c\u0105 wydajno\u015b\u0107 w u\u017cytkowaniu. <\/strong><\/p>\n<p>&nbsp;<\/p>\n","protected":false},"featured_media":327700,"comment_status":"open","ping_status":"closed","template":"","meta":[],"pwb-brand":[3458],"product_brand":[],"product_cat":[3307,3296],"product_tag":[3671],"class_list":{"0":"post-327698","1":"product","2":"type-product","3":"status-publish","4":"has-post-thumbnail","6":"pwb-brand-crkt-pl","7":"product_cat-zamykanie-nozy","8":"product_cat-noze-pl","9":"product_tag-b2b-pl","11":"first","12":"outofstock","13":"taxable","14":"shipping-taxable","15":"purchasable","16":"product-type-simple"},"brands":[{"id":3458,"name":"CRKT","slug":"crkt-pl"}],"_links":{"self":[{"href":"https:\/\/www.moskito.cz\/pl\/wp-json\/wp\/v2\/product\/327698","targetHints":{"allow":["GET"]}}],"collection":[{"href":"https:\/\/www.moskito.cz\/pl\/wp-json\/wp\/v2\/product"}],"about":[{"href":"https:\/\/www.moskito.cz\/pl\/wp-json\/wp\/v2\/types\/product"}],"replies":[{"embeddable":true,"href":"https:\/\/www.moskito.cz\/pl\/wp-json\/wp\/v2\/comments?post=327698"}],"wp:featuredmedia":[{"embeddable":true,"href":"https:\/\/www.moskito.cz\/pl\/wp-json\/wp\/v2\/media\/327700"}],"wp:attachment":[{"href":"https:\/\/www.moskito.cz\/pl\/wp-json\/wp\/v2\/media?parent=327698"}],"wp:term":[{"taxonomy":"pwb-brand","embeddable":true,"href":"https:\/\/www.moskito.cz\/pl\/wp-json\/wp\/v2\/pwb-brand?post=327698"},{"taxonomy":"product_brand","embeddable":true,"href":"https:\/\/www.moskito.cz\/pl\/wp-json\/wp\/v2\/product_brand?post=327698"},{"taxonomy":"product_cat","embeddable":true,"href":"https:\/\/www.moskito.cz\/pl\/wp-json\/wp\/v2\/product_cat?post=327698"},{"taxonomy":"product_tag","embeddable":true,"href":"https:\/\/www.moskito.cz\/pl\/wp-json\/wp\/v2\/product_tag?post=327698"}],"curies":[{"name":"wp","href":"https:\/\/api.w.org\/{rel}","templated":true}]}}