{"id":327724,"date":"2022-09-04T20:31:42","date_gmt":"2024-04-08T14:31:53","guid":{"rendered":"https:\/\/www.moskito.cz\/produkt\/noz-zamykajacy-crkt-overland-6280\/"},"modified":"2025-05-07T11:09:16","modified_gmt":"2025-05-07T10:09:16","slug":"noz-zamykajacy-crkt-overland-6280","status":"publish","type":"product","link":"https:\/\/www.moskito.cz\/pl\/produkt\/noz-zamykajacy-crkt-overland-6280\/","title":{"rendered":"N\u00f3\u017c zamykaj\u0105cy CRKT OVERLAND 6280"},"content":{"rendered":"<p>N\u00f3\u017c zamykaj\u0105cy <strong>CRKT<\/strong> OVERLAND 6280.<\/p>\n<p>Wersja z no\u017cem 4&#215;4.<\/p>\n<p>Zainspirowany estetyk\u0105 klasycznego robota g\u0105sienicowego, sk\u0142adany n\u00f3\u017c Overland\u2122 Outdoor zosta\u0142 stworzony do jazdy w terenie. Nie ma znaczenia, czy Twoja kuchnia obozowa znajduje si\u0119 na p\u0142askiej skale, wiele kilometr\u00f3w od dowolnego miejsca, czy na \u0142awce piknikowej w parku, ten n\u00f3\u017c jest idealny do krojenia pol\u0119dwicy sma\u017conej przy ognisku.<br \/>\n\u0141atwe ostrzenie: Ostrze ze stali nierdzewnej o wysokiej zawarto\u015bci w\u0119gla dobrze trzyma kraw\u0119d\u017a<br \/>\nWygodny: Podniesiona r\u0105czka w stosunku do ostrza sprzyja ci\u0119ciu p\u0142askiej powierzchni<br \/>\nAtrakcyjny wygl\u0105d: anodowany na pomara\u0144czowo pier\u015bcie\u0144 obrotowy i akcenty tylnej przek\u0142adki.<\/p>\n<p>SPECYFIKACJE<br \/>\nD\u0142ugo\u015b\u0107 ostrza 3,00 cala (76,12 mm)<br \/>\nOstrze proste<br \/>\nOstrze ze stali 8Cr13MoV<br \/>\nWyko\u0144czenie ostrza typu stonewash<br \/>\nGrubo\u015b\u0107 ostrza 0,12 cala (3,07 mm)<br \/>\nD\u0142ugo\u015b\u0107 ca\u0142kowita 7,38 cala (187,33 mm)<br \/>\nD\u0142ugo\u015b\u0107 po zamkni\u0119ciu 4,36 cala (110,67 mm)<br \/>\nWaga 3,60 uncji (102,06 g)<br \/>\nUchwyt G10 | Stal nierdzewna<br \/>\nStylowy n\u00f3\u017c sk\u0142adany z blokad\u0105 ramki<\/p>\n","protected":false},"excerpt":{"rendered":"<p>Zaprojektowany przez TJ Schwarza w Boise w stanie Idaho.<\/p>\n","protected":false},"featured_media":327725,"comment_status":"open","ping_status":"closed","template":"","meta":[],"pwb-brand":[3458],"product_brand":[],"product_cat":[3307,3296],"product_tag":[3671],"class_list":{"0":"post-327724","1":"product","2":"type-product","3":"status-publish","4":"has-post-thumbnail","6":"pwb-brand-crkt-pl","7":"product_cat-zamykanie-nozy","8":"product_cat-noze-pl","9":"product_tag-b2b-pl","11":"first","12":"outofstock","13":"sale","14":"taxable","15":"shipping-taxable","16":"purchasable","17":"product-type-simple"},"brands":[{"id":3458,"name":"CRKT","slug":"crkt-pl"}],"_links":{"self":[{"href":"https:\/\/www.moskito.cz\/pl\/wp-json\/wp\/v2\/product\/327724","targetHints":{"allow":["GET"]}}],"collection":[{"href":"https:\/\/www.moskito.cz\/pl\/wp-json\/wp\/v2\/product"}],"about":[{"href":"https:\/\/www.moskito.cz\/pl\/wp-json\/wp\/v2\/types\/product"}],"replies":[{"embeddable":true,"href":"https:\/\/www.moskito.cz\/pl\/wp-json\/wp\/v2\/comments?post=327724"}],"wp:featuredmedia":[{"embeddable":true,"href":"https:\/\/www.moskito.cz\/pl\/wp-json\/wp\/v2\/media\/327725"}],"wp:attachment":[{"href":"https:\/\/www.moskito.cz\/pl\/wp-json\/wp\/v2\/media?parent=327724"}],"wp:term":[{"taxonomy":"pwb-brand","embeddable":true,"href":"https:\/\/www.moskito.cz\/pl\/wp-json\/wp\/v2\/pwb-brand?post=327724"},{"taxonomy":"product_brand","embeddable":true,"href":"https:\/\/www.moskito.cz\/pl\/wp-json\/wp\/v2\/product_brand?post=327724"},{"taxonomy":"product_cat","embeddable":true,"href":"https:\/\/www.moskito.cz\/pl\/wp-json\/wp\/v2\/product_cat?post=327724"},{"taxonomy":"product_tag","embeddable":true,"href":"https:\/\/www.moskito.cz\/pl\/wp-json\/wp\/v2\/product_tag?post=327724"}],"curies":[{"name":"wp","href":"https:\/\/api.w.org\/{rel}","templated":true}]}}