{"id":327826,"date":"2023-03-21T22:48:46","date_gmt":"2023-03-21T21:48:46","guid":{"rendered":"https:\/\/www.moskito.cz\/produkt\/noz-zamykajacy-crkt-m16-04ks\/"},"modified":"2025-05-07T11:09:18","modified_gmt":"2025-05-07T10:09:18","slug":"noz-zamykajacy-crkt-m16-04ks","status":"publish","type":"product","link":"https:\/\/www.moskito.cz\/pl\/produkt\/noz-zamykajacy-crkt-m16-04ks\/","title":{"rendered":"N\u00f3\u017c zamykaj\u0105cy CRKT M16-04KS"},"content":{"rendered":"<div class=\"flex-1 overflow-hidden @container\/thread\">\n<div class=\"h-full\">\n<div class=\"react-scroll-to-bottom--css-vxybp-79elbk h-full\">\n<div class=\"react-scroll-to-bottom--css-vxybp-1n7m0yu\">\n<div class=\"flex flex-col text-sm md:pb-9\">\n<article class=\"w-full scroll-mb-[var(--thread-trailing-height,150px)] text-token-text-primary focus-visible:outline-2 focus-visible:outline-offset-[-4px]\" dir=\"auto\" data-testid=\"conversation-turn-63\" data-scroll-anchor=\"true\">\n<div class=\"m-auto text-base py-[18px] px-3 md:px-4 w-full md:px-5 lg:px-4 xl:px-5\">\n<div class=\"mx-auto flex flex-1 gap-4 text-base md:gap-5 lg:gap-6 md:max-w-3xl\">\n<div class=\"group\/conversation-turn relative flex w-full min-w-0 flex-col agent-turn\">\n<div class=\"flex-col gap-1 md:gap-3\">\n<div class=\"flex max-w-full flex-col flex-grow\">\n<div class=\"min-h-8 text-message flex w-full flex-col items-end gap-2 whitespace-normal break-words text-start [.text-message+&amp;]:mt-5\" dir=\"auto\" data-message-author-role=\"assistant\" data-message-id=\"e5f97c11-8b64-4c68-9f5e-c7f3a88d149f\" data-message-model-slug=\"gpt-4o-mini\">\n<div class=\"flex w-full flex-col gap-1 empty:hidden first:pt-[3px]\">\n<div class=\"markdown prose w-full break-words dark:prose-invert light\">\n<p><strong>N\u00f3\u017c zamykaj\u0105cy CRKT M16-04KS<\/strong><\/p>\n<p><strong>M16\u00ae<\/strong> to bez w\u0105tpienia jedna z najpopularniejszych i najbardziej znanych serii no\u017cy <strong>CRKT<\/strong> . Ten model, <strong>M16-04KS<\/strong> , jest ho\u0142dem dla s\u0142ynnego projektanta <strong>Kita Carsona<\/strong> , kt\u00f3ry stworzy\u0142 konstrukcj\u0119 inspirowan\u0105 no\u017cami <strong>taktycznymi<\/strong> do codziennego noszenia (EDC). Ten n\u00f3\u017c to nowoczesna wersja legendarnego projektu, kt\u00f3ra jest r\u00f3wnie funkcjonalna, co atrakcyjna wizualnie.  <\/p>\n<h3><strong>Dane techniczne:<\/strong><\/h3>\n<ul>\n<li><strong>D\u0142ugo\u015b\u0107 ostrza<\/strong> : 9,83 cm<\/li>\n<li><strong>Kraw\u0119d\u017a ostrza<\/strong> : <strong>Plain<\/strong> (klasyczna, prosta kraw\u0119d\u017a)<\/li>\n<li><strong>Materia\u0142 ostrza<\/strong> : <strong>Stal Sandvik 12C27<\/strong> (znana ze swojej trwa\u0142o\u015bci i zdolno\u015bci do utrzymywania ostro\u015bci)<\/li>\n<li><strong>Wyko\u0144czenie ostrza<\/strong> : <strong>Tlenek<\/strong> (zabezpieczenie przed korozj\u0105 i poprawa wygl\u0105du)<\/li>\n<li><strong>Grubo\u015b\u0107 ostrza<\/strong> : 0,34 cm<\/li>\n<li><strong>D\u0142ugo\u015b\u0107 ca\u0142kowita<\/strong> : 23,65 cm<\/li>\n<li><strong>D\u0142ugo\u015b\u0107 po z\u0142o\u017ceniu<\/strong> : 13,55 cm<\/li>\n<li><strong>Waga<\/strong> : 175,77 g<\/li>\n<li><strong>Uchwyt<\/strong> : <strong>Stal nierdzewna<\/strong> (zapewniaj\u0105ca doskona\u0142\u0105 wytrzyma\u0142o\u015b\u0107 i trwa\u0142o\u015b\u0107)<\/li>\n<li><strong>Blokada<\/strong> : <strong>blokada Frame Lock<\/strong> (gwarantuje pewne zablokowanie ostrza)<\/li>\n<\/ul>\n<h3><strong>G\u0142\u00f3wne cechy:<\/strong><\/h3>\n<ol>\n<li><strong>Szybkie otwieranie:<\/strong>\n<ul>\n<li>W tym modelu zastosowano <strong>flipper<\/strong> umo\u017cliwiaj\u0105cy szybkie i p\u0142ynne wysuni\u0119cie ostrza jednym ruchem. Otwieranie jest bardzo wydajne i \u0142atwe, dzi\u0119ki czemu n\u00f3\u017c idealnie nadaje si\u0119 do <strong>codziennego u\u017cytku<\/strong> i zapewnia szybki dost\u0119p. <\/li>\n<\/ul>\n<\/li>\n<li><strong>Mocna konstrukcja ramy:<\/strong>\n<ul>\n<li><strong>Blokada ramy<\/strong> znana jest ze swojej niezawodno\u015bci i wytrzyma\u0142o\u015bci. <strong>Mocna blokada<\/strong> gwarantuje bezpieczne i stabilne zablokowanie ostrza podczas u\u017cytkowania. Zamek ten zapewnia <strong>maksymalne bezpiecze\u0144stwo<\/strong> i <strong>trwa\u0142o\u015b\u0107<\/strong> przy intensywnym u\u017cytkowaniu. <\/li>\n<\/ul>\n<\/li>\n<li><strong>Bardzo trwa\u0142y uchwyt ze stali nierdzewnej:<\/strong>\n<ul>\n<li><strong>Stal nierdzewna<\/strong> jest bardzo trwa\u0142a i mocna, co zapewnia d\u0142ug\u0105 \u017cywotno\u015b\u0107 no\u017ca oraz <strong>odporno\u015b\u0107 na uderzenia<\/strong> i zu\u017cycie. Uchwyt ten jest odporny na trudne warunki, dzi\u0119ki czemu doskonale nadaje si\u0119 do wymagaj\u0105cych zastosowa\u0144. <\/li>\n<\/ul>\n<\/li>\n<li><strong>Obr\u00f3bka powierzchni ostrza Tlenek:<\/strong>\n<ul>\n<li><strong>Tlenek<\/strong> na ostrzu zwi\u0119ksza jego <strong>odporno\u015b\u0107 na korozj\u0119,<\/strong> nadaj\u0105c mu jednocze\u015bnie matowy wygl\u0105d. Dzi\u0119ki temu n\u00f3\u017c nadaje si\u0119 do pracy w <strong>warunkach zewn\u0119trznych<\/strong> , np. w \u015brodowisku wilgotnym lub brudnym. <\/li>\n<\/ul>\n<\/li>\n<li><strong>Kompaktowa i wydajna konstrukcja:<\/strong>\n<ul>\n<li>Mimo swojej wytrzyma\u0142o\u015bci n\u00f3\u017c jest <strong>kompaktowy<\/strong> i dobrze <strong>wywa\u017cony<\/strong> , co pozwala na wygodne noszenie go na co dzie\u0144. Jest na tyle du\u017cy, \u017ce mo\u017cna go u\u017cywa\u0107 do ci\u0119\u017cszych zada\u0144, a jednocze\u015bnie na tyle ma\u0142y, \u017ce mo\u017cna go praktycznie nosi\u0107 w kieszeni lub plecaku. <\/li>\n<\/ul>\n<\/li>\n<\/ol>\n<h3><strong>Zalety:<\/strong><\/h3>\n<ul>\n<li><strong>Szybkie i p\u0142ynne otwieranie<\/strong> przy u\u017cyciu flippera.<\/li>\n<li><strong>Blokada ramy<\/strong> zapewnia mocn\u0105 i bezpieczn\u0105 blokad\u0119 ostrza.<\/li>\n<li><strong>Uchwyt ze stali nierdzewnej<\/strong> gwarantuje wytrzyma\u0142o\u015b\u0107 i trwa\u0142o\u015b\u0107.<\/li>\n<li><strong>Tlenek<\/strong> na ostrzu zwi\u0119ksza odporno\u015b\u0107 na korozj\u0119.<\/li>\n<li>Idealny do <strong>codziennego noszenia (EDC)<\/strong> , na kempingu, podczas aktywno\u015bci na \u015bwie\u017cym powietrzu i dzia\u0142a\u0144 taktycznych.<\/li>\n<\/ul>\n<h3><strong>Wniosek:<\/strong><\/h3>\n<p><strong>CRKT M16-04KS<\/strong> to doskona\u0142y wyb\u00f3r do codziennego noszenia (EDC), a tak\u017ce do bardziej wymagaj\u0105cych zada\u0144, w kt\u00f3rych wymagany jest <strong>szybki dost\u0119p<\/strong> i <strong>wysoka trwa\u0142o\u015b\u0107<\/strong> . Dzi\u0119ki <strong>mocnej blokadzie ramy<\/strong> , <strong>trwa\u0142emu uchwytowi ze stali nierdzewnej<\/strong> i wysokiej jako\u015bci <strong>ostrzu ze stali Sandvik<\/strong> jest to niezawodne narz\u0119dzie o szerokim zakresie zastosowa\u0144. N\u00f3\u017c ten jest nie tylko bardzo funkcjonalny, ale tak\u017ce atrakcyjny wizualnie, dzi\u0119ki czemu b\u0119dzie \u015bwietnym wyborem dla os\u00f3b poszukuj\u0105cych wysokiej jako\u015bci i stylowego no\u017ca EDC.  <\/p>\n<\/div>\n<\/div>\n<\/div>\n<\/div>\n<div class=\"mb-2 flex gap-3 empty:hidden -ml-2\">\n<div class=\"items-center justify-start rounded-xl p-1 flex\">\n<div class=\"flex items-center\"><\/div>\n<\/div>\n<\/div>\n<div class=\"pr-2 lg:pr-0\"><\/div>\n<div class=\"mt-3 w-full empty:hidden\">\n<div class=\"text-center\"><\/div>\n<\/div>\n<\/div>\n<div class=\"absolute\">\n<div class=\"flex items-center justify-center\"><\/div>\n<\/div>\n<\/div>\n<\/div>\n<\/div>\n<\/article>\n<\/div>\n<\/div>\n<\/div>\n<\/div>\n<\/div>\n<div class=\"md:pt-0 dark:border-white\/20 md:border-transparent md:dark:border-transparent w-full\">\n<div>\n<div class=\"m-auto text-base px-3 md:px-4 w-full md:px-5 lg:px-4 xl:px-5\">\n<div class=\"mx-auto flex flex-1 gap-4 text-base md:gap-5 lg:gap-6 md:max-w-3xl\">\n<div class=\"flex justify-center\"><\/div>\n<\/div>\n<\/div>\n<\/div>\n<\/div>\n","protected":false},"excerpt":{"rendered":"<p><strong>CRKT M16-04KS to doskona\u0142y wyb\u00f3r do codziennego noszenia (EDC), jak r\u00f3wnie\u017c do bardziej wymagaj\u0105cych zada\u0144, w kt\u00f3rych wymagany jest szybki dost\u0119p i wysoka trwa\u0142o\u015b\u0107. Dzi\u0119ki mocnej blokadzie ramy, trwa\u0142emu uchwytowi ze stali nierdzewnej i wysokiej jako\u015bci ostrzu ze stali Sandvik jest to niezawodne narz\u0119dzie o szerokim zakresie zastosowa\u0144. N\u00f3\u017c ten jest nie tylko bardzo funkcjonalny, ale tak\u017ce atrakcyjny wizualnie, dzi\u0119ki czemu b\u0119dzie \u015bwietnym wyborem dla os\u00f3b poszukuj\u0105cych wysokiej jako\u015bci i stylowego no\u017ca EDC.  <\/strong><\/p>\n","protected":false},"featured_media":327827,"comment_status":"open","ping_status":"closed","template":"","meta":[],"pwb-brand":[3458],"product_brand":[],"product_cat":[3307,3296],"product_tag":[3671],"class_list":{"0":"post-327826","1":"product","2":"type-product","3":"status-publish","4":"has-post-thumbnail","6":"pwb-brand-crkt-pl","7":"product_cat-zamykanie-nozy","8":"product_cat-noze-pl","9":"product_tag-b2b-pl","11":"first","12":"instock","13":"taxable","14":"shipping-taxable","15":"purchasable","16":"product-type-simple"},"brands":[{"id":3458,"name":"CRKT","slug":"crkt-pl"}],"_links":{"self":[{"href":"https:\/\/www.moskito.cz\/pl\/wp-json\/wp\/v2\/product\/327826","targetHints":{"allow":["GET"]}}],"collection":[{"href":"https:\/\/www.moskito.cz\/pl\/wp-json\/wp\/v2\/product"}],"about":[{"href":"https:\/\/www.moskito.cz\/pl\/wp-json\/wp\/v2\/types\/product"}],"replies":[{"embeddable":true,"href":"https:\/\/www.moskito.cz\/pl\/wp-json\/wp\/v2\/comments?post=327826"}],"wp:featuredmedia":[{"embeddable":true,"href":"https:\/\/www.moskito.cz\/pl\/wp-json\/wp\/v2\/media\/327827"}],"wp:attachment":[{"href":"https:\/\/www.moskito.cz\/pl\/wp-json\/wp\/v2\/media?parent=327826"}],"wp:term":[{"taxonomy":"pwb-brand","embeddable":true,"href":"https:\/\/www.moskito.cz\/pl\/wp-json\/wp\/v2\/pwb-brand?post=327826"},{"taxonomy":"product_brand","embeddable":true,"href":"https:\/\/www.moskito.cz\/pl\/wp-json\/wp\/v2\/product_brand?post=327826"},{"taxonomy":"product_cat","embeddable":true,"href":"https:\/\/www.moskito.cz\/pl\/wp-json\/wp\/v2\/product_cat?post=327826"},{"taxonomy":"product_tag","embeddable":true,"href":"https:\/\/www.moskito.cz\/pl\/wp-json\/wp\/v2\/product_tag?post=327826"}],"curies":[{"name":"wp","href":"https:\/\/api.w.org\/{rel}","templated":true}]}}