{"id":327934,"date":"2021-07-29T20:40:43","date_gmt":"2024-04-08T14:40:36","guid":{"rendered":"https:\/\/www.moskito.cz\/produkt\/noz-zamykajacy-crkt-m21-10ksf\/"},"modified":"2025-05-07T11:09:20","modified_gmt":"2025-05-07T10:09:20","slug":"noz-zamykajacy-crkt-m21-10ksf","status":"publish","type":"product","link":"https:\/\/www.moskito.cz\/pl\/produkt\/noz-zamykajacy-crkt-m21-10ksf\/","title":{"rendered":"N\u00f3\u017c zamykaj\u0105cy CRKT M21-10KSF"},"content":{"rendered":"<p>N\u00f3\u017c zamykaj\u0105cy <strong>CRKT<\/strong> M21-10KSF.<\/p>\n<p>Zaprojektowany przez Kita Carsona w Vine Grove w stanie Kentucky<\/p>\n<p>Seria codziennego noszenia ze stali nierdzewnej M21 \u2122 pochodzi z d\u0142ugiej linii narz\u0119dzi wojskowych. Teraz mo\u017cesz wykonywa\u0107 zadania cywilne dzi\u0119ki tej sprawdzonej platformie do projektowania no\u017cy, kt\u00f3ra jest prosta, trwa\u0142a i niedroga. Je\u015bli jeste\u015b fanem taktycznych no\u017cy sk\u0142adanych M16\u2122 firmy Kit Carson, zechcesz sprawdzi\u0107 t\u0119 odmian\u0119 do noszenia na co dzie\u0144.<br \/>\nZamek ramowy z podw\u00f3jnym uchwytem<br \/>\nPrzek\u0142adnia Triple Point\u2122<br \/>\nWyko\u0144czenie ostrza oksydowane na czarno.<\/p>\n<p>SPECYFIKACJE<br \/>\nD\u0142ugo\u015b\u0107 ostrza 3,13 cala (79,60 mm)<br \/>\nPotr\u00f3jne z\u0105bkowanie kraw\u0119dzi ostrza\u2122<br \/>\nOstrze ze stali 8Cr14MoV<br \/>\nUko\u0144czenie ostrza tlenowego<br \/>\nGrubo\u015b\u0107 ostrza 0,44 cala (2,44 mm)<br \/>\nD\u0142ugo\u015b\u0107 ca\u0142kowita 7,19 cala (182,58 mm)<br \/>\nD\u0142ugo\u015b\u0107 po zamkni\u0119ciu 4,01 cala (101,88 mm)<br \/>\nWaga 2,80 uncji (79,38 g)<br \/>\nR\u0119koje\u015b\u0107 Stal nierdzewna<br \/>\nStylowy n\u00f3\u017c sk\u0142adany z blokad\u0105 ramki<\/p>\n<p><strong>CRKT\u00ae<\/strong> (Columbia River Knife and Tool\u00ae) zosta\u0142a za\u0142o\u017cona w 1994 roku. Od pierwszego dnia na pierwszym miejscu stawia innowacyjno\u015b\u0107 i uczciwo\u015b\u0107. Jego zaanga\u017cowaniem jest tworzenie no\u017cy i narz\u0119dzi, kt\u00f3re inspiruj\u0105 i s\u0105 trwa\u0142e. Wsp\u00f3\u0142pracuje z najlepszymi projektantami na \u015bwiecie i kieruje si\u0119 prost\u0105 zasad\u0105: \u017ce najwspanialsz\u0105 rzecz\u0105, jak\u0105 mo\u017ce da\u0107 klientom, jest zaufanie do swoich r\u0105k.<\/p>\n<p><iframe title=\"CRKT M21-10KSF Knife | A Kit Carson Design\" width=\"800\" height=\"450\" src=\"https:\/\/www.youtube.com\/embed\/dTHU_9PxQCc?feature=oembed\" frameborder=\"0\" allow=\"accelerometer; autoplay; clipboard-write; encrypted-media; gyroscope; picture-in-picture; web-share\" referrerpolicy=\"strict-origin-when-cross-origin\" allowfullscreen><\/iframe><\/p>\n<p>&nbsp;<\/p>\n<p>&nbsp;<\/p>\n","protected":false},"excerpt":{"rendered":"<p>Zaprojektowany przez Kita Carsona w Vine Grove w stanie Kentucky.<\/p>\n","protected":false},"featured_media":327935,"comment_status":"open","ping_status":"closed","template":"","meta":[],"pwb-brand":[3458],"product_brand":[],"product_cat":[3296,3307],"product_tag":[3671],"class_list":{"0":"post-327934","1":"product","2":"type-product","3":"status-publish","4":"has-post-thumbnail","6":"pwb-brand-crkt-pl","7":"product_cat-noze-pl","8":"product_cat-zamykanie-nozy","9":"product_tag-b2b-pl","11":"first","12":"instock","13":"taxable","14":"shipping-taxable","15":"purchasable","16":"product-type-simple"},"brands":[{"id":3458,"name":"CRKT","slug":"crkt-pl"}],"_links":{"self":[{"href":"https:\/\/www.moskito.cz\/pl\/wp-json\/wp\/v2\/product\/327934","targetHints":{"allow":["GET"]}}],"collection":[{"href":"https:\/\/www.moskito.cz\/pl\/wp-json\/wp\/v2\/product"}],"about":[{"href":"https:\/\/www.moskito.cz\/pl\/wp-json\/wp\/v2\/types\/product"}],"replies":[{"embeddable":true,"href":"https:\/\/www.moskito.cz\/pl\/wp-json\/wp\/v2\/comments?post=327934"}],"wp:featuredmedia":[{"embeddable":true,"href":"https:\/\/www.moskito.cz\/pl\/wp-json\/wp\/v2\/media\/327935"}],"wp:attachment":[{"href":"https:\/\/www.moskito.cz\/pl\/wp-json\/wp\/v2\/media?parent=327934"}],"wp:term":[{"taxonomy":"pwb-brand","embeddable":true,"href":"https:\/\/www.moskito.cz\/pl\/wp-json\/wp\/v2\/pwb-brand?post=327934"},{"taxonomy":"product_brand","embeddable":true,"href":"https:\/\/www.moskito.cz\/pl\/wp-json\/wp\/v2\/product_brand?post=327934"},{"taxonomy":"product_cat","embeddable":true,"href":"https:\/\/www.moskito.cz\/pl\/wp-json\/wp\/v2\/product_cat?post=327934"},{"taxonomy":"product_tag","embeddable":true,"href":"https:\/\/www.moskito.cz\/pl\/wp-json\/wp\/v2\/product_tag?post=327934"}],"curies":[{"name":"wp","href":"https:\/\/api.w.org\/{rel}","templated":true}]}}