{"id":327999,"date":"2022-09-21T20:00:28","date_gmt":"2024-04-08T14:41:59","guid":{"rendered":"https:\/\/www.moskito.cz\/produkt\/premiera-noza-kershaw-launch-1-7100bw\/"},"modified":"2025-05-07T11:09:23","modified_gmt":"2025-05-07T10:09:23","slug":"premiera-noza-kershaw-launch-1-7100bw","status":"publish","type":"product","link":"https:\/\/www.moskito.cz\/pl\/produkt\/premiera-noza-kershaw-launch-1-7100bw\/","title":{"rendered":"Premiera no\u017ca Kershaw LAUNCH 1 7100BW"},"content":{"rendered":"<p>Premiera no\u017ca <strong>Kershaw<\/strong> LAUNCH 1 7100BW.<\/p>\n<p>Je\u015bli zastanawia\u0142e\u015b si\u0119 nad no\u017cem automatycznym, Launch 1 mo\u017ce by\u0107 The One. Ten automat wyposa\u017cony jest w ostrze ze stali CPM 154, zapewniaj\u0105ce mocne kopni\u0119cie otwieraj\u0105ce i jest produkowany w USA w zak\u0142adzie produkcyjnym Kershaw w Tualatin w stanie Oregon. Posiada du\u017ce, wszechstronne ostrze z ostrzem BlackWash\u2122, kt\u00f3re pomaga ukry\u0107 zarysowania powsta\u0142e podczas u\u017cytkowania. Zintegrowany element dystansowy ze smycz\u0105.<\/p>\n<p>Wykonane w USA<br \/>\nOstrze wykonane z metalurgii proszk\u00f3w CPM 154 wsp\u00f3\u0142pracuje i utrzymuje doskona\u0142\u0105 kraw\u0119d\u017a, zapewnia odporno\u015b\u0107 na korozj\u0119, zu\u017cycie i wytrzyma\u0142o\u015b\u0107<br \/>\nLekka, mocna r\u0119koje\u015b\u0107 z anodyzowanego aluminium ma kszta\u0142t zapewniaj\u0105cy pewny chwyt<br \/>\nNiskoprofilowy przycisk utrudnia przypadkowe wysuni\u0119cie ostrza<\/p>\n<p>U\u017cywaj na co dzie\u0144, pracy, taktyki<br \/>\nWprowad\u017a automatycznie, Folder<br \/>\nStylowy scyzoryk<br \/>\nOryginalne produkty projektanta Kershaw<br \/>\nPunkt opadania w stylu ostrza<br \/>\nKraw\u0119d\u017a ostrza g\u0142adka<br \/>\nAutomatyczne otwieranie<br \/>\nOtwiera si\u0119 za pomoc\u0105 przycisku<br \/>\nTyp blokady Blokada przycisk\u00f3w<br \/>\nDwustronny klips kieszonkowy (prawy\/lewy, sk\u0142adany)<br \/>\nKolor uchwytu Czarny<br \/>\nWyprodukowano w USA. Tak<br \/>\nKraj pochodzenia USA: projekt, prototyp, kontrola jako\u015bci, produkcja<br \/>\nGwarancja Ograniczona gwarancja do\u017cywotnia<\/p>\n<p>&nbsp;<\/p>\n","protected":false},"excerpt":{"rendered":"<p>Za\u0142o\u017cyciel Kershaw, Pete Kershaw, wiedzia\u0142, jak wa\u017cna jest gwarantowana jako\u015b\u0107. Pod koniec 1974 roku zdecydowa\u0142 si\u0119 za\u0142o\u017cy\u0107 w\u0142asn\u0105 firm\u0119 produkuj\u0105c\u0105 no\u017ce w cementowni w Lake Oswego w stanie Oregon.<\/p>\n<p>W Japonii dyrektor generalny Kai Koji Endo uwa\u017ca\u0142, \u017ce Kershaw ma jeszcze wi\u0119kszy potencja\u0142 wzrostu. W 1996 roku Endo zainwestowa\u0142o w ameryka\u0144ski zak\u0142ad produkcyjny w bazie Kai USA w Wilsonville. Wierzy\u0142, \u017ce pomo\u017ce to Kershawowi w osi\u0105gni\u0119ciu pe\u0142nego potencja\u0142u. Wkr\u00f3tce Kai USA zatrudni\u0142o do tego zadania nowy zesp\u00f3\u0142 produkcyjny.<\/p>\n<p><strong>Bezp\u0142atny transport.<\/strong><\/p>\n","protected":false},"featured_media":328000,"comment_status":"open","ping_status":"closed","template":"","meta":[],"pwb-brand":[3773],"product_brand":[],"product_cat":[3344,3296],"product_tag":[],"class_list":{"0":"post-327999","1":"product","2":"type-product","3":"status-publish","4":"has-post-thumbnail","6":"pwb-brand-kershawa","7":"product_cat-noze-strzeleckie","8":"product_cat-noze-pl","10":"first","11":"instock","12":"taxable","13":"shipping-taxable","14":"purchasable","15":"product-type-simple"},"brands":[{"id":3773,"name":"Kershawa","slug":"kershawa"}],"_links":{"self":[{"href":"https:\/\/www.moskito.cz\/pl\/wp-json\/wp\/v2\/product\/327999","targetHints":{"allow":["GET"]}}],"collection":[{"href":"https:\/\/www.moskito.cz\/pl\/wp-json\/wp\/v2\/product"}],"about":[{"href":"https:\/\/www.moskito.cz\/pl\/wp-json\/wp\/v2\/types\/product"}],"replies":[{"embeddable":true,"href":"https:\/\/www.moskito.cz\/pl\/wp-json\/wp\/v2\/comments?post=327999"}],"wp:featuredmedia":[{"embeddable":true,"href":"https:\/\/www.moskito.cz\/pl\/wp-json\/wp\/v2\/media\/328000"}],"wp:attachment":[{"href":"https:\/\/www.moskito.cz\/pl\/wp-json\/wp\/v2\/media?parent=327999"}],"wp:term":[{"taxonomy":"pwb-brand","embeddable":true,"href":"https:\/\/www.moskito.cz\/pl\/wp-json\/wp\/v2\/pwb-brand?post=327999"},{"taxonomy":"product_brand","embeddable":true,"href":"https:\/\/www.moskito.cz\/pl\/wp-json\/wp\/v2\/product_brand?post=327999"},{"taxonomy":"product_cat","embeddable":true,"href":"https:\/\/www.moskito.cz\/pl\/wp-json\/wp\/v2\/product_cat?post=327999"},{"taxonomy":"product_tag","embeddable":true,"href":"https:\/\/www.moskito.cz\/pl\/wp-json\/wp\/v2\/product_tag?post=327999"}],"curies":[{"name":"wp","href":"https:\/\/api.w.org\/{rel}","templated":true}]}}