{"id":328043,"date":"2022-08-17T19:39:55","date_gmt":"2024-04-08T14:44:06","guid":{"rendered":"https:\/\/www.moskito.cz\/produkt\/noz-zamykajacy-crkt-m16-10kz\/"},"modified":"2025-05-27T10:05:00","modified_gmt":"2025-05-27T09:05:00","slug":"noz-zamykajacy-crkt-m16-10kz","status":"publish","type":"product","link":"https:\/\/www.moskito.cz\/pl\/produkt\/noz-zamykajacy-crkt-m16-10kz\/","title":{"rendered":"N\u00f3\u017c zamykaj\u0105cy CRKT M16-10KZ"},"content":{"rendered":"<div class=\"flex-1 overflow-hidden @container\/thread\">\n<div class=\"h-full\">\n<div class=\"react-scroll-to-bottom--css-vxybp-79elbk h-full\">\n<div class=\"react-scroll-to-bottom--css-vxybp-1n7m0yu\">\n<div class=\"flex flex-col text-sm md:pb-9\">\n<article class=\"w-full scroll-mb-[var(--thread-trailing-height,150px)] text-token-text-primary focus-visible:outline-2 focus-visible:outline-offset-[-4px]\" dir=\"auto\" data-testid=\"conversation-turn-357\" data-scroll-anchor=\"true\">\n<div class=\"m-auto text-base py-[18px] px-3 md:px-4 w-full md:px-5 lg:px-4 xl:px-5\">\n<div class=\"mx-auto flex flex-1 gap-4 text-base md:gap-5 lg:gap-6 md:max-w-3xl\">\n<div class=\"group\/conversation-turn relative flex w-full min-w-0 flex-col agent-turn\">\n<div class=\"flex-col gap-1 md:gap-3\">\n<div class=\"flex max-w-full flex-col flex-grow\">\n<div class=\"min-h-8 text-message flex w-full flex-col items-end gap-2 whitespace-normal break-words text-start [.text-message+&amp;]:mt-5\" dir=\"auto\" data-message-author-role=\"assistant\" data-message-id=\"acf6ae39-712b-45dc-9ff5-59252f326045\" data-message-model-slug=\"gpt-4o-mini\">\n<div class=\"flex w-full flex-col gap-1 empty:hidden first:pt-[3px]\">\n<div class=\"markdown prose w-full break-words dark:prose-invert light\">\n<p>N\u00f3\u017c sk\u0142adany <strong>CRKT M16-10KZ<\/strong> jest cz\u0119\u015bci\u0105 popularnej serii M16\u00ae zaprojektowanej przez legendarnego projektanta Kita Carsona i oferuje doskona\u0142e po\u0142\u0105czenie funkcjonalno\u015bci, jako\u015bci i trwa\u0142o\u015bci. Ten model idealnie nadaje si\u0119 do codziennego noszenia (EDC), ale tak\u017ce do bardziej wymagaj\u0105cych zada\u0144, w kt\u00f3rych wymagana jest trwa\u0142o\u015b\u0107 i niezawodno\u015b\u0107. <\/p>\n<h3><strong>G\u0142\u00f3wne cechy:<\/strong><\/h3>\n<ol>\n<li><strong>Materia\u0142y wysokiej jako\u015bci:<\/strong>\n<ul>\n<li><strong>Ostrze ze stali nierdzewnej 1.4116<\/strong> : Stal ta jest znana ze swojej <strong>odporno\u015bci na korozj\u0119<\/strong> i idealnie nadaje si\u0119 do no\u017cy u\u017cywanych regularnie. Zapewnia dobre <strong>utrzymanie ostrza<\/strong> i stosunkowo \u0142atw\u0105 konserwacj\u0119. <\/li>\n<li><strong>Obr\u00f3bka powierzchni EDP<\/strong> : Ta czarna pow\u0142oka chroni ostrze przed <strong>korozj\u0105 i zu\u017cyciem<\/strong> , wyd\u0142u\u017caj\u0105c \u017cywotno\u015b\u0107 no\u017ca i zapewniaj\u0105c jego <strong>estetyczn\u0105 trwa\u0142o\u015b\u0107<\/strong> .<\/li>\n<li><strong>Z\u0105bkowanie Triple Point\u2122<\/strong> : Z\u0105bkowanie ostrza zapewnia <strong>wysok\u0105 wydajno\u015b\u0107 ci\u0119cia<\/strong> , zw\u0142aszcza podczas ci\u0119cia takich materia\u0142\u00f3w jak sznurki, sk\u00f3ra, tkaniny i inne twardsze substancje. Technologia ta oferuje <strong>trzykrotnie wi\u0119ksz\u0105 wydajno\u015b\u0107<\/strong> ni\u017c konwencjonalne naci\u0119cia. <\/li>\n<\/ul>\n<\/li>\n<li><strong>Ergonomiczna konstrukcja zapewniaj\u0105ca efektywne u\u017cytkowanie:<\/strong>\n<ul>\n<li><strong>Carson Flipper<\/strong> : Ten typ otwierania pozwala na <strong>szybkie i \u0142atwe<\/strong> otwieranie ostrza jedn\u0105 r\u0119k\u0105, co jest idealne w sytuacjach, gdy potrzebujesz szybkiego dost\u0119pu do no\u017ca.<\/li>\n<li><strong>R\u0119koje\u015b\u0107 z nylonu wzmocnionego w\u0142\u00f3knem szklanym<\/strong> : Materia\u0142 ten jest bardzo <strong>wytrzyma\u0142y<\/strong> i gwarantuje pewny i <strong>wygodny chwyt<\/strong> no\u017ca nawet w trudnych warunkach. R\u0119koje\u015b\u0107 r\u00f3wnie\u017c wp\u0142ywa na <strong>nisk\u0105 wag\u0119<\/strong> no\u017ca. <\/li>\n<\/ul>\n<\/li>\n<li><strong>Funkcje bezpiecze\u0144stwa:<\/strong>\n<ul>\n<li><strong>Blokada liniowa<\/strong> : Ta blokada bezpiecze\u0144stwa gwarantuje, \u017ce ostrze jest bezpiecznie zablokowane podczas u\u017cytkowania, a tak\u017ce umo\u017cliwia <strong>\u0142atwe zamkni\u0119cie no\u017ca jedn\u0105 r\u0119k\u0105<\/strong> .<\/li>\n<li><strong>Automatyczna wk\u0142adka zabezpieczaj\u0105ca<\/strong> : Zapewnia dodatkow\u0105 ochron\u0119, zapobiegaj\u0105c <strong>przypadkowemu otwarciu<\/strong> ostrza, co jest wa\u017cne dla bezpiecznego u\u017cytkowania no\u017ca na co dzie\u0144.<\/li>\n<\/ul>\n<\/li>\n<li><strong>Kompaktowa i lekka konstrukcja:<\/strong>\n<ul>\n<li><strong>D\u0142ugo\u015b\u0107 ca\u0142kowita<\/strong> : 7,13&#8243; (180,98 mm)<\/li>\n<li><strong>D\u0142ugo\u015b\u0107 po z\u0142o\u017ceniu<\/strong> : 4,00&#8243; (101,60 mm)<\/li>\n<li><strong>Waga<\/strong> : 2,30 uncji (65,20 g) \u2013 <strong>lekka konstrukcja<\/strong> idealnie nadaje si\u0119 do noszenia na co dzie\u0144, a jednocze\u015bnie jest wystarczaj\u0105co du\u017cy, by wykonywa\u0107 wiele zada\u0144.<\/li>\n<\/ul>\n<\/li>\n<\/ol>\n<h3><strong>Dane techniczne:<\/strong><\/h3>\n<ul>\n<li><strong>D\u0142ugo\u015b\u0107 ostrza<\/strong> : 3,00&#8243; (76,20 mm)<\/li>\n<li><strong>Ostrze ostrza<\/strong> : Triple Point Serrations\u2122<\/li>\n<li><strong>Materia\u0142 ostrza<\/strong> : Stal 1.4116<\/li>\n<li><strong>Wyko\u0144czenie ostrza<\/strong> : EDP<\/li>\n<li><strong>Grubo\u015b\u0107 ostrza<\/strong> : 0,08&#8243; (2,03 mm)<\/li>\n<li><strong>D\u0142ugo\u015b\u0107 ca\u0142kowita<\/strong> : 7,13&#8243; (180,98 mm)<\/li>\n<li><strong>D\u0142ugo\u015b\u0107 po z\u0142o\u017ceniu<\/strong> : 4,00&#8243; (101,60 mm)<\/li>\n<li><strong>Waga<\/strong> : 2,30 uncji (65,20 g)<\/li>\n<li><strong>Uchwyt<\/strong> : Nylon wzmocniony w\u0142\u00f3knem szklanym<\/li>\n<li><strong>Styl<\/strong> : N\u00f3\u017c sk\u0142adany z <strong>blokad\u0105 liniow\u0105<\/strong><\/li>\n<\/ul>\n<h3><strong>Do czego si\u0119 to nadaje?<\/strong><\/h3>\n<ol>\n<li><strong>Do codziennego u\u017cytku (EDC)<\/strong> :<br \/>\n N\u00f3\u017c przeznaczony do codziennych czynno\u015bci, takich jak otwieranie paczek, opakowa\u0144, ci\u0119cie przewod\u00f3w, kabli i innych materia\u0142\u00f3w. W po\u0142\u0105czeniu z <strong>z\u0105bkami Triple Point\u2122<\/strong> doskonale nadaje si\u0119 do <strong>szybkiego i wydajnego ci\u0119cia<\/strong> ci\u0119\u017cszych materia\u0142\u00f3w. <\/li>\n<li><strong>Zaj\u0119cia na \u015bwie\u017cym powietrzu i kemping<\/strong> :<br \/>\n Mimo \u017ce jest to n\u00f3\u017c kompaktowy, jego trwa\u0142o\u015b\u0107 i zdolno\u015b\u0107 do dobrego trzymania ostrza sprawiaj\u0105, \u017ce model ten idealnie nadaje si\u0119 do <strong>zada\u0144 kempingowych<\/strong> , takich jak r\u0105banie drewna na ognisko, przygotowywanie jedzenia i inne typowe zaj\u0119cia na \u015bwie\u017cym powietrzu.<\/li>\n<li><strong>Ratownictwo i zastosowanie taktyczne<\/strong> :<br \/>\n Dzi\u0119ki <strong>z\u0105bkom Triple Point\u2122<\/strong> i <strong>solidnej konstrukcji<\/strong> n\u00f3\u017c ten sprawdzi si\u0119 podczas <strong>akcji ratowniczych<\/strong> lub jako taktyczne wyposa\u017cenie EDC w wojsku lub si\u0142ach bezpiecze\u0144stwa. \u015awietnie sprawdza si\u0119 w sytuacjach kryzysowych, w kt\u00f3rych wa\u017cne jest posiadanie niezawodnego narz\u0119dzia. <\/li>\n<li><strong>Podr\u00f3\u017ce i codzienne czynno\u015bci<\/strong> :<br \/>\n N\u00f3\u017c jest na tyle kompaktowy, \u017ce mo\u017cna go \u0142atwo nosi\u0107 w kieszeni lub przypi\u0105\u0107 do kluczy, i zawsze jest gotowy do u\u017cycia w ci\u0105gu dnia, kiedy tylko go potrzebujesz.<\/li>\n<\/ol>\n<h3><strong>Zalety:<\/strong><\/h3>\n<ul>\n<li><strong>Z\u0105bkowanie Triple Point\u2122<\/strong> zapewnia wydajne ci\u0119cie r\u00f3\u017cnych materia\u0142\u00f3w.<\/li>\n<li><strong>Lekka i kompaktowa konstrukcja<\/strong> , idealna do noszenia na co dzie\u0144.<\/li>\n<li><strong>Szybkie otwieranie<\/strong> dzi\u0119ki Carson Flipper.<\/li>\n<li><strong>Blokada bezpiecze\u0144stwa<\/strong> zapewniaj\u0105ca pewne zablokowanie ostrza podczas u\u017cytkowania.<\/li>\n<li><strong>Trwa\u0142e materia\u0142y<\/strong> i <strong>d\u0142uga \u017cywotno\u015b\u0107<\/strong> dzi\u0119ki wysokiej jako\u015bci uchwytowi ze stali i nylonu.<\/li>\n<li><strong>Obr\u00f3bka powierzchni EDP<\/strong> zapewniaj\u0105ca <strong>odporno\u015b\u0107 na korozj\u0119<\/strong> i <strong>estetyczny wygl\u0105d<\/strong> .<\/li>\n<\/ul>\n<h3><strong>Streszczenie:<\/strong><\/h3>\n<p><strong>CRKT M16-10KZ<\/strong> to niezawodny i praktyczny n\u00f3\u017c \u0142\u0105cz\u0105cy w sobie <strong>jako\u015b\u0107<\/strong> , <strong>funkcjonalno\u015b\u0107<\/strong> i <strong>design<\/strong> inspirowany no\u017cami taktycznymi. Dzi\u0119ki <strong>z\u0105bkom Triple Point\u2122<\/strong> , <strong>szybkiemu otwieraniu<\/strong> , <strong>mechanizmowi bezpiecze\u0144stwa<\/strong> i trwa\u0142emu wyko\u0144czeniu jest to idealne narz\u0119dzie do codziennego u\u017cytku, a tak\u017ce do bardziej wymagaj\u0105cych zada\u0144. Niezale\u017cnie od tego, czy chodzi o <strong>kemping<\/strong> , <strong>prac\u0119 w terenie<\/strong> czy <strong>codzienne noszenie przy sobie<\/strong> , ten n\u00f3\u017c jest gotowy na wszystko.  <\/p>\n<\/div>\n<\/div>\n<\/div>\n<\/div>\n<div class=\"mb-2 flex gap-3 empty:hidden -ml-2\">\n<div class=\"items-center justify-start rounded-xl p-1 flex\">\n<div class=\"flex items-center\"><\/div>\n<\/div>\n<\/div>\n<div class=\"pr-2 lg:pr-0\"><\/div>\n<\/div>\n<\/div>\n<\/div>\n<\/div>\n<\/article>\n<\/div>\n<\/div>\n<\/div>\n<\/div>\n<\/div>\n","protected":false},"excerpt":{"rendered":"<p><strong>CRKT M16-10KZ to niezawodny i praktyczny n\u00f3\u017c \u0142\u0105cz\u0105cy w sobie jako\u015b\u0107, funkcjonalno\u015b\u0107 i design inspirowany no\u017cami taktycznymi. Dzi\u0119ki z\u0105bkom Triple Point\u2122, szybkiemu otwieraniu, mechanizmowi bezpiecze\u0144stwa i trwa\u0142emu wyko\u0144czeniu jest to idealne narz\u0119dzie do codziennego u\u017cytku i bardziej wymagaj\u0105cych zada\u0144. Niezale\u017cnie od tego, czy wybierasz si\u0119 na kemping, do pracy w terenie czy nosisz go na co dzie\u0144, ten n\u00f3\u017c jest gotowy na wszystko.  <\/strong><\/p>\n","protected":false},"featured_media":328044,"comment_status":"open","ping_status":"closed","template":"","meta":[],"pwb-brand":[3458],"product_brand":[],"product_cat":[3307,3296],"product_tag":[3671],"class_list":{"0":"post-328043","1":"product","2":"type-product","3":"status-publish","4":"has-post-thumbnail","6":"pwb-brand-crkt-pl","7":"product_cat-zamykanie-nozy","8":"product_cat-noze-pl","9":"product_tag-b2b-pl","11":"first","12":"outofstock","13":"taxable","14":"shipping-taxable","15":"purchasable","16":"product-type-simple"},"brands":[{"id":3458,"name":"CRKT","slug":"crkt-pl"}],"_links":{"self":[{"href":"https:\/\/www.moskito.cz\/pl\/wp-json\/wp\/v2\/product\/328043","targetHints":{"allow":["GET"]}}],"collection":[{"href":"https:\/\/www.moskito.cz\/pl\/wp-json\/wp\/v2\/product"}],"about":[{"href":"https:\/\/www.moskito.cz\/pl\/wp-json\/wp\/v2\/types\/product"}],"replies":[{"embeddable":true,"href":"https:\/\/www.moskito.cz\/pl\/wp-json\/wp\/v2\/comments?post=328043"}],"wp:featuredmedia":[{"embeddable":true,"href":"https:\/\/www.moskito.cz\/pl\/wp-json\/wp\/v2\/media\/328044"}],"wp:attachment":[{"href":"https:\/\/www.moskito.cz\/pl\/wp-json\/wp\/v2\/media?parent=328043"}],"wp:term":[{"taxonomy":"pwb-brand","embeddable":true,"href":"https:\/\/www.moskito.cz\/pl\/wp-json\/wp\/v2\/pwb-brand?post=328043"},{"taxonomy":"product_brand","embeddable":true,"href":"https:\/\/www.moskito.cz\/pl\/wp-json\/wp\/v2\/product_brand?post=328043"},{"taxonomy":"product_cat","embeddable":true,"href":"https:\/\/www.moskito.cz\/pl\/wp-json\/wp\/v2\/product_cat?post=328043"},{"taxonomy":"product_tag","embeddable":true,"href":"https:\/\/www.moskito.cz\/pl\/wp-json\/wp\/v2\/product_tag?post=328043"}],"curies":[{"name":"wp","href":"https:\/\/api.w.org\/{rel}","templated":true}]}}