{"id":328064,"date":"2022-09-06T21:24:40","date_gmt":"2024-04-08T14:47:54","guid":{"rendered":"https:\/\/www.moskito.cz\/produkt\/noz-zamykajacy-crkt-seis-7123\/"},"modified":"2025-05-07T11:09:24","modified_gmt":"2025-05-07T10:09:24","slug":"noz-zamykajacy-crkt-seis-7123","status":"publish","type":"product","link":"https:\/\/www.moskito.cz\/pl\/produkt\/noz-zamykajacy-crkt-seis-7123\/","title":{"rendered":"N\u00f3\u017c zamykaj\u0105cy CRKT SEIS 7123"},"content":{"rendered":"<p>N\u00f3\u017c zamykaj\u0105cy <strong>CRKT<\/strong> SEIS 7123.<\/p>\n<p>Oznacza sze\u015b\u0107, ale spe\u0142nia wszystkie funkcje. Producent no\u017cy Richard Rogers projektuje no\u017ce od ponad dwudziestu lat, dostarczaj\u0105c fanom swoje ulubione projekty Cuatro\u2122 i Cinco\u2122. To si\u0119 liczy i przedstawia Seis\u2122, sk\u0142adany scyzoryk do codziennego u\u017cytku, kt\u00f3ry jest wystarczaj\u0105co du\u017cy, aby wykonywa\u0107 powa\u017cn\u0105 prac\u0119 i wystarczaj\u0105co kompaktowy, aby mo\u017cna go by\u0142o u\u017cywa\u0107 na co dzie\u0144. Dzi\u0119ki IKBS\u2122 zapewniaj\u0105cemu wyj\u0105tkowo p\u0142ynne wdra\u017canie, nie b\u0119dziesz musia\u0142 liczy\u0107 do sze\u015bciu, aby z niego skorzysta\u0107.<\/p>\n<p>Kiedy projektant no\u017cy Richard Rogers nazwa\u0142 Cinco\u2122 na cze\u015b\u0107 pseudonimu swojego ojca, kontynuacja tej sekwencji by\u0142a rzecz\u0105 naturaln\u0105. I tak przedstawia nam Seis\u2122, wszechstronny n\u00f3\u017c sk\u0142adany o smuk\u0142ym profilu, kt\u00f3ry jest elastyczny i ma elegancki wygl\u0105d. Klips kieszonkowy jest wszechstronny i zosta\u0142 zaprojektowany tak, aby by\u0142 obur\u0119czny i umo\u017cliwia\u0142 chwyt lewej lub prawej r\u0119ki &#8211; mo\u017cna go nawet odkr\u0119ci\u0107 w celu dalszego dostosowania. Dzi\u0119ki dwustronnej konstrukcji \u0142atwo jest znale\u017a\u0107 wygodny chwyt wzd\u0142u\u017c nylonowej r\u0119koje\u015bci wzmocnionej w\u0142\u00f3knem szklanym o fakturze przypominaj\u0105cej sk\u00f3r\u0119.<\/p>\n<p>Wyposa\u017cony w ostrze ze stali nierdzewnej o \u015brednicy 3,32 cala, Seis\u2122 rozk\u0142ada si\u0119 szybko i wyj\u0105tkowo p\u0142ynnie dzi\u0119ki technologii IKBS\u2122. N\u00f3\u017c ten, przeznaczony do codziennego noszenia, nie tylko wytrzymuje pr\u00f3b\u0119 ci\u0119\u017ckiej pracy, ale czubek ostrza jest wystarczaj\u0105co cienki, aby umo\u017cliwi\u0107 bardziej precyzyjne ci\u0119cie. A dzi\u0119ki przyjaznej dla u\u017cytkownika konstrukcji i skromnym wymiarom no\u017ca, b\u0119dzie on popularnym narz\u0119dziem do przechowywania g\u0142\u0119boko w kieszeni.<\/p>\n<p>Oznacza to sze\u015b\u0107, ale Seis\u2122 radzi sobie ze wszystkimi sztuczkami.<\/p>\n<p>SPECYFIKACJE<br \/>\nD\u0142ugo\u015b\u0107 ostrza 3,32 cala (84,38 mm)<br \/>\nOstrze proste<br \/>\nOstrze ze stali 1.4116<br \/>\nWyko\u0144czenie powierzchni ostrza \u015arutowanie<br \/>\nGrubo\u015b\u0107 ostrza 0,09 cala (2,36 mm)<br \/>\nD\u0142ugo\u015b\u0107 ca\u0142kowita 7,81 cala (198,45 mm)<br \/>\nD\u0142ugo\u015b\u0107 po zamkni\u0119ciu 4,47 cala (113,44 mm)<br \/>\nWaga 2,00 uncji (56,70 g)<br \/>\nR\u0119koje\u015b\u0107 Nylon wzmocniony szk\u0142em<br \/>\nStylowy n\u00f3\u017c sk\u0142adany z blokad\u0105 Liner Lock<\/p>\n<p><iframe title=\"CRKT SEIS\u2122 | Richard Rogers Design\" width=\"800\" height=\"450\" src=\"https:\/\/www.youtube.com\/embed\/J_t8G1t971Q?feature=oembed\" frameborder=\"0\" allow=\"accelerometer; autoplay; clipboard-write; encrypted-media; gyroscope; picture-in-picture; web-share\" referrerpolicy=\"strict-origin-when-cross-origin\" allowfullscreen><\/iframe><\/p>\n<p>&nbsp;<\/p>\n","protected":false},"excerpt":{"rendered":"<p>Zaprojektowany przez Richarda Rogersa w Magdalenie w Nowym Meksyku.<\/p>\n","protected":false},"featured_media":328068,"comment_status":"open","ping_status":"closed","template":"","meta":[],"pwb-brand":[3458],"product_brand":[],"product_cat":[3307,3296],"product_tag":[3671],"class_list":{"0":"post-328064","1":"product","2":"type-product","3":"status-publish","4":"has-post-thumbnail","6":"pwb-brand-crkt-pl","7":"product_cat-zamykanie-nozy","8":"product_cat-noze-pl","9":"product_tag-b2b-pl","11":"first","12":"outofstock","13":"sale","14":"taxable","15":"shipping-taxable","16":"purchasable","17":"product-type-simple"},"brands":[{"id":3458,"name":"CRKT","slug":"crkt-pl"}],"_links":{"self":[{"href":"https:\/\/www.moskito.cz\/pl\/wp-json\/wp\/v2\/product\/328064","targetHints":{"allow":["GET"]}}],"collection":[{"href":"https:\/\/www.moskito.cz\/pl\/wp-json\/wp\/v2\/product"}],"about":[{"href":"https:\/\/www.moskito.cz\/pl\/wp-json\/wp\/v2\/types\/product"}],"replies":[{"embeddable":true,"href":"https:\/\/www.moskito.cz\/pl\/wp-json\/wp\/v2\/comments?post=328064"}],"wp:featuredmedia":[{"embeddable":true,"href":"https:\/\/www.moskito.cz\/pl\/wp-json\/wp\/v2\/media\/328068"}],"wp:attachment":[{"href":"https:\/\/www.moskito.cz\/pl\/wp-json\/wp\/v2\/media?parent=328064"}],"wp:term":[{"taxonomy":"pwb-brand","embeddable":true,"href":"https:\/\/www.moskito.cz\/pl\/wp-json\/wp\/v2\/pwb-brand?post=328064"},{"taxonomy":"product_brand","embeddable":true,"href":"https:\/\/www.moskito.cz\/pl\/wp-json\/wp\/v2\/product_brand?post=328064"},{"taxonomy":"product_cat","embeddable":true,"href":"https:\/\/www.moskito.cz\/pl\/wp-json\/wp\/v2\/product_cat?post=328064"},{"taxonomy":"product_tag","embeddable":true,"href":"https:\/\/www.moskito.cz\/pl\/wp-json\/wp\/v2\/product_tag?post=328064"}],"curies":[{"name":"wp","href":"https:\/\/api.w.org\/{rel}","templated":true}]}}