{"id":328131,"date":"2021-10-17T19:07:32","date_gmt":"2024-04-08T14:48:50","guid":{"rendered":"https:\/\/www.moskito.cz\/produkt\/solidna-oslona-noza-sog-seal-pup-z-balistycznego-nylonu\/"},"modified":"2025-05-07T11:09:25","modified_gmt":"2025-05-07T10:09:25","slug":"solidna-oslona-noza-sog-seal-pup-z-balistycznego-nylonu","status":"publish","type":"product","link":"https:\/\/www.moskito.cz\/pl\/produkt\/solidna-oslona-noza-sog-seal-pup-z-balistycznego-nylonu\/","title":{"rendered":"Solidna os\u0142ona no\u017ca SOG SEAL PUP z balistycznego nylonu"},"content":{"rendered":"<p>Nasza historia zaczyna si\u0119 w Wietnamie, gdzie cz\u0142onkowie \u015bci\u015ble tajnych ameryka\u0144skich si\u0142 specjalnych \u2013 znanych jako MACV \u2013 <strong>SOG<\/strong> \u2013 podczas tajnych misji zabierali do d\u017cungli wyj\u0105tkowy tajny n\u00f3\u017c. Kilka lat p\u00f3\u017aniej, w 1986 roku, n\u00f3\u017c ten zainspirowa\u0142 m\u0142odego projektanta Spencera Frazera do za\u0142o\u017cenia no\u017cy specjalnych <strong>SOG<\/strong> . Jego misja: odtworzenie oryginalnego no\u017ca <strong>SOG<\/strong> Bowie i z\u0142o\u017cenie ho\u0142du jednostce operacji specjalnych, kt\u00f3ra go stworzy\u0142a. To, co zacz\u0119\u0142o si\u0119 jako pojedynczy model pami\u0105tkowy, szybko przekszta\u0142ci\u0142o si\u0119 w ca\u0142\u0105 lini\u0119 innowacyjnych narz\u0119dzi \u2013 sprawdzonych przez ameryka\u0144skie si\u0142y specjalne, a nawet nagrodzonych jako ulubiony n\u00f3\u017c Navy SEAL. Dzi\u015b no\u017ce SOG \u015bmia\u0142o mo\u017cna nosi\u0107 w najbardziej wymagaj\u0105cych sytuacjach. Wykute z tradycji, zatwardzia\u0142e w polu, z\u0142o\u017cone dla Ciebie.<\/p>\n<p>Niezale\u017cnie od tego, czy chronisz innych, prowadzisz epick\u0105 wypraw\u0119 my\u015bliwsk\u0105, stawiasz czo\u0142a codziennym wyzwaniom \u017cycia, czy te\u017c stawiasz czo\u0142a najbardziej ekstremalnym warunkom, jakie kiedykolwiek stworzy\u0142e\u015b, pokonaj <strong>SOG<\/strong> .<\/p>\n<p>Solidna os\u0142ona no\u017ca <strong>SOG<\/strong> SEAL PUP z balistycznego nylonu.<\/p>\n<p><strong>SEAL Pup<\/strong> posiada cz\u0119\u015bciowo z\u0105bkowane ostrze malowane proszkowo AUS-8, zapewniaj\u0105ce niski wsp\u00f3\u0142czynnik odbicia \u015bwiat\u0142a i odporno\u015b\u0107 na korozj\u0119. Lekka r\u0119koje\u015b\u0107 z nylonu wzmocnionego w\u0142\u00f3knem szklanym ma wypuk\u0142y wz\u00f3r w kszta\u0142cie rombu zapewniaj\u0105cy pewny chwyt.<\/p>\n<p><strong>Seal Pup<\/strong> jest przeznaczony dla tych, kt\u00f3rzy s\u0142u\u017c\u0105 i spe\u0142niaj\u0105 standardy lub dla os\u00f3b, kt\u00f3re potrzebuj\u0105 mocnego i niezawodnego no\u017ca ze sta\u0142ym ostrzem.<\/p>\n<p><strong>SEAL Pup<\/strong> ma rzesze fan\u00f3w na ca\u0142ym \u015bwiecie. Od najprostszej pracy po najbardziej wstrz\u0105saj\u0105c\u0105 prac\u0119, nieprzerwanie dostarcza\u0142a.<\/p>\n<p><strong>Funkcjonowa\u0107<\/strong><br \/>\nN\u00f3\u017c taktyczny ze sta\u0142ym ostrzem wykonany ze stali AUS-8, wytrzyma\u0142a i wygodna r\u0119koje\u015b\u0107 z nylonu wzmocnionego w\u0142\u00f3knem szklanym. W zestawie dwie opcje os\u0142ony.<\/p>\n<p><strong>AUS-8<\/strong><br \/>\nWysokiej jako\u015bci japo\u0144ska stal nierdzewna o dobrej r\u00f3wnowadze wytrzyma\u0142o\u015bci i wytrzyma\u0142o\u015bci, trzymania kraw\u0119dzi i odporno\u015bci na korozj\u0119.<\/p>\n<p><strong>UCHWYT GRN<\/strong><br \/>\nZ wypuk\u0142ym wzorem rombu zapewniaj\u0105cym pewny chwyt.<\/p>\n<p><strong>CZ\u0118\u015aCIOWO Z\u0104BOWANE Ostrze<\/strong><br \/>\nOferuje zalety prostych i z\u0105bkowanych kraw\u0119dzi w jednym ostrzu.<\/p>\n<p>D\u0141UGO\u015a\u0106 CA\u0141KOWITA: 22,5 cm<br \/>\nWAGA PRODUKTU: 5,40 uncji<br \/>\nD\u0141UGO\u015a\u0106 OSTRZA: 12 cm<br \/>\nTYP KRAW\u0118DZI: Cz\u0119\u015bciowo z\u0105bkowana<br \/>\nTYP OSTRZA: AUS-8<br \/>\nKSZTA\u0141T OSTRZA: Punkt zaciskowy<br \/>\nMATERIA\u0141 UCHWYTU: Nylon wzmocniony szk\u0142em<br \/>\nKOLOR UCHWYTU: Czarny<br \/>\nTWARDO\u015a\u0106: RC 57-58<br \/>\nPOKRYWA W ZESTAWIE: Tak<br \/>\nKOLOR ARKUSZY: Czarny<br \/>\nRODZAJ MOCOWANIA ARKUSZY: MOLLE<br \/>\nMATERIA\u0141 ARKUSZY: Nylon balistyczny<\/p>\n<p>SEAL Pup ma cz\u0119\u015bciowo z\u0105bkowane ostrze AUS-8 malowane proszkowo, co zapewnia niski wsp\u00f3\u0142czynnik odbicia i odporno\u015b\u0107 na korozj\u0119. Lekka, wzmocniona w\u0142\u00f3knem szklanym r\u0119koje\u015b\u0107 z nylonu ma wypuk\u0142y wz\u00f3r w kszta\u0142cie rombu zapewniaj\u0105cy pewny chwyt<\/p>\n<p>Stworzony dla tych, kt\u00f3rzy s\u0142u\u017c\u0105, Seal Pup spe\u0142nia r\u00f3wnie\u017c standardy lub ludzi, kt\u00f3rzy potrzebuj\u0105 mocnego, niezawodnego no\u017ca ze sta\u0142ym ostrzem.<\/p>\n<p>Szczeniak SEAL ma rzesz\u0119 fan\u00f3w na ca\u0142ym \u015bwiecie. Od najprostszego zadania po najbardziej wstrz\u0105saj\u0105ce \u2013 zawsze dostarcza\u0142 rezultaty.<\/p>\n<p>Cechy<br \/>\nN\u00f3\u017c taktyczny o sta\u0142ym ostrzu, wykonany ze stali AUS-8, z trwa\u0142\u0105 i wygodn\u0105 do trzymania r\u0119koje\u015bci\u0105 z nylonu wzmocnionego w\u0142\u00f3knem szklanym. W zestawie dwie os\u0142ony do wyboru.<\/p>\n<p>AUS-8<br \/>\nWysokiej jako\u015bci japo\u0144ska stal nierdzewna charakteryzuj\u0105ca si\u0119 dobr\u0105 r\u00f3wnowag\u0105 wytrzyma\u0142o\u015bci i wytrzyma\u0142o\u015bci, trzymania kraw\u0119dzi i odporno\u015bci na korozj\u0119.<\/p>\n<p>UCHWYT GRN<br \/>\nZ wypuk\u0142ym wzorem rombu zapewniaj\u0105cym pewny chwyt.<\/p>\n<p>CZ\u0118\u015aCIOWO Z\u0104BOWANE Ostrze<br \/>\nOferuje zalety prostych i z\u0105bkowanych kraw\u0119dzi w jednym ostrzu.<\/p>\n<p>CA\u0141KOWITA D\u0141UGO\u015a\u0106<br \/>\n9&#8243;<br \/>\nWAGA PRODUKTU<br \/>\n5,40 uncji<br \/>\nD\u0141UGO\u015a\u0106 OSTRZA<br \/>\n4,75&#8243;<br \/>\nGRUBO\u015a\u0106 OSTRZY<br \/>\n0,19&#8243;<br \/>\nUPC<br \/>\n7-29857-99476-7<br \/>\nINFORMACJA NSN<br \/>\n7340-01-527-7123<br \/>\nJEST W PRZEDSPRZEDA\u017bY<br \/>\nNA<br \/>\nDATA PRZEDSPRZEDA\u017bY<br \/>\nNA<br \/>\nPRODUKT RODZINNY<br \/>\nFoka Szczeniaka<br \/>\nRODZAJ PRODUKTU<br \/>\nNaprawiono ostrze<br \/>\nOTW\u00d3R NA SMYCZ<br \/>\nTak<br \/>\nSMYCZ W ZESTAWIE<br \/>\nTak<br \/>\nMATERIA\u0141 SMYKA<br \/>\nNylon<br \/>\nOPAKOWANIE<br \/>\nMo\u017cliwo\u015b\u0107 ustalenia pude\u0142ka<br \/>\nGRAWEROWALNE<br \/>\nTak<br \/>\nSKO\u0143CZY\u0106<br \/>\nMalowana proszkowo<br \/>\nTYP KRAW\u0118DZI<br \/>\nCz\u0119\u015bciowo z\u0105bkowany<br \/>\nTYP ostrzy ze stali<br \/>\nAUS-8<br \/>\nKSZTA\u0141T OSTRZA<br \/>\nPunkt klipu<br \/>\nTYP KR\u0118GOS\u0141A<br \/>\nProsty<br \/>\nMATERIA\u0141 UCHWYTU<br \/>\nNylon wzmocniony w\u0142\u00f3knem szklanym<br \/>\nKOLOR UCHWYTU<br \/>\nCzarny<br \/>\nTWARDO\u015a\u0106<br \/>\nRc. 57-58<br \/>\nPOCHWA W ZESTAWIE<br \/>\nTak<br \/>\nKOLOR POW\u0141OKI<br \/>\nCzarny<br \/>\nTYP MOCOWANIA POCHWY<br \/>\nMOLLE<br \/>\nTYP ZAMKNI\u0118CIA OS\u0141ONY<br \/>\nHaczyk i p\u0119tla<br \/>\nMATERIA\u0141 POW\u0141OKI<br \/>\nNylon balistyczny<\/p>\n","protected":false},"excerpt":{"rendered":"<p>Niezale\u017cnie od tego, czy chronisz innych, prowadzisz epick\u0105 wypraw\u0119 my\u015bliwsk\u0105, stawiasz czo\u0142a codziennym wyzwaniom \u017cycia, czy te\u017c stawiasz czo\u0142a najbardziej ekstremalnym warunkom, jakie kiedykolwiek stworzy\u0142e\u015b, pokonaj <strong>SOG<\/strong> .<\/p>\n<p><strong>Na wszystkie no\u017ce SOG udzielamy do\u017cywotniej gwarancji!<\/strong><\/p>\n","protected":false},"featured_media":328132,"comment_status":"open","ping_status":"closed","template":"","meta":[],"pwb-brand":[3606],"product_brand":[],"product_cat":[3296,3297],"product_tag":[3671],"class_list":{"0":"post-328131","1":"product","2":"type-product","3":"status-publish","4":"has-post-thumbnail","6":"pwb-brand-sog-pl","7":"product_cat-noze-pl","8":"product_cat-solidne-noze","9":"product_tag-b2b-pl","11":"first","12":"instock","13":"virtual","14":"taxable","15":"purchasable","16":"product-type-simple"},"brands":[{"id":3606,"name":"SOG","slug":"sog-pl"}],"_links":{"self":[{"href":"https:\/\/www.moskito.cz\/pl\/wp-json\/wp\/v2\/product\/328131","targetHints":{"allow":["GET"]}}],"collection":[{"href":"https:\/\/www.moskito.cz\/pl\/wp-json\/wp\/v2\/product"}],"about":[{"href":"https:\/\/www.moskito.cz\/pl\/wp-json\/wp\/v2\/types\/product"}],"replies":[{"embeddable":true,"href":"https:\/\/www.moskito.cz\/pl\/wp-json\/wp\/v2\/comments?post=328131"}],"wp:featuredmedia":[{"embeddable":true,"href":"https:\/\/www.moskito.cz\/pl\/wp-json\/wp\/v2\/media\/328132"}],"wp:attachment":[{"href":"https:\/\/www.moskito.cz\/pl\/wp-json\/wp\/v2\/media?parent=328131"}],"wp:term":[{"taxonomy":"pwb-brand","embeddable":true,"href":"https:\/\/www.moskito.cz\/pl\/wp-json\/wp\/v2\/pwb-brand?post=328131"},{"taxonomy":"product_brand","embeddable":true,"href":"https:\/\/www.moskito.cz\/pl\/wp-json\/wp\/v2\/product_brand?post=328131"},{"taxonomy":"product_cat","embeddable":true,"href":"https:\/\/www.moskito.cz\/pl\/wp-json\/wp\/v2\/product_cat?post=328131"},{"taxonomy":"product_tag","embeddable":true,"href":"https:\/\/www.moskito.cz\/pl\/wp-json\/wp\/v2\/product_tag?post=328131"}],"curies":[{"name":"wp","href":"https:\/\/api.w.org\/{rel}","templated":true}]}}