{"id":328179,"date":"2022-11-19T19:31:53","date_gmt":"2024-04-08T14:49:39","guid":{"rendered":"https:\/\/www.moskito.cz\/produkt\/dyrektor-generalny-crkt\/"},"modified":"2025-05-07T11:09:26","modified_gmt":"2025-05-07T10:09:26","slug":"dyrektor-generalny-crkt","status":"publish","type":"product","link":"https:\/\/www.moskito.cz\/pl\/produkt\/dyrektor-generalny-crkt\/","title":{"rendered":"Dyrektor generalny CRKT"},"content":{"rendered":"<p>Dyrektor generalny <strong>CRKT<\/strong> .<\/p>\n<p>N\u00f3\u017c ubrany na sukces.<\/p>\n<p>Na pierwszy rzut oka mo\u017cna go pomyli\u0107 z d\u0142ugopisem schowanym w kieszeni koszuli. I tak w\u0142a\u015bnie powsta\u0142 n\u00f3\u017c sk\u0142adany CEO. Dzi\u0119ki wyj\u0105tkowo niskiemu profilowi \u200b\u200bi brakowi naro\u017cnik\u00f3w kosztem u\u017cyteczno\u015bci i ergonomii, uciele\u015bnia ducha pracy w codziennym u\u017cytkowaniu.<br \/>\nNiezwykle niski profil i niewielka waga; wygodne do noszenia w przedniej kieszeni koszuli<br \/>\nWg\u0142\u0119biony sworze\u0144 kciukowy z systemem \u0142o\u017cysk kulkowych IKBS\u2122 zapewnia p\u0142ynne i szybkie mocowanie ostrza<br \/>\nWytrzyma\u0142e, nylonowe uchwyty wzmocnione w\u0142\u00f3knem szklanym s\u0105 lekkie i zapewniaj\u0105 doskona\u0142y chwyt.<\/p>\n<p>SPECYFIKACJE<br \/>\nD\u0142ugo\u015b\u0107 ostrza 3,11 cala (78,92 mm)<br \/>\nOstrze proste<br \/>\nOstrze ze stali 8Cr13MoV<br \/>\nObr\u00f3bka powierzchni ostrza Satyna<br \/>\nGrubo\u015b\u0107 ostrza 0,09 cala (2,18 mm)<br \/>\nD\u0142ugo\u015b\u0107 ca\u0142kowita 7,63 cala (193,68 mm)<br \/>\nD\u0142ugo\u015b\u0107 po zamkni\u0119ciu 4,45 cala (112,98 mm)<br \/>\nWaga 2,10 uncji (59,53 g)<br \/>\nR\u0119koje\u015b\u0107 Nylon wzmocniony szk\u0142em<br \/>\nStylowy n\u00f3\u017c sk\u0142adany z blokad\u0105 Liner Lock<\/p>\n","protected":false},"excerpt":{"rendered":"<p>Zaprojektowany przez Richarda Rogersa w Magdalenie w Nowym Meksyku.<\/p>\n","protected":false},"featured_media":328180,"comment_status":"open","ping_status":"closed","template":"","meta":[],"pwb-brand":[3458],"product_brand":[],"product_cat":[3296,3307],"product_tag":[3671],"class_list":{"0":"post-328179","1":"product","2":"type-product","3":"status-publish","4":"has-post-thumbnail","6":"pwb-brand-crkt-pl","7":"product_cat-noze-pl","8":"product_cat-zamykanie-nozy","9":"product_tag-b2b-pl","11":"first","12":"outofstock","13":"taxable","14":"shipping-taxable","15":"purchasable","16":"product-type-simple"},"brands":[{"id":3458,"name":"CRKT","slug":"crkt-pl"}],"_links":{"self":[{"href":"https:\/\/www.moskito.cz\/pl\/wp-json\/wp\/v2\/product\/328179","targetHints":{"allow":["GET"]}}],"collection":[{"href":"https:\/\/www.moskito.cz\/pl\/wp-json\/wp\/v2\/product"}],"about":[{"href":"https:\/\/www.moskito.cz\/pl\/wp-json\/wp\/v2\/types\/product"}],"replies":[{"embeddable":true,"href":"https:\/\/www.moskito.cz\/pl\/wp-json\/wp\/v2\/comments?post=328179"}],"wp:featuredmedia":[{"embeddable":true,"href":"https:\/\/www.moskito.cz\/pl\/wp-json\/wp\/v2\/media\/328180"}],"wp:attachment":[{"href":"https:\/\/www.moskito.cz\/pl\/wp-json\/wp\/v2\/media?parent=328179"}],"wp:term":[{"taxonomy":"pwb-brand","embeddable":true,"href":"https:\/\/www.moskito.cz\/pl\/wp-json\/wp\/v2\/pwb-brand?post=328179"},{"taxonomy":"product_brand","embeddable":true,"href":"https:\/\/www.moskito.cz\/pl\/wp-json\/wp\/v2\/product_brand?post=328179"},{"taxonomy":"product_cat","embeddable":true,"href":"https:\/\/www.moskito.cz\/pl\/wp-json\/wp\/v2\/product_cat?post=328179"},{"taxonomy":"product_tag","embeddable":true,"href":"https:\/\/www.moskito.cz\/pl\/wp-json\/wp\/v2\/product_tag?post=328179"}],"curies":[{"name":"wp","href":"https:\/\/api.w.org\/{rel}","templated":true}]}}