{"id":328228,"date":"2022-09-27T21:37:34","date_gmt":"2024-04-08T14:52:29","guid":{"rendered":"https:\/\/www.moskito.cz\/produkt\/naprawiono-noz-crkt-chanceinhell-k910kkp\/"},"modified":"2025-05-07T11:09:27","modified_gmt":"2025-05-07T10:09:27","slug":"naprawiono-noz-crkt-chanceinhell-k910kkp","status":"publish","type":"product","link":"https:\/\/www.moskito.cz\/pl\/produkt\/naprawiono-noz-crkt-chanceinhell-k910kkp\/","title":{"rendered":"Naprawiono n\u00f3\u017c CRKT CHANCEINHELL K910KKP"},"content":{"rendered":"<p>&nbsp;<\/p>\n<div class=\"flex-1 overflow-hidden @container\/thread\">\n<div class=\"h-full\">\n<div class=\"react-scroll-to-bottom--css-vxybp-79elbk h-full\">\n<div class=\"react-scroll-to-bottom--css-vxybp-1n7m0yu\">\n<div class=\"flex flex-col text-sm md:pb-9\">\n<article class=\"w-full scroll-mb-[var(--thread-trailing-height,150px)] text-token-text-primary focus-visible:outline-2 focus-visible:outline-offset-[-4px]\" dir=\"auto\" data-testid=\"conversation-turn-113\" data-scroll-anchor=\"true\">\n<div class=\"m-auto text-base py-[18px] px-3 md:px-4 w-full md:px-5 lg:px-4 xl:px-5\">\n<div class=\"mx-auto flex flex-1 gap-4 text-base md:gap-5 lg:gap-6 md:max-w-3xl\">\n<div class=\"group\/conversation-turn relative flex w-full min-w-0 flex-col agent-turn\">\n<div class=\"flex-col gap-1 md:gap-3\">\n<div class=\"flex max-w-full flex-col flex-grow\">\n<div class=\"min-h-8 text-message flex w-full flex-col items-end gap-2 whitespace-normal break-words text-start [.text-message+&amp;]:mt-5\" dir=\"auto\" data-message-author-role=\"assistant\" data-message-id=\"fd2a746f-053a-43ad-91d1-3415b9189814\" data-message-model-slug=\"gpt-4o-mini\">\n<div class=\"flex w-full flex-col gap-1 empty:hidden first:pt-[3px]\">\n<div class=\"markdown prose w-full break-words dark:prose-invert light\">\n<p><strong>N\u00f3\u017c o sta\u0142ym ostrzu CRKT Chanceinhell K910KKP<\/strong> to niezwykle wytrzyma\u0142a <strong>maczeta survivalowa<\/strong> , kt\u00f3ra \u0142\u0105czy w sobie <strong>wytrzyma\u0142o\u015b\u0107<\/strong> , <strong>wydajno\u015b\u0107<\/strong> i <strong>wszechstronno\u015b\u0107<\/strong> , dzi\u0119ki czemu jest idealnym narz\u0119dziem do pracy w trudnych warunkach. Zaprojektowany przez <strong>Kena Onion<\/strong> , uznanego producenta no\u017cy z <strong>Kaneohe na Hawajach<\/strong> , <strong>n\u00f3\u017c Chanceinhell\u2122<\/strong> przeznaczony jest do trudnych zada\u0144 i d\u0142ugotrwa\u0142ego u\u017cytkowania w ekstremalnych warunkach. Jest to n\u00f3\u017c, kt\u00f3ry mo\u017ce <strong>okaza\u0107 si\u0119 pomocny w przetrwaniu<\/strong> , <strong>r\u0105baniu drewna<\/strong> , <strong>pracach le\u015bnych<\/strong> i <strong>sytuacjach bojowych<\/strong> .  <\/p>\n<h3>G\u0142\u00f3wne cechy i korzy\u015bci:<\/h3>\n<ol>\n<li><strong>Mocne ostrze ze stali w\u0119glowej 65Mn<\/strong>\n<ul>\n<li>Ostrze wykonane jest ze <strong>stali w\u0119glowej 65Mn<\/strong> , materia\u0142u znanego ze swojej <strong>trwa\u0142o\u015bci<\/strong> i <strong>wysokiej twardo\u015bci<\/strong> . Ten rodzaj stali \u015bwietnie nadaje si\u0119 do <strong>r\u0105bania<\/strong> i <strong>\u015bcinania<\/strong> , a jednocze\u015bnie zapewnia <strong>dobre trzymanie ostrza<\/strong> . <\/li>\n<li><strong>Pow\u0142oka Powder Coat<\/strong> zapewnia ostrzu <strong>ochron\u0119 przed korozj\u0105<\/strong> i <strong>zwi\u0119ksza jego odporno\u015b\u0107<\/strong> na zarysowania i zu\u017cycie. Czarne wyko\u0144czenie idealnie nadaje si\u0119 do pracy w trudnych warunkach, np. <strong>w wilgotnym \u015brodowisku<\/strong> lub <strong>w lesie<\/strong> . <\/li>\n<\/ul>\n<\/li>\n<li><strong>Ergonomiczny uchwyt redukuj\u0105cy zm\u0119czenie d\u0142oni<\/strong>\n<ul>\n<li><strong>Uchwyt wykonany metod\u0105 podw\u00f3jnego wtrysku<\/strong> zaprojektowano tak, aby <strong>zminimalizowa\u0107 zm\u0119czenie d\u0142oni<\/strong> podczas d\u0142ugotrwa\u0142ego u\u017cytkowania. R\u0119koje\u015b\u0107 ma <strong>specjalny kszta\u0142t<\/strong> zapewniaj\u0105cy wygodny chwyt i <strong>lepsz\u0105 kontrol\u0119<\/strong> nad no\u017cem podczas pracy. <\/li>\n<li>Na r\u0119koje\u015bci znajduj\u0105 si\u0119 r\u00f3wnie\u017c <strong>otwory na link\u0119<\/strong> , dzi\u0119ki kt\u00f3rym mo\u017cesz <strong>dostosowa\u0107 chwyt do swoich potrzeb<\/strong> i przymocowa\u0107 link\u0119 <strong>paracord<\/strong> lub inn\u0105 link\u0119, co zapewni wi\u0119ksz\u0105 elastyczno\u015b\u0107 i bezpiecze\u0144stwo.<\/li>\n<\/ul>\n<\/li>\n<li><strong>D\u0142ugie ostrze do efektywnego siekania i roz\u0142upywania<\/strong>\n<ul>\n<li>Z <strong>ostrzem o d\u0142ugo\u015bci 12&#8243; (304,8 mm)<\/strong> <strong>Chanceinhell\u2122<\/strong> idealnie nadaje si\u0119 do <strong>\u015bcinania ga\u0142\u0119zi<\/strong> , <strong>\u015bcinania drzew<\/strong> lub <strong>roz\u0142upywania drewna<\/strong> . D\u0142ugie ostrze zapewnia <strong>wi\u0119ksz\u0105 moc<\/strong> podczas ci\u0119cia, co oznacza, \u017ce \u200b\u200bnarz\u0119dzie poradzi sobie z grubszymi ga\u0142\u0119ziami i ci\u0119\u017cszym materia\u0142em. <\/li>\n<\/ul>\n<\/li>\n<li><strong>Unikalna obudowa z mo\u017cliwo\u015bci\u0105 regulacji po\u0142o\u017cenia<\/strong>\n<ul>\n<li><strong>Wzmocniona nylonowa obudowa<\/strong> jest niezwykle <strong>trwa\u0142a<\/strong> i umo\u017cliwia <strong>praktyczne transportowanie<\/strong> . Etui zosta\u0142o wyposa\u017cone w <strong>uniwersalny system rzep\u00f3w<\/strong> , kt\u00f3ry umo\u017cliwia <strong>noszenie go na dwa sposoby<\/strong> : w pozycji <strong>wisz\u0105cej<\/strong> lub <strong>przymocowanej do paska<\/strong> . <\/li>\n<li>Dodatkowa <strong>zawieszka z linki paracord<\/strong> przymocowana do pokrowca umo\u017cliwia <strong>przymocowanie go do plecaka<\/strong> lub <strong>kamizelki taktycznej<\/strong> .<\/li>\n<\/ul>\n<\/li>\n<li><strong>Uniwersalne i trwa\u0142e narz\u0119dzie<\/strong>\n<ul>\n<li>Ten <strong>n\u00f3\u017c survivalowy<\/strong> idealnie nadaje si\u0119 do <strong>ci\u0119\u017ckich prac w terenie<\/strong> i <strong>aktywno\u015bci na \u015bwie\u017cym powietrzu<\/strong> . Jest to pot\u0119\u017cne narz\u0119dzie do <strong>przetrwania<\/strong> , <strong>biwakowania<\/strong> i <strong>zastosowa\u0144 taktycznych<\/strong> , gdzie <strong>mocna bro\u0144<\/strong> jest potrzebna do <strong>r\u00f3\u017cnych zada\u0144,<\/strong> takich jak <strong>koszenie trawy<\/strong> czy <strong>obr\u00f3bka drewna<\/strong> . <\/li>\n<\/ul>\n<\/li>\n<\/ol>\n<h3>Dane techniczne:<\/h3>\n<ul>\n<li><strong>D\u0142ugo\u015b\u0107 ostrza<\/strong> : 12,00&#8243; (304,80 mm)<\/li>\n<li><strong>Ostrze ostrza<\/strong> : g\u0142adkie<\/li>\n<li><strong>Stal ostrza<\/strong> : stal w\u0119glowa 65Mn<\/li>\n<li><strong>Wyko\u0144czenie ostrza<\/strong> : Pow\u0142oka proszkowa<\/li>\n<li><strong>Grubo\u015b\u0107 ostrza<\/strong> : 0,10&#8243; (2,54 mm)<\/li>\n<li><strong>D\u0142ugo\u015b\u0107 ca\u0142kowita<\/strong> : 17,88&#8243; (454,15 mm)<\/li>\n<li><strong>Waga<\/strong> : 1,25 funta (0,57 kg)<\/li>\n<li><strong>Uchwyt<\/strong> : Nylon wzmocniony w\u0142\u00f3knem szklanym z pow\u0142ok\u0105 gumow\u0105<\/li>\n<li><strong>Styl<\/strong> : N\u00f3\u017c z ostrzem sta\u0142ym i pochw\u0105<\/li>\n<li><strong>Materia\u0142 pow\u0142oki<\/strong> : tkany nylon<\/li>\n<li><strong>Waga skorupy<\/strong> : 6,10 uncji (172,93 g)<\/li>\n<\/ul>\n<h3>Opcje u\u017cycia:<\/h3>\n<ol>\n<li><strong>Przetrwanie i biwakowanie<\/strong><br \/>\n N\u00f3\u017c ten przeznaczony jest do <strong>pracy na zewn\u0105trz<\/strong> i idealnie sprawdza si\u0119 podczas <strong>przetrwania<\/strong> w trudnych warunkach. Pomo\u017ce ci w <strong>\u015bcinaniu drewna<\/strong> , <strong>roz\u0142upywaniu ga\u0142\u0119zi<\/strong> i <strong>rozbijaniu obozu<\/strong> . <\/li>\n<li><strong>Prace le\u015bne i zaj\u0119cia na \u015bwie\u017cym powietrzu<\/strong><br \/>\n Dzi\u0119ki <strong>mocnemu ostrzu<\/strong> i <strong>du\u017cej d\u0142ugo\u015bci<\/strong> doskonale nadaje si\u0119 do <strong>prac le\u015bnych<\/strong> . Niezale\u017cnie od tego, czy musisz <strong>przyci\u0105\u0107 ga\u0142\u0119zie<\/strong> , <strong>poci\u0105\u0107 drewno<\/strong> , czy <strong>przebi\u0107 si\u0119 przez g\u0119st\u0105 ro\u015blinno\u015b\u0107<\/strong> , Chanceinhell\u2122 oka\u017ce si\u0119 \u015bwietnym pomocnikiem. <\/li>\n<li><strong>U\u017cycie taktyczne<\/strong><br \/>\n W <strong>sytuacjach awaryjnych lub kryzysowych<\/strong> n\u00f3\u017c ten mo\u017ce okaza\u0107 si\u0119 doskona\u0142ym narz\u0119dziem <strong>do samoobrony<\/strong> . Dzi\u0119ki <strong>masywnemu ostrzu<\/strong> i <strong>ergonomicznej konstrukcji<\/strong> jest gotowe na ka\u017cde zadanie. <\/li>\n<li><strong>Codzienne u\u017cytkowanie<\/strong><br \/>\n Je\u015bli szukasz no\u017ca do <strong>trudniejszych zada\u0144 domowych lub na zewn\u0105trz<\/strong> , Chanceinhell\u2122 to solidny wyb\u00f3r do <strong>r\u00f3\u017cnych prac zwi\u0105zanych z ci\u0119ciem<\/strong> . Jego <strong>trwa\u0142o\u015b\u0107<\/strong> i <strong>wszechstronno\u015b\u0107<\/strong> sprawiaj\u0105, \u017ce idealnie nadaje si\u0119 do <strong>obr\u00f3bki drewna<\/strong> i <strong>piel\u0119gnacji ogrodu<\/strong> . <\/li>\n<\/ol>\n<h3>Streszczenie:<\/h3>\n<p><strong>CRKT Chanceinhell K910KKP<\/strong> to <strong>wysokiej jako\u015bci n\u00f3\u017c survivalowy<\/strong> , kt\u00f3ry idealnie nadaje si\u0119 do <strong>ci\u0119cia<\/strong> , <strong>roz\u0142upywania<\/strong> i <strong>ci\u0119\u017ckich prac<\/strong> na \u015bwie\u017cym powietrzu. Dzi\u0119ki <strong>wytrzyma\u0142emu ostrzu ze stali w\u0119glowej<\/strong> , <strong>ergonomicznej r\u0119koje\u015bci<\/strong> i <strong>praktycznej pochwie<\/strong> jest to idealne narz\u0119dzie dla ka\u017cdego, kto szuka <strong>mocnego i niezawodnego narz\u0119dzia survivalowego<\/strong> . Jego <strong>wszechstronno\u015b\u0107<\/strong> i <strong>wydajno\u015b\u0107<\/strong> czyni\u0105 go idealnym towarzyszem podczas <strong>przetrwania<\/strong> , <strong>biwakowania<\/strong> lub <strong>prac le\u015bnych<\/strong> .  <\/p>\n<\/div>\n<\/div>\n<\/div>\n<\/div>\n<\/div>\n<div class=\"absolute\">\n<div class=\"flex items-center justify-center\"><\/div>\n<\/div>\n<\/div>\n<\/div>\n<\/div>\n<\/article>\n<\/div>\n<\/div>\n<\/div>\n<\/div>\n<\/div>\n<div class=\"md:pt-0 dark:border-white\/20 md:border-transparent md:dark:border-transparent w-full\">\n<div>\n<div class=\"m-auto text-base px-3 md:px-4 w-full md:px-5 lg:px-4 xl:px-5\">\n<div class=\"mx-auto flex flex-1 gap-4 text-base md:gap-5 lg:gap-6 md:max-w-3xl\">\n<div class=\"flex justify-center\"><\/div>\n<\/div>\n<\/div>\n<\/div>\n<\/div>\n<p><iframe title=\"CRKT Chanceinhell Machete | by Ken Onion\" width=\"800\" height=\"450\" src=\"https:\/\/www.youtube.com\/embed\/n0ZQvCS_4z4?feature=oembed\" frameborder=\"0\" allow=\"accelerometer; autoplay; clipboard-write; encrypted-media; gyroscope; picture-in-picture; web-share\" referrerpolicy=\"strict-origin-when-cross-origin\" allowfullscreen><\/iframe><\/p>\n<p>&nbsp;<\/p>\n<p>&nbsp;<\/p>\n","protected":false},"excerpt":{"rendered":"<p><strong>CRKT Chanceinhell K910KKP to wysokiej jako\u015bci n\u00f3\u017c survivalowy, kt\u00f3ry idealnie nadaje si\u0119 do ci\u0119cia, roz\u0142upywania i ci\u0119\u017ckich prac na \u015bwie\u017cym powietrzu. Dzi\u0119ki wytrzyma\u0142emu ostrzu ze stali w\u0119glowej, ergonomicznej r\u0119koje\u015bci i praktycznej pochwie jest to idealne narz\u0119dzie dla ka\u017cdego, kto szuka mocnego i niezawodnego narz\u0119dzia survivalowego. Jego wszechstronno\u015b\u0107 i wydajno\u015b\u0107 czyni\u0105 go idealnym towarzyszem podczas przetrwania, biwakowania lub prac le\u015bnych.  <\/strong><\/p>\n","protected":false},"featured_media":328229,"comment_status":"open","ping_status":"closed","template":"","meta":[],"pwb-brand":[3458],"product_brand":[],"product_cat":[3296,3297],"product_tag":[3671],"class_list":{"0":"post-328228","1":"product","2":"type-product","3":"status-publish","4":"has-post-thumbnail","6":"pwb-brand-crkt-pl","7":"product_cat-noze-pl","8":"product_cat-solidne-noze","9":"product_tag-b2b-pl","11":"first","12":"instock","13":"taxable","14":"shipping-taxable","15":"purchasable","16":"product-type-simple"},"brands":[{"id":3458,"name":"CRKT","slug":"crkt-pl"}],"_links":{"self":[{"href":"https:\/\/www.moskito.cz\/pl\/wp-json\/wp\/v2\/product\/328228","targetHints":{"allow":["GET"]}}],"collection":[{"href":"https:\/\/www.moskito.cz\/pl\/wp-json\/wp\/v2\/product"}],"about":[{"href":"https:\/\/www.moskito.cz\/pl\/wp-json\/wp\/v2\/types\/product"}],"replies":[{"embeddable":true,"href":"https:\/\/www.moskito.cz\/pl\/wp-json\/wp\/v2\/comments?post=328228"}],"wp:featuredmedia":[{"embeddable":true,"href":"https:\/\/www.moskito.cz\/pl\/wp-json\/wp\/v2\/media\/328229"}],"wp:attachment":[{"href":"https:\/\/www.moskito.cz\/pl\/wp-json\/wp\/v2\/media?parent=328228"}],"wp:term":[{"taxonomy":"pwb-brand","embeddable":true,"href":"https:\/\/www.moskito.cz\/pl\/wp-json\/wp\/v2\/pwb-brand?post=328228"},{"taxonomy":"product_brand","embeddable":true,"href":"https:\/\/www.moskito.cz\/pl\/wp-json\/wp\/v2\/product_brand?post=328228"},{"taxonomy":"product_cat","embeddable":true,"href":"https:\/\/www.moskito.cz\/pl\/wp-json\/wp\/v2\/product_cat?post=328228"},{"taxonomy":"product_tag","embeddable":true,"href":"https:\/\/www.moskito.cz\/pl\/wp-json\/wp\/v2\/product_tag?post=328228"}],"curies":[{"name":"wp","href":"https:\/\/api.w.org\/{rel}","templated":true}]}}