{"id":328254,"date":"2023-01-10T21:47:26","date_gmt":"2024-04-08T14:54:21","guid":{"rendered":"https:\/\/www.moskito.cz\/produkt\/topor-crkt-freya-2749\/"},"modified":"2025-05-07T11:09:27","modified_gmt":"2025-05-07T10:09:27","slug":"topor-crkt-freya-2749","status":"publish","type":"product","link":"https:\/\/www.moskito.cz\/pl\/produkt\/topor-crkt-freya-2749\/","title":{"rendered":"Top\u00f3r CRKT FREYA 2749"},"content":{"rendered":"<p>Top\u00f3r <strong>CRKT<\/strong> FREYA 2749<\/p>\n<p>Staro\u017cytna konstrukcja morska zbudowana z my\u015bl\u0105 o lesie.<\/p>\n<p>Ponad tysi\u0105c lat temu nordycki projektant broni stworzy\u0142 top\u00f3r Wiking\u00f3w. Od tego czasu forma ta pozostaje rozpoznawalna iw du\u017cej mierze niezmieniona. Z dobrego powodu. Top\u00f3r u\u017cytkowy Freya\u2122 \/fray-uh\/ w stylu wiking\u00f3w to pot\u0119\u017cny top\u00f3r do codziennego u\u017cytku, kt\u00f3ry nawi\u0105zuje do staro\u017cytnych korzeni projektowych i \u015bwietnie sprawdza si\u0119 na \u015bwie\u017cym powietrzu.<br \/>\nKuta wytrzyma\u0142o\u015b\u0107: stal w\u0119glowa 1055 zapewnia trwa\u0142o\u015b\u0107 i zachowanie kraw\u0119dzi<br \/>\nLepsza ochrona: Pow\u0142oka fosforanu manganu poprawia odporno\u015b\u0107 na korozj\u0119<br \/>\nTrwa\u0142o\u015b\u0107: hikora Tennessee to g\u0119sty materia\u0142, kt\u00f3ry wytrzymuje intensywne u\u017cytkowanie<br \/>\nNarz\u0119dzie wielofunkcyjne: z \u0142atwo\u015bci\u0105 roz\u0142upuj drewno lub wbijaj m\u0142otkiem paliki namiotowe<\/p>\n<p>SPECYFIKACJE<br \/>\nD\u0142ugo\u015b\u0107 ostrza 3,46 cala (87,88 mm)<br \/>\nOstrze proste<br \/>\nOstrze ze stali Stal w\u0119glowa S55C, stal w\u0119glowa 1055<br \/>\nObr\u00f3bka powierzchni ostrza Pow\u0142oka na bazie fosforanu manganu<br \/>\nGrubo\u015b\u0107 ostrza 1,25 cala (31,78 mm)<br \/>\nWaga 1,93 funta (0,87 kg)<br \/>\nR\u0119koje\u015b\u0107 z drewna hikorowego Tennessee<br \/>\nStyl siekiery<\/p>\n<p><iframe title=\"CRKT FREYA\u2122 | Elmer Roush Design\" width=\"800\" height=\"450\" src=\"https:\/\/www.youtube.com\/embed\/mYqLLaAK9jM?feature=oembed\" frameborder=\"0\" allow=\"accelerometer; autoplay; clipboard-write; encrypted-media; gyroscope; picture-in-picture; web-share\" referrerpolicy=\"strict-origin-when-cross-origin\" allowfullscreen><\/iframe><\/p>\n<p>&nbsp;<\/p>\n","protected":false},"excerpt":{"rendered":"<p>Zaprojektowany przez Elmera Rousha w Brasstown w P\u00f3\u0142nocnej Karolinie.<\/p>\n","protected":false},"featured_media":328255,"comment_status":"open","ping_status":"closed","template":"","meta":[],"pwb-brand":[3458],"product_brand":[],"product_cat":[3284],"product_tag":[3671],"class_list":{"0":"post-328254","1":"product","2":"type-product","3":"status-publish","4":"has-post-thumbnail","6":"pwb-brand-crkt-pl","7":"product_cat-osie","8":"product_tag-b2b-pl","10":"first","11":"instock","12":"taxable","13":"shipping-taxable","14":"purchasable","15":"product-type-simple"},"brands":[{"id":3458,"name":"CRKT","slug":"crkt-pl"}],"_links":{"self":[{"href":"https:\/\/www.moskito.cz\/pl\/wp-json\/wp\/v2\/product\/328254","targetHints":{"allow":["GET"]}}],"collection":[{"href":"https:\/\/www.moskito.cz\/pl\/wp-json\/wp\/v2\/product"}],"about":[{"href":"https:\/\/www.moskito.cz\/pl\/wp-json\/wp\/v2\/types\/product"}],"replies":[{"embeddable":true,"href":"https:\/\/www.moskito.cz\/pl\/wp-json\/wp\/v2\/comments?post=328254"}],"wp:featuredmedia":[{"embeddable":true,"href":"https:\/\/www.moskito.cz\/pl\/wp-json\/wp\/v2\/media\/328255"}],"wp:attachment":[{"href":"https:\/\/www.moskito.cz\/pl\/wp-json\/wp\/v2\/media?parent=328254"}],"wp:term":[{"taxonomy":"pwb-brand","embeddable":true,"href":"https:\/\/www.moskito.cz\/pl\/wp-json\/wp\/v2\/pwb-brand?post=328254"},{"taxonomy":"product_brand","embeddable":true,"href":"https:\/\/www.moskito.cz\/pl\/wp-json\/wp\/v2\/product_brand?post=328254"},{"taxonomy":"product_cat","embeddable":true,"href":"https:\/\/www.moskito.cz\/pl\/wp-json\/wp\/v2\/product_cat?post=328254"},{"taxonomy":"product_tag","embeddable":true,"href":"https:\/\/www.moskito.cz\/pl\/wp-json\/wp\/v2\/product_tag?post=328254"}],"curies":[{"name":"wp","href":"https:\/\/api.w.org\/{rel}","templated":true}]}}