{"id":328275,"date":"2023-09-28T09:49:45","date_gmt":"2024-04-08T14:54:44","guid":{"rendered":"https:\/\/www.moskito.cz\/produkt\/mata-crkt-chogan-2738\/"},"modified":"2025-05-07T11:09:28","modified_gmt":"2025-05-07T10:09:28","slug":"mata-crkt-chogan-2738","status":"publish","type":"product","link":"https:\/\/www.moskito.cz\/pl\/produkt\/mata-crkt-chogan-2738\/","title":{"rendered":"Mata CRKT Chogan 2738"},"content":{"rendered":"<p>Mata <strong>CRKT<\/strong> Chogan 2738<\/p>\n<p>To ponadczasowe narz\u0119dzie jest gotowe na nowe przygody.<\/p>\n<p>Z okop\u00f3w I wojny \u015bwiatowej pochodzi Chogan\u2122 Mattock, narz\u0119dzie zaprojektowane z my\u015bl\u0105 o przeno\u015bno\u015bci. Oparta na powszechnym narz\u0119dziu do kopania u\u017cywanym przez brytyjsk\u0105 piechot\u0119, g\u0142owic\u0119 mo\u017cna zdj\u0105\u0107 z r\u0119koje\u015bci, co pozwala na kompaktowe przechowywanie w poje\u017adzie, plecaku lub szopie na narz\u0119dzia. Co wi\u0119cej, ten sam uchwyt jest kompatybilny z g\u0142owic\u0105 tomahawk w Chogan\u2122 T-Hawk, co daje mo\u017cliwo\u015b\u0107 kontrolowania dw\u00f3ch narz\u0119dzi za pomoc\u0105 jednego uchwytu, co zapewnia dodatkow\u0105 wszechstronno\u015b\u0107 i redundancj\u0119.<\/p>\n<p>Kuta wytrzyma\u0142o\u015b\u0107: stal w\u0119glowa 1055 zapewnia trwa\u0142o\u015b\u0107 i zachowanie kraw\u0119dzi<br \/>\nLepsza ochrona: Czarna pow\u0142oka poprawia odporno\u015b\u0107 na korozj\u0119<\/p>\n<p>Szczeg\u00f3\u0142y ostrza:<\/p>\n<p>Ostrze wykonane ze stali w\u0119glowej 1055<br \/>\nOstrze topora z ko\u0144c\u00f3wk\u0105<br \/>\nObr\u00f3bka powierzchni ostrza Pow\u0142oka antykorozyjna<\/p>\n<p>D\u0142ugo\u015b\u0107 ostrza: 5,425 cm<br \/>\nGrubo\u015b\u0107 ostrza: 0,214 cm<br \/>\nD\u0142ugo\u015b\u0107 ca\u0142kowita: 48,26 cm<br \/>\nWaga: 1,05 kg<\/p>\n<p>&nbsp;<\/p>\n","protected":false},"excerpt":{"rendered":"<p><strong>ProjektantRyan JohnsonChattanooga, Tennessee.<\/strong><\/p>\n<p><strong>Drewna w kominku w domu Johnson\u00f3w nigdy nie brakuje. To dlatego, \u017ce przez lata w RMJ Taktyczne Ryan budowa\u0142 jedne z najlepszych niestandardowych tomahawk\u00f3w, jakie kiedykolwiek widzia\u0142 ten kraj. Stosuj\u0105c nowoczesn\u0105 in\u017cynieri\u0119 do wielowiekowych koncepcji narz\u0119dzi i broni, na nowo zdefiniowa\u0142 rol\u0119 tomahawk\u00f3w w zastosowaniach wojskowych organ\u00f3w \u015bcigania i si\u0142 specjalnych.<\/strong><\/p>\n<p>&nbsp;<\/p>\n","protected":false},"featured_media":328276,"comment_status":"open","ping_status":"closed","template":"","meta":[],"pwb-brand":[3458],"product_brand":[],"product_cat":[3284],"product_tag":[3671],"class_list":{"0":"post-328275","1":"product","2":"type-product","3":"status-publish","4":"has-post-thumbnail","6":"pwb-brand-crkt-pl","7":"product_cat-osie","8":"product_tag-b2b-pl","10":"first","11":"outofstock","12":"taxable","13":"shipping-taxable","14":"purchasable","15":"product-type-simple"},"brands":[{"id":3458,"name":"CRKT","slug":"crkt-pl"}],"_links":{"self":[{"href":"https:\/\/www.moskito.cz\/pl\/wp-json\/wp\/v2\/product\/328275","targetHints":{"allow":["GET"]}}],"collection":[{"href":"https:\/\/www.moskito.cz\/pl\/wp-json\/wp\/v2\/product"}],"about":[{"href":"https:\/\/www.moskito.cz\/pl\/wp-json\/wp\/v2\/types\/product"}],"replies":[{"embeddable":true,"href":"https:\/\/www.moskito.cz\/pl\/wp-json\/wp\/v2\/comments?post=328275"}],"wp:featuredmedia":[{"embeddable":true,"href":"https:\/\/www.moskito.cz\/pl\/wp-json\/wp\/v2\/media\/328276"}],"wp:attachment":[{"href":"https:\/\/www.moskito.cz\/pl\/wp-json\/wp\/v2\/media?parent=328275"}],"wp:term":[{"taxonomy":"pwb-brand","embeddable":true,"href":"https:\/\/www.moskito.cz\/pl\/wp-json\/wp\/v2\/pwb-brand?post=328275"},{"taxonomy":"product_brand","embeddable":true,"href":"https:\/\/www.moskito.cz\/pl\/wp-json\/wp\/v2\/product_brand?post=328275"},{"taxonomy":"product_cat","embeddable":true,"href":"https:\/\/www.moskito.cz\/pl\/wp-json\/wp\/v2\/product_cat?post=328275"},{"taxonomy":"product_tag","embeddable":true,"href":"https:\/\/www.moskito.cz\/pl\/wp-json\/wp\/v2\/product_tag?post=328275"}],"curies":[{"name":"wp","href":"https:\/\/api.w.org\/{rel}","templated":true}]}}