{"id":328390,"date":"2022-04-24T20:19:11","date_gmt":"2024-04-09T08:41:47","guid":{"rendered":"https:\/\/www.moskito.cz\/produkt\/noz-strzelecki-sog-tac-au-compact-tanto\/"},"modified":"2025-05-07T11:09:30","modified_gmt":"2025-05-07T10:09:30","slug":"noz-strzelecki-sog-tac-au-compact-tanto","status":"publish","type":"product","link":"https:\/\/www.moskito.cz\/pl\/produkt\/noz-strzelecki-sog-tac-au-compact-tanto\/","title":{"rendered":"N\u00f3\u017c strzelecki SOG TAC AU COMPACT TANTO"},"content":{"rendered":"<p>N\u00f3\u017c strzelecki <strong>SOG<\/strong> TAC AU COMPACT TANTO.<\/p>\n<p>Dzi\u0119ki teksturowanej aluminiowej r\u0119koje\u015bci i ostrzu CRYO D2, SOG-TAC AU to szybko otwieraj\u0105cy si\u0119 n\u00f3\u017c sk\u0142adany, kt\u00f3ry wskakuje do akcji dowoln\u0105 r\u0119k\u0105 i pozostaje otwarty z wyj\u0105tkow\u0105 si\u0142\u0105 blokowania dzi\u0119ki zaawansowanemu blokadzie AU-XR firmy SOG. Wyprodukowane w Ameryce ostrze strzeleckie to muskularny pomocnik i narz\u0119dzie zapasowe dla wojska, os\u00f3b udzielaj\u0105cych pierwszej pomocy i u\u017cytkownik\u00f3w lotniskowc\u00f3w defensywnych, kt\u00f3rzy doceni\u0105 niezawodn\u0105 funkcj\u0119 bezpiecze\u0144stwa Double-Action.<\/p>\n<p>DLA BEZPIECZE\u0143STWA ZA JEDNYM POCI\u0104GNI\u0118CIEM<br \/>\nInnowacyjna blokada ostrza, kt\u00f3ra umo\u017cliwia przej\u015bcie od bezpiecznego do otwartego jednym poci\u0105gni\u0119ciem, dzi\u0119ki SOG Double-Action Safety.<\/p>\n<p>STAL KRYO D2<br \/>\nWszechstronna, wysokow\u0119glowa stal narz\u0119dziowa, poddana obr\u00f3bce kriogenicznej cieplnie zgodnie z unikalnymi specyfikacjami SOG. D2 zapewnia idealne po\u0142\u0105czenie zachowania kraw\u0119dzi i trwa\u0142o\u015bci przy d\u0142ugotrwa\u0142ym u\u017cytkowaniu i \u0142atwej konserwacji.<\/p>\n<p>UCHWYTY Z MIKROTEXTURY<br \/>\nAluminiowy chwyt SOG-TAC AU ma obrobion\u0105 mikrotekstur\u0105 powierzchni\u0119, kt\u00f3ra zapewnia odpowiedni poziom chwytu \u2013 we wszystkich w\u0142a\u015bciwych miejscach \u2013 bez zu\u017cycia d\u0142oni lub kieszeni.<\/p>\n<p>BEZPIECZE\u0143STWO PODW\u00d3JNEGO DZIA\u0141ANIA<br \/>\nZintegrowane w jednym interfejsie zabezpieczenie o podw\u00f3jnym dzia\u0142aniu zapobiega przypadkowemu wysuni\u0119ciu ostrza, zapewniaj\u0105c jednocze\u015bnie pewne i sp\u00f3jne otwieranie na \u017c\u0105danie.<\/p>\n<p>Projekt ambidexterowy<br \/>\nWymienny zaczep na pasek i zamek AU-XR umo\u017cliwiaj\u0105 obs\u0142ug\u0119 zar\u00f3wno osobom prawo-, jak i lewor\u0119cznym.<\/p>\n<p>PARAMETRY PRODUKTU:<\/p>\n<p>Czarny kolor<br \/>\nSTAL: CRYO D2<br \/>\nWAGA: 8,8 g<br \/>\nD\u0141UGO\u015a\u0106 OSTRZA: 7,5 cm<br \/>\nGRUBO\u015a\u0106 OSTRZA: 2,8 mm<br \/>\nROZMIAR CA\u0141KOWITY: 17,8 cm<br \/>\nMATERIA\u0141 UCHWYTU . AL 6061 T6<br \/>\nD\u0141UGO\u015a\u0106 UCHWYTU: 10,3 CM<\/p>\n<p><iframe title=\"SOG-TAC AU Automatic Folding Knife\" width=\"800\" height=\"450\" src=\"https:\/\/www.youtube.com\/embed\/QbInOoD89k0?feature=oembed\" frameborder=\"0\" allow=\"accelerometer; autoplay; clipboard-write; encrypted-media; gyroscope; picture-in-picture; web-share\" referrerpolicy=\"strict-origin-when-cross-origin\" allowfullscreen><\/iframe><\/p>\n<p>&nbsp;<\/p>\n","protected":false},"excerpt":{"rendered":"<p>Niezale\u017cnie od tego, czy chronisz innych, prowadzisz epick\u0105 wypraw\u0119 my\u015bliwsk\u0105, stawiasz czo\u0142a codziennym wyzwaniom \u017cycia, czy te\u017c stawiasz czo\u0142a najbardziej ekstremalnym warunkom, jakie kiedykolwiek stworzy\u0142e\u015b, pokonaj <strong>SOG<\/strong> .<\/p>\n<p><strong>Na wszystkie no\u017ce SOG udzielamy do\u017cywotniej gwarancji!<\/strong><\/p>\n","protected":false},"featured_media":328400,"comment_status":"open","ping_status":"closed","template":"","meta":[],"pwb-brand":[3606],"product_brand":[],"product_cat":[3296,3344],"product_tag":[3671],"class_list":{"0":"post-328390","1":"product","2":"type-product","3":"status-publish","4":"has-post-thumbnail","6":"pwb-brand-sog-pl","7":"product_cat-noze-pl","8":"product_cat-noze-strzeleckie","9":"product_tag-b2b-pl","11":"first","12":"instock","13":"taxable","14":"shipping-taxable","15":"purchasable","16":"product-type-simple"},"brands":[{"id":3606,"name":"SOG","slug":"sog-pl"}],"_links":{"self":[{"href":"https:\/\/www.moskito.cz\/pl\/wp-json\/wp\/v2\/product\/328390","targetHints":{"allow":["GET"]}}],"collection":[{"href":"https:\/\/www.moskito.cz\/pl\/wp-json\/wp\/v2\/product"}],"about":[{"href":"https:\/\/www.moskito.cz\/pl\/wp-json\/wp\/v2\/types\/product"}],"replies":[{"embeddable":true,"href":"https:\/\/www.moskito.cz\/pl\/wp-json\/wp\/v2\/comments?post=328390"}],"wp:featuredmedia":[{"embeddable":true,"href":"https:\/\/www.moskito.cz\/pl\/wp-json\/wp\/v2\/media\/328400"}],"wp:attachment":[{"href":"https:\/\/www.moskito.cz\/pl\/wp-json\/wp\/v2\/media?parent=328390"}],"wp:term":[{"taxonomy":"pwb-brand","embeddable":true,"href":"https:\/\/www.moskito.cz\/pl\/wp-json\/wp\/v2\/pwb-brand?post=328390"},{"taxonomy":"product_brand","embeddable":true,"href":"https:\/\/www.moskito.cz\/pl\/wp-json\/wp\/v2\/product_brand?post=328390"},{"taxonomy":"product_cat","embeddable":true,"href":"https:\/\/www.moskito.cz\/pl\/wp-json\/wp\/v2\/product_cat?post=328390"},{"taxonomy":"product_tag","embeddable":true,"href":"https:\/\/www.moskito.cz\/pl\/wp-json\/wp\/v2\/product_tag?post=328390"}],"curies":[{"name":"wp","href":"https:\/\/api.w.org\/{rel}","templated":true}]}}