{"id":328407,"date":"2022-04-11T21:36:52","date_gmt":"2024-04-09T12:59:27","guid":{"rendered":"https:\/\/www.moskito.cz\/produkt\/maly-noz-skladany-boker-magnum-wloski-klasyczny-01ll110\/"},"modified":"2025-05-07T11:09:31","modified_gmt":"2025-05-07T10:09:31","slug":"maly-noz-skladany-boker-magnum-wloski-klasyczny-01ll110","status":"publish","type":"product","link":"https:\/\/www.moskito.cz\/pl\/produkt\/maly-noz-skladany-boker-magnum-wloski-klasyczny-01ll110\/","title":{"rendered":"Ma\u0142y n\u00f3\u017c sk\u0142adany B\u00f6ker Magnum w\u0142oski klasyczny 01LL110"},"content":{"rendered":"<p>Ma\u0142y n\u00f3\u017c sk\u0142adany <strong>B\u00f6ker<\/strong> Magnum w\u0142oski klasyczny 01LL110<\/p>\n<p>Inspiracj\u0105 dla Magnum Italian Classic Small by\u0142 oczywi\u015bcie klasyczny w\u0142oski styl. M\u00f3wiono, \u017ce pierwsze w historii no\u017ce automatyczne cieszy\u0142y si\u0119 szczeg\u00f3ln\u0105 popularno\u015bci\u0105 w\u015br\u00f3d kobiet, poniewa\u017c inne scyzoryki trudno by\u0142o otworzy\u0107 przy dobrze wypiel\u0119gnowanych paznokciach. Mniejsza wersja udanego modelu posiada polerowane ostrze ze stali nierdzewnej 440A z eleganckim ricasso. Otwiera si\u0119 za pomoc\u0105 spr\u0119\u017cynowego flippera i niezawodnie blokuje si\u0119 za pomoc\u0105 stabilnego linerlocka. Szcz\u0119ki ze stali nierdzewnej i r\u0119koje\u015b\u0107 z palisandru podkre\u015blaj\u0105 tradycyjny charakter no\u017ca. Z klipsem (sk\u0142adany\/r).<\/p>\n<p>Typ artyku\u0142u: Scyzoryk<br \/>\nD\u0142ugo\u015b\u0107 ca\u0142kowita: 19,30 cm<br \/>\nD\u0142ugo\u015b\u0107 ostrza: 8,40 cm<br \/>\nGrubo\u015b\u0107 ostrza: 2,90 mm<br \/>\nWaga: 119,00 g<br \/>\nMateria\u0142 ostrza: 440A<br \/>\nMateria\u0142 r\u0119koje\u015bci: stal nierdzewna, palisander<\/p>\n<p>Inspiracj\u0105 dla Magnum Italian Classic Small by\u0142 niew\u0105tpliwie klasyczny w\u0142oski Stilletto. M\u00f3wi si\u0119, \u017ce pierwsze w historii no\u017ce automatyczne cieszy\u0142y si\u0119 ogromn\u0105 popularno\u015bci\u0105, zw\u0142aszcza w\u015br\u00f3d kobiet, gdy\u017c inne scyzoryki z zadbanymi paznokciami by\u0142y trudne do otwarcia. Mniejsza wersja udanego modelu wyposa\u017cona jest w polerowane ostrze wykonane ze stali nierdzewnej 440A z eleganckim ricasso. Jest wspomagany spr\u0119\u017cyn\u0105 przez flipper i niezawodnie blokowany przez stabiln\u0105 blokad\u0119 liner-lock. Bolstery wykonane ze stali nierdzewnej oraz skale r\u0119koje\u015bci wykonane z palisandru podkre\u015blaj\u0105 tradycyjny charakter no\u017ca. Z klipsem (przechylany\/r)<\/p>\n<p>Typ:<br \/>\nN\u00f3\u017c kieszonkowy<br \/>\nCa\u0142kowita d\u0142ugo\u015b\u0107:<br \/>\n19,30cm<br \/>\nD\u0142ugo\u015b\u0107 ostrza:<br \/>\n8,40cm<br \/>\nGrubo\u015b\u0107 ostrza:<br \/>\n2,90 mm<br \/>\nWaga:<br \/>\n119,00 g<br \/>\nMateria\u0142 ostrza:<br \/>\n440A<br \/>\nMateria\u0142 uchwytu:<br \/>\nDrzewo r\u00f3\u017cane, stal nierdzewna<br \/>\notwieracz:<br \/>\nPinball<br \/>\nOtwarcie:<br \/>\nWspomaganie wiosny<br \/>\nRodzaj blokady:<br \/>\nBlokada liniowa<br \/>\nWykonane w:<br \/>\nAzja<br \/>\nKolor:<br \/>\nbr\u0105zowy<br \/>\nKolor ostrza:<br \/>\nNiepowlekany<br \/>\nNumer przedmiotu:<br \/>\n01LL110<\/p>\n<p>&nbsp;<\/p>\n","protected":false},"excerpt":{"rendered":"<p>Z biegiem czasu fabryka no\u017cy <strong>B\u00f6ker<\/strong> rozwin\u0119\u0142a si\u0119 w \u015bwiatowego lidera innowacji i najwi\u0119kszego w Europie producenta no\u017cy sportowych, taktycznych i no\u017cy kolekcjonerskich.<\/p>\n","protected":false},"featured_media":328408,"comment_status":"open","ping_status":"closed","template":"","meta":[],"pwb-brand":[3423],"product_brand":[],"product_cat":[3296,3307],"product_tag":[3671],"class_list":{"0":"post-328407","1":"product","2":"type-product","3":"status-publish","4":"has-post-thumbnail","6":"pwb-brand-bokera","7":"product_cat-noze-pl","8":"product_cat-zamykanie-nozy","9":"product_tag-b2b-pl","11":"first","12":"outofstock","13":"taxable","14":"shipping-taxable","15":"purchasable","16":"product-type-simple"},"brands":[{"id":3423,"name":"Bokera","slug":"bokera"}],"_links":{"self":[{"href":"https:\/\/www.moskito.cz\/pl\/wp-json\/wp\/v2\/product\/328407","targetHints":{"allow":["GET"]}}],"collection":[{"href":"https:\/\/www.moskito.cz\/pl\/wp-json\/wp\/v2\/product"}],"about":[{"href":"https:\/\/www.moskito.cz\/pl\/wp-json\/wp\/v2\/types\/product"}],"replies":[{"embeddable":true,"href":"https:\/\/www.moskito.cz\/pl\/wp-json\/wp\/v2\/comments?post=328407"}],"wp:featuredmedia":[{"embeddable":true,"href":"https:\/\/www.moskito.cz\/pl\/wp-json\/wp\/v2\/media\/328408"}],"wp:attachment":[{"href":"https:\/\/www.moskito.cz\/pl\/wp-json\/wp\/v2\/media?parent=328407"}],"wp:term":[{"taxonomy":"pwb-brand","embeddable":true,"href":"https:\/\/www.moskito.cz\/pl\/wp-json\/wp\/v2\/pwb-brand?post=328407"},{"taxonomy":"product_brand","embeddable":true,"href":"https:\/\/www.moskito.cz\/pl\/wp-json\/wp\/v2\/product_brand?post=328407"},{"taxonomy":"product_cat","embeddable":true,"href":"https:\/\/www.moskito.cz\/pl\/wp-json\/wp\/v2\/product_cat?post=328407"},{"taxonomy":"product_tag","embeddable":true,"href":"https:\/\/www.moskito.cz\/pl\/wp-json\/wp\/v2\/product_tag?post=328407"}],"curies":[{"name":"wp","href":"https:\/\/api.w.org\/{rel}","templated":true}]}}