{"id":328472,"date":"2022-10-04T22:38:24","date_gmt":"2024-04-10T07:32:28","guid":{"rendered":"https:\/\/www.moskito.cz\/produkt\/mala-kabura-taktyczna-microtech\/"},"modified":"2025-05-29T15:31:48","modified_gmt":"2025-05-29T14:31:48","slug":"mala-kabura-taktyczna-microtech","status":"publish","type":"product","link":"https:\/\/www.moskito.cz\/pl\/produkt\/mala-kabura-taktyczna-microtech\/","title":{"rendered":"MA\u0141A KABURA TAKTYCZNA Microtech"},"content":{"rendered":"<p>MA\u0141A KABURA TAKTYCZNA Microtech.<\/p>\n<p>Wymiary: 11 x 5 cm (mierzone na niezmodyfikowanych paskach)<\/p>\n<p>Te lekkie, przeno\u015bne kabury taktyczne maj\u0105 wyszywane logo Microtech ze szlufk\u0105 na rzep i zapi\u0119ciem na klamr\u0119. Wykonane s\u0105 z wytrzyma\u0142ego dwuwarstwowego nylonu Cordura z podw\u00f3jnie wzmocnionymi szwami dooko\u0142a. Kieszenie te mieszcz\u0105 r\u00f3\u017cne rozmiary sprz\u0119tu i mo\u017cna je regulowa\u0107 w g\u00f3r\u0119 lub w d\u00f3\u0142 o oko\u0142o cal, a boki rozszerzaj\u0105 si\u0119, aby pomie\u015bci\u0107 no\u017ce o r\u00f3\u017cnej szeroko\u015bci. Mocuje si\u0119 je do paska lub paska za pomoc\u0105 regulowanego potr\u00f3jnego zapi\u0119cia na rzep, dzi\u0119ki czemu mo\u017cna je dodawa\u0107 lub zdejmowa\u0107 bez zdejmowania paska. Dodatkowo p\u0119tl\u0119 t\u0119 mo\u017cna otworzy\u0107 i przymocowa\u0107 do innego wyposa\u017cenia taktycznego za pomoc\u0105 szerokiego zapi\u0119cia na rzep.<\/p>\n<p>Etui pasuje do no\u017cy Microtech: UTX-70 i Troodon Mini<\/p>\n<p><iframe title=\"Microtech Combat Troodon Torture Test\" width=\"800\" height=\"450\" src=\"https:\/\/www.youtube.com\/embed\/xE9TeOFYEjg?feature=oembed\" frameborder=\"0\" allow=\"accelerometer; autoplay; clipboard-write; encrypted-media; gyroscope; picture-in-picture; web-share\" referrerpolicy=\"strict-origin-when-cross-origin\" allowfullscreen><\/iframe><\/p>\n<p>&nbsp;<\/p>\n<p>&nbsp;<\/p>\n<p>&nbsp;<\/p>\n","protected":false},"excerpt":{"rendered":"<p>MA\u0141A KABURA TAKTYCZNA Microtech. Wymiary: 11 x 5 cm (mierzone na niezmodyfikowanych paskach) Te lekkie, przeno\u015bne kabury taktyczne maj\u0105 wyszywane logo Microtech ze szlufk\u0105 na rzep i zapi\u0119ciem na klamr\u0119. Wykonane s\u0105 z wytrzyma\u0142ego dwuwarstwowego nylonu Cordura z podw\u00f3jnie wzmocnionymi szwami dooko\u0142a. Kieszenie te mieszcz\u0105 r\u00f3\u017cne rozmiary sprz\u0119tu i mo\u017cna je regulowa\u0107 w g\u00f3r\u0119 lub [&hellip;]<\/p>\n","protected":false},"featured_media":328479,"comment_status":"open","ping_status":"closed","template":"","meta":[],"pwb-brand":[3279],"product_brand":[],"product_cat":[3344,3296],"product_tag":[3671],"class_list":{"0":"post-328472","1":"product","2":"type-product","3":"status-publish","4":"has-post-thumbnail","6":"pwb-brand-microtech-pl","7":"product_cat-noze-strzeleckie","8":"product_cat-noze-pl","9":"product_tag-b2b-pl","11":"first","12":"instock","13":"taxable","14":"shipping-taxable","15":"purchasable","16":"product-type-simple"},"brands":[{"id":3279,"name":"Microtech","slug":"microtech-pl"}],"_links":{"self":[{"href":"https:\/\/www.moskito.cz\/pl\/wp-json\/wp\/v2\/product\/328472","targetHints":{"allow":["GET"]}}],"collection":[{"href":"https:\/\/www.moskito.cz\/pl\/wp-json\/wp\/v2\/product"}],"about":[{"href":"https:\/\/www.moskito.cz\/pl\/wp-json\/wp\/v2\/types\/product"}],"replies":[{"embeddable":true,"href":"https:\/\/www.moskito.cz\/pl\/wp-json\/wp\/v2\/comments?post=328472"}],"wp:featuredmedia":[{"embeddable":true,"href":"https:\/\/www.moskito.cz\/pl\/wp-json\/wp\/v2\/media\/328479"}],"wp:attachment":[{"href":"https:\/\/www.moskito.cz\/pl\/wp-json\/wp\/v2\/media?parent=328472"}],"wp:term":[{"taxonomy":"pwb-brand","embeddable":true,"href":"https:\/\/www.moskito.cz\/pl\/wp-json\/wp\/v2\/pwb-brand?post=328472"},{"taxonomy":"product_brand","embeddable":true,"href":"https:\/\/www.moskito.cz\/pl\/wp-json\/wp\/v2\/product_brand?post=328472"},{"taxonomy":"product_cat","embeddable":true,"href":"https:\/\/www.moskito.cz\/pl\/wp-json\/wp\/v2\/product_cat?post=328472"},{"taxonomy":"product_tag","embeddable":true,"href":"https:\/\/www.moskito.cz\/pl\/wp-json\/wp\/v2\/product_tag?post=328472"}],"curies":[{"name":"wp","href":"https:\/\/api.w.org\/{rel}","templated":true}]}}