{"id":328544,"date":"2023-04-20T21:42:02","date_gmt":"2024-04-11T14:42:22","guid":{"rendered":"https:\/\/www.moskito.cz\/?post_type=product&#038;p=328544"},"modified":"2025-05-07T11:09:34","modified_gmt":"2025-05-07T10:09:34","slug":"naprawiono-noz-crkt-minimalist-spear-point-2396","status":"publish","type":"product","link":"https:\/\/www.moskito.cz\/pl\/produkt\/naprawiono-noz-crkt-minimalist-spear-point-2396\/","title":{"rendered":"Naprawiono n\u00f3\u017c CRKT MINIMALIST SPEAR POINT 2396"},"content":{"rendered":"<p>Naprawiono n\u00f3\u017c <strong>CRKT<\/strong> MINIMALIST SPEAR POINT 2396<\/p>\n<p>Specjalnie zbudowany do wszystkiego, co wymaga ci\u0119cia.<\/p>\n<p>Ten kompaktowy n\u00f3\u017c ze sta\u0142ym ostrzem jest wyposa\u017cony w wszechstronn\u0105 kamienn\u0105 w\u0142\u00f3czni\u0119. Mierz\u0105cy zaledwie 5,2 cala i wa\u017c\u0105cy 2,1 uncji, ten n\u00f3\u017c pozostaje wierny swojej nazwie, zapewniaj\u0105c minimalistyczny n\u00f3\u017c, kt\u00f3ry mo\u017cna zabra\u0107 ze sob\u0105 wsz\u0119dzie i kt\u00f3ry jest gotowy na wszystko.<br \/>\nDwa razy mocniejsze: W oparciu o wersj\u0119 X2, materia\u0142 ostrza jest dwukrotnie mocniejszy<br \/>\nWysoka trwa\u0142o\u015b\u0107: wyko\u0144czenie Stonewash jest trwa\u0142e i dobrze si\u0119 starzeje<br \/>\nSolidny i wizualny: R\u0119koje\u015b\u0107 z \u017cywicy \u0142\u0105czy w sobie wytrzyma\u0142o\u015b\u0107 z atrakcyjno\u015bci\u0105 wizualn\u0105<br \/>\nKompatybilno\u015b\u0107 z przek\u0142adni\u0105: Trwa\u0142a skorupa z tworzywa termoplastycznego z mo\u017cliwo\u015bci\u0105 monta\u017cu<br \/>\nKompaktowe narz\u0119dzie: lekkie i \u0142atwe do przenoszenia<\/p>\n<p>SPECYFIKACJE<br \/>\nD\u0142ugo\u015b\u0107 ostrza: 5,45 cm<br \/>\nKraw\u0119d\u017a ostrza g\u0142adka<br \/>\nOstrze wykonane ze stali 8Cr13MoV<br \/>\nWyko\u0144czenie ostrza typu stonewash<br \/>\nGrubo\u015b\u0107 ostrza: 0,36 cm<br \/>\nD\u0142ugo\u015b\u0107 ca\u0142kowita: 13,17 cm<br \/>\nWaga: 59,53 g<br \/>\nR\u0119koje\u015b\u0107 z w\u0142\u00f3kna impregnowanego \u017cywic\u0105<br \/>\nStylowy n\u00f3\u017c o sta\u0142ym ostrzu z pochw\u0105<br \/>\nMateria\u0142 skorupy Termoplastyczny<br \/>\nWaga koperty 1,10 uncji. (31,18 g)<\/p>\n","protected":false},"excerpt":{"rendered":"<p><strong>Zaprojektowany przez Alana Foltsa w Melbourne na Florydzie<\/strong><\/p>\n","protected":false},"featured_media":328559,"comment_status":"open","ping_status":"closed","template":"","meta":[],"pwb-brand":[3458],"product_brand":[],"product_cat":[3296,3297],"product_tag":[3671],"class_list":{"0":"post-328544","1":"product","2":"type-product","3":"status-publish","4":"has-post-thumbnail","6":"pwb-brand-crkt-pl","7":"product_cat-noze-pl","8":"product_cat-solidne-noze","9":"product_tag-b2b-pl","11":"first","12":"outofstock","13":"taxable","14":"shipping-taxable","15":"purchasable","16":"product-type-simple"},"brands":[{"id":3458,"name":"CRKT","slug":"crkt-pl"}],"_links":{"self":[{"href":"https:\/\/www.moskito.cz\/pl\/wp-json\/wp\/v2\/product\/328544","targetHints":{"allow":["GET"]}}],"collection":[{"href":"https:\/\/www.moskito.cz\/pl\/wp-json\/wp\/v2\/product"}],"about":[{"href":"https:\/\/www.moskito.cz\/pl\/wp-json\/wp\/v2\/types\/product"}],"replies":[{"embeddable":true,"href":"https:\/\/www.moskito.cz\/pl\/wp-json\/wp\/v2\/comments?post=328544"}],"wp:featuredmedia":[{"embeddable":true,"href":"https:\/\/www.moskito.cz\/pl\/wp-json\/wp\/v2\/media\/328559"}],"wp:attachment":[{"href":"https:\/\/www.moskito.cz\/pl\/wp-json\/wp\/v2\/media?parent=328544"}],"wp:term":[{"taxonomy":"pwb-brand","embeddable":true,"href":"https:\/\/www.moskito.cz\/pl\/wp-json\/wp\/v2\/pwb-brand?post=328544"},{"taxonomy":"product_brand","embeddable":true,"href":"https:\/\/www.moskito.cz\/pl\/wp-json\/wp\/v2\/product_brand?post=328544"},{"taxonomy":"product_cat","embeddable":true,"href":"https:\/\/www.moskito.cz\/pl\/wp-json\/wp\/v2\/product_cat?post=328544"},{"taxonomy":"product_tag","embeddable":true,"href":"https:\/\/www.moskito.cz\/pl\/wp-json\/wp\/v2\/product_tag?post=328544"}],"curies":[{"name":"wp","href":"https:\/\/api.w.org\/{rel}","templated":true}]}}