{"id":328641,"date":"2022-09-07T20:30:14","date_gmt":"2024-04-11T14:47:14","guid":{"rendered":"https:\/\/www.moskito.cz\/produkt\/noz-zamykajacy-crkt-crossbones-7530\/"},"modified":"2025-05-07T11:09:36","modified_gmt":"2025-05-07T10:09:36","slug":"noz-zamykajacy-crkt-crossbones-7530","status":"publish","type":"product","link":"https:\/\/www.moskito.cz\/pl\/produkt\/noz-zamykajacy-crkt-crossbones-7530\/","title":{"rendered":"N\u00f3\u017c zamykaj\u0105cy CRKT CROSSBONES 7530"},"content":{"rendered":"<p>N\u00f3\u017c zamykaj\u0105cy <strong>CRKT<\/strong> CROSSBONES 7530.<\/p>\n<p>Cie\u0144szy, l\u017cejszy, wszechstronny.<\/p>\n<p>Crossbones to niezwykle wszechstronny n\u00f3\u017c codziennego u\u017cytku do krojenia mi\u0119sa, otwierania kopert i wszystkiego pomi\u0119dzy. Zaprojektowany pod kierunkiem g\u0142\u00f3wnego projektanta Kena Oniona, spe\u0142nia wysokie standardy, jednocze\u015bnie odzwierciedlaj\u0105c \u015bwie\u017cy, nowy design i funkcjonalno\u015b\u0107. Piszczele praktycznie znikaj\u0105, gdy w\u0142o\u017cysz je do kieszeni, ale b\u0119d\u0105 gotowe stawi\u0107 czo\u0142a ka\u017cdemu zadaniu.<\/p>\n<p>Crossbones jest wzorowany na pierwszym niestandardowym wydaniu projektanta Jeffa Parka z Mililani na Hawajach. Jeff by\u0142 praw\u0105 r\u0119k\u0105 Kena Oniona przez ponad dekad\u0119 i po d\u0142ugich staraniach w ko\u0144cu wypu\u015bci\u0142 sw\u00f3j w\u0142asny projekt.<\/p>\n<p>Cienkie ostrze posiada pe\u0142ny szlif p\u0142aski i rozk\u0142ada si\u0119 szybko i p\u0142ynnie dzi\u0119ki systemowi obrotowemu z \u0142o\u017cyskiem kulkowym IKBS\u2122. Dwukolorowa r\u0119koje\u015b\u0107 ze szczotkowanego aluminium po zamkni\u0119ciu przypomina kszta\u0142t ko\u015bci psa i st\u0105d nazwa Crossbone.<\/p>\n<p>Bez falbanek, a jednocze\u015bnie niezawodny i wszechstronny, Crossbone jest najlepszym przyjacielem m\u0119\u017cczyzny.<\/p>\n<p>SPECYFIKACJE<br \/>\nD\u0142ugo\u015b\u0107 ostrza 3,54 cala (89,81 mm)<br \/>\nOstrze proste<br \/>\nOstrze ze stali AUS 8<br \/>\nObr\u00f3bka powierzchni ostrza Satyna<br \/>\nGrubo\u015b\u0107 ostrza 0,12 cala (3,15 mm)<br \/>\nD\u0142ugo\u015b\u0107 ca\u0142kowita 8,06 cala (204,80 mm)<br \/>\nD\u0142ugo\u015b\u0107 po zamkni\u0119ciu 4,50 cala (114,38 mm)<br \/>\nWaga 2,40 uncji (68,04 g)<br \/>\nUchwyt aluminiowy<br \/>\nStylowy n\u00f3\u017c sk\u0142adany z blokad\u0105 Liner Lock<\/p>\n<p><iframe title=\"CRKT Crossbones Knife | Designer Vision From Jeff Park\" width=\"800\" height=\"450\" src=\"https:\/\/www.youtube.com\/embed\/OED9M2VELFw?feature=oembed\" frameborder=\"0\" allow=\"accelerometer; autoplay; clipboard-write; encrypted-media; gyroscope; picture-in-picture; web-share\" referrerpolicy=\"strict-origin-when-cross-origin\" allowfullscreen><\/iframe><\/p>\n<p>&nbsp;<\/p>\n","protected":false},"excerpt":{"rendered":"<p>Zaprojektowany przez Jeffa Parka w Mililani na Hawajach.<\/p>\n","protected":false},"featured_media":328642,"comment_status":"open","ping_status":"closed","template":"","meta":[],"pwb-brand":[3458],"product_brand":[],"product_cat":[3307,3296],"product_tag":[3671],"class_list":{"0":"post-328641","1":"product","2":"type-product","3":"status-publish","4":"has-post-thumbnail","6":"pwb-brand-crkt-pl","7":"product_cat-zamykanie-nozy","8":"product_cat-noze-pl","9":"product_tag-b2b-pl","11":"first","12":"outofstock","13":"sale","14":"taxable","15":"shipping-taxable","16":"purchasable","17":"product-type-simple"},"brands":[{"id":3458,"name":"CRKT","slug":"crkt-pl"}],"_links":{"self":[{"href":"https:\/\/www.moskito.cz\/pl\/wp-json\/wp\/v2\/product\/328641","targetHints":{"allow":["GET"]}}],"collection":[{"href":"https:\/\/www.moskito.cz\/pl\/wp-json\/wp\/v2\/product"}],"about":[{"href":"https:\/\/www.moskito.cz\/pl\/wp-json\/wp\/v2\/types\/product"}],"replies":[{"embeddable":true,"href":"https:\/\/www.moskito.cz\/pl\/wp-json\/wp\/v2\/comments?post=328641"}],"wp:featuredmedia":[{"embeddable":true,"href":"https:\/\/www.moskito.cz\/pl\/wp-json\/wp\/v2\/media\/328642"}],"wp:attachment":[{"href":"https:\/\/www.moskito.cz\/pl\/wp-json\/wp\/v2\/media?parent=328641"}],"wp:term":[{"taxonomy":"pwb-brand","embeddable":true,"href":"https:\/\/www.moskito.cz\/pl\/wp-json\/wp\/v2\/pwb-brand?post=328641"},{"taxonomy":"product_brand","embeddable":true,"href":"https:\/\/www.moskito.cz\/pl\/wp-json\/wp\/v2\/product_brand?post=328641"},{"taxonomy":"product_cat","embeddable":true,"href":"https:\/\/www.moskito.cz\/pl\/wp-json\/wp\/v2\/product_cat?post=328641"},{"taxonomy":"product_tag","embeddable":true,"href":"https:\/\/www.moskito.cz\/pl\/wp-json\/wp\/v2\/product_tag?post=328641"}],"curies":[{"name":"wp","href":"https:\/\/api.w.org\/{rel}","templated":true}]}}