{"id":328766,"date":"2022-11-19T15:11:25","date_gmt":"2024-04-11T15:00:05","guid":{"rendered":"https:\/\/www.moskito.cz\/produkt\/noz-zamykajacy-crkt-septimo\/"},"modified":"2025-05-07T11:09:39","modified_gmt":"2025-05-07T10:09:39","slug":"noz-zamykajacy-crkt-septimo","status":"publish","type":"product","link":"https:\/\/www.moskito.cz\/pl\/produkt\/noz-zamykajacy-crkt-septimo\/","title":{"rendered":"N\u00f3\u017c zamykaj\u0105cy CRKT SEPTIMO"},"content":{"rendered":"<p>N\u00f3\u017c zamykaj\u0105cy <strong>CRKT<\/strong> SEPTIMO.<\/p>\n<p>N\u00f3\u017c taktyczny Septimo\u2122 zosta\u0142 zaprojektowany przez do\u015bwiadczonego Zielonego Bereta jako co\u015b wi\u0119cej ni\u017c tylko n\u00f3\u017c \u2013 zbudowa\u0142 go w oparciu o do\u015bwiadczenie i zbudowa\u0142, aby s\u0142u\u017cy\u0142 jako ko\u0142o ratunkowe. Jedno unikalne Veff Serration\u2122 w po\u0142\u0105czeniu z pot\u0119\u017cn\u0105 konstrukcj\u0105 mo\u017ce pe\u0142ni\u0107 funkcj\u0119 przecinacza pas\u00f3w, no\u017ca i narz\u0119dzia obrony osobistej. S\u0142u\u017cba przez 14 lat w roli ameryka\u0144skiego bohatera zako\u0144czy\u0142a si\u0119 gotowo\u015bci\u0105 do u\u017cycia tej wielkiej pot\u0119gi.<br \/>\nNiezwykle ostry: Veff Serration\u2122 zapewnia doskona\u0142\u0105 wydajno\u015b\u0107 ci\u0119cia lin i ta\u015bm<br \/>\nSzybkie otwieranie: P\u0142etwa szybko wysuwa ostrze<br \/>\nLepsza ochrona: Czernienie powierzchni poprawia odporno\u015b\u0107 na korozj\u0119.<\/p>\n<p>SPECYFIKACJE<br \/>\nD\u0142ugo\u015b\u0107 ostrza 3,62&#8243; (92,00 mm)<br \/>\nKraw\u0119d\u017a ostrza Veff Serrations\u2122<br \/>\nOstrze ze stali 8Cr13MoV<br \/>\nObr\u00f3bka powierzchni ostrza Kysli\u010dn\u00edk<br \/>\nGrubo\u015b\u0107 ostrza 0,13 cala (3,23 mm)<br \/>\nD\u0142ugo\u015b\u0107 ca\u0142kowita 8,19 cala (207,98 mm)<br \/>\nD\u0142ugo\u015b\u0107 po zamkni\u0119ciu 4,55 cala (115,65 mm)<br \/>\nWaga 4,70 uncji (133,24 g)<br \/>\nR\u0119koje\u015b\u0107 Aluminiowa z wk\u0142adk\u0105 nylonow\u0105 wzmocnion\u0105 w\u0142\u00f3knem szklanym<br \/>\nStylowy n\u00f3\u017c sk\u0142adany z blokad\u0105 Liner Lock<\/p>\n<p><iframe title=\"Forged By War: Septimo Knife by Jeremy Valdez\" width=\"800\" height=\"450\" src=\"https:\/\/www.youtube.com\/embed\/azLUGBojVfA?feature=oembed\" frameborder=\"0\" allow=\"accelerometer; autoplay; clipboard-write; encrypted-media; gyroscope; picture-in-picture; web-share\" referrerpolicy=\"strict-origin-when-cross-origin\" allowfullscreen><\/iframe><\/p>\n<p>&nbsp;<\/p>\n<p>&nbsp;<\/p>\n<p>&nbsp;<\/p>\n","protected":false},"excerpt":{"rendered":"<p>Zaprojektowany przez Jeremy&#8217;ego Valdeza w Olalla w stanie Waszyngton.<\/p>\n","protected":false},"featured_media":328767,"comment_status":"open","ping_status":"closed","template":"","meta":[],"pwb-brand":[3458],"product_brand":[],"product_cat":[3296,3307],"product_tag":[3671],"class_list":{"0":"post-328766","1":"product","2":"type-product","3":"status-publish","4":"has-post-thumbnail","6":"pwb-brand-crkt-pl","7":"product_cat-noze-pl","8":"product_cat-zamykanie-nozy","9":"product_tag-b2b-pl","11":"first","12":"instock","13":"taxable","14":"shipping-taxable","15":"purchasable","16":"product-type-simple"},"brands":[{"id":3458,"name":"CRKT","slug":"crkt-pl"}],"_links":{"self":[{"href":"https:\/\/www.moskito.cz\/pl\/wp-json\/wp\/v2\/product\/328766","targetHints":{"allow":["GET"]}}],"collection":[{"href":"https:\/\/www.moskito.cz\/pl\/wp-json\/wp\/v2\/product"}],"about":[{"href":"https:\/\/www.moskito.cz\/pl\/wp-json\/wp\/v2\/types\/product"}],"replies":[{"embeddable":true,"href":"https:\/\/www.moskito.cz\/pl\/wp-json\/wp\/v2\/comments?post=328766"}],"wp:featuredmedia":[{"embeddable":true,"href":"https:\/\/www.moskito.cz\/pl\/wp-json\/wp\/v2\/media\/328767"}],"wp:attachment":[{"href":"https:\/\/www.moskito.cz\/pl\/wp-json\/wp\/v2\/media?parent=328766"}],"wp:term":[{"taxonomy":"pwb-brand","embeddable":true,"href":"https:\/\/www.moskito.cz\/pl\/wp-json\/wp\/v2\/pwb-brand?post=328766"},{"taxonomy":"product_brand","embeddable":true,"href":"https:\/\/www.moskito.cz\/pl\/wp-json\/wp\/v2\/product_brand?post=328766"},{"taxonomy":"product_cat","embeddable":true,"href":"https:\/\/www.moskito.cz\/pl\/wp-json\/wp\/v2\/product_cat?post=328766"},{"taxonomy":"product_tag","embeddable":true,"href":"https:\/\/www.moskito.cz\/pl\/wp-json\/wp\/v2\/product_tag?post=328766"}],"curies":[{"name":"wp","href":"https:\/\/api.w.org\/{rel}","templated":true}]}}