{"id":328844,"date":"2023-10-03T14:30:13","date_gmt":"2024-04-11T15:09:33","guid":{"rendered":"https:\/\/www.moskito.cz\/produkt\/noz-zamykajacy-crkt-dextro-6295\/"},"modified":"2025-05-07T11:09:40","modified_gmt":"2025-05-07T10:09:40","slug":"noz-zamykajacy-crkt-dextro-6295","status":"publish","type":"product","link":"https:\/\/www.moskito.cz\/pl\/produkt\/noz-zamykajacy-crkt-dextro-6295\/","title":{"rendered":"N\u00f3\u017c zamykaj\u0105cy CRKT Dextro 6295"},"content":{"rendered":"<p>N\u00f3\u017c zamykaj\u0105cy <strong>CRKT<\/strong> Dextro 6295<\/p>\n<p>Prawie ca\u0142kowicie czarny Dextro to codzienny str\u00f3j, kt\u00f3ry znika niezauwa\u017cony, ale ma\u0142y zielony akcent na osi wskazuje, \u017ce pod mask\u0105 kryje si\u0119 co\u015b wyj\u0105tkowego. Naci\u015bnij p\u0142etw\u0119, a agresywnie wygi\u0119te ostrze z odchylan\u0105 ko\u0144c\u00f3wk\u0105 g\u0142adko wsunie si\u0119 na \u0142o\u017cyska IKBS\u2122, gotowe do przek\u0142ucia, przeci\u0119cia lub przeci\u0119cia wszystkiego, co przyniesie dzie\u0144.<\/p>\n<p>Doskona\u0142a wydajno\u015b\u0107: ostrze ze stali D2 zapewnia doskona\u0142e trzymanie ostrza<br \/>\nP\u0142ynne otwieranie: sworze\u0144 z \u0142o\u017cyskiem kulkowym IKBS\u2122 p\u0142ynnie rozk\u0142ada ostrze<br \/>\nSzybkie otwieranie: Flipper szybko rozk\u0142ada ostrze<br \/>\nLepsza ochrona: Czarna pow\u0142oka poprawia odporno\u015b\u0107 na korozj\u0119<br \/>\nMocny i lekki: aluminiowy uchwyt \u0142\u0105czy w sobie wytrzyma\u0142o\u015b\u0107 z minimaln\u0105 wag\u0105<br \/>\n\u0141atwe zamykanie: zamek wk\u0142adany mo\u017cna \u0142atwo zamkn\u0105\u0107 jedn\u0105 r\u0119k\u0105<\/p>\n<p>Ostrze ze stali D2<br \/>\nKraw\u0119d\u017a ostrza g\u0142adka<br \/>\nObr\u00f3bka powierzchni ostrza azotkiem tytanu<\/p>\n<p>D\u0142ugo\u015b\u0107 ostrza: 80,85 cm)<\/p>\n<p>Grubo\u015b\u0107 ostrza: 0,37 cm<br \/>\nD\u0142ugo\u015b\u0107 ca\u0142kowita: 19,82 cm<br \/>\nD\u0142ugo\u015b\u0107 po zamkni\u0119ciu: 11,70 cm<br \/>\nWaga: 136,08 g<\/p>\n<p>Materia\u0142 uchwytu aluminium<br \/>\nStylowy n\u00f3\u017c sk\u0142adany z blokad\u0105 Liner Lock<\/p>\n<p>&nbsp;<\/p>\n","protected":false},"excerpt":{"rendered":"<p><strong>ProjektantT.J. Schwarzboise, Idaho<\/strong><\/p>\n<p><strong>TJ mia\u0142 zosta\u0107 projektantem samochod\u00f3w. W szkole \u015bredniej odkry\u0142 swoj\u0105 niesamowit\u0105 umiej\u0119tno\u015b\u0107 rysowania samochod\u00f3w \u2013 by\u0142 w tym tak dobry, \u017ce ju\u017c na studiach przyjmowa\u0142 zlecenia od w\u0142a\u015bcicieli klasycznych samochod\u00f3w. Gdy jego kariera zaczyna\u0142a si\u0119 na drogach samochodowych, wkroczy\u0142 jego dobry przyjaciel Bill Koenig z Koenig Knives i wszystko si\u0119 zmieni\u0142o. Kiedy ju\u017c posmakowa\u0142 projektu no\u017cy, nigdy nie ogl\u0105da\u0142 si\u0119 za siebie. Kiedy wi\u0119c m\u00f3wi\u0105 \u201ezbudowany z my\u015bl\u0105 o wydajno\u015bci\u201d, maj\u0105 to na my\u015bli.<\/strong><\/p>\n<p>&nbsp;<\/p>\n","protected":false},"featured_media":328845,"comment_status":"open","ping_status":"closed","template":"","meta":[],"pwb-brand":[3458],"product_brand":[],"product_cat":[3307,3296],"product_tag":[3671],"class_list":{"0":"post-328844","1":"product","2":"type-product","3":"status-publish","4":"has-post-thumbnail","6":"pwb-brand-crkt-pl","7":"product_cat-zamykanie-nozy","8":"product_cat-noze-pl","9":"product_tag-b2b-pl","11":"first","12":"instock","13":"sale","14":"taxable","15":"shipping-taxable","16":"purchasable","17":"product-type-simple"},"brands":[{"id":3458,"name":"CRKT","slug":"crkt-pl"}],"_links":{"self":[{"href":"https:\/\/www.moskito.cz\/pl\/wp-json\/wp\/v2\/product\/328844","targetHints":{"allow":["GET"]}}],"collection":[{"href":"https:\/\/www.moskito.cz\/pl\/wp-json\/wp\/v2\/product"}],"about":[{"href":"https:\/\/www.moskito.cz\/pl\/wp-json\/wp\/v2\/types\/product"}],"replies":[{"embeddable":true,"href":"https:\/\/www.moskito.cz\/pl\/wp-json\/wp\/v2\/comments?post=328844"}],"wp:featuredmedia":[{"embeddable":true,"href":"https:\/\/www.moskito.cz\/pl\/wp-json\/wp\/v2\/media\/328845"}],"wp:attachment":[{"href":"https:\/\/www.moskito.cz\/pl\/wp-json\/wp\/v2\/media?parent=328844"}],"wp:term":[{"taxonomy":"pwb-brand","embeddable":true,"href":"https:\/\/www.moskito.cz\/pl\/wp-json\/wp\/v2\/pwb-brand?post=328844"},{"taxonomy":"product_brand","embeddable":true,"href":"https:\/\/www.moskito.cz\/pl\/wp-json\/wp\/v2\/product_brand?post=328844"},{"taxonomy":"product_cat","embeddable":true,"href":"https:\/\/www.moskito.cz\/pl\/wp-json\/wp\/v2\/product_cat?post=328844"},{"taxonomy":"product_tag","embeddable":true,"href":"https:\/\/www.moskito.cz\/pl\/wp-json\/wp\/v2\/product_tag?post=328844"}],"curies":[{"name":"wp","href":"https:\/\/api.w.org\/{rel}","templated":true}]}}