{"id":328903,"date":"2024-04-11T17:52:37","date_gmt":"2024-04-11T16:54:35","guid":{"rendered":"https:\/\/www.moskito.cz\/produkt\/noz-zamykajacy-crkt-provoke-grivory-4041b\/"},"modified":"2025-05-07T11:09:41","modified_gmt":"2025-05-07T10:09:41","slug":"noz-zamykajacy-crkt-provoke-grivory-4041b","status":"publish","type":"product","link":"https:\/\/www.moskito.cz\/pl\/produkt\/noz-zamykajacy-crkt-provoke-grivory-4041b\/","title":{"rendered":"N\u00f3\u017c zamykaj\u0105cy CRKT Provoke Grivory 4041B"},"content":{"rendered":"<p>N\u00f3\u017c zamykaj\u0105cy <strong>CRKT<\/strong> Provoke Grivory 4041B.<\/p>\n<p>Podawa\u0107. i chroni\u0107. N\u00f3\u017c karambit Provoke\u00ae Blue Metallic nawi\u0105zuje do staro\u017cytnego projektu, ale kryje w sobie futurystyczny sekret. Pierwszy w historii n\u00f3\u017c z technologi\u0105 Kinematic\u00ae, kt\u00f3ry mo\u017cna dobrze schowa\u0107 podczas transportu i o\u017cywa, gdy pojawi\u0105 si\u0119 problemy. Teraz wykonany z Grivory\u00ae \u2013 mocnego, lekkiego, technicznego tworzywa termoplastycznego \u2013 jest l\u017cejszy i bardziej zwinny.<\/p>\n<p>W CRKT uwa\u017caj\u0105 projektanta Joe Caswella za swego rodzaju szalonego naukowca. Kiedy zobaczyli szkice tego, co mia\u0142o sta\u0107 si\u0119 Provokiem \u2013 zaprojektowanym w Newbury Park w Kalifornii \u2013 wiedzieli, \u017ce jego przeznaczeniem jest sta\u0107 si\u0119 jednym z najbardziej innowacyjnych projektant\u00f3w, jaki kiedykolwiek widzia\u0142 \u015bwiat no\u017cy. Wzorowane na tradycyjnym karambicie, ostrze w stylu czarnego jastrz\u0119bia wykonane jest ze stali nierdzewnej kamiennej.<\/p>\n<p>Mechanizm otwieraj\u0105cy przenosi folder w przysz\u0142o\u015b\u0107, gotowy lub nie. Naci\u015bni\u0119cie kciukiem na g\u00f3rny dr\u0105\u017cek wywo\u0142uje reakcj\u0119 \u0142a\u0144cuchow\u0105, powoduj\u0105c, \u017ce ostrze uruchamia si\u0119, podczas gdy Ty trzymasz mocno r\u0119koje\u015b\u0107. Jest wykonany z metalicznego niebieskiego Grivory, super wytrzyma\u0142ego, lekkiego tworzywa termoplastycznego, kt\u00f3re u\u0142atwia transport i zapewnia p\u0142ynne przej\u015bcie do codziennego noszenia. W prawdziwym stylu Joe, klips kieszonkowy jest r\u00f3wnie\u017c nowo\u015bci\u0105 na \u015bwiecie, prawie ca\u0142kowicie przylegaj\u0105c\u0105 do r\u0105czki i aktywowan\u0105 r\u00f3wnie\u017c lekkim naci\u015bni\u0119ciem kciuka.<\/p>\n<p>Prowokacja jest pot\u0119\u017cna, gdy zostanie wezwana do s\u0142u\u017cby.<\/p>\n<p>Jak dzia\u0142a kinematyka<\/p>\n<p>Wci\u015bnij kciuk w g\u00f3rn\u0105 poprzeczk\u0119, podczas gdy pozosta\u0142e palce mocno \u015bciskaj\u0105 r\u0119koje\u015b\u0107, a ostrze o\u017cyje i zatrza\u015bnie si\u0119 na swoim miejscu. Przesu\u0144 dyskretn\u0105 d\u017awigni\u0119 u podstawy p\u0119tli na palec, a ostrze cofnie si\u0119 do pozycji zamkni\u0119tej.<\/p>\n<p>Unikalna innowacja: Kinematic\u00ae rozk\u0142ada ostrze za pomoc\u0105 naci\u015bni\u0119cia kciukiem<br \/>\n\u0141atwe ostrzenie: Ostrze ze stali nierdzewnej o wysokiej zawarto\u015bci w\u0119gla dobrze trzyma kraw\u0119d\u017a<br \/>\nLepsza ochrona: Black stonewash jest trwa\u0142y i dobrze si\u0119 starzeje<br \/>\nProsty i trwa\u0142y: Formowany wtryskowo uchwyt jest odporny na uderzenia<br \/>\nNiski profil: Kieszonkowy klips zapewnia bezpieczne przenoszenie<\/p>\n<p>Dane techniczne:<br \/>\nD\u0142ugo\u015b\u0107 ostrza: 6,2 cm<br \/>\nD\u0142ugo\u015b\u0107 po zamkni\u0119ciu: 12,58 cm<br \/>\nD\u0142ugo\u015b\u0107 ca\u0142kowita: 18,25 cm<br \/>\nMateria\u0142 ostrza: stal nierdzewna 1.4116<br \/>\nGrubo\u015b\u0107 ostrza: 0,538 cm<br \/>\nStyl ostrza: Hawkbill<br \/>\nOstrzenie ostrzy: D\u0142uto<br \/>\nWyko\u0144czenie ostrza: Black Stonewash<br \/>\nMateria\u0142 r\u0119koje\u015bci: Grivory<br \/>\nMechanizm blokuj\u0105cy: Kinematyczny<br \/>\nKieszonkowy klips: sk\u0142adany, do noszenia w prawej r\u0119ce<br \/>\nWaga: 4,70 uncji (133,24 g)<br \/>\nProjektant: Joe Caswell<\/p>\n<p><iframe title=\"CRKT Kinematic | How It Works\" width=\"800\" height=\"450\" src=\"https:\/\/www.youtube.com\/embed\/birKtIe7HRY?feature=oembed\" frameborder=\"0\" allow=\"accelerometer; autoplay; clipboard-write; encrypted-media; gyroscope; picture-in-picture; web-share\" referrerpolicy=\"strict-origin-when-cross-origin\" allowfullscreen><\/iframe><\/p>\n<p>&nbsp;<\/p>\n<p>&nbsp;<\/p>\n","protected":false},"excerpt":{"rendered":"<p><strong>Joe Caswella<\/strong><br \/>\nNewbury Park w Kalifornii<br \/>\nDziennikarz motocyklowy. Spawacz z wzorem miecza Wiking\u00f3w. Wynalazca. Projektant no\u017cy na zam\u00f3wienie. Mo\u017cna \u015bmia\u0142o powiedzie\u0107, \u017ce Joe jest uszyty ze specjalnego materia\u0142u. A teraz mo\u017ce doda\u0107 do swojego CV \u201eprze\u0142om w bran\u017cy\u201d. Wraz z wypuszczeniem modelu Kinematic w dalszym ci\u0105gu umacnia on swoj\u0105 pozycj\u0119 w\u015br\u00f3d najlepszych no\u017cy na \u015bwiecie. Od skromnych pocz\u0105tk\u00f3w w domowej ku\u017ani w gara\u017cu wynaj\u0119tego mieszkania, pewnej ci\u0119\u017ckiej pracy do p\u00f3\u017ana w nocy wyrobi\u0142 sobie mark\u0119 i nie mo\u017cemy si\u0119 doczeka\u0107, aby zobaczy\u0107, co dalej wyniknie z jego natchnionej kreatywno\u015bci.<\/p>\n","protected":false},"featured_media":328858,"comment_status":"open","ping_status":"closed","template":"","meta":[],"pwb-brand":[3458],"product_brand":[],"product_cat":[3307,3296],"product_tag":[3671],"class_list":{"0":"post-328903","1":"product","2":"type-product","3":"status-publish","4":"has-post-thumbnail","6":"pwb-brand-crkt-pl","7":"product_cat-zamykanie-nozy","8":"product_cat-noze-pl","9":"product_tag-b2b-pl","11":"first","12":"instock","13":"sale","14":"taxable","15":"shipping-taxable","16":"purchasable","17":"product-type-simple"},"brands":[{"id":3458,"name":"CRKT","slug":"crkt-pl"}],"_links":{"self":[{"href":"https:\/\/www.moskito.cz\/pl\/wp-json\/wp\/v2\/product\/328903","targetHints":{"allow":["GET"]}}],"collection":[{"href":"https:\/\/www.moskito.cz\/pl\/wp-json\/wp\/v2\/product"}],"about":[{"href":"https:\/\/www.moskito.cz\/pl\/wp-json\/wp\/v2\/types\/product"}],"replies":[{"embeddable":true,"href":"https:\/\/www.moskito.cz\/pl\/wp-json\/wp\/v2\/comments?post=328903"}],"wp:featuredmedia":[{"embeddable":true,"href":"https:\/\/www.moskito.cz\/pl\/wp-json\/wp\/v2\/media\/328858"}],"wp:attachment":[{"href":"https:\/\/www.moskito.cz\/pl\/wp-json\/wp\/v2\/media?parent=328903"}],"wp:term":[{"taxonomy":"pwb-brand","embeddable":true,"href":"https:\/\/www.moskito.cz\/pl\/wp-json\/wp\/v2\/pwb-brand?post=328903"},{"taxonomy":"product_brand","embeddable":true,"href":"https:\/\/www.moskito.cz\/pl\/wp-json\/wp\/v2\/product_brand?post=328903"},{"taxonomy":"product_cat","embeddable":true,"href":"https:\/\/www.moskito.cz\/pl\/wp-json\/wp\/v2\/product_cat?post=328903"},{"taxonomy":"product_tag","embeddable":true,"href":"https:\/\/www.moskito.cz\/pl\/wp-json\/wp\/v2\/product_tag?post=328903"}],"curies":[{"name":"wp","href":"https:\/\/api.w.org\/{rel}","templated":true}]}}