{"id":329029,"date":"2024-04-11T18:57:05","date_gmt":"2024-04-11T18:01:02","guid":{"rendered":"https:\/\/www.moskito.cz\/produkt\/noz-zamykajacy-crkt-squid-stonewashed-2486\/"},"modified":"2025-05-07T11:09:44","modified_gmt":"2025-05-07T10:09:44","slug":"noz-zamykajacy-crkt-squid-stonewashed-2486","status":"publish","type":"product","link":"https:\/\/www.moskito.cz\/pl\/produkt\/noz-zamykajacy-crkt-squid-stonewashed-2486\/","title":{"rendered":"N\u00f3\u017c zamykaj\u0105cy CRKT Squid Stonewashed 2486"},"content":{"rendered":"<p>N\u00f3\u017c zamykaj\u0105cy <strong>CRKT<\/strong> Squid Stonewashed 2486<\/p>\n<p>Zaprojektowany przez Lucasa Burnleya, ten n\u00f3\u017c do noszenia na co dzie\u0144 ma niewielkie rozmiary, ale imponuje funkcjonalno\u015bci\u0105. Wyposa\u017cony w blokad\u0119 ramy zapewniaj\u0105c\u0105 bezpiecze\u0144stwo i wspomagane otwieranie w celu superszybkiego wdro\u017cenia. Uwa\u017caj, gdzie go wskazujesz.<\/p>\n<p>Squid Compact to sk\u0142adany n\u00f3\u017c do codziennego noszenia, zaprojektowany przez projektanta Lucasa Burnleya z Bend w stanie Oregon. Oparty na koncepcji pistoletu kompaktowego, charakteryzuje si\u0119 niewielkimi wymiarami i du\u017cymi mo\u017cliwo\u015bciami. Nie daj si\u0119 zwie\u015b\u0107 1,75-calowemu ostrzu; jest to w pe\u0142ni funkcjonalny n\u00f3\u017c inspirowany taktyk\u0105, kt\u00f3ry jest gotowy podj\u0105\u0107 si\u0119 najwi\u0119kszych wyzwa\u0144 zwi\u0105zanych z ci\u0119ciem. Zaprojektowany w stylu drop-point, Burnley zdo\u0142a\u0142 zapewni\u0107 ostrzu dobr\u0105 r\u00f3wnowag\u0119 pomi\u0119dzy wytrzyma\u0142o\u015bci\u0105 czubka a geometri\u0105 czubka do zada\u0144 u\u017cytkowych, \u0142\u0105cz\u0105c wszystkie cechy pe\u0142nowymiarowego taktycznego w \u0142atwej do przenoszenia, kompaktowej konstrukcji .<\/p>\n<p>Jak ka\u017cda dobra bro\u0144, potrzebujesz czego\u015b, co zapewni ci bezpiecze\u0144stwo. W\u0142a\u015bnie dlatego Squid Compact zosta\u0142 wyposa\u017cony w innowacj\u0119 wspomaganego otwierania. Przesu\u0144 ostrze cz\u0119\u015bciowo, aby aktywowa\u0107 wspomagane otwieranie, otw\u00f3rz je z bardzo du\u017c\u0105 pr\u0119dko\u015bci\u0105, a blokada ramy utrzyma je stabilnie na miejscu.<\/p>\n<p>Wi\u0119c \u015bmia\u0142o, zabierz t\u0119 bro\u0144 ze sob\u0105, gdziekolwiek si\u0119 udasz. Tylko pami\u0119taj, jest za\u0142adowany.<\/p>\n<p>Jak dzia\u0142a wspomagane otwieranie<\/p>\n<p>Trzyma si\u0119 go bezpiecznie zamkni\u0119tego w kieszeni, ale wystarczy zainicjowa\u0107 roz\u0142o\u017cenie, a ostrze otwiera si\u0119 z imponuj\u0105c\u0105 szybko\u015bci\u0105, zapewniaj\u0105c proste, mocne otwarcie jedn\u0105 r\u0119k\u0105 w cz\u0119\u015bci obrotowej.<\/p>\n<p>Assisted Opening Flipper szybko rozk\u0142ada ostrze<br \/>\nOstrze ze stali nierdzewnej o wysokiej zawarto\u015bci w\u0119gla dobrze trzyma kraw\u0119d\u017a<br \/>\nRowki cierne na ostrzu u\u0142atwiaj\u0105 chwytanie<br \/>\nR\u0119koje\u015b\u0107 z G10 i stali nierdzewnej wytrzyma intensywne u\u017cytkowanie<br \/>\nKieszonkowy klips zapewnia bezpieczne przenoszenie<br \/>\nOtw\u00f3r na smycz na breloczek do kluczy lub zawieszk\u0119<\/p>\n<p>Dane techniczne:<br \/>\nD\u0142ugo\u015b\u0107 ostrza: 4,44 cm<br \/>\nD\u0142ugo\u015b\u0107 r\u0105czki: 7,44 cm<br \/>\nD\u0142ugo\u015b\u0107 ca\u0142kowita: 11,8 cm<br \/>\nMateria\u0142 ostrza: Stal narz\u0119dziowa D2<br \/>\nGrubo\u015b\u0107 ostrza: 0,11 cala (2,69 mm)<br \/>\nStyl ostrza: Drop Point<br \/>\nWyko\u0144czenie ostrza: Black Stonewash<br \/>\nMateria\u0142 r\u0119koje\u015bci: pomara\u0144czowy G10 i stal nierdzewna<br \/>\nMechanizm blokuj\u0105cy: Blokada ramy<br \/>\nKieszonkowy klips: sk\u0142adany, do noszenia w prawej r\u0119ce<br \/>\nWaga: 2,20 uncji (62,37 g)<br \/>\nProjektant: Lucas Burnley<br \/>\nPomoc w zakresie obrotu IKBS<\/p>\n<p><iframe title=\"CRKT Squid\u2122 Compact | Lucas Burnley Design\" width=\"800\" height=\"450\" src=\"https:\/\/www.youtube.com\/embed\/vNJRbbbCrik?feature=oembed\" frameborder=\"0\" allow=\"accelerometer; autoplay; clipboard-write; encrypted-media; gyroscope; picture-in-picture; web-share\" referrerpolicy=\"strict-origin-when-cross-origin\" allowfullscreen><\/iframe><\/p>\n<p>&nbsp;<\/p>\n","protected":false},"excerpt":{"rendered":"<p>Lucasa Burnleya<br \/>\nBend, Oregon<br \/>\nKiedy zapytasz Lucasa, co wprowadzi\u0142o go w \u015bwiat no\u017cy, gdy by\u0142 nastolatkiem, odpowie, \u017ce by\u0142y to historie o przetrwaniu, przygody terenowe z ojcem i spora dawka film\u00f3w akcji. Przez lata eksperymentowa\u0142 z szerok\u0105 gam\u0105 styl\u00f3w, aby umiej\u0119tnie \u0142\u0105czy\u0107 klasyczne przyk\u0142ady z nowoczesnymi materia\u0142ami i technikami, takimi jak n\u00f3\u017c Obake\u2122. Lucas wierzy, \u017ce no\u017ce s\u0105 osobistym wyrazem niezale\u017cno\u015bci. Nie mogli\u015bmy si\u0119 bardziej zgodzi\u0107.<\/p>\n","protected":false},"featured_media":328977,"comment_status":"open","ping_status":"closed","template":"","meta":[],"pwb-brand":[3458],"product_brand":[],"product_cat":[3307,3296],"product_tag":[3671],"class_list":{"0":"post-329029","1":"product","2":"type-product","3":"status-publish","4":"has-post-thumbnail","6":"pwb-brand-crkt-pl","7":"product_cat-zamykanie-nozy","8":"product_cat-noze-pl","9":"product_tag-b2b-pl","11":"first","12":"instock","13":"sale","14":"taxable","15":"shipping-taxable","16":"purchasable","17":"product-type-simple"},"brands":[{"id":3458,"name":"CRKT","slug":"crkt-pl"}],"_links":{"self":[{"href":"https:\/\/www.moskito.cz\/pl\/wp-json\/wp\/v2\/product\/329029","targetHints":{"allow":["GET"]}}],"collection":[{"href":"https:\/\/www.moskito.cz\/pl\/wp-json\/wp\/v2\/product"}],"about":[{"href":"https:\/\/www.moskito.cz\/pl\/wp-json\/wp\/v2\/types\/product"}],"replies":[{"embeddable":true,"href":"https:\/\/www.moskito.cz\/pl\/wp-json\/wp\/v2\/comments?post=329029"}],"wp:featuredmedia":[{"embeddable":true,"href":"https:\/\/www.moskito.cz\/pl\/wp-json\/wp\/v2\/media\/328977"}],"wp:attachment":[{"href":"https:\/\/www.moskito.cz\/pl\/wp-json\/wp\/v2\/media?parent=329029"}],"wp:term":[{"taxonomy":"pwb-brand","embeddable":true,"href":"https:\/\/www.moskito.cz\/pl\/wp-json\/wp\/v2\/pwb-brand?post=329029"},{"taxonomy":"product_brand","embeddable":true,"href":"https:\/\/www.moskito.cz\/pl\/wp-json\/wp\/v2\/product_brand?post=329029"},{"taxonomy":"product_cat","embeddable":true,"href":"https:\/\/www.moskito.cz\/pl\/wp-json\/wp\/v2\/product_cat?post=329029"},{"taxonomy":"product_tag","embeddable":true,"href":"https:\/\/www.moskito.cz\/pl\/wp-json\/wp\/v2\/product_tag?post=329029"}],"curies":[{"name":"wp","href":"https:\/\/api.w.org\/{rel}","templated":true}]}}