{"id":329142,"date":"2024-04-11T19:44:57","date_gmt":"2024-04-11T18:47:11","guid":{"rendered":"https:\/\/www.moskito.cz\/produkt\/noz-zamykajacy-crkt-ceo-microflipper-7083\/"},"modified":"2025-05-07T11:09:46","modified_gmt":"2025-05-07T10:09:46","slug":"noz-zamykajacy-crkt-ceo-microflipper-7083","status":"publish","type":"product","link":"https:\/\/www.moskito.cz\/pl\/produkt\/noz-zamykajacy-crkt-ceo-microflipper-7083\/","title":{"rendered":"N\u00f3\u017c zamykaj\u0105cy CRKT CEO Microflipper 7083"},"content":{"rendered":"<p>N\u00f3\u017c zamykaj\u0105cy <strong>CRKT<\/strong> CEO Microflipper 7083.<\/p>\n<p><strong>CEO<\/strong> Microflipper to n\u00f3\u017c ubrany na sukces. Na pierwszy rzut oka mo\u017cna go pomyli\u0107 z d\u0142ugopisem schowanym w kieszeni koszuli. I tak w\u0142a\u015bnie powsta\u0142 n\u00f3\u017c sk\u0142adany CEO Microflipper. Dzi\u0119ki wyj\u0105tkowo niskiemu profilowi \u200b\u200bi brakowi naro\u017cnik\u00f3w kosztem u\u017cyteczno\u015bci i ergonomii, uciele\u015bnia ducha pracy w codziennym u\u017cytkowaniu. Kolor jest fantastyczny \u2013 g\u0142\u0119boki b\u0142\u0119kit naprawd\u0119 wyr\u00f3\u017cnia n\u00f3\u017c.<\/p>\n<p>Znany ze swoich czystych, prostych i wysoce u\u017cytecznych projekt\u00f3w, Richard Rogers wypuszcza kolejny imponuj\u0105cy n\u00f3\u017c ze swojego sklepu na zaro\u015bni\u0119tych wzg\u00f3rzach Magdaleny w Nowym Meksyku. Zaprojektowany z my\u015bl\u0105 o kieszeniach koszuli i dekolcie w kszta\u0142cie litery V, smuk\u0142y, niskoprofilowy CEO Microflipper jest d\u0142ugopisem, dop\u00f3ki nie trzeba otworzy\u0107 zapiecz\u0119towanego listu lub nie trzeba poprawia\u0107 garnituru. Dzi\u0119ki smarowanym \u0142o\u017cyskom kulkowym w czopie, kt\u00f3re zmniejszaj\u0105 tarcie, IKBS wprawia w ruch cienki sworze\u0144 kciuka i szybko wysuwa satynowane ostrze ze stali nierdzewnej. Wk\u0142adka blokuj\u0105ca utrzymuje go bezpiecznie na miejscu pomi\u0119dzy eleganckim i lekkim niebieskim aluminiowym uchwytem z wk\u0142adkami ze stali nierdzewnej i klipsem.<\/p>\n<p>CEO Microflipper: najlepiej w po\u0142\u0105czeniu z bardzo ciemnymi ciastami i d\u0142ug\u0105 list\u0105 rzeczy do zrobienia.<\/p>\n<p>Dane techniczne<br \/>\nD\u0142ugo\u015b\u0107 ostrza: 5,52 cm<br \/>\nD\u0142ugo\u015b\u0107 po zamkni\u0119ciu: 8,12 cm<br \/>\nD\u0142ugo\u015b\u0107 ca\u0142kowita: 13,7 cm<br \/>\nMateria\u0142 ostrza: stal nierdzewna Sandvik 12C27<br \/>\nStyl ostrza: Owcza Stopa<br \/>\nObr\u00f3bka powierzchni ostrza: satyna<br \/>\nMateria\u0142 r\u0119koje\u015bci: teksturowane niebieskie aluminium ze wstawkami ze stali nierdzewnej<br \/>\nMechanizm blokuj\u0105cy: Liner Lock<br \/>\nKieszonkowy klips: g\u0142\u0119bokie noszenie z ko\u0144c\u00f3wk\u0105 w d\u00f3\u0142, noszenie w prawo\/lewo<br \/>\nWaga: 1,7 uncji<br \/>\nProjektant: Richard Rogers<\/p>\n<p><iframe title=\"CRKT CEO Microflipper | Richard Rogers Design\" width=\"800\" height=\"450\" src=\"https:\/\/www.youtube.com\/embed\/foLCcQjXDCM?feature=oembed\" frameborder=\"0\" allow=\"accelerometer; autoplay; clipboard-write; encrypted-media; gyroscope; picture-in-picture; web-share\" referrerpolicy=\"strict-origin-when-cross-origin\" allowfullscreen><\/iframe><\/p>\n<p>&nbsp;<\/p>\n","protected":false},"excerpt":{"rendered":"<p>PROJEKTANT<br \/>\nRicharda Rogersa<br \/>\nMagdaleny w Nowym Meksyku<br \/>\nProste, praktyczne elementy codziennego u\u017cytku to moja pasja. Przy ka\u017cdym projekcie skupiam si\u0119 na tym, co mo\u017ce zrobi\u0107, aby u\u0142atwi\u0107 \u017cycie osobie trzymaj\u0105cej go.<\/p>\n","protected":false},"featured_media":329095,"comment_status":"open","ping_status":"closed","template":"","meta":[],"pwb-brand":[3458],"product_brand":[],"product_cat":[3307,3296],"product_tag":[3671],"class_list":{"0":"post-329142","1":"product","2":"type-product","3":"status-publish","4":"has-post-thumbnail","6":"pwb-brand-crkt-pl","7":"product_cat-zamykanie-nozy","8":"product_cat-noze-pl","9":"product_tag-b2b-pl","11":"first","12":"outofstock","13":"taxable","14":"shipping-taxable","15":"purchasable","16":"product-type-simple"},"brands":[{"id":3458,"name":"CRKT","slug":"crkt-pl"}],"_links":{"self":[{"href":"https:\/\/www.moskito.cz\/pl\/wp-json\/wp\/v2\/product\/329142","targetHints":{"allow":["GET"]}}],"collection":[{"href":"https:\/\/www.moskito.cz\/pl\/wp-json\/wp\/v2\/product"}],"about":[{"href":"https:\/\/www.moskito.cz\/pl\/wp-json\/wp\/v2\/types\/product"}],"replies":[{"embeddable":true,"href":"https:\/\/www.moskito.cz\/pl\/wp-json\/wp\/v2\/comments?post=329142"}],"wp:featuredmedia":[{"embeddable":true,"href":"https:\/\/www.moskito.cz\/pl\/wp-json\/wp\/v2\/media\/329095"}],"wp:attachment":[{"href":"https:\/\/www.moskito.cz\/pl\/wp-json\/wp\/v2\/media?parent=329142"}],"wp:term":[{"taxonomy":"pwb-brand","embeddable":true,"href":"https:\/\/www.moskito.cz\/pl\/wp-json\/wp\/v2\/pwb-brand?post=329142"},{"taxonomy":"product_brand","embeddable":true,"href":"https:\/\/www.moskito.cz\/pl\/wp-json\/wp\/v2\/product_brand?post=329142"},{"taxonomy":"product_cat","embeddable":true,"href":"https:\/\/www.moskito.cz\/pl\/wp-json\/wp\/v2\/product_cat?post=329142"},{"taxonomy":"product_tag","embeddable":true,"href":"https:\/\/www.moskito.cz\/pl\/wp-json\/wp\/v2\/product_tag?post=329142"}],"curies":[{"name":"wp","href":"https:\/\/api.w.org\/{rel}","templated":true}]}}