{"id":329202,"date":"2024-04-11T20:00:51","date_gmt":"2024-04-11T19:34:22","guid":{"rendered":"https:\/\/www.moskito.cz\/produkt\/noz-zamykajacy-crkt-ceo-microflipper-7081\/"},"modified":"2025-05-07T11:09:48","modified_gmt":"2025-05-07T10:09:48","slug":"noz-zamykajacy-crkt-ceo-microflipper-7081","status":"publish","type":"product","link":"https:\/\/www.moskito.cz\/pl\/produkt\/noz-zamykajacy-crkt-ceo-microflipper-7081\/","title":{"rendered":"N\u00f3\u017c zamykaj\u0105cy CRKT CEO Microflipper 7081"},"content":{"rendered":"<p>N\u00f3\u017c zamykaj\u0105cy <strong>CRKT<\/strong> CEO Microflipper 7081<\/p>\n<p>Najmniejsza wersja znanej rodziny no\u017cy sk\u0142adanych CEO, Microflipper, \u0142\u0105czy w sobie wyrafinowany styl i maksymalny komfort. Mo\u017ce i jest ma\u0142y, ale dzi\u0119ki lekkiej aluminiowej r\u0119koje\u015bci i wytrzyma\u0142emu ostrzu ze stali D2 jest powa\u017cnym kandydatem do ka\u017cdego zadania.<\/p>\n<p>Ten elegancki, ma\u0142y scyzoryk ma spiczaste ostrze i aluminiow\u0105 r\u0119koje\u015b\u0107 w ca\u0142kowicie czarnym wyko\u0144czeniu \u2013 wygl\u0105da tak, by robi\u0107 wra\u017cenie w biurze i poza nim.<\/p>\n<p>Dane techniczne:<br \/>\nD\u0142ugo\u015b\u0107 ostrza: 6 cm<br \/>\nD\u0142ugo\u015b\u0107 po zamkni\u0119ciu: 8,55 cm<br \/>\nD\u0142ugo\u015b\u0107 ca\u0142kowita: 14,28 cm<br \/>\nMateria\u0142 ostrza: Stal narz\u0119dziowa D2<br \/>\nGrubo\u015b\u0107 ostrza: 021 cm<br \/>\nStyl ostrza: Drop Point<br \/>\nObr\u00f3bka powierzchni ostrza: czarny azotek tytanu<br \/>\nMateria\u0142 r\u0119koje\u015bci: aluminium teksturowane w kolorze czarnym<br \/>\nMechanizm blokuj\u0105cy: Liner Lock<br \/>\nKieszonkowy klips: g\u0142\u0119bokie noszenie z ko\u0144c\u00f3wk\u0105 w d\u00f3\u0142, noszenie w prawo\/lewo<br \/>\nWaga: 1,70 uncji (48,19 g)<br \/>\nProjektant: Richard Rogers<\/p>\n<p><iframe title=\"CRKT CEO Microflipper | Richard Rogers Design\" width=\"800\" height=\"450\" src=\"https:\/\/www.youtube.com\/embed\/pZ2QIeUSL-Q?feature=oembed\" frameborder=\"0\" allow=\"accelerometer; autoplay; clipboard-write; encrypted-media; gyroscope; picture-in-picture; web-share\" referrerpolicy=\"strict-origin-when-cross-origin\" allowfullscreen><\/iframe><\/p>\n<p>&nbsp;<\/p>\n","protected":false},"excerpt":{"rendered":"<p>Richarda Rogersa<br \/>\nMagdaleny w Nowym Meksyku<br \/>\nProste, praktyczne elementy codziennego u\u017cytku to moja pasja. Przy ka\u017cdym projekcie skupiam si\u0119 na tym, co mo\u017ce zrobi\u0107, aby u\u0142atwi\u0107 \u017cycie osobie trzymaj\u0105cej go.<\/p>\n","protected":false},"featured_media":333536,"comment_status":"open","ping_status":"closed","template":"","meta":[],"pwb-brand":[3458],"product_brand":[],"product_cat":[3307,3296],"product_tag":[3671],"class_list":{"0":"post-329202","1":"product","2":"type-product","3":"status-publish","4":"has-post-thumbnail","6":"pwb-brand-crkt-pl","7":"product_cat-zamykanie-nozy","8":"product_cat-noze-pl","9":"product_tag-b2b-pl","11":"first","12":"outofstock","13":"taxable","14":"shipping-taxable","15":"purchasable","16":"product-type-simple"},"brands":[{"id":3458,"name":"CRKT","slug":"crkt-pl"}],"_links":{"self":[{"href":"https:\/\/www.moskito.cz\/pl\/wp-json\/wp\/v2\/product\/329202","targetHints":{"allow":["GET"]}}],"collection":[{"href":"https:\/\/www.moskito.cz\/pl\/wp-json\/wp\/v2\/product"}],"about":[{"href":"https:\/\/www.moskito.cz\/pl\/wp-json\/wp\/v2\/types\/product"}],"replies":[{"embeddable":true,"href":"https:\/\/www.moskito.cz\/pl\/wp-json\/wp\/v2\/comments?post=329202"}],"wp:featuredmedia":[{"embeddable":true,"href":"https:\/\/www.moskito.cz\/pl\/wp-json\/wp\/v2\/media\/333536"}],"wp:attachment":[{"href":"https:\/\/www.moskito.cz\/pl\/wp-json\/wp\/v2\/media?parent=329202"}],"wp:term":[{"taxonomy":"pwb-brand","embeddable":true,"href":"https:\/\/www.moskito.cz\/pl\/wp-json\/wp\/v2\/pwb-brand?post=329202"},{"taxonomy":"product_brand","embeddable":true,"href":"https:\/\/www.moskito.cz\/pl\/wp-json\/wp\/v2\/product_brand?post=329202"},{"taxonomy":"product_cat","embeddable":true,"href":"https:\/\/www.moskito.cz\/pl\/wp-json\/wp\/v2\/product_cat?post=329202"},{"taxonomy":"product_tag","embeddable":true,"href":"https:\/\/www.moskito.cz\/pl\/wp-json\/wp\/v2\/product_tag?post=329202"}],"curies":[{"name":"wp","href":"https:\/\/api.w.org\/{rel}","templated":true}]}}