{"id":329371,"date":"2023-03-22T22:11:26","date_gmt":"2023-03-22T21:11:26","guid":{"rendered":"https:\/\/www.moskito.cz\/produkt\/noz-zamykajacy-crkt-butte-2471\/"},"modified":"2025-05-07T11:09:51","modified_gmt":"2025-05-07T10:09:51","slug":"noz-zamykajacy-crkt-butte-2471","status":"publish","type":"product","link":"https:\/\/www.moskito.cz\/pl\/produkt\/noz-zamykajacy-crkt-butte-2471\/","title":{"rendered":"N\u00f3\u017c zamykaj\u0105cy CRKT BUTTE 2471"},"content":{"rendered":"<p>N\u00f3\u017c zamykaj\u0105cy <strong>CRKT<\/strong> BUTTE 2471<\/p>\n<p><strong>Nowoczesny klasyk od legendarnego projektanta.<\/strong><\/p>\n<p>Butte, nazwany na cze\u015b\u0107 wzg\u00f3rz otaczaj\u0105cych rodzinne miasto projektanta Lucasa Burnleya, Bend w stanie Oregon, jest sk\u0142adanym no\u017cem, kt\u00f3ry nawi\u0105zuje stylizacj\u0105 do standardowych no\u017cy my\u015bliwskich. Burnley nazywa go \u201enowoczesnym klasykiem\u201d i \u0142\u0105czy tradycyjny wygl\u0105d z najnowszymi materia\u0142ami i funkcjami \u2013 w tym Deadbolt\u00ae, pierwszym no\u017cem Burnley.<br \/>\nMocny i prosty: zamek Deadbolt\u00ae zapewnia niesamowit\u0105 wytrzyma\u0142o\u015b\u0107 i jest \u0142atwy w u\u017cyciu<br \/>\nWspomagane otwieranie: Flipper szybko rozk\u0142ada ostrze<br \/>\nP\u0142ynne otwieranie: sworze\u0144 z \u0142o\u017cyskiem kulkowym IKBS\u2122 p\u0142ynnie rozk\u0142ada ostrze<br \/>\nDoskona\u0142a wydajno\u015b\u0107: ostrze ze stali D2 zapewnia doskona\u0142e trzymanie ostrza<br \/>\nWyj\u0105tkowa przyczepno\u015b\u0107: chwyt G10 zapewnia przyczepno\u015b\u0107 w ka\u017cdych warunkach<br \/>\nNiski profil: G\u0142\u0119boki klips do przenoszenia mie\u015bci si\u0119 nisko w kieszeni<\/p>\n<p>SPECYFIKACJE<br \/>\nD\u0142ugo\u015b\u0107 ostrza 8,52 cm<br \/>\nKraw\u0119d\u017a ostrza g\u0142adka<br \/>\nOstrze ze stali D2<br \/>\nWyko\u0144czenie ostrza typu stonewash<br \/>\nGrubo\u015b\u0107 ostrza 0,29 cm<br \/>\nD\u0142ugo\u015b\u0107 ca\u0142kowita 20,16 cm<br \/>\nD\u0142ugo\u015b\u0107 po zamkni\u0119ciu 11,60 cm<br \/>\nWaga 141,75 g<br \/>\nR\u0119koje\u015b\u0107 G10<br \/>\nStylowy n\u00f3\u017c sk\u0142adany z blokad\u0105 Deadbolt\u00ae<\/p>\n<p><iframe title=\"Meet Knifemaker and Designer Lucas Burnley\" width=\"800\" height=\"450\" src=\"https:\/\/www.youtube.com\/embed\/GC8WctypoNo?feature=oembed\" frameborder=\"0\" allow=\"accelerometer; autoplay; clipboard-write; encrypted-media; gyroscope; picture-in-picture; web-share\" referrerpolicy=\"strict-origin-when-cross-origin\" allowfullscreen><\/iframe><\/p>\n<p>&nbsp;<\/p>\n","protected":false},"excerpt":{"rendered":"<pre id=\"tw-target-text\" class=\"tw-data-text tw-text-large tw-ta\" dir=\"ltr\" data-placeholder=\"P\u0159eklad\"><strong><span class=\"Y2IQFc\" lang=\"cs\">Navrhl Lucas Burnley v Bend, Oregon<\/span><\/strong><\/pre>\n","protected":false},"featured_media":329391,"comment_status":"open","ping_status":"closed","template":"","meta":[],"pwb-brand":[3458],"product_brand":[],"product_cat":[3307,3296],"product_tag":[3671],"class_list":{"0":"post-329371","1":"product","2":"type-product","3":"status-publish","4":"has-post-thumbnail","6":"pwb-brand-crkt-pl","7":"product_cat-zamykanie-nozy","8":"product_cat-noze-pl","9":"product_tag-b2b-pl","11":"first","12":"instock","13":"taxable","14":"shipping-taxable","15":"purchasable","16":"product-type-simple"},"brands":[{"id":3458,"name":"CRKT","slug":"crkt-pl"}],"_links":{"self":[{"href":"https:\/\/www.moskito.cz\/pl\/wp-json\/wp\/v2\/product\/329371","targetHints":{"allow":["GET"]}}],"collection":[{"href":"https:\/\/www.moskito.cz\/pl\/wp-json\/wp\/v2\/product"}],"about":[{"href":"https:\/\/www.moskito.cz\/pl\/wp-json\/wp\/v2\/types\/product"}],"replies":[{"embeddable":true,"href":"https:\/\/www.moskito.cz\/pl\/wp-json\/wp\/v2\/comments?post=329371"}],"wp:featuredmedia":[{"embeddable":true,"href":"https:\/\/www.moskito.cz\/pl\/wp-json\/wp\/v2\/media\/329391"}],"wp:attachment":[{"href":"https:\/\/www.moskito.cz\/pl\/wp-json\/wp\/v2\/media?parent=329371"}],"wp:term":[{"taxonomy":"pwb-brand","embeddable":true,"href":"https:\/\/www.moskito.cz\/pl\/wp-json\/wp\/v2\/pwb-brand?post=329371"},{"taxonomy":"product_brand","embeddable":true,"href":"https:\/\/www.moskito.cz\/pl\/wp-json\/wp\/v2\/product_brand?post=329371"},{"taxonomy":"product_cat","embeddable":true,"href":"https:\/\/www.moskito.cz\/pl\/wp-json\/wp\/v2\/product_cat?post=329371"},{"taxonomy":"product_tag","embeddable":true,"href":"https:\/\/www.moskito.cz\/pl\/wp-json\/wp\/v2\/product_tag?post=329371"}],"curies":[{"name":"wp","href":"https:\/\/api.w.org\/{rel}","templated":true}]}}