{"id":329430,"date":"2022-09-07T22:43:25","date_gmt":"2024-04-12T07:22:29","guid":{"rendered":"https:\/\/www.moskito.cz\/produkt\/noz-zamykajacy-crkt-hissatsu-2903\/"},"modified":"2025-05-07T11:09:52","modified_gmt":"2025-05-07T10:09:52","slug":"noz-zamykajacy-crkt-hissatsu-2903","status":"publish","type":"product","link":"https:\/\/www.moskito.cz\/pl\/produkt\/noz-zamykajacy-crkt-hissatsu-2903\/","title":{"rendered":"N\u00f3\u017c zamykaj\u0105cy CRKT HISSATSU 2903"},"content":{"rendered":"<p>N\u00f3\u017c zamykaj\u0105cy <strong>CRKT<\/strong> HISSATSU 2903.<\/p>\n<p>Folder Hissatsu\u2122 zosta\u0142 zaprojektowany przez Jamesa Williamsa z Encinitas w Kalifornii z my\u015bl\u0105 o sytuacjach, gdy wojskowe jednostki specjalne lub specjali\u015bci ds. bezpiecze\u0144stwa znajduj\u0105 si\u0119 w \u015brodowisku, w kt\u00f3rym musz\u0105 zachowa\u0107 dyskrecj\u0119, aby zapewni\u0107 sobie bezpiecze\u0144stwo. Strzelanie z g\u0142o\u015bnej broni palnej lub noszenie du\u017cych ostrzy podczas wykonywania zada\u0144 wysokiego ryzyka nie zawsze jest rozwi\u0105zaniem. Teraz istnieje alternatywa: Folder Hissatsu\u2122. Ten taktyczny n\u00f3\u017c sk\u0142adany mo\u017cna schowa\u0107 w kieszeni lub wygodnie przypi\u0105\u0107 pod kurtk\u0105 i wykorzysta\u0107 p\u00f3\u017aniej, zapewniaj\u0105c du\u017c\u0105 si\u0142\u0119 obronn\u0105.<\/p>\n<p>Kszta\u0142t ostrza nawi\u0105zuje do klasycznej ko\u0144c\u00f3wki samurajskiej, kt\u00f3ra zapewnia doskona\u0142\u0105 si\u0142\u0119 penetracji i wyj\u0105tkow\u0105 wydajno\u015b\u0107 ci\u0119cia. Posiada najwy\u017cszej jako\u015bci ostrze ze stali nierdzewnej AUS 8, zapewniaj\u0105ce optymaln\u0105 wytrzyma\u0142o\u015b\u0107 i zdolno\u015b\u0107 trzymania kraw\u0119dzi przy dobrej odporno\u015bci na korozj\u0119. Tymczasem nieodblaskowa czarna pow\u0142oka pomaga zachowa\u0107 niski profil w ciemnych warunkach. Przy d\u0142ugo\u015bci ostrza wynosz\u0105cej 3,875 cala jest to bezpiecznie poni\u017cej dopuszczalnego limitu prawnego w wi\u0119kszo\u015bci jurysdykcji, ale wydajno\u015b\u0107 jest znacznie wy\u017csza.<\/p>\n<p>Podobnie jak Ty, n\u00f3\u017c jest gotowy do przej\u015bcia w tryb misji dzi\u0119ki naszemu opatentowanemu, spr\u0119\u017cynowemu mechanizmowi otwierania Outburst\u00ae. Nast\u0119pnie automatycznie blokuje si\u0119 w pozycji otwartej dzi\u0119ki naszemu automatycznemu bezpiecze\u0144stwu wk\u0142adki. To innowacja w zakresie bezpiecze\u0144stwa wk\u0142adek zamkowych, przeniesiona na wy\u017cszy poziom. Automatyczna blokada wk\u0142adki ustawia sworze\u0144 pomi\u0119dzy wk\u0142adk\u0105 zamka a o\u015bcie\u017cnic\u0105. Trzpie\u0144 ten pe\u0142ni rol\u0119 dodatkowej warstwy zabezpieczaj\u0105cej, zmniejszaj\u0105c prawdopodobie\u0144stwo poluzowania si\u0119 wk\u0142adki blokuj\u0105cej podczas u\u017cytkowania.<\/p>\n<p>Aby zamkn\u0105\u0107 n\u00f3\u017c nale\u017cy odci\u0105gn\u0105\u0107 d\u017awigni\u0119 zabezpieczaj\u0105c\u0105 z czerwonym przyciskiem, przesun\u0105\u0107 wk\u0142adk\u0119 blokuj\u0105c\u0105 i z\u0142o\u017cy\u0107 ostrze do pozycji zamkni\u0119tej. Chcesz mie\u0107 jeden z najbezpieczniejszych system\u00f3w bezpiecze\u0144stwa na rynku? Wyb\u00f3r jest automatyczny. Warto o tym pami\u0119ta\u0107, gdy z\u0142oczy\u0144cy oddychaj\u0105 po Twojej szyi, twarzy lub gdziekolwiek, gdzie s\u0105 zbyt blisko. Aby zachowa\u0107 zgodno\u015b\u0107 z przepisami, mechanizm spr\u0119\u017cynowy Outburst\u00ae mo\u017cna \u0142atwo wy\u0142\u0105czy\u0107 za pomoc\u0105 jednej \u015bruby ustalaj\u0105cej.<\/p>\n<p>R\u0119koje\u015b\u0107 ma r\u00f3wnie\u017c kilka as\u00f3w w r\u0119kawie dzi\u0119ki wytrzyma\u0142ej konstrukcji InterFrame ze wstawkami ze stali nierdzewnej, kt\u00f3re blokuj\u0105 si\u0119 po jednej stronie, oraz czarnymi nylonowymi \u0142uskami wzmocnionymi w\u0142\u00f3knem szklanym, kt\u00f3re s\u0105 teksturowane, aby zapewni\u0107 pewny chwyt. Tarcza pod kciuk umo\u017cliwia szybkie otwieranie dowoln\u0105 r\u0119k\u0105, a niestandardowy klips ze stali nierdzewnej w kolorze czarnym mo\u017cna szybko i \u0142atwo zamontowa\u0107 w prawo lub w lewo za pomoc\u0105 jednej \u015bruby, tworz\u0105c n\u00f3\u017c naprawd\u0119 obur\u0119czny.<\/p>\n<p>Jest to profesjonalny folder taktyczny, kt\u00f3ry zosta\u0142 stworzony z my\u015bl\u0105 o trwa\u0142o\u015bci. Je\u015bli to samo mo\u017cna powiedzie\u0107 o wrogach wolno\u015bci.<\/p>\n<p>SPECYFIKACJE<br \/>\nD\u0142ugo\u015b\u0107 ostrza 3,88 cala (98,43 mm)<br \/>\nOstrze proste<br \/>\nOstrze ze stali AUS 8<br \/>\nObr\u00f3bka powierzchni ostrza Pow\u0142oka odporna na korozj\u0119<br \/>\nGrubo\u015b\u0107 ostrza 0,16 cala (4,06 mm)<br \/>\nD\u0142ugo\u015b\u0107 ca\u0142kowita 8,75 cala (222,25 mm)<br \/>\nD\u0142ugo\u015b\u0107 zamkni\u0119ta 5,00&#8243; (127,00 mm)<br \/>\nWaga 5,80 uncji (164,43 g)<br \/>\nR\u0119koje\u015b\u0107 Nylon wzmocniony szk\u0142em<br \/>\nN\u00f3\u017c sk\u0142adany Style Assisted z blokad\u0105 Liner Lock<\/p>\n<p><iframe title=\"Hissatsu Folder Tactical Knife | by James Williams\" width=\"800\" height=\"450\" src=\"https:\/\/www.youtube.com\/embed\/JOUc0xG2FXQ?feature=oembed\" frameborder=\"0\" allow=\"accelerometer; autoplay; clipboard-write; encrypted-media; gyroscope; picture-in-picture; web-share\" referrerpolicy=\"strict-origin-when-cross-origin\" allowfullscreen><\/iframe><\/p>\n<p>&nbsp;<\/p>\n","protected":false},"excerpt":{"rendered":"<p>Zaprojektowany przez Jamesa Williamsa w Vass w P\u00f3\u0142nocnej Karolinie.<\/p>\n","protected":false},"featured_media":329431,"comment_status":"open","ping_status":"closed","template":"","meta":[],"pwb-brand":[3458],"product_brand":[],"product_cat":[3296,3307],"product_tag":[3671],"class_list":{"0":"post-329430","1":"product","2":"type-product","3":"status-publish","4":"has-post-thumbnail","6":"pwb-brand-crkt-pl","7":"product_cat-noze-pl","8":"product_cat-zamykanie-nozy","9":"product_tag-b2b-pl","11":"first","12":"outofstock","13":"taxable","14":"shipping-taxable","15":"purchasable","16":"product-type-simple"},"brands":[{"id":3458,"name":"CRKT","slug":"crkt-pl"}],"_links":{"self":[{"href":"https:\/\/www.moskito.cz\/pl\/wp-json\/wp\/v2\/product\/329430","targetHints":{"allow":["GET"]}}],"collection":[{"href":"https:\/\/www.moskito.cz\/pl\/wp-json\/wp\/v2\/product"}],"about":[{"href":"https:\/\/www.moskito.cz\/pl\/wp-json\/wp\/v2\/types\/product"}],"replies":[{"embeddable":true,"href":"https:\/\/www.moskito.cz\/pl\/wp-json\/wp\/v2\/comments?post=329430"}],"wp:featuredmedia":[{"embeddable":true,"href":"https:\/\/www.moskito.cz\/pl\/wp-json\/wp\/v2\/media\/329431"}],"wp:attachment":[{"href":"https:\/\/www.moskito.cz\/pl\/wp-json\/wp\/v2\/media?parent=329430"}],"wp:term":[{"taxonomy":"pwb-brand","embeddable":true,"href":"https:\/\/www.moskito.cz\/pl\/wp-json\/wp\/v2\/pwb-brand?post=329430"},{"taxonomy":"product_brand","embeddable":true,"href":"https:\/\/www.moskito.cz\/pl\/wp-json\/wp\/v2\/product_brand?post=329430"},{"taxonomy":"product_cat","embeddable":true,"href":"https:\/\/www.moskito.cz\/pl\/wp-json\/wp\/v2\/product_cat?post=329430"},{"taxonomy":"product_tag","embeddable":true,"href":"https:\/\/www.moskito.cz\/pl\/wp-json\/wp\/v2\/product_tag?post=329430"}],"curies":[{"name":"wp","href":"https:\/\/api.w.org\/{rel}","templated":true}]}}