{"id":329454,"date":"2022-11-19T11:59:46","date_gmt":"2024-04-12T07:25:29","guid":{"rendered":"https:\/\/www.moskito.cz\/produkt\/noz-zamykajacy-crkt-m16-13zlek\/"},"modified":"2025-05-07T11:09:56","modified_gmt":"2025-05-07T10:09:56","slug":"noz-zamykajacy-crkt-m16-13zlek","status":"publish","type":"product","link":"https:\/\/www.moskito.cz\/pl\/produkt\/noz-zamykajacy-crkt-m16-13zlek\/","title":{"rendered":"N\u00f3\u017c zamykaj\u0105cy CRKT M16-13ZLEK"},"content":{"rendered":"<p>N\u00f3\u017c zamykaj\u0105cy <strong>CRKT<\/strong> M16-13ZLEK.<\/p>\n<p>W ci\u0105gu ostatniej dekady wyprodukowali\u015bmy popularn\u0105 seri\u0119 M16\u00ae firmy Kit Carson w wielu odmianach. Nasza wersja z nylonu wype\u0142nionego szk\u0142em zgromadzi\u0142a najwi\u0119ksz\u0105 ze wszystkich baz\u0119 u\u017cytkownik\u00f3w. Te no\u017ce zosta\u0142y zbudowane z my\u015bl\u0105 o funkcjonalno\u015bci, a nie o modzie, i maj\u0105 wyj\u0105tkowe warto\u015bci.<br \/>\nAutomatyczne zabezpieczenie wk\u0142adu<br \/>\nPrzek\u0142adnia Triple Point\u2122<br \/>\nPrzecinak do pas\u00f3w bezpiecze\u0144stwa i zbijak do szyb z w\u0119glik\u00f3w spiekanych.<\/p>\n<p>SPECYFIKACJE<br \/>\nD\u0142ugo\u015b\u0107 ostrza 3,38 cala (85,73 mm)<br \/>\nKraw\u0119d\u017a ostrza Triple Point Serrations\u2122<br \/>\nOstrze ze stali AUS 8<br \/>\nObr\u00f3bka powierzchni ostrza Azotek tytanu<br \/>\nGrubo\u015b\u0107 ostrza 0,12 cala (3,00 mm)<br \/>\nD\u0142ugo\u015b\u0107 ca\u0142kowita 8,25 cala (209,55 mm)<br \/>\nD\u0142ugo\u015b\u0107 po zamkni\u0119ciu 4,88 cala (123,83 mm)<br \/>\nWaga 3,70 uncji (104,89 g)<br \/>\nR\u0119koje\u015b\u0107 Nylon wzmocniony szk\u0142em<br \/>\nStylowy n\u00f3\u017c sk\u0142adany z blokad\u0105 Liner Lock<\/p>\n<p><iframe title=\"CRKT M16-14ZLEK Knife Designed by Kit Carson\" width=\"800\" height=\"450\" src=\"https:\/\/www.youtube.com\/embed\/fG33eU9Egpc?feature=oembed\" frameborder=\"0\" allow=\"accelerometer; autoplay; clipboard-write; encrypted-media; gyroscope; picture-in-picture; web-share\" referrerpolicy=\"strict-origin-when-cross-origin\" allowfullscreen><\/iframe><\/p>\n<p>&nbsp;<\/p>\n<p>&nbsp;<\/p>\n","protected":false},"excerpt":{"rendered":"<p>Zaprojektowany przez Kita Carsona w Vine Grove w stanie Kentucky.<\/p>\n","protected":false},"featured_media":329455,"comment_status":"open","ping_status":"closed","template":"","meta":[],"pwb-brand":[3458],"product_brand":[],"product_cat":[3296,3307],"product_tag":[3671],"class_list":{"0":"post-329454","1":"product","2":"type-product","3":"status-publish","4":"has-post-thumbnail","6":"pwb-brand-crkt-pl","7":"product_cat-noze-pl","8":"product_cat-zamykanie-nozy","9":"product_tag-b2b-pl","11":"first","12":"outofstock","13":"taxable","14":"shipping-taxable","15":"purchasable","16":"product-type-simple"},"brands":[{"id":3458,"name":"CRKT","slug":"crkt-pl"}],"_links":{"self":[{"href":"https:\/\/www.moskito.cz\/pl\/wp-json\/wp\/v2\/product\/329454","targetHints":{"allow":["GET"]}}],"collection":[{"href":"https:\/\/www.moskito.cz\/pl\/wp-json\/wp\/v2\/product"}],"about":[{"href":"https:\/\/www.moskito.cz\/pl\/wp-json\/wp\/v2\/types\/product"}],"replies":[{"embeddable":true,"href":"https:\/\/www.moskito.cz\/pl\/wp-json\/wp\/v2\/comments?post=329454"}],"wp:featuredmedia":[{"embeddable":true,"href":"https:\/\/www.moskito.cz\/pl\/wp-json\/wp\/v2\/media\/329455"}],"wp:attachment":[{"href":"https:\/\/www.moskito.cz\/pl\/wp-json\/wp\/v2\/media?parent=329454"}],"wp:term":[{"taxonomy":"pwb-brand","embeddable":true,"href":"https:\/\/www.moskito.cz\/pl\/wp-json\/wp\/v2\/pwb-brand?post=329454"},{"taxonomy":"product_brand","embeddable":true,"href":"https:\/\/www.moskito.cz\/pl\/wp-json\/wp\/v2\/product_brand?post=329454"},{"taxonomy":"product_cat","embeddable":true,"href":"https:\/\/www.moskito.cz\/pl\/wp-json\/wp\/v2\/product_cat?post=329454"},{"taxonomy":"product_tag","embeddable":true,"href":"https:\/\/www.moskito.cz\/pl\/wp-json\/wp\/v2\/product_tag?post=329454"}],"curies":[{"name":"wp","href":"https:\/\/api.w.org\/{rel}","templated":true}]}}