{"id":329482,"date":"2023-12-12T22:00:01","date_gmt":"2024-04-12T07:30:20","guid":{"rendered":"https:\/\/www.moskito.cz\/produkt\/noz-skladany-columbia-river-crkt-mj-lerch-definitive-stonewashed-3820\/"},"modified":"2025-05-07T11:09:57","modified_gmt":"2025-05-07T10:09:57","slug":"noz-skladany-columbia-river-crkt-mj-lerch-definitive-stonewashed-3820","status":"publish","type":"product","link":"https:\/\/www.moskito.cz\/pl\/produkt\/noz-skladany-columbia-river-crkt-mj-lerch-definitive-stonewashed-3820\/","title":{"rendered":"N\u00f3\u017c sk\u0142adany Columbia River CRKT MJ Lerch Definitive Stonewashed 3820"},"content":{"rendered":"<p>N\u00f3\u017c sk\u0142adany Columbia River <strong>CRKT<\/strong> MJ Lerch Definitive Stonewashed 3820<\/p>\n<p>Zdecydowanie do noszenia na co dzie\u0144. Ten sk\u0142adany n\u00f3\u017c, wyprodukowany w USA przez projektanta MJ Lercha, jest jednym z pierwszych no\u017cy <strong>CRKT<\/strong> wyposa\u017conych w blokad\u0119 poprzeczn\u0105. Szybki, p\u0142ynny i w pe\u0142ni obur\u0119czny, Crossbar jest \u0142atwy w obs\u0142udze i bardzo przyjazny. Jednak nie jest to jedyna wyj\u0105tkowa cecha tego scyzoryka klasy premium.<\/p>\n<p>W Definitive zastosowano podej\u015bcie \u201emniej znaczy wi\u0119cej\u201d, sprowadzone do najwa\u017cniejszych element\u00f3w, aby zapewni\u0107 rozs\u0105dne wra\u017cenia. Wykonany z najwy\u017cszej jako\u015bci materia\u0142\u00f3w, r\u00f3wnowa\u017cy sw\u00f3j elegancki i dyskretny wygl\u0105d z wyj\u0105tkow\u0105 trwa\u0142o\u015bci\u0105. Ostrze typu drop point wykorzystuje stal 154CM, aby zapewni\u0107 wyj\u0105tkow\u0105 wytrzyma\u0142o\u015b\u0107 i zachowanie kraw\u0119dzi. Czarna r\u0119koje\u015b\u0107 G10 zapewnia pewny chwyt w ka\u017cdych warunkach pogodowych.<\/p>\n<p>Dzi\u0119ki g\u0142\u0119bokiemu klipsowi do kieszeni i ca\u0142kowitej masie wynosz\u0105cej zaledwie 3 uncje, Definitive b\u0119dzie wygodnie i dyskretnie spoczywa\u0107 w Twojej kieszeni. Nie \u017ceby\u015b chcia\u0142 to tam zostawi\u0107 na d\u0142ugo.<\/p>\n<p>Funkcjonowa\u0107<br \/>\nStalowe ostrze o d\u0142ugo\u015bci 154 cm zapewnia doskona\u0142e trzymanie ostrza<br \/>\nTrzpie\u0144 pod kciuk umo\u017cliwia szybkie otwieranie jedn\u0105 r\u0119k\u0105<br \/>\nR\u0119koje\u015b\u0107 G10 zapewnia wyj\u0105tkow\u0105 przyczepno\u015b\u0107 w ka\u017cdych warunkach<br \/>\nZamek poprzeczny mo\u017cna \u0142atwo zamkn\u0105\u0107 praw\u0105 lub lew\u0105 r\u0119k\u0105<br \/>\nG\u0142\u0119boki klips do przenoszenia mie\u015bci si\u0119 g\u0142\u0119boko w kieszeni<br \/>\nWykonane w USA<br \/>\nDane techniczne<br \/>\nD\u0142ugo\u015b\u0107 ostrza: 9,39 cm<br \/>\nD\u0142ugo\u015b\u0107 r\u0105czki: 12,48 cm<br \/>\nD\u0142ugo\u015b\u0107 ca\u0142kowita: 21,90 cm<br \/>\nMateria\u0142 ostrza: stal nierdzewna 154CM<br \/>\nGrubo\u015b\u0107 ostrza: 0,125 cala (3,18 mm)<br \/>\nStyl ostrza: Drop Point<br \/>\nObr\u00f3bka powierzchni ostrza: Stonewash<br \/>\nMateria\u0142 r\u0119koje\u015bci: czarny G10<br \/>\nMateria\u0142 wk\u0142adu: stal nierdzewna<br \/>\nMechanizm blokuj\u0105cy: zamek krzy\u017cowy<br \/>\nKieszonkowy klips: sk\u0142adany, do noszenia w prawej r\u0119ce<br \/>\nWaga: 3,00 uncji (85,05 g)<br \/>\nProjektant: MJ Lerch<br \/>\nWyprodukowano w USA przez Hogue Knives<\/p>\n","protected":false},"excerpt":{"rendered":"<p><strong>PROJEKTANT: MJ Lerch<\/strong><br \/>\n<strong>Sussex, Wisconsin<\/strong><br \/>\n<strong>Pracuj\u0105c razem z m\u0119\u017cem, producentem no\u017cy, MJ nie mog\u0142a powstrzyma\u0107 si\u0119 od zami\u0142owania do projektowania. Na szcz\u0119\u015bcie otrzymuje mn\u00f3stwo zach\u0119t do rozwijania swoich zainteresowa\u0144 od wielu os\u00f3b ze spo\u0142eczno\u015bci no\u017cowej. Po prowadzeniu w\u0142asnej dzia\u0142alno\u015bci gospodarczej doskonale radzi sobie w warsztacie mechanicznym, a obecnie wykorzystuje narz\u0119dzia do w\u0142asnych projekt\u00f3w, takie jak n\u00f3\u017c CRKT\u00ae Synergist\u2122.  <\/strong><\/p>\n<p><strong>Bezp\u0142atny transport.<\/strong><\/p>\n","protected":false},"featured_media":329483,"comment_status":"open","ping_status":"closed","template":"","meta":[],"pwb-brand":[3458],"product_brand":[],"product_cat":[3296,3307],"product_tag":[3671],"class_list":{"0":"post-329482","1":"product","2":"type-product","3":"status-publish","4":"has-post-thumbnail","6":"pwb-brand-crkt-pl","7":"product_cat-noze-pl","8":"product_cat-zamykanie-nozy","9":"product_tag-b2b-pl","11":"first","12":"instock","13":"taxable","14":"shipping-taxable","15":"purchasable","16":"product-type-simple"},"brands":[{"id":3458,"name":"CRKT","slug":"crkt-pl"}],"_links":{"self":[{"href":"https:\/\/www.moskito.cz\/pl\/wp-json\/wp\/v2\/product\/329482","targetHints":{"allow":["GET"]}}],"collection":[{"href":"https:\/\/www.moskito.cz\/pl\/wp-json\/wp\/v2\/product"}],"about":[{"href":"https:\/\/www.moskito.cz\/pl\/wp-json\/wp\/v2\/types\/product"}],"replies":[{"embeddable":true,"href":"https:\/\/www.moskito.cz\/pl\/wp-json\/wp\/v2\/comments?post=329482"}],"wp:featuredmedia":[{"embeddable":true,"href":"https:\/\/www.moskito.cz\/pl\/wp-json\/wp\/v2\/media\/329483"}],"wp:attachment":[{"href":"https:\/\/www.moskito.cz\/pl\/wp-json\/wp\/v2\/media?parent=329482"}],"wp:term":[{"taxonomy":"pwb-brand","embeddable":true,"href":"https:\/\/www.moskito.cz\/pl\/wp-json\/wp\/v2\/pwb-brand?post=329482"},{"taxonomy":"product_brand","embeddable":true,"href":"https:\/\/www.moskito.cz\/pl\/wp-json\/wp\/v2\/product_brand?post=329482"},{"taxonomy":"product_cat","embeddable":true,"href":"https:\/\/www.moskito.cz\/pl\/wp-json\/wp\/v2\/product_cat?post=329482"},{"taxonomy":"product_tag","embeddable":true,"href":"https:\/\/www.moskito.cz\/pl\/wp-json\/wp\/v2\/product_tag?post=329482"}],"curies":[{"name":"wp","href":"https:\/\/api.w.org\/{rel}","templated":true}]}}