{"id":329526,"date":"2022-08-21T15:15:17","date_gmt":"2024-04-12T07:41:52","guid":{"rendered":"https:\/\/www.moskito.cz\/produkt\/noz-staly-crkt-spewmala-kieszonka-codziennie-wharncliffe-2388\/"},"modified":"2025-05-07T11:09:58","modified_gmt":"2025-05-07T10:09:58","slug":"noz-staly-crkt-spewmala-kieszonka-codziennie-wharncliffe-2388","status":"publish","type":"product","link":"https:\/\/www.moskito.cz\/pl\/produkt\/noz-staly-crkt-spewmala-kieszonka-codziennie-wharncliffe-2388\/","title":{"rendered":"N\u00f3\u017c sta\u0142y CRKT SPEW(MA\u0141A KIESZONKA. CODZIENNIE. WHARNCLIFFE.)2388"},"content":{"rendered":"<p>N\u00f3\u017c sta\u0142y <strong>CRKT<\/strong> SPEW(MA\u0141A KIESZONKA. CODZIENNIE. WHARNCLIFFE.)2388<\/p>\n<p>Kompaktowy n\u00f3\u017c ze sta\u0142ym ostrzem i ostrzem w stylu Wharncliffe oraz sztywn\u0105 r\u0119koje\u015bci\u0105 G10, czuje si\u0119 jak w domu w lesie lub w pobli\u017cu domu.<\/p>\n<p>SPEW\u2122 (Small Pocket Everyday Wharncliffe) zosta\u0142 zaprojektowany przez Alana Foltsa z Melbourne na Florydzie. Projektant no\u017cy na zam\u00f3wienie i specjalistyczny instruktor z ponad 20-letnim do\u015bwiadczeniem. Jego pasj\u0105 jest pomaganie ludziom w poznawaniu no\u017ca jako narz\u0119dzia i przekazywanie umiej\u0119tno\u015bci tworzenia no\u017cy na zam\u00f3wienie innym.<br \/>\nWyko\u0144czenie ostrza typu Bead Blast<br \/>\nKompaktowy n\u00f3\u017c uniwersalny<br \/>\nNylonowa obudowa wzmocniona szk\u0142em<\/p>\n<p>SPECYFIKACJE<br \/>\nD\u0142ugo\u015b\u0107 ostrza 3,02 cala (76,63 mm)<br \/>\nOstrze proste<br \/>\nOstrze ze stali 5Cr15MoV<br \/>\nWyko\u0144czenie powierzchni ostrza \u015arutowanie<br \/>\nGrubo\u015b\u0107 ostrza 0,10 cala (2,64 mm)<br \/>\nD\u0142ugo\u015b\u0107 ca\u0142kowita 6,25 cala (158,75 mm)<br \/>\nWaga 1,80 uncji (51,03 g)<br \/>\nR\u0119koje\u015b\u0107 G10<br \/>\nStyl N\u00f3\u017c ze sta\u0142ym ostrzem i pochw\u0105<br \/>\nMateria\u0142 skorupy Termoplastyczny<br \/>\nMasa skorupy 1,10 uncji (31,18 g)<\/p>\n","protected":false},"excerpt":{"rendered":"<p>Zaprojektowany przez Alana Foltsa w Melbourne na Florydzie.<\/p>\n","protected":false},"featured_media":329527,"comment_status":"open","ping_status":"closed","template":"","meta":[],"pwb-brand":[3458],"product_brand":[],"product_cat":[3296,3297],"product_tag":[3671],"class_list":{"0":"post-329526","1":"product","2":"type-product","3":"status-publish","4":"has-post-thumbnail","6":"pwb-brand-crkt-pl","7":"product_cat-noze-pl","8":"product_cat-solidne-noze","9":"product_tag-b2b-pl","11":"first","12":"outofstock","13":"taxable","14":"shipping-taxable","15":"purchasable","16":"product-type-simple"},"brands":[{"id":3458,"name":"CRKT","slug":"crkt-pl"}],"_links":{"self":[{"href":"https:\/\/www.moskito.cz\/pl\/wp-json\/wp\/v2\/product\/329526","targetHints":{"allow":["GET"]}}],"collection":[{"href":"https:\/\/www.moskito.cz\/pl\/wp-json\/wp\/v2\/product"}],"about":[{"href":"https:\/\/www.moskito.cz\/pl\/wp-json\/wp\/v2\/types\/product"}],"replies":[{"embeddable":true,"href":"https:\/\/www.moskito.cz\/pl\/wp-json\/wp\/v2\/comments?post=329526"}],"wp:featuredmedia":[{"embeddable":true,"href":"https:\/\/www.moskito.cz\/pl\/wp-json\/wp\/v2\/media\/329527"}],"wp:attachment":[{"href":"https:\/\/www.moskito.cz\/pl\/wp-json\/wp\/v2\/media?parent=329526"}],"wp:term":[{"taxonomy":"pwb-brand","embeddable":true,"href":"https:\/\/www.moskito.cz\/pl\/wp-json\/wp\/v2\/pwb-brand?post=329526"},{"taxonomy":"product_brand","embeddable":true,"href":"https:\/\/www.moskito.cz\/pl\/wp-json\/wp\/v2\/product_brand?post=329526"},{"taxonomy":"product_cat","embeddable":true,"href":"https:\/\/www.moskito.cz\/pl\/wp-json\/wp\/v2\/product_cat?post=329526"},{"taxonomy":"product_tag","embeddable":true,"href":"https:\/\/www.moskito.cz\/pl\/wp-json\/wp\/v2\/product_tag?post=329526"}],"curies":[{"name":"wp","href":"https:\/\/api.w.org\/{rel}","templated":true}]}}