{"id":329569,"date":"2021-07-29T20:03:41","date_gmt":"2024-04-12T07:45:10","guid":{"rendered":"https:\/\/www.moskito.cz\/produkt\/noz-zamykajacy-crkt-m16-03bk\/"},"modified":"2025-05-07T11:09:59","modified_gmt":"2025-05-07T10:09:59","slug":"noz-zamykajacy-crkt-m16-03bk","status":"publish","type":"product","link":"https:\/\/www.moskito.cz\/pl\/produkt\/noz-zamykajacy-crkt-m16-03bk\/","title":{"rendered":"N\u00f3\u017c zamykaj\u0105cy CRKT M16-03BK"},"content":{"rendered":"<p>N\u00f3\u017c zamykaj\u0105cy <strong>CRKT<\/strong> M16-03BK.<\/p>\n<p>Zaprojektowany przez Kita Carsona w Vine Grove w stanie Kentucky<br \/>\nM16\u00ae to najpopularniejsza seria, jak\u0105 kiedykolwiek wyprodukowa\u0142 CRKT\u00ae. Przez lata sk\u0142adali\u015bmy ho\u0142d zmar\u0142emu i szanowanemu Kitowi Carsonowi, utrzymuj\u0105c jego dziedzictwo przy \u017cyciu w nowych ods\u0142onach. Przedstawiamy M16\u00ae pokryty azotkiem br\u0105zu i tytanu, taktyczny n\u00f3\u017c sk\u0142adany wkracza do sfery codziennego noszenia.<br \/>\nSzybkie otwieranie: p\u0142etwa szybko rozk\u0142ada ostrze<br \/>\nDoskona\u0142a wydajno\u015b\u0107: Ostrze ze stali Sandvik 12C27\u2122 zapewniaj\u0105ce doskona\u0142e trzymanie kraw\u0119dzi<br \/>\nMaksymalna trwa\u0142o\u015b\u0107: Uchwyt ze stali nierdzewnej wytrzymuje intensywne u\u017cytkowanie<br \/>\nBrutalna si\u0142a: Blokada ramy wykorzystuje mocny dr\u0105\u017cek blokuj\u0105cy do zabezpieczenia ostrza<br \/>\nNiski profil: Opcja dwustronnego klipsa zapewnia bezpieczne przenoszenie<\/p>\n<p>SPECYFIKACJE<br \/>\nD\u0142ugo\u015b\u0107 ostrza 3,55 cala (90,22 mm)<br \/>\nKraw\u0119d\u017a ostrza prosta<br \/>\nOstrze ze stali 12C27 Sandvik<br \/>\nUko\u0144czenie ostrza tlenowego<br \/>\nGrubo\u015b\u0107 ostrza 3,00 mm<br \/>\nD\u0142ugo\u015b\u0107 ca\u0142kowita 8,25 cala (209,55 mm)<br \/>\nD\u0142ugo\u015b\u0107 po zamkni\u0119ciu 4,66 cala (118,31 mm)<br \/>\nWaga 3,80 uncji (107,73 g)<br \/>\nR\u0119koje\u015b\u0107 2Cr13 SS<br \/>\nStylowy n\u00f3\u017c sk\u0142adany z blokad\u0105 ramki<\/p>\n<p><strong>CRKT\u00ae<\/strong> (Columbia River Knife and Tool\u00ae) zosta\u0142a za\u0142o\u017cona w 1994 roku. Od pierwszego dnia na pierwszym miejscu stawia innowacyjno\u015b\u0107 i uczciwo\u015b\u0107. Jego zaanga\u017cowaniem jest tworzenie no\u017cy i narz\u0119dzi, kt\u00f3re inspiruj\u0105 i s\u0105 trwa\u0142e. Wsp\u00f3\u0142pracuje z najlepszymi projektantami na \u015bwiecie i kieruje si\u0119 prost\u0105 zasad\u0105: \u017ce najwspanialsz\u0105 rzecz\u0105, jak\u0105 mo\u017ce da\u0107 klientom, jest zaufanie do swoich r\u0105k.<\/p>\n","protected":false},"excerpt":{"rendered":"<p>Zaprojektowany przez Kita Carsona w Vine Grove w stanie Kentucky.<\/p>\n","protected":false},"featured_media":329570,"comment_status":"open","ping_status":"closed","template":"","meta":[],"pwb-brand":[3458],"product_brand":[],"product_cat":[3296,3307],"product_tag":[3671],"class_list":{"0":"post-329569","1":"product","2":"type-product","3":"status-publish","4":"has-post-thumbnail","6":"pwb-brand-crkt-pl","7":"product_cat-noze-pl","8":"product_cat-zamykanie-nozy","9":"product_tag-b2b-pl","11":"first","12":"outofstock","13":"taxable","14":"shipping-taxable","15":"purchasable","16":"product-type-simple"},"brands":[{"id":3458,"name":"CRKT","slug":"crkt-pl"}],"_links":{"self":[{"href":"https:\/\/www.moskito.cz\/pl\/wp-json\/wp\/v2\/product\/329569","targetHints":{"allow":["GET"]}}],"collection":[{"href":"https:\/\/www.moskito.cz\/pl\/wp-json\/wp\/v2\/product"}],"about":[{"href":"https:\/\/www.moskito.cz\/pl\/wp-json\/wp\/v2\/types\/product"}],"replies":[{"embeddable":true,"href":"https:\/\/www.moskito.cz\/pl\/wp-json\/wp\/v2\/comments?post=329569"}],"wp:featuredmedia":[{"embeddable":true,"href":"https:\/\/www.moskito.cz\/pl\/wp-json\/wp\/v2\/media\/329570"}],"wp:attachment":[{"href":"https:\/\/www.moskito.cz\/pl\/wp-json\/wp\/v2\/media?parent=329569"}],"wp:term":[{"taxonomy":"pwb-brand","embeddable":true,"href":"https:\/\/www.moskito.cz\/pl\/wp-json\/wp\/v2\/pwb-brand?post=329569"},{"taxonomy":"product_brand","embeddable":true,"href":"https:\/\/www.moskito.cz\/pl\/wp-json\/wp\/v2\/product_brand?post=329569"},{"taxonomy":"product_cat","embeddable":true,"href":"https:\/\/www.moskito.cz\/pl\/wp-json\/wp\/v2\/product_cat?post=329569"},{"taxonomy":"product_tag","embeddable":true,"href":"https:\/\/www.moskito.cz\/pl\/wp-json\/wp\/v2\/product_tag?post=329569"}],"curies":[{"name":"wp","href":"https:\/\/api.w.org\/{rel}","templated":true}]}}