{"id":329605,"date":"2021-07-29T22:45:25","date_gmt":"2024-04-12T07:46:03","guid":{"rendered":"https:\/\/www.moskito.cz\/produkt\/noz-zamykajacy-crkt-lck-duzy-3810\/"},"modified":"2025-05-07T11:10:00","modified_gmt":"2025-05-07T10:10:00","slug":"noz-zamykajacy-crkt-lck-duzy-3810","status":"publish","type":"product","link":"https:\/\/www.moskito.cz\/pl\/produkt\/noz-zamykajacy-crkt-lck-duzy-3810\/","title":{"rendered":"N\u00f3\u017c zamykaj\u0105cy CRKT LCK + DU\u017bY 3810"},"content":{"rendered":"<div class=\"flex-1 overflow-hidden @container\/thread\">\n<div class=\"h-full\">\n<div class=\"react-scroll-to-bottom--css-vxybp-79elbk h-full\">\n<div class=\"react-scroll-to-bottom--css-vxybp-1n7m0yu\">\n<div class=\"flex flex-col text-sm md:pb-9\">\n<article class=\"w-full scroll-mb-[var(--thread-trailing-height,150px)] text-token-text-primary focus-visible:outline-2 focus-visible:outline-offset-[-4px]\" dir=\"auto\" data-testid=\"conversation-turn-455\" data-scroll-anchor=\"true\">\n<div class=\"m-auto text-base py-[18px] px-3 md:px-4 w-full md:px-5 lg:px-4 xl:px-5\">\n<div class=\"mx-auto flex flex-1 gap-4 text-base md:gap-5 lg:gap-6 md:max-w-3xl\">\n<div class=\"group\/conversation-turn relative flex w-full min-w-0 flex-col agent-turn\">\n<div class=\"flex-col gap-1 md:gap-3\">\n<div class=\"flex max-w-full flex-col flex-grow\">\n<div class=\"min-h-8 text-message flex w-full flex-col items-end gap-2 whitespace-normal break-words text-start [.text-message+&amp;]:mt-5\" dir=\"auto\" data-message-author-role=\"assistant\" data-message-id=\"d02dd9ee-b961-48f5-8657-502d62acbe26\" data-message-model-slug=\"gpt-4o-mini\">\n<div class=\"flex w-full flex-col gap-1 empty:hidden first:pt-[3px]\">\n<div class=\"markdown prose w-full break-words dark:prose-invert light\">\n<h3><strong>N\u00f3\u017c zamykaj\u0105cy CRKT LCK + DU\u017bY 3810<\/strong><\/h3>\n<p><strong>Zaprojektowano przez:<\/strong> CRKT Design Team<br \/>\n<strong>Styl:<\/strong> N\u00f3\u017c sk\u0142adany z blokad\u0105 wk\u0142adki<\/p>\n<p><strong>CRKT LCK+ Large<\/strong> to sk\u0142adany n\u00f3\u017c \u0142\u0105cz\u0105cy w sobie <strong>innowacyjn\u0105 technologi\u0119<\/strong> , <strong>szybko\u015b\u0107 u\u017cycia<\/strong> i <strong>nisk\u0105 wag\u0119,<\/strong> tworz\u0105c kompaktowe i wydajne narz\u0119dzie do codziennego noszenia (EDC). Je\u015bli szukasz <strong>szybkiego i wydajnego no\u017ca<\/strong> , kt\u00f3ry jest \u0142atwy w przenoszeniu i u\u017cytkowaniu, LCK+ Large b\u0119dzie idealnym wyborem. <\/p>\n<h3><strong>G\u0142\u00f3wne cechy i korzy\u015bci:<\/strong><\/h3>\n<h4>1. <strong>Otwieranie wspomagane:<\/strong><\/h4>\n<ul>\n<li>W tym no\u017cu zastosowano <strong>wspomagany system otwierania<\/strong> , kt\u00f3ry umo\u017cliwia <strong>b\u0142yskawiczne<\/strong> wsuni\u0119cie ostrza. Wystarczy nacisn\u0105\u0107 <strong>p\u0142etw\u0119<\/strong> , a ostrze otworzy si\u0119 szybko i p\u0142ynnie. Dzi\u0119ki temu n\u00f3\u017c ten idealnie nadaje si\u0119 do szybkich dzia\u0142a\u0144 w trudnych sytuacjach.  <\/li>\n<\/ul>\n<h4>2. <strong>P\u0142ynne otwieranie dzi\u0119ki \u0142o\u017cyskom kulkowym:<\/strong><\/h4>\n<ul>\n<li><strong>System \u0142o\u017cysk kulkowych IKBS\u2122<\/strong> zapewnia wyj\u0105tkowo p\u0142ynne otwieranie ostrza, dzi\u0119ki czemu n\u00f3\u017c jest \u0142atwy w obs\u0142udze i charakteryzuje si\u0119 <strong>wysok\u0105 niezawodno\u015bci\u0105<\/strong> w codziennym u\u017cytkowaniu.<\/li>\n<\/ul>\n<h4>3. <strong>Lekki i trwa\u0142y uchwyt:<\/strong><\/h4>\n<ul>\n<li><strong>R\u0119koje\u015b\u0107 wykonana z nylonu wzmocnionego w\u0142\u00f3knem szklanym<\/strong> jest <strong>wytrzyma\u0142a i lekka<\/strong> , dzi\u0119ki czemu n\u00f3\u017c jest <strong>odporny<\/strong> na zu\u017cycie i <strong>wygodny w noszeniu<\/strong> . Materia\u0142 ten zapewnia r\u00f3wnie\u017c doskona\u0142y <strong>chwyt<\/strong> , co gwarantuje bezpieczne u\u017cytkowanie. <\/li>\n<\/ul>\n<h4>4. <strong>\u0141atwe zamykanie:<\/strong><\/h4>\n<ul>\n<li><strong>Blokada liniowa<\/strong> gwarantuje bezpieczne zablokowanie ostrza podczas u\u017cytkowania. Dzi\u0119ki <strong>prostemu mechanizmowi<\/strong> mo\u017cesz z\u0142o\u017cy\u0107 n\u00f3\u017c <strong>jedn\u0105 r\u0119k\u0105<\/strong> , co jest praktyczne w sytuacjach, gdy masz woln\u0105 tylko jedn\u0105 r\u0119k\u0119. <\/li>\n<\/ul>\n<h4>5. <strong>Niski profil umo\u017cliwiaj\u0105cy ukryte noszenie broni:<\/strong><\/h4>\n<ul>\n<li><strong>Klips kieszonkowy<\/strong> jest <strong>g\u0142\u0119boki<\/strong> , dzi\u0119ki czemu n\u00f3\u017c <strong>pozostanie bezpiecznie ukryty<\/strong> w kieszeni i nie b\u0119dzie wystawa\u0142, zapewniaj\u0105c dyskretne i bezpieczne noszenie. Niski profil sprawia r\u00f3wnie\u017c, \u017ce n\u00f3\u017c nie b\u0119dzie niewygodny, nawet gdy b\u0119dzie noszony przez d\u0142u\u017cszy czas. <\/li>\n<\/ul>\n<h3><strong>Dane techniczne:<\/strong><\/h3>\n<ul>\n<li><strong>D\u0142ugo\u015b\u0107 ostrza:<\/strong> 3,62&#8243; (91,97 mm)<\/li>\n<li><strong>Ostrze ostrza:<\/strong> g\u0142adkie<\/li>\n<li><strong>Stal ostrza:<\/strong> 8Cr13MoV<\/li>\n<li><strong>Wyko\u0144czenie powierzchni ostrza:<\/strong> Satynowe<\/li>\n<li><strong>Grubo\u015b\u0107 ostrza:<\/strong> 0,12&#8243; (3,15 mm)<\/li>\n<li><strong>D\u0142ugo\u015b\u0107 ca\u0142kowita:<\/strong> 8,19&#8243; (207,98 mm)<\/li>\n<li><strong>D\u0142ugo\u015b\u0107 po z\u0142o\u017ceniu:<\/strong> 4,53&#8243; (115,06 mm)<\/li>\n<li><strong>Waga:<\/strong> 2,80 uncji. (79,38 g)<\/li>\n<li><strong>Uchwyt:<\/strong> Poliamid wzmocniony w\u0142\u00f3knem szklanym<\/li>\n<li><strong>Styl:<\/strong> N\u00f3\u017c sk\u0142adany z blokad\u0105 wk\u0142adki<\/li>\n<\/ul>\n<h3><strong>U\u017cywa\u0107:<\/strong><\/h3>\n<ul>\n<li><strong>Do codziennego u\u017cytku (EDC):<\/strong> Lekka, a jednocze\u015bnie wytrzyma\u0142a, LCK+ Large <strong>doskonale nadaje si\u0119 do codziennego u\u017cytku<\/strong> , niezale\u017cnie od tego, czy chodzi o otwieranie paczek, krojenie czy prace terenowe.<\/li>\n<li><strong>Zastosowanie taktyczne:<\/strong> Dzi\u0119ki <strong>szybko\u015bci u\u017cycia<\/strong> i <strong>niezawodno\u015bci<\/strong> n\u00f3\u017c ten sprawdza si\u0119 w scenariuszach taktycznych, w kt\u00f3rych konieczne jest posiadanie natychmiastowego dost\u0119pu do no\u017ca.<\/li>\n<li><strong>Biuro lub \u015brodowisko pracy:<\/strong> LCK+ Large jest kompaktowy i na tyle dyskretny, \u017ce mo\u017cna <strong>go nosi\u0107 w biurze<\/strong> lub w miejscach publicznych, a jednocze\u015bnie wystarczaj\u0105co wydajny do wi\u0119kszo\u015bci codziennych zada\u0144.<\/li>\n<\/ul>\n<h3><strong>Wniosek:<\/strong><\/h3>\n<p><strong>CRKT LCK+ Large<\/strong> to \u015bwietny przyk\u0142ad wysokiej jako\u015bci i skutecznego <strong>no\u017ca EDC<\/strong> . Dzi\u0119ki <strong>wspomaganemu otwieraniu<\/strong> , <strong>wysokiemu komfortowi noszenia<\/strong> i <strong>solidnej konstrukcji<\/strong> jest to idealne narz\u0119dzie dla os\u00f3b poszukuj\u0105cych <strong>szybkiego, lekkiego i niezawodnego no\u017ca<\/strong> do codziennego u\u017cytku. Jest to praktyczne i stylowe narz\u0119dzie dla ka\u017cdego, kto szuka <strong>idealnej r\u00f3wnowagi mi\u0119dzy wydajno\u015bci\u0105 i mobilno\u015bci\u0105<\/strong> .  <\/p>\n<\/div>\n<\/div>\n<\/div>\n<\/div>\n<div class=\"mb-2 flex gap-3 empty:hidden -ml-2\">\n<div class=\"items-center justify-start rounded-xl p-1 flex\">\n<div class=\"flex items-center\"><\/div>\n<\/div>\n<\/div>\n<div class=\"pr-2 lg:pr-0\"><\/div>\n<\/div>\n<\/div>\n<\/div>\n<\/div>\n<\/article>\n<\/div>\n<\/div>\n<\/div>\n<\/div>\n<\/div>\n<p><iframe title=\"CRKT ASSISTED OPENING | How It Works\" width=\"800\" height=\"450\" src=\"https:\/\/www.youtube.com\/embed\/QUSQFRDMrEI?feature=oembed\" frameborder=\"0\" allow=\"accelerometer; autoplay; clipboard-write; encrypted-media; gyroscope; picture-in-picture; web-share\" referrerpolicy=\"strict-origin-when-cross-origin\" allowfullscreen><\/iframe><\/p>\n<p>&nbsp;<\/p>\n","protected":false},"excerpt":{"rendered":"<div class=\"flex max-w-full flex-col flex-grow\">\n<div class=\"min-h-8 text-message flex w-full flex-col items-end gap-2 whitespace-normal break-words text-start [.text-message+&amp;]:mt-5\" dir=\"auto\" data-message-author-role=\"assistant\" data-message-id=\"d02dd9ee-b961-48f5-8657-502d62acbe26\" data-message-model-slug=\"gpt-4o-mini\">\n<div class=\"flex w-full flex-col gap-1 empty:hidden first:pt-[3px]\">\n<div class=\"markdown prose w-full break-words dark:prose-invert light\">\n<p><strong>CRKT LCK + Large to \u015bwietny przyk\u0142ad wysokiej jako\u015bci i skutecznego no\u017ca EDC. Dzi\u0119ki wspomaganemu otwieraniu, wysokiemu komfortowi noszenia i solidnej konstrukcji jest to idealne narz\u0119dzie dla os\u00f3b poszukuj\u0105cych szybkiego, lekkiego i niezawodnego no\u017ca do codziennego u\u017cytku. To praktyczne i stylowe narz\u0119dzie dla ka\u017cdego, kto szuka idealnej r\u00f3wnowagi mi\u0119dzy wydajno\u015bci\u0105 i mobilno\u015bci\u0105.  <\/strong><\/p>\n<\/div>\n<\/div>\n<\/div>\n<\/div>\n<div class=\"mb-2 flex gap-3 empty:hidden -ml-2\">\n<div class=\"items-center justify-start rounded-xl p-1 flex\">\n<div class=\"flex items-center\"><\/div>\n<\/div>\n<\/div>\n","protected":false},"featured_media":329606,"comment_status":"open","ping_status":"closed","template":"","meta":[],"pwb-brand":[3458],"product_brand":[],"product_cat":[3296,3307],"product_tag":[3671],"class_list":{"0":"post-329605","1":"product","2":"type-product","3":"status-publish","4":"has-post-thumbnail","6":"pwb-brand-crkt-pl","7":"product_cat-noze-pl","8":"product_cat-zamykanie-nozy","9":"product_tag-b2b-pl","11":"first","12":"outofstock","13":"taxable","14":"shipping-taxable","15":"purchasable","16":"product-type-simple"},"brands":[{"id":3458,"name":"CRKT","slug":"crkt-pl"}],"_links":{"self":[{"href":"https:\/\/www.moskito.cz\/pl\/wp-json\/wp\/v2\/product\/329605","targetHints":{"allow":["GET"]}}],"collection":[{"href":"https:\/\/www.moskito.cz\/pl\/wp-json\/wp\/v2\/product"}],"about":[{"href":"https:\/\/www.moskito.cz\/pl\/wp-json\/wp\/v2\/types\/product"}],"replies":[{"embeddable":true,"href":"https:\/\/www.moskito.cz\/pl\/wp-json\/wp\/v2\/comments?post=329605"}],"wp:featuredmedia":[{"embeddable":true,"href":"https:\/\/www.moskito.cz\/pl\/wp-json\/wp\/v2\/media\/329606"}],"wp:attachment":[{"href":"https:\/\/www.moskito.cz\/pl\/wp-json\/wp\/v2\/media?parent=329605"}],"wp:term":[{"taxonomy":"pwb-brand","embeddable":true,"href":"https:\/\/www.moskito.cz\/pl\/wp-json\/wp\/v2\/pwb-brand?post=329605"},{"taxonomy":"product_brand","embeddable":true,"href":"https:\/\/www.moskito.cz\/pl\/wp-json\/wp\/v2\/product_brand?post=329605"},{"taxonomy":"product_cat","embeddable":true,"href":"https:\/\/www.moskito.cz\/pl\/wp-json\/wp\/v2\/product_cat?post=329605"},{"taxonomy":"product_tag","embeddable":true,"href":"https:\/\/www.moskito.cz\/pl\/wp-json\/wp\/v2\/product_tag?post=329605"}],"curies":[{"name":"wp","href":"https:\/\/api.w.org\/{rel}","templated":true}]}}