{"id":329677,"date":"2022-09-08T22:28:26","date_gmt":"2024-04-12T07:53:15","guid":{"rendered":"https:\/\/www.moskito.cz\/produkt\/noz-zamykajacy-crkt-ripsnort-ii-7271\/"},"modified":"2025-05-07T11:10:02","modified_gmt":"2025-05-07T10:10:02","slug":"noz-zamykajacy-crkt-ripsnort-ii-7271","status":"publish","type":"product","link":"https:\/\/www.moskito.cz\/pl\/produkt\/noz-zamykajacy-crkt-ripsnort-ii-7271\/","title":{"rendered":"N\u00f3\u017c zamykaj\u0105cy CRKT RIPSNORT II 7271"},"content":{"rendered":"<p>N\u00f3\u017c zamykaj\u0105cy <strong>CRKT<\/strong> RIPSNORT II 7271.<\/p>\n<p>Ripsnort\u2122 powraca.<\/p>\n<p>Pod\u0105\u017caj\u0105c \u015bladami oryginalnego Ripsnort\u2122, projektant Philip Booth wprowadza kolejny rozdzia\u0142 w postaci Ripsnort\u2122 II. Ostrze przypominaj\u0105ce tasak jest nieco wi\u0119ksze od orygina\u0142u, a jednocze\u015bnie cienkie jak brzytwa i gotowe do intensywnego u\u017cytkowania. Rywalizuj\u0105cy wydajno\u015bci\u0105 orygina\u0142u, Ripsnort\u2122 II nadal jest ulubie\u0144cem fan\u00f3w dzi\u0119ki wi\u0119kszej mocy w konstrukcji sk\u0142adanego no\u017ca. Zrobienie dobrego wra\u017cenia za pomoc\u0105 Ripsnort\u2122 II nie b\u0119dzie trudne \u2013 ten niskoprofilowy n\u00f3\u017c sk\u0142adany wyr\u00f3\u017cnia si\u0119 stylem i funkcjonalno\u015bci\u0105.<br \/>\nP\u0142ynne otwieranie: sworze\u0144 z \u0142o\u017cyskiem kulkowym IKBS\u2122 p\u0142ynnie rozk\u0142ada ostrze<br \/>\n\u0141atwe ostrzenie: ostrze ze stali nierdzewnej o wysokiej zawarto\u015bci w\u0119gla dobrze si\u0119 ostrzy<br \/>\n\u0141atwe otwieranie: kciuk umo\u017cliwia szybkie otwieranie jedn\u0105 r\u0119k\u0105<br \/>\nMocny i lekki: nylonowy uchwyt wzmocniony w\u0142\u00f3knem szklanym jest trwa\u0142y i lekki<br \/>\n\u0141atwe zamykanie: Liner Lock mo\u017cna \u0142atwo zamkn\u0105\u0107 jedn\u0105 r\u0119k\u0105<br \/>\nNiski profil: g\u0142\u0119boki klips do przenoszenia mie\u015bci si\u0119 g\u0142\u0119boko w kieszeni.<\/p>\n<p>SPECYFIKACJE<br \/>\nD\u0142ugo\u015b\u0107 ostrza 3,48 cala (88,49 mm)<br \/>\nOstrze proste<br \/>\nOstrze ze stali 8Cr13MoV<br \/>\nObr\u00f3bka powierzchni ostrza Satyna<br \/>\nGrubo\u015b\u0107 ostrza 0,13 cala (3,23 mm)<br \/>\nD\u0142ugo\u015b\u0107 ca\u0142kowita 8,28 cala (210,34 mm)<br \/>\nD\u0142ugo\u015b\u0107 po zamkni\u0119ciu 4,81 cala (122,22 mm)<br \/>\nWaga 6,20 uncji (175,77 g)<br \/>\nR\u0119koje\u015b\u0107 z nylonu wzmocnionego w\u0142\u00f3knem szklanym z wk\u0142adk\u0105 ze stali nierdzewnej<br \/>\nStylowy n\u00f3\u017c sk\u0142adany z blokad\u0105 Liner Lock<\/p>\n","protected":false},"excerpt":{"rendered":"<p>Zaprojektowany przez Philipa Bootha w Ithaca w stanie Michigan.<\/p>\n","protected":false},"featured_media":329678,"comment_status":"open","ping_status":"closed","template":"","meta":[],"pwb-brand":[3458],"product_brand":[],"product_cat":[3296,3307],"product_tag":[3671],"class_list":{"0":"post-329677","1":"product","2":"type-product","3":"status-publish","4":"has-post-thumbnail","6":"pwb-brand-crkt-pl","7":"product_cat-noze-pl","8":"product_cat-zamykanie-nozy","9":"product_tag-b2b-pl","11":"first","12":"outofstock","13":"taxable","14":"shipping-taxable","15":"purchasable","16":"product-type-simple"},"brands":[{"id":3458,"name":"CRKT","slug":"crkt-pl"}],"_links":{"self":[{"href":"https:\/\/www.moskito.cz\/pl\/wp-json\/wp\/v2\/product\/329677","targetHints":{"allow":["GET"]}}],"collection":[{"href":"https:\/\/www.moskito.cz\/pl\/wp-json\/wp\/v2\/product"}],"about":[{"href":"https:\/\/www.moskito.cz\/pl\/wp-json\/wp\/v2\/types\/product"}],"replies":[{"embeddable":true,"href":"https:\/\/www.moskito.cz\/pl\/wp-json\/wp\/v2\/comments?post=329677"}],"wp:featuredmedia":[{"embeddable":true,"href":"https:\/\/www.moskito.cz\/pl\/wp-json\/wp\/v2\/media\/329678"}],"wp:attachment":[{"href":"https:\/\/www.moskito.cz\/pl\/wp-json\/wp\/v2\/media?parent=329677"}],"wp:term":[{"taxonomy":"pwb-brand","embeddable":true,"href":"https:\/\/www.moskito.cz\/pl\/wp-json\/wp\/v2\/pwb-brand?post=329677"},{"taxonomy":"product_brand","embeddable":true,"href":"https:\/\/www.moskito.cz\/pl\/wp-json\/wp\/v2\/product_brand?post=329677"},{"taxonomy":"product_cat","embeddable":true,"href":"https:\/\/www.moskito.cz\/pl\/wp-json\/wp\/v2\/product_cat?post=329677"},{"taxonomy":"product_tag","embeddable":true,"href":"https:\/\/www.moskito.cz\/pl\/wp-json\/wp\/v2\/product_tag?post=329677"}],"curies":[{"name":"wp","href":"https:\/\/api.w.org\/{rel}","templated":true}]}}