{"id":329758,"date":"2023-04-20T18:40:38","date_gmt":"2024-04-12T07:58:50","guid":{"rendered":"https:\/\/www.moskito.cz\/produkt\/topor-crkt-skeggox-2917\/"},"modified":"2025-05-07T11:10:03","modified_gmt":"2025-05-07T10:10:03","slug":"topor-crkt-skeggox-2917","status":"publish","type":"product","link":"https:\/\/www.moskito.cz\/pl\/produkt\/topor-crkt-skeggox-2917\/","title":{"rendered":"Top\u00f3r CRKT SKEGGOX 2917"},"content":{"rendered":"<p>Top\u00f3r <strong>CRKT<\/strong> SKEGGOX 2917<\/p>\n<p>Opanuj przebywanie na \u015bwie\u017cym powietrzu dzi\u0119ki temu toporowi, kt\u00f3ry mo\u017cesz zabra\u0107 ze sob\u0105 wsz\u0119dzie i zrobi\u0107 wszystko.<\/p>\n<p>Skeggox, nazwany na cze\u015b\u0107 swojego nordyckiego przodka z I wieku n.e. wieku, to kompaktowy brodaty top\u00f3r zbudowany tak, aby przetrwa\u0107 pr\u00f3b\u0119 czasu. Zaprojektowane przez Jamesa Williamsa, to nowoczesne wcielenie wykorzystuje pe\u0142ny chwyt dla wyj\u0105tkowej wytrzyma\u0142o\u015bci i stal w\u0119glow\u0105 SK-5 dla doskona\u0142ego trzymania kraw\u0119dzi. No dalej, wzbudz zazdro\u015b\u0107 Wiking\u00f3w.<br \/>\nStal o wysokiej wydajno\u015bci: stal w\u0119glowa SK-5 dobrze trzyma ostrze<br \/>\nLepsza ochrona: Malowanie proszkowe poprawia odporno\u015b\u0107 na korozj\u0119<br \/>\nMocny i lekki: nylonowy uchwyt wzmocniony w\u0142\u00f3knem szklanym jest trwa\u0142y i lekki<br \/>\nBezpieczny chwyt: wyprofilowany uchwyt zapewniaj\u0105cy wyj\u0105tkow\u0105 kontrol\u0119<br \/>\nKompatybilny z przek\u0142adni\u0105: Trwa\u0142a skorupa termoplastyczna z kompatybilnymi opcjami mocowania klipsa Molle<\/p>\n<p>SPECYFIKACJE<br \/>\nD\u0142ugo\u015b\u0107 ostrza: 12,26 cm<br \/>\nOstrze ze stali SK-5<br \/>\nObr\u00f3bka powierzchniowa pow\u0142oki proszkowej ostrza<br \/>\nGrubo\u015b\u0107 ostrza: 0,63 cm<br \/>\nD\u0142ugo\u015b\u0107 ca\u0142kowita: 32,8 cm<br \/>\nWaga: 0,74 kg<br \/>\nR\u0119koje\u015b\u0107 Nylon wzmocniony szk\u0142em<br \/>\nStyl siekiery<br \/>\nMateria\u0142 skorupy Termoplastyczny<br \/>\nWaga koperty: 155,92 g<\/p>\n","protected":false},"excerpt":{"rendered":"<p><strong>Zaprojektowany przez Jamesa Williamsa w Vass w P\u00f3\u0142nocnej Karolinie.<\/strong><\/p>\n","protected":false},"featured_media":329759,"comment_status":"open","ping_status":"closed","template":"","meta":[],"pwb-brand":[3458],"product_brand":[],"product_cat":[3284],"product_tag":[3671],"class_list":{"0":"post-329758","1":"product","2":"type-product","3":"status-publish","4":"has-post-thumbnail","6":"pwb-brand-crkt-pl","7":"product_cat-osie","8":"product_tag-b2b-pl","10":"first","11":"outofstock","12":"sale","13":"taxable","14":"shipping-taxable","15":"purchasable","16":"product-type-simple"},"brands":[{"id":3458,"name":"CRKT","slug":"crkt-pl"}],"_links":{"self":[{"href":"https:\/\/www.moskito.cz\/pl\/wp-json\/wp\/v2\/product\/329758","targetHints":{"allow":["GET"]}}],"collection":[{"href":"https:\/\/www.moskito.cz\/pl\/wp-json\/wp\/v2\/product"}],"about":[{"href":"https:\/\/www.moskito.cz\/pl\/wp-json\/wp\/v2\/types\/product"}],"replies":[{"embeddable":true,"href":"https:\/\/www.moskito.cz\/pl\/wp-json\/wp\/v2\/comments?post=329758"}],"wp:featuredmedia":[{"embeddable":true,"href":"https:\/\/www.moskito.cz\/pl\/wp-json\/wp\/v2\/media\/329759"}],"wp:attachment":[{"href":"https:\/\/www.moskito.cz\/pl\/wp-json\/wp\/v2\/media?parent=329758"}],"wp:term":[{"taxonomy":"pwb-brand","embeddable":true,"href":"https:\/\/www.moskito.cz\/pl\/wp-json\/wp\/v2\/pwb-brand?post=329758"},{"taxonomy":"product_brand","embeddable":true,"href":"https:\/\/www.moskito.cz\/pl\/wp-json\/wp\/v2\/product_brand?post=329758"},{"taxonomy":"product_cat","embeddable":true,"href":"https:\/\/www.moskito.cz\/pl\/wp-json\/wp\/v2\/product_cat?post=329758"},{"taxonomy":"product_tag","embeddable":true,"href":"https:\/\/www.moskito.cz\/pl\/wp-json\/wp\/v2\/product_tag?post=329758"}],"curies":[{"name":"wp","href":"https:\/\/api.w.org\/{rel}","templated":true}]}}