{"id":329827,"date":"2023-04-20T22:21:14","date_gmt":"2023-04-20T21:21:14","guid":{"rendered":"https:\/\/www.moskito.cz\/produkt\/naprawiono-noz-crkt-du-hoc-2630\/"},"modified":"2025-05-07T11:10:04","modified_gmt":"2025-05-07T10:10:04","slug":"naprawiono-noz-crkt-du-hoc-2630","status":"publish","type":"product","link":"https:\/\/www.moskito.cz\/pl\/produkt\/naprawiono-noz-crkt-du-hoc-2630\/","title":{"rendered":"Naprawiono n\u00f3\u017c CRKT DU HOC 2630"},"content":{"rendered":"<p>Naprawiono n\u00f3\u017c <strong>CRKT<\/strong> DU HOC 2630<\/p>\n<p>Zbudowany na dziedzictwie ameryka\u0144skiego bohatera.<\/p>\n<p>Dopiero p\u00f3\u0142 wieku po odbyciu s\u0142u\u017cby projektant Forged by War\u00ae, Austin McGlaun, dowiedzia\u0142 si\u0119, \u017ce jego zmar\u0142y wujek zdoby\u0142 Srebrn\u0105 Gwiazd\u0119 w Point Du Hoc. Aby uczci\u0107 swoje zas\u0142ugi, zaprojektowa\u0142 ten kolosalny n\u00f3\u017c karambit ze sta\u0142ym ostrzem. Z pomoc\u0105 Ryana Johnsona z RMJ Taktycznego udoskonalono go tak, aby przyci\u0105ga\u0142 wzrok inspirowany misj\u0105, od czubka zakrzywionego ostrza po pier\u015bcie\u0144 na kciuk na ko\u0144cu r\u0119koje\u015bci.<br \/>\nStal o wysokiej wydajno\u015bci: stal w\u0119glowa SK5 dobrze trzyma ostrze<br \/>\nWyj\u0105tkowy chwyt: R\u0119koje\u015b\u0107 G10 zapewnia wyj\u0105tkow\u0105 przyczepno\u015b\u0107 w ka\u017cdych warunkach<br \/>\nKompatybilny z przek\u0142adni\u0105: trwa\u0142a obudowa z tworzywa termoplastycznego z mo\u017cliwo\u015bci\u0105 monta\u017cu<\/p>\n<p>SPECYFIKACJE<br \/>\nD\u0142ugo\u015b\u0107 ostrza: 12,94 cm<br \/>\nKraw\u0119d\u017a ostrza g\u0142adka<br \/>\nOstrze ze stali SK-5<br \/>\nObr\u00f3bka powierzchniowa pow\u0142oki proszkowej ostrza<br \/>\nGrubo\u015b\u0107 ostrza: 0,51 cm<br \/>\nD\u0142ugo\u015b\u0107 ca\u0142kowita: 24,44 cm<br \/>\nWaga: 263,65 g<br \/>\nR\u0119koje\u015b\u0107 G10<br \/>\nStylowy n\u00f3\u017c o sta\u0142ym ostrzu z pochw\u0105<br \/>\nMateria\u0142 skorupy Termoplastyczny<br \/>\nMasa koperty: 53,86 g<\/p>\n","protected":false},"excerpt":{"rendered":"<p><strong>Zaprojektowany przez Austina McGlauna w Columbus w stanie Georgia<\/strong><\/p>\n","protected":false},"featured_media":329828,"comment_status":"open","ping_status":"closed","template":"","meta":[],"pwb-brand":[3458],"product_brand":[],"product_cat":[3297,3296],"product_tag":[3671],"class_list":{"0":"post-329827","1":"product","2":"type-product","3":"status-publish","4":"has-post-thumbnail","6":"pwb-brand-crkt-pl","7":"product_cat-solidne-noze","8":"product_cat-noze-pl","9":"product_tag-b2b-pl","11":"first","12":"instock","13":"taxable","14":"shipping-taxable","15":"purchasable","16":"product-type-simple"},"brands":[{"id":3458,"name":"CRKT","slug":"crkt-pl"}],"_links":{"self":[{"href":"https:\/\/www.moskito.cz\/pl\/wp-json\/wp\/v2\/product\/329827","targetHints":{"allow":["GET"]}}],"collection":[{"href":"https:\/\/www.moskito.cz\/pl\/wp-json\/wp\/v2\/product"}],"about":[{"href":"https:\/\/www.moskito.cz\/pl\/wp-json\/wp\/v2\/types\/product"}],"replies":[{"embeddable":true,"href":"https:\/\/www.moskito.cz\/pl\/wp-json\/wp\/v2\/comments?post=329827"}],"wp:featuredmedia":[{"embeddable":true,"href":"https:\/\/www.moskito.cz\/pl\/wp-json\/wp\/v2\/media\/329828"}],"wp:attachment":[{"href":"https:\/\/www.moskito.cz\/pl\/wp-json\/wp\/v2\/media?parent=329827"}],"wp:term":[{"taxonomy":"pwb-brand","embeddable":true,"href":"https:\/\/www.moskito.cz\/pl\/wp-json\/wp\/v2\/pwb-brand?post=329827"},{"taxonomy":"product_brand","embeddable":true,"href":"https:\/\/www.moskito.cz\/pl\/wp-json\/wp\/v2\/product_brand?post=329827"},{"taxonomy":"product_cat","embeddable":true,"href":"https:\/\/www.moskito.cz\/pl\/wp-json\/wp\/v2\/product_cat?post=329827"},{"taxonomy":"product_tag","embeddable":true,"href":"https:\/\/www.moskito.cz\/pl\/wp-json\/wp\/v2\/product_tag?post=329827"}],"curies":[{"name":"wp","href":"https:\/\/api.w.org\/{rel}","templated":true}]}}