{"id":329952,"date":"2022-08-21T11:22:38","date_gmt":"2024-04-12T08:18:12","guid":{"rendered":"https:\/\/www.moskito.cz\/produkt\/noz-zamykajacy-crkt-m16-14d\/"},"modified":"2025-05-07T11:10:06","modified_gmt":"2025-05-07T10:10:06","slug":"noz-zamykajacy-crkt-m16-14d","status":"publish","type":"product","link":"https:\/\/www.moskito.cz\/pl\/produkt\/noz-zamykajacy-crkt-m16-14d\/","title":{"rendered":"N\u00f3\u017c zamykaj\u0105cy CRKT M16-14D"},"content":{"rendered":"<div class=\"flex-1 overflow-hidden @container\/thread\">\n<div class=\"h-full\">\n<div class=\"react-scroll-to-bottom--css-vxybp-79elbk h-full\">\n<div class=\"react-scroll-to-bottom--css-vxybp-1n7m0yu\">\n<div class=\"flex flex-col text-sm md:pb-9\">\n<article class=\"w-full scroll-mb-[var(--thread-trailing-height,150px)] text-token-text-primary focus-visible:outline-2 focus-visible:outline-offset-[-4px]\" dir=\"auto\" data-testid=\"conversation-turn-273\" data-scroll-anchor=\"true\">\n<div class=\"m-auto text-base py-[18px] px-3 md:px-4 w-full md:px-5 lg:px-4 xl:px-5\">\n<div class=\"mx-auto flex flex-1 gap-4 text-base md:gap-5 lg:gap-6 md:max-w-3xl\">\n<div class=\"group\/conversation-turn relative flex w-full min-w-0 flex-col agent-turn\">\n<div class=\"flex-col gap-1 md:gap-3\">\n<div class=\"flex max-w-full flex-col flex-grow\">\n<div class=\"min-h-8 text-message flex w-full flex-col items-end gap-2 whitespace-normal break-words text-start [.text-message+&amp;]:mt-5\" dir=\"auto\" data-message-author-role=\"assistant\" data-message-id=\"ff6a6718-2244-42f4-a97c-2d920d9114b0\" data-message-model-slug=\"gpt-4o-mini\">\n<div class=\"flex w-full flex-col gap-1 empty:hidden first:pt-[3px]\">\n<div class=\"markdown prose w-full break-words dark:prose-invert light\">\n<p><strong>N\u00f3\u017c zamykaj\u0105cy CRKT M16-14D<\/strong><\/p>\n<p><strong>CRKT M16-14D<\/strong> to wytrzyma\u0142y i niezawodny n\u00f3\u017c sk\u0142adany zaprojektowany specjalnie do u\u017cytku wojskowego i taktycznego w ekstremalnych warunkach, np. w pustynnych regionach Bliskiego Wschodu i Afganistanu. Ten model z serii Carson Desert Tactical przystosowany jest do pracy w wymagaj\u0105cych warunkach, gdzie wymagane s\u0105 narz\u0119dzia odporne na trudne warunki i intensywne u\u017cytkowanie. <\/p>\n<h3><strong>G\u0142\u00f3wne cechy i specyfikacje:<\/strong><\/h3>\n<ol>\n<li><strong>D\u0142ugo\u015b\u0107 ostrza<\/strong> : 3,99&#8243; (101,35 mm)\n<ul>\n<li>Taka d\u0142ugo\u015b\u0107 ostrza zapewnia idealn\u0105 r\u00f3wnowag\u0119 mi\u0119dzy moc\u0105 i kompaktowo\u015bci\u0105, dzi\u0119ki czemu \u015bwietnie nadaje si\u0119 do wszelkich zada\u0144 wymagaj\u0105cych mocnego, a jednocze\u015bnie \u0142atwego w obs\u0142udze no\u017ca.<\/li>\n<\/ul>\n<\/li>\n<li><strong>Ostrze ostrza<\/strong> : <strong>Triple Point\u2122 Serrations\u2122<\/strong>\n<ul>\n<li>Triple Point\u2122 to innowacyjne z\u0105bkowanie zapewniaj\u0105ce doskona\u0142e w\u0142a\u015bciwo\u015bci ci\u0119cia r\u00f3\u017cnych materia\u0142\u00f3w, takich jak liny, tkaniny, p\u0142\u00f3tno i inne materia\u0142y w\u0142\u00f3kniste. Taka konstrukcja sprawia, \u017ce \u200b\u200bn\u00f3\u017c z \u0142atwo\u015bci\u0105 poradzi sobie z trudnymi zadaniami zwi\u0105zanymi z ci\u0119ciem. <\/li>\n<\/ul>\n<\/li>\n<li><strong>Materia\u0142 ostrza<\/strong> : <strong>stal AUS 8<\/strong>\n<ul>\n<li>Stal AUS 8 to wysokiej jako\u015bci stal nierdzewna, kt\u00f3ra zapewnia doskona\u0142\u0105 r\u00f3wnowag\u0119 mi\u0119dzy wytrzyma\u0142o\u015bci\u0105, \u0142atwo\u015bci\u0105 ostrzenia i d\u0142ugowieczno\u015bci\u0105. Wysoka zawarto\u015b\u0107 w\u0119gla gwarantuje, \u017ce ostrze zachowuje ostro\u015b\u0107 nawet przy intensywnym u\u017cytkowaniu. <\/li>\n<\/ul>\n<\/li>\n<li><strong>Obr\u00f3bka powierzchni ostrza<\/strong> : <strong>Azotek tytanu<\/strong>\n<ul>\n<li>Pow\u0142oka z azotku tytanu zapewnia ostrzu doskona\u0142\u0105 odporno\u015b\u0107 na korozj\u0119 i zu\u017cycie, dzi\u0119ki czemu ostrze idealnie nadaje si\u0119 do stosowania w trudnych warunkach, takich jak piaszczyste i wilgotne warunki, gdzie ochrona przed korozj\u0105 ma kluczowe znaczenie.<\/li>\n<\/ul>\n<\/li>\n<li><strong>Grubo\u015b\u0107 ostrza<\/strong> : 0,14&#8243; (3,56 mm)\n<ul>\n<li>Grubo\u015b\u0107 ostrza zapewnia wytrzyma\u0142o\u015b\u0107 i stabilno\u015b\u0107 podczas pracy, umo\u017cliwiaj\u0105c \u0142atwe operowanie r\u00f3\u017cnymi materia\u0142ami, a jednocze\u015bnie nie zwi\u0119kszaj\u0105c zbytnio ci\u0119\u017caru no\u017ca.<\/li>\n<\/ul>\n<\/li>\n<li><strong>D\u0142ugo\u015b\u0107 ca\u0142kowita<\/strong> : 9,25&#8243; (234,95 mm)\n<ul>\n<li>Ten n\u00f3\u017c o ca\u0142kowitej d\u0142ugo\u015bci 9,25 cala jest wystarczaj\u0105co du\u017cy do wykonywania wszystkich zada\u0144, a jednocze\u015bnie na tyle kompaktowy, \u017ce mo\u017cna go nosi\u0107 przy sobie i u\u017cywa\u0107 na co dzie\u0144.<\/li>\n<\/ul>\n<\/li>\n<li><strong>D\u0142ugo\u015b\u0107 po z\u0142o\u017ceniu<\/strong> : 5,38&#8243; (136,53 mm)\n<ul>\n<li>Kompaktowa d\u0142ugo\u015b\u0107 po z\u0142o\u017ceniu sprawia, \u017ce \u200b\u200bn\u00f3\u017c jest \u0142atwy w przenoszeniu i wygodnie mie\u015bci si\u0119 w kieszeni lub na pasku.<\/li>\n<\/ul>\n<\/li>\n<li><strong>Waga<\/strong> : 5,30 uncji (150,25 g)\n<ul>\n<li>N\u00f3\u017c wa\u017cy zaledwie 5,3 uncji, jest wi\u0119c wystarczaj\u0105co wytrzyma\u0142y, by poradzi\u0107 sobie z trudnymi zadaniami, a jednocze\u015bnie na tyle lekki, by wygodnie go nosi\u0107 i \u0142atwo obs\u0142ugiwa\u0107.<\/li>\n<\/ul>\n<\/li>\n<li><strong>Uchwyt<\/strong> : <strong>Aluminium<\/strong>\n<ul>\n<li>Aluminiowy uchwyt jest trwa\u0142y i lekki, co zapewnia pewny i wygodny chwyt nawet podczas d\u0142ugotrwa\u0142ego u\u017cytkowania. Aluminiowa konstrukcja gwarantuje doskona\u0142\u0105 wytrzyma\u0142o\u015b\u0107 bez nadmiernego zwi\u0119kszania wagi. <\/li>\n<\/ul>\n<\/li>\n<li><strong>Styl no\u017ca<\/strong> : <strong>N\u00f3\u017c sk\u0142adany z blokad\u0105 liniow\u0105<\/strong>\n<ul>\n<li>N\u00f3\u017c wyposa\u017cony jest w mechanizm blokady liniowej, kt\u00f3ry jest bezpieczn\u0105 blokad\u0105 zabezpieczaj\u0105c\u0105 ostrze w pozycji otwartej i zapobiegaj\u0105c\u0105 przypadkowemu zamkni\u0119ciu si\u0119 podczas u\u017cytkowania.<\/li>\n<\/ul>\n<\/li>\n<\/ol>\n<h3><strong>Cechy szczeg\u00f3lne i korzy\u015bci:<\/strong><\/h3>\n<ol>\n<li><strong>Automatyczna wk\u0142adka bezpiecze\u0144stwa<\/strong> :\n<ul>\n<li>N\u00f3\u017c wyposa\u017cony jest w automatyczn\u0105 wk\u0142adk\u0119 zabezpieczaj\u0105c\u0105, kt\u00f3ra zapewnia dodatkow\u0105 ochron\u0119 przed przypadkowym zamkni\u0119ciem ostrza w trakcie u\u017cytkowania. Ten mechanizm bezpiecze\u0144stwa jest szczeg\u00f3lnie przydatny w wymagaj\u0105cych i krytycznych sytuacjach, gdzie najwa\u017cniejsza jest maksymalna stabilno\u015b\u0107 i niezawodno\u015b\u0107 no\u017ca. <\/li>\n<\/ul>\n<\/li>\n<li><strong>Carson Flipper do szybkiego otwierania<\/strong> :\n<ul>\n<li>P\u0142etwa umieszczona na r\u0119koje\u015bci umo\u017cliwia szybkie otwarcie no\u017ca jedn\u0105 r\u0119k\u0105, co jest wygodne w sytuacjach awaryjnych lub podczas pracy, gdy masz ograniczone mo\u017cliwo\u015bci manipulowania no\u017cem.<\/li>\n<\/ul>\n<\/li>\n<li><strong>Przek\u0142adnia Triple Point\u2122<\/strong> :\n<ul>\n<li>Z\u0105bki Triple Point\u2122 zapewniaj\u0105 wi\u0119ksz\u0105 si\u0142\u0119 ci\u0119cia w trudnych warunkach i umo\u017cliwiaj\u0105 skuteczne ci\u0119cie materia\u0142\u00f3w w\u0142\u00f3knistych, takich jak liny, tkaniny czy p\u0142\u00f3tno, co jest powszechnie stosowane w zadaniach taktycznych i ratowniczych.<\/li>\n<\/ul>\n<\/li>\n<li><strong>Wyko\u0144czenie taktyczne<\/strong> :\n<ul>\n<li>Pow\u0142oka azotku tytanu na ostrzu gwarantuje odporno\u015b\u0107 ostrza na korozj\u0119 i zu\u017cycie nawet w ekstremalnych warunkach, dzi\u0119ki czemu ostrze idealnie nadaje si\u0119 do stosowania w warunkach pustynnych, gdzie cz\u0119sto wyst\u0119puje piasek i kurz.<\/li>\n<\/ul>\n<\/li>\n<li><strong>Wysoka trwa\u0142o\u015b\u0107 i niezawodno\u015b\u0107<\/strong> :\n<ul>\n<li>Model ten zaprojektowano z my\u015bl\u0105 o intensywnym u\u017cytkowaniu i odporno\u015bci na trudne warunki. Idealnie nadaje si\u0119 dla profesjonalist\u00f3w pracuj\u0105cych w terenie, takich jak \u017co\u0142nierze, ratownicy i inne osoby, kt\u00f3re potrzebuj\u0105 no\u017ca o du\u017cej wytrzyma\u0142o\u015bci i wszechstronno\u015bci. <\/li>\n<\/ul>\n<\/li>\n<\/ol>\n<h3><strong>U\u017cywa\u0107:<\/strong><\/h3>\n<ul>\n<li><strong>Zastosowania taktyczne i wojskowe<\/strong> : N\u00f3\u017c idealnie nadaje si\u0119 do zastosowa\u0144 wojskowych, policyjnych i innych zastosowa\u0144 taktycznych, gdzie liczy si\u0119 niezawodno\u015b\u0107, szybko\u015b\u0107 otwierania i odporno\u015b\u0107 na trudne warunki.<\/li>\n<li><strong>Sytuacje ratunkowe i awaryjne<\/strong> : Wk\u0142adka zabezpieczaj\u0105ca no\u017ca Carson Flipper oraz jego doskona\u0142e w\u0142a\u015bciwo\u015bci tn\u0105ce czyni\u0105 go \u015bwietnym narz\u0119dziem dla ratownik\u00f3w, kt\u00f3rzy w sytuacjach awaryjnych potrzebuj\u0105 szybkiego dost\u0119pu do no\u017ca.<\/li>\n<li>Do <strong>codziennego noszenia (EDC)<\/strong> : Ten n\u00f3\u017c jest na tyle kompaktowy, \u017ce mo\u017cna go nosi\u0107 przy sobie codziennie, a jednocze\u015bnie jest wytrzyma\u0142y i wszechstronny, dzi\u0119ki czemu sprawdzi si\u0119 w szerokim zakresie zada\u0144.<\/li>\n<\/ul>\n<h3><strong>Wniosek:<\/strong><\/h3>\n<p><strong>CRKT M16-14D<\/strong> to wytrzyma\u0142y, niezawodny i niezwykle funkcjonalny n\u00f3\u017c, zaprojektowany do u\u017cytku w trudnych warunkach, np. na terenach pustynnych. Dzi\u0119ki zastosowaniu materia\u0142\u00f3w wysokiej jako\u015bci, doskona\u0142ym w\u0142a\u015bciwo\u015bciom tn\u0105cym i specjalnym funkcjom dla personelu taktycznego i ratowniczego, ten model jest idealnym wyborem dla profesjonalist\u00f3w, kt\u00f3rzy potrzebuj\u0105 narz\u0119dzia trwa\u0142ego, skutecznego i \u0142atwego w u\u017cyciu w sytuacjach krytycznych. <\/p>\n<\/div>\n<\/div>\n<\/div>\n<\/div>\n<div class=\"mb-2 flex gap-3 empty:hidden -ml-2\">\n<div class=\"items-center justify-start rounded-xl p-1 flex\">\n<div class=\"flex items-center\"><\/div>\n<\/div>\n<\/div>\n<div class=\"pr-2 lg:pr-0\"><\/div>\n<div class=\"mt-3 w-full empty:hidden\">\n<div class=\"text-center\"><\/div>\n<\/div>\n<\/div>\n<div class=\"absolute\">\n<div class=\"flex items-center justify-center\"><\/div>\n<\/div>\n<\/div>\n<\/div>\n<\/div>\n<\/article>\n<\/div>\n<\/div>\n<\/div>\n<\/div>\n<\/div>\n<div class=\"md:pt-0 dark:border-white\/20 md:border-transparent md:dark:border-transparent w-full\">\n<div>\n<div class=\"m-auto text-base px-3 md:px-4 w-full md:px-5 lg:px-4 xl:px-5\">\n<div class=\"mx-auto flex flex-1 gap-4 text-base md:gap-5 lg:gap-6 md:max-w-3xl\">\n<div class=\"flex justify-center\"><\/div>\n<\/div>\n<\/div>\n<\/div>\n<\/div>\n","protected":false},"excerpt":{"rendered":"<div class=\"flex max-w-full flex-col flex-grow\">\n<div class=\"min-h-8 text-message flex w-full flex-col items-end gap-2 whitespace-normal break-words text-start [.text-message+&amp;]:mt-5\" dir=\"auto\" data-message-author-role=\"assistant\" data-message-id=\"ff6a6718-2244-42f4-a97c-2d920d9114b0\" data-message-model-slug=\"gpt-4o-mini\">\n<div class=\"flex w-full flex-col gap-1 empty:hidden first:pt-[3px]\">\n<div class=\"markdown prose w-full break-words dark:prose-invert light\">\n<p><strong>CRKT M16-14D to wytrzyma\u0142y, niezawodny i niezwykle funkcjonalny n\u00f3\u017c, zaprojektowany do u\u017cytku w trudnych warunkach, np. na terenach pustynnych. Dzi\u0119ki zastosowaniu materia\u0142\u00f3w wysokiej jako\u015bci, doskona\u0142ym w\u0142a\u015bciwo\u015bciom tn\u0105cym i specjalnym funkcjom dla personelu taktycznego i ratowniczego, ten model jest idealnym wyborem dla profesjonalist\u00f3w, kt\u00f3rzy potrzebuj\u0105 narz\u0119dzia trwa\u0142ego, skutecznego i \u0142atwego w u\u017cyciu w sytuacjach krytycznych. <\/strong><\/p>\n<\/div>\n<\/div>\n<\/div>\n<\/div>\n<div class=\"mb-2 flex gap-3 empty:hidden -ml-2\">\n<div class=\"items-center justify-start rounded-xl p-1 flex\">\n<div class=\"flex items-center\"><\/div>\n<\/div>\n<\/div>\n","protected":false},"featured_media":329953,"comment_status":"open","ping_status":"closed","template":"","meta":[],"pwb-brand":[3458],"product_brand":[],"product_cat":[3307,3296],"product_tag":[3671],"class_list":{"0":"post-329952","1":"product","2":"type-product","3":"status-publish","4":"has-post-thumbnail","6":"pwb-brand-crkt-pl","7":"product_cat-zamykanie-nozy","8":"product_cat-noze-pl","9":"product_tag-b2b-pl","11":"first","12":"instock","13":"sale","14":"taxable","15":"shipping-taxable","16":"purchasable","17":"product-type-simple"},"brands":[{"id":3458,"name":"CRKT","slug":"crkt-pl"}],"_links":{"self":[{"href":"https:\/\/www.moskito.cz\/pl\/wp-json\/wp\/v2\/product\/329952","targetHints":{"allow":["GET"]}}],"collection":[{"href":"https:\/\/www.moskito.cz\/pl\/wp-json\/wp\/v2\/product"}],"about":[{"href":"https:\/\/www.moskito.cz\/pl\/wp-json\/wp\/v2\/types\/product"}],"replies":[{"embeddable":true,"href":"https:\/\/www.moskito.cz\/pl\/wp-json\/wp\/v2\/comments?post=329952"}],"wp:featuredmedia":[{"embeddable":true,"href":"https:\/\/www.moskito.cz\/pl\/wp-json\/wp\/v2\/media\/329953"}],"wp:attachment":[{"href":"https:\/\/www.moskito.cz\/pl\/wp-json\/wp\/v2\/media?parent=329952"}],"wp:term":[{"taxonomy":"pwb-brand","embeddable":true,"href":"https:\/\/www.moskito.cz\/pl\/wp-json\/wp\/v2\/pwb-brand?post=329952"},{"taxonomy":"product_brand","embeddable":true,"href":"https:\/\/www.moskito.cz\/pl\/wp-json\/wp\/v2\/product_brand?post=329952"},{"taxonomy":"product_cat","embeddable":true,"href":"https:\/\/www.moskito.cz\/pl\/wp-json\/wp\/v2\/product_cat?post=329952"},{"taxonomy":"product_tag","embeddable":true,"href":"https:\/\/www.moskito.cz\/pl\/wp-json\/wp\/v2\/product_tag?post=329952"}],"curies":[{"name":"wp","href":"https:\/\/api.w.org\/{rel}","templated":true}]}}