{"id":330059,"date":"2023-12-13T19:46:20","date_gmt":"2024-04-12T08:49:27","guid":{"rendered":"https:\/\/www.moskito.cz\/produkt\/noz-skladany-columbia-river-crkt-kinematic-provoke-karambit-4050\/"},"modified":"2025-05-07T11:10:09","modified_gmt":"2025-05-07T10:10:09","slug":"noz-skladany-columbia-river-crkt-kinematic-provoke-karambit-4050","status":"publish","type":"product","link":"https:\/\/www.moskito.cz\/pl\/produkt\/noz-skladany-columbia-river-crkt-kinematic-provoke-karambit-4050\/","title":{"rendered":"N\u00f3\u017c sk\u0142adany Columbia River CRKT Kinematic Provoke Karambit 4050"},"content":{"rendered":"<p>N\u00f3\u017c sk\u0142adany Columbia River <strong>CRKT<\/strong> Kinematic Provoke Karambit 4050<\/p>\n<p>Podawa\u0107. Broni\u0107. N\u00f3\u017c Provoke EDC nawi\u0105zuje do staro\u017cytnego designu karambit, jednak kryje w sobie futurystyczn\u0105 tajemnic\u0119. Pierwszy w historii n\u00f3\u017c z technologi\u0105 Kinematic, kt\u00f3ry mo\u017cna dobrze schowa\u0107 podczas transportu i o\u017cywa, gdy pojawi\u0105 si\u0119 k\u0142opoty.<\/p>\n<p>CRKT uwa\u017ca, \u017ce \u200b\u200bprojektant Joe Caswell jest w pewnym sensie szalonym naukowcem. Kiedy zobaczyli szkice tego, co mia\u0142o sta\u0107 si\u0119 Provoke EDC \u2013 zaprojektowanego w Newbury Park w Kalifornii \u2013 wiedzieli, \u017ce jego przeznaczeniem jest sta\u0107 si\u0119 jednym z najbardziej innowacyjnych projektant\u00f3w, jaki kiedykolwiek widzia\u0142 \u015bwiat no\u017cy. Wzorowane na tradycyjnym karambicie, ostrze typu drop point D2 jest kute z najwy\u017cszej jako\u015bci stali D2, co zapewnia wysok\u0105 trwa\u0142o\u015b\u0107 i doskona\u0142e trzymanie kraw\u0119dzi.<\/p>\n<p>Mechanizm otwieraj\u0105cy przenosi folder w przysz\u0142o\u015b\u0107, gotowy lub nie. Naci\u015bni\u0119cie kciukiem na g\u00f3rny dr\u0105\u017cek wywo\u0142uje reakcj\u0119 \u0142a\u0144cuchow\u0105, powoduj\u0105c, \u017ce ostrze uruchamia si\u0119, podczas gdy Ty trzymasz mocno r\u0119koje\u015b\u0107. Wykonany jest z aluminium lotniczego 6061, co zapewnia maksymaln\u0105 sztywno\u015b\u0107. Klips kieszonkowy, w prawdziwym stylu Joe, jest r\u00f3wnie\u017c nowo\u015bci\u0105 na \u015bwiecie \u2013 jest prawie ca\u0142kowicie zr\u00f3wnany z r\u0105czk\u0105 i mo\u017cna go r\u00f3wnie\u017c aktywowa\u0107 lekkim naci\u015bni\u0119ciem kciuka.<\/p>\n<p>Provoke EDC ma pot\u0119\u017cn\u0105 moc, gdy zostanie wezwany do u\u017cytku.<\/p>\n<p>Jak dzia\u0142a kinematyka<br \/>\nWci\u015bnij kciuk w g\u00f3rn\u0105 poprzeczk\u0119, podczas gdy pozosta\u0142e palce mocno \u015bciskaj\u0105 r\u0119koje\u015b\u0107, a ostrze o\u017cyje i zatrza\u015bnie si\u0119 na swoim miejscu. Przesu\u0144 dyskretn\u0105 d\u017awigni\u0119 u podstawy p\u0119tli na palec, a ostrze cofnie si\u0119 do pozycji zamkni\u0119tej.<\/p>\n<p>Funkcjonowa\u0107<br \/>\nKinematic rozk\u0142ada ostrze za pomoc\u0105 naci\u015bni\u0119cia kciukiem<br \/>\nStal ostrza D2 zapewnia doskona\u0142e trzymanie ostrza<br \/>\nAluminiowy uchwyt \u0142\u0105czy w sobie wytrzyma\u0142o\u015b\u0107 z minimaln\u0105 wag\u0105<br \/>\nWg\u0142\u0119biona klamra zapewniaj\u0105ca bezpieczne noszenie<br \/>\nDane techniczne<br \/>\nD\u0142ugo\u015b\u0107 ostrza: 6,4 cm<br \/>\nD\u0142ugo\u015b\u0107 po zamkni\u0119ciu: 11,65 cm<br \/>\nD\u0142ugo\u015b\u0107 ca\u0142kowita: 18,12 cm<br \/>\nMateria\u0142 ostrza: Stal narz\u0119dziowa D2<br \/>\nStyl ostrza: Drop Point<br \/>\nObr\u00f3bka powierzchni ostrza: satyna<br \/>\nMateria\u0142 r\u0119koje\u015bci: aluminium w kolorze niebieskim<br \/>\nMechanizm blokuj\u0105cy: Kinematyczny<br \/>\nKieszonkowy klips: sk\u0142adany, do noszenia w prawej r\u0119ce<br \/>\nWaga: 3,4 uncji<br \/>\nProjektant: Joe Caswell<\/p>\n","protected":false},"excerpt":{"rendered":"<p><strong>PROJEKTANT: Joe Caswell<\/strong><br \/>\n<strong>Newbury Park w Kalifornii<\/strong><br \/>\n<strong>Dziennikarz motocyklowy. Spawacz z wzorem miecza Wiking\u00f3w. Wynalazca. Projektant no\u017cy na zam\u00f3wienie. Mo\u017cna \u015bmia\u0142o powiedzie\u0107, \u017ce Joe jest uszyty ze specjalnego materia\u0142u. A teraz mo\u017ce doda\u0107 do swojego CV \u201eprze\u0142om w bran\u017cy\u201d. Wraz z wypuszczeniem modelu Kinematic w dalszym ci\u0105gu umacnia on swoj\u0105 pozycj\u0119 w\u015br\u00f3d najlepszych no\u017cy na \u015bwiecie. Od skromnych pocz\u0105tk\u00f3w w domowej ku\u017ani w gara\u017cu wynaj\u0119tego mieszkania, pewnej ci\u0119\u017ckiej pracy do p\u00f3\u017ana w nocy wyrobi\u0142 sobie mark\u0119 i nie mo\u017cemy si\u0119 doczeka\u0107, aby zobaczy\u0107, co dalej wyniknie z jego natchnionej kreatywno\u015bci.<\/strong><\/p>\n","protected":false},"featured_media":330060,"comment_status":"open","ping_status":"closed","template":"","meta":[],"pwb-brand":[3458],"product_brand":[],"product_cat":[3296,3307],"product_tag":[3671],"class_list":{"0":"post-330059","1":"product","2":"type-product","3":"status-publish","4":"has-post-thumbnail","6":"pwb-brand-crkt-pl","7":"product_cat-noze-pl","8":"product_cat-zamykanie-nozy","9":"product_tag-b2b-pl","11":"first","12":"instock","13":"taxable","14":"shipping-taxable","15":"purchasable","16":"product-type-simple"},"brands":[{"id":3458,"name":"CRKT","slug":"crkt-pl"}],"_links":{"self":[{"href":"https:\/\/www.moskito.cz\/pl\/wp-json\/wp\/v2\/product\/330059","targetHints":{"allow":["GET"]}}],"collection":[{"href":"https:\/\/www.moskito.cz\/pl\/wp-json\/wp\/v2\/product"}],"about":[{"href":"https:\/\/www.moskito.cz\/pl\/wp-json\/wp\/v2\/types\/product"}],"replies":[{"embeddable":true,"href":"https:\/\/www.moskito.cz\/pl\/wp-json\/wp\/v2\/comments?post=330059"}],"wp:featuredmedia":[{"embeddable":true,"href":"https:\/\/www.moskito.cz\/pl\/wp-json\/wp\/v2\/media\/330060"}],"wp:attachment":[{"href":"https:\/\/www.moskito.cz\/pl\/wp-json\/wp\/v2\/media?parent=330059"}],"wp:term":[{"taxonomy":"pwb-brand","embeddable":true,"href":"https:\/\/www.moskito.cz\/pl\/wp-json\/wp\/v2\/pwb-brand?post=330059"},{"taxonomy":"product_brand","embeddable":true,"href":"https:\/\/www.moskito.cz\/pl\/wp-json\/wp\/v2\/product_brand?post=330059"},{"taxonomy":"product_cat","embeddable":true,"href":"https:\/\/www.moskito.cz\/pl\/wp-json\/wp\/v2\/product_cat?post=330059"},{"taxonomy":"product_tag","embeddable":true,"href":"https:\/\/www.moskito.cz\/pl\/wp-json\/wp\/v2\/product_tag?post=330059"}],"curies":[{"name":"wp","href":"https:\/\/api.w.org\/{rel}","templated":true}]}}