{"id":330149,"date":"2022-08-22T21:31:33","date_gmt":"2024-04-12T09:14:38","guid":{"rendered":"https:\/\/www.moskito.cz\/produkt\/naprawiono-noz-crkt-minimalist-cleaver-2383\/"},"modified":"2025-05-07T11:10:11","modified_gmt":"2025-05-07T10:10:11","slug":"naprawiono-noz-crkt-minimalist-cleaver-2383","status":"publish","type":"product","link":"https:\/\/www.moskito.cz\/pl\/produkt\/naprawiono-noz-crkt-minimalist-cleaver-2383\/","title":{"rendered":"Naprawiono n\u00f3\u017c CRKT MINIMALIST CLEAVER 2383"},"content":{"rendered":"<p>N\u00f3\u017c sta\u0142y <strong>CRKT<\/strong> MINIMALIST CLEAVER 23.<\/p>\n<p>Specjalnie zbudowany do wszystkiego, co wymaga ci\u0119cia.<\/p>\n<p>Ten kompaktowy n\u00f3\u017c z solidnym ostrzem i solidnymi r\u0119koje\u015bciami otrzyma\u0142 ostrze z tasakiem, kt\u00f3re zach\u0119ca do rozm\u00f3w przy ognisku. Podobnie w domu, w kuchni obozowej lub w gara\u017cu.<br \/>\n\u0141atwe ostrzenie: Ostrze ze stali nierdzewnej o wysokiej zawarto\u015bci w\u0119gla dobrze trzyma kraw\u0119d\u017a<br \/>\nPrzydatne funkcje: Wszechstronny tasak zapewniaj\u0105cy doskona\u0142e ci\u0119cie<br \/>\nMinimalizuje odbicia: Obr\u00f3bka powierzchni metod\u0105 piaskowania per\u0142owego zmniejsza odbicia<br \/>\nSolidny i wizualny: R\u0119koje\u015b\u0107 z \u017cywicy \u0142\u0105czy w sobie wytrzyma\u0142o\u015b\u0107 z atrakcyjno\u015bci\u0105 wizualn\u0105<br \/>\nKompatybilno\u015b\u0107 z przek\u0142adni\u0105: Trwa\u0142a skorupa z tworzywa termoplastycznego z mo\u017cliwo\u015bci\u0105 monta\u017cu<br \/>\nKompaktowe narz\u0119dzie: lekkie i \u0142atwe do przenoszenia.<\/p>\n<p>SPECYFIKACJE<br \/>\nD\u0142ugo\u015b\u0107 ostrza 2,13 cala (54,13 mm)<br \/>\nOstrze proste<br \/>\nOstrze ze stali 5Cr15MoV<br \/>\nWyko\u0144czenie powierzchni ostrza \u015arutowanie<br \/>\nGrubo\u015b\u0107 ostrza 0,10 cala (2,59 mm)<br \/>\nD\u0142ugo\u015b\u0107 ca\u0142kowita 128,52 mm (5,06 cala)<br \/>\nWaga 1,70 uncji (48,19 g)<br \/>\nR\u0119koje\u015b\u0107 W\u0142\u00f3kno impregnowane \u017cywic\u0105<br \/>\nStyl N\u00f3\u017c ze sta\u0142ym ostrzem i pochw\u0105<br \/>\nMateria\u0142 skorupy Termoplastyczny<br \/>\nMasa skorupy 0,60 uncji. (17,01 g)<\/p>\n","protected":false},"excerpt":{"rendered":"<p>Zaprojektowany przez Alana Foltsa w Melbourne na Florydzie.<\/p>\n","protected":false},"featured_media":330156,"comment_status":"open","ping_status":"closed","template":"","meta":[],"pwb-brand":[3458],"product_brand":[],"product_cat":[3296,3297],"product_tag":[3671],"class_list":{"0":"post-330149","1":"product","2":"type-product","3":"status-publish","4":"has-post-thumbnail","6":"pwb-brand-crkt-pl","7":"product_cat-noze-pl","8":"product_cat-solidne-noze","9":"product_tag-b2b-pl","11":"first","12":"instock","13":"taxable","14":"shipping-taxable","15":"purchasable","16":"product-type-simple"},"brands":[{"id":3458,"name":"CRKT","slug":"crkt-pl"}],"_links":{"self":[{"href":"https:\/\/www.moskito.cz\/pl\/wp-json\/wp\/v2\/product\/330149","targetHints":{"allow":["GET"]}}],"collection":[{"href":"https:\/\/www.moskito.cz\/pl\/wp-json\/wp\/v2\/product"}],"about":[{"href":"https:\/\/www.moskito.cz\/pl\/wp-json\/wp\/v2\/types\/product"}],"replies":[{"embeddable":true,"href":"https:\/\/www.moskito.cz\/pl\/wp-json\/wp\/v2\/comments?post=330149"}],"wp:featuredmedia":[{"embeddable":true,"href":"https:\/\/www.moskito.cz\/pl\/wp-json\/wp\/v2\/media\/330156"}],"wp:attachment":[{"href":"https:\/\/www.moskito.cz\/pl\/wp-json\/wp\/v2\/media?parent=330149"}],"wp:term":[{"taxonomy":"pwb-brand","embeddable":true,"href":"https:\/\/www.moskito.cz\/pl\/wp-json\/wp\/v2\/pwb-brand?post=330149"},{"taxonomy":"product_brand","embeddable":true,"href":"https:\/\/www.moskito.cz\/pl\/wp-json\/wp\/v2\/product_brand?post=330149"},{"taxonomy":"product_cat","embeddable":true,"href":"https:\/\/www.moskito.cz\/pl\/wp-json\/wp\/v2\/product_cat?post=330149"},{"taxonomy":"product_tag","embeddable":true,"href":"https:\/\/www.moskito.cz\/pl\/wp-json\/wp\/v2\/product_tag?post=330149"}],"curies":[{"name":"wp","href":"https:\/\/api.w.org\/{rel}","templated":true}]}}