{"id":330220,"date":"2022-08-21T09:28:08","date_gmt":"2024-04-12T09:14:45","guid":{"rendered":"https:\/\/www.moskito.cz\/produkt\/naprawiono-noz-crkt-blackout-minimalist-cleaver-2383k\/"},"modified":"2025-05-07T11:10:12","modified_gmt":"2025-05-07T10:10:12","slug":"naprawiono-noz-crkt-blackout-minimalist-cleaver-2383k","status":"publish","type":"product","link":"https:\/\/www.moskito.cz\/pl\/produkt\/naprawiono-noz-crkt-blackout-minimalist-cleaver-2383k\/","title":{"rendered":"Naprawiono n\u00f3\u017c CRKT BLACKOUT MINIMALIST CLEAVER 2383K"},"content":{"rendered":"<p>Naprawiono n\u00f3\u017c <strong>CRKT<\/strong> BLACKOUT MINIMALIST CLEAVER 2383K.<\/p>\n<p>Specjalnie zbudowany do wszystkiego, co wymaga ci\u0119cia.<\/p>\n<p>Te kompaktowe no\u017ce z solidnymi ostrzami i solidnymi uchwytami s\u0105 dost\u0119pne w r\u00f3\u017cnych stylach ostrzy. W lesie lub w pobli\u017cu domu czuj\u0105 si\u0119 jak w domu.<br \/>\n\u0141atwe ostrzenie: Ostrze ze stali nierdzewnej o wysokiej zawarto\u015bci w\u0119gla dobrze trzyma kraw\u0119d\u017a<br \/>\nPrzydatne funkcje: Wszechstronny tasak zapewniaj\u0105cy doskona\u0142e ci\u0119cie<br \/>\nZwi\u0119kszona ochrona: Black stonewash jest trwa\u0142y i dobrze si\u0119 starzeje<br \/>\nWyj\u0105tkowy chwyt: R\u0119koje\u015b\u0107 G10 zapewnia wyj\u0105tkow\u0105 przyczepno\u015b\u0107 w ka\u017cdych warunkach<br \/>\nKompatybilno\u015b\u0107 z przek\u0142adni\u0105: Trwa\u0142a skorupa z tworzywa termoplastycznego z mo\u017cliwo\u015bci\u0105 monta\u017cu<br \/>\nKompaktowe narz\u0119dzie: lekkie i \u0142atwe do przenoszenia.<\/p>\n<p>SPECYFIKACJE<br \/>\nD\u0142ugo\u015b\u0107 ostrza 2,13 cala (54,13 mm)<br \/>\nOstrze proste<br \/>\nOstrze ze stali 5Cr15MoV<br \/>\nWyko\u0144czenie ostrza typu stonewash<br \/>\nGrubo\u015b\u0107 ostrza 0,10 cala (2,59 mm)<br \/>\nD\u0142ugo\u015b\u0107 ca\u0142kowita 128,52 mm (5,06 cala)<br \/>\nWaga 1,70 uncji (48,19 g)<br \/>\nR\u0119koje\u015b\u0107 G10<br \/>\nStyl N\u00f3\u017c ze sta\u0142ym ostrzem i pochw\u0105<br \/>\nMateria\u0142 skorupy Termoplastyczny<br \/>\nMasa skorupy 0,60 uncji. (17,01 g)<\/p>\n","protected":false},"excerpt":{"rendered":"<p>Zaprojektowany przez Alana Foltsa w Melbourne na Florydzie.<\/p>\n","protected":false},"featured_media":330221,"comment_status":"open","ping_status":"closed","template":"","meta":[],"pwb-brand":[3458],"product_brand":[],"product_cat":[3297,3296],"product_tag":[3671],"class_list":{"0":"post-330220","1":"product","2":"type-product","3":"status-publish","4":"has-post-thumbnail","6":"pwb-brand-crkt-pl","7":"product_cat-solidne-noze","8":"product_cat-noze-pl","9":"product_tag-b2b-pl","11":"first","12":"instock","13":"sale","14":"taxable","15":"shipping-taxable","16":"purchasable","17":"product-type-simple"},"brands":[{"id":3458,"name":"CRKT","slug":"crkt-pl"}],"_links":{"self":[{"href":"https:\/\/www.moskito.cz\/pl\/wp-json\/wp\/v2\/product\/330220","targetHints":{"allow":["GET"]}}],"collection":[{"href":"https:\/\/www.moskito.cz\/pl\/wp-json\/wp\/v2\/product"}],"about":[{"href":"https:\/\/www.moskito.cz\/pl\/wp-json\/wp\/v2\/types\/product"}],"replies":[{"embeddable":true,"href":"https:\/\/www.moskito.cz\/pl\/wp-json\/wp\/v2\/comments?post=330220"}],"wp:featuredmedia":[{"embeddable":true,"href":"https:\/\/www.moskito.cz\/pl\/wp-json\/wp\/v2\/media\/330221"}],"wp:attachment":[{"href":"https:\/\/www.moskito.cz\/pl\/wp-json\/wp\/v2\/media?parent=330220"}],"wp:term":[{"taxonomy":"pwb-brand","embeddable":true,"href":"https:\/\/www.moskito.cz\/pl\/wp-json\/wp\/v2\/pwb-brand?post=330220"},{"taxonomy":"product_brand","embeddable":true,"href":"https:\/\/www.moskito.cz\/pl\/wp-json\/wp\/v2\/product_brand?post=330220"},{"taxonomy":"product_cat","embeddable":true,"href":"https:\/\/www.moskito.cz\/pl\/wp-json\/wp\/v2\/product_cat?post=330220"},{"taxonomy":"product_tag","embeddable":true,"href":"https:\/\/www.moskito.cz\/pl\/wp-json\/wp\/v2\/product_tag?post=330220"}],"curies":[{"name":"wp","href":"https:\/\/api.w.org\/{rel}","templated":true}]}}