{"id":330387,"date":"2022-09-03T22:29:28","date_gmt":"2024-04-12T09:34:10","guid":{"rendered":"https:\/\/www.moskito.cz\/produkt\/noz-zamykajacy-crkt-psd-rozdzielanie-czastek-urzadzenie-czarny-7920k\/"},"modified":"2025-05-07T11:10:17","modified_gmt":"2025-05-07T10:10:17","slug":"noz-zamykajacy-crkt-psd-rozdzielanie-czastek-urzadzenie-czarny-7920k","status":"publish","type":"product","link":"https:\/\/www.moskito.cz\/pl\/produkt\/noz-zamykajacy-crkt-psd-rozdzielanie-czastek-urzadzenie-czarny-7920k\/","title":{"rendered":"N\u00f3\u017c zamykaj\u0105cy CRKT PSD (ROZDZIELANIE CZ\u0104STEK. URZ\u0104DZENIE.) CZARNY 7920K"},"content":{"rendered":"<p>N\u00f3\u017c zamykaj\u0105cy <strong>CRKT<\/strong> PSD (ROZDZIELANIE CZ\u0104STEK. URZ\u0104DZENIE.) CZARNY 7920K.<\/p>\n<p>Cz\u0105stka. Dzia\u0142. Aparat. Pokr\u00f3j na mosi\u0119\u017cne szpilki: PSD\u2122 jest przygotowywane w plasterkach. Ostrze tego sk\u0142adanego no\u017ca do noszenia na co dzie\u0144 zosta\u0142o zaprojektowane z pe\u0142nym zakrzywieniem i wydajnym podw\u00f3jnym szlifem. A dzi\u0119ki wspomaganemu otwieraniu okazuje si\u0119, \u017ce dzia\u0142a w mgnieniu oka.<\/p>\n<p>Kiedy projektant Jim Hammond z Birmingham w Alabamie przela\u0142 pi\u00f3ro na papier, zrobi\u0142 to z zamiarem stworzenia no\u017ca r\u00f3wnie pot\u0119\u017cnego, kompaktowego i wysoce estetycznego. PSD\u2122 trafia w sedno. Wyra\u017ana krzywizna ostrza sprawdza si\u0119 przy g\u0142\u0119bokich ci\u0119ciach i krojeniach, Veff Serrations\u2122 penetruje liny i \u017cy\u0142ki, a podw\u00f3jne szlifowanie zwi\u0119ksza efektywno\u015b\u0107 pchania. Zaskakuj\u0105co kompaktowa r\u0119koje\u015b\u0107 z G10 i w\u0142\u00f3kna w\u0119glowego zapewnia pewny chwyt czterema palcami i jest wyko\u0144czona elektrycznym niebieskim ko\u0142kiem i klipsem do kieszeni.<\/p>\n<p>Zbudowany na zasadzie wspomaganego otwierania, otwiera si\u0119 z niewiarygodnie du\u017c\u0105 pr\u0119dko\u015bci\u0105, gdy wywierasz minimalny nacisk na niskoprofilow\u0105 p\u0142etw\u0119. System obrotowy z \u0142o\u017cyskiem kulkowym IKBS\u2122 zapewnia p\u0142ynny obr\u00f3t, a blokada wk\u0142adki utrzymuje j\u0105 pewnie na miejscu.<\/p>\n<p>PSD\u2122 jest przeznaczony do ci\u0119cia.<\/p>\n<p>Jak dzia\u0142a wspomagane otwieranie<br \/>\nTrzyma si\u0119 go bezpiecznie zamkni\u0119tego w kieszeni, ale inicjuje roz\u0142o\u017cenie, a podczas obrotu ostrze otwiera si\u0119 z imponuj\u0105c\u0105 pr\u0119dko\u015bci\u0105, zapewniaj\u0105c proste i mocne otwarcie jedn\u0105 r\u0119k\u0105.<\/p>\n<p>SPECYFIKACJE<br \/>\nD\u0142ugo\u015b\u0107 ostrza 3,63 cala (92,20 mm)<br \/>\nKraw\u0119d\u017a ostrza Veff Serrations\u2122<br \/>\nOstrze ze stali 1.4116<br \/>\nWyko\u0144czenie powierzchni ostrza EDP<br \/>\nGrubo\u015b\u0107 ostrza 0,13 cala (3,25 mm)<br \/>\nD\u0142ugo\u015b\u0107 ca\u0142kowita 8,19 cala (207,98 mm)<br \/>\nD\u0142ugo\u015b\u0107 po zamkni\u0119ciu 4,59 cala (116,61 mm)<br \/>\nWaga 4,60 uncji (130,41 g)<br \/>\nR\u0119koje\u015b\u0107 z w\u0142\u00f3kna w\u0119glowego z podstaw\u0105 G10<br \/>\nN\u00f3\u017c sk\u0142adany Style Assisted z blokad\u0105 Liner Lock<\/p>\n<p><iframe title=\"CRKT P.S.D.\u2122 (PARTICLE. SEPARATION. DEVICE.) BLACKOUT | Jim Hammond Design\" width=\"800\" height=\"450\" src=\"https:\/\/www.youtube.com\/embed\/zoK6dCUWr8A?feature=oembed\" frameborder=\"0\" allow=\"accelerometer; autoplay; clipboard-write; encrypted-media; gyroscope; picture-in-picture; web-share\" referrerpolicy=\"strict-origin-when-cross-origin\" allowfullscreen><\/iframe><\/p>\n<p>&nbsp;<\/p>\n","protected":false},"excerpt":{"rendered":"<p>Zaprojektowany przez Jima Hammonda w Birmingham w Alabamie.<\/p>\n","protected":false},"featured_media":330388,"comment_status":"open","ping_status":"closed","template":"","meta":[],"pwb-brand":[3458],"product_brand":[],"product_cat":[3307,3296],"product_tag":[3671],"class_list":{"0":"post-330387","1":"product","2":"type-product","3":"status-publish","4":"has-post-thumbnail","6":"pwb-brand-crkt-pl","7":"product_cat-zamykanie-nozy","8":"product_cat-noze-pl","9":"product_tag-b2b-pl","11":"first","12":"outofstock","13":"taxable","14":"shipping-taxable","15":"purchasable","16":"product-type-simple"},"brands":[{"id":3458,"name":"CRKT","slug":"crkt-pl"}],"_links":{"self":[{"href":"https:\/\/www.moskito.cz\/pl\/wp-json\/wp\/v2\/product\/330387","targetHints":{"allow":["GET"]}}],"collection":[{"href":"https:\/\/www.moskito.cz\/pl\/wp-json\/wp\/v2\/product"}],"about":[{"href":"https:\/\/www.moskito.cz\/pl\/wp-json\/wp\/v2\/types\/product"}],"replies":[{"embeddable":true,"href":"https:\/\/www.moskito.cz\/pl\/wp-json\/wp\/v2\/comments?post=330387"}],"wp:featuredmedia":[{"embeddable":true,"href":"https:\/\/www.moskito.cz\/pl\/wp-json\/wp\/v2\/media\/330388"}],"wp:attachment":[{"href":"https:\/\/www.moskito.cz\/pl\/wp-json\/wp\/v2\/media?parent=330387"}],"wp:term":[{"taxonomy":"pwb-brand","embeddable":true,"href":"https:\/\/www.moskito.cz\/pl\/wp-json\/wp\/v2\/pwb-brand?post=330387"},{"taxonomy":"product_brand","embeddable":true,"href":"https:\/\/www.moskito.cz\/pl\/wp-json\/wp\/v2\/product_brand?post=330387"},{"taxonomy":"product_cat","embeddable":true,"href":"https:\/\/www.moskito.cz\/pl\/wp-json\/wp\/v2\/product_cat?post=330387"},{"taxonomy":"product_tag","embeddable":true,"href":"https:\/\/www.moskito.cz\/pl\/wp-json\/wp\/v2\/product_tag?post=330387"}],"curies":[{"name":"wp","href":"https:\/\/api.w.org\/{rel}","templated":true}]}}