{"id":330411,"date":"2022-11-19T15:46:13","date_gmt":"2024-04-12T09:43:21","guid":{"rendered":"https:\/\/www.moskito.cz\/produkt\/noz-zamykajacy-crkt-shenanigan-czarny-z-zabkami-veff\/"},"modified":"2025-05-07T11:10:17","modified_gmt":"2025-05-07T10:10:17","slug":"noz-zamykajacy-crkt-shenanigan-czarny-z-zabkami-veff","status":"publish","type":"product","link":"https:\/\/www.moskito.cz\/pl\/produkt\/noz-zamykajacy-crkt-shenanigan-czarny-z-zabkami-veff\/","title":{"rendered":"N\u00f3\u017c zamykaj\u0105cy CRKT SHENANIGAN CZARNY Z Z\u0104BKAMI VEFF"},"content":{"rendered":"<p>N\u00f3\u017c zamykaj\u0105cy <strong>CRKT<\/strong> SHENANIGAN CZARNY Z Z\u0104BKAMI VEFF.<\/p>\n<p>CRKT\u00ae ponownie przedstawia klasyczn\u0105 lini\u0119 Shenanigan\u2122, sk\u0142adanych no\u017cy do codziennego u\u017cytku, zaprojektowanych przez \u015bwiatowej s\u0142awy projektanta no\u017cy Kena Oniona. Bardzo wytrzyma\u0142e, czarne ostrze stonewash o \u015brednicy 3,35 cala z Veff Serrations\u2122 przecina liny i linki. W po\u0142\u0105czeniu z wielokrotnie nagradzan\u0105 innowacj\u0105 Kena wspomaganego otwierania i systemem sworzni z \u0142o\u017cyskami kulkowymi IKBS\u2122 zapewniaj\u0105cymi wyj\u0105tkowo p\u0142ynne i szybkie otwieranie \u2013 pomimo tego, co mo\u017ce sugerowa\u0107 nazwa, ta klasyczna seria jest tutaj, aby wykona\u0107 to zadanie.<br \/>\nWspomagane otwieranie: Flipper szybko rozk\u0142ada ostrze<br \/>\nP\u0142ynne otwieranie: sworze\u0144 z \u0142o\u017cyskiem kulkowym IKBS\u2122 p\u0142ynnie rozk\u0142ada ostrze<br \/>\nZwi\u0119kszona ochrona: Black stonewash jest trwa\u0142y i dobrze si\u0119 starzeje<br \/>\nNiezwykle ostre: Veff Serrations\u2122 zapewniaj\u0105 doskona\u0142\u0105 wydajno\u015b\u0107 ci\u0119cia lin i ta\u015bm<br \/>\nBezpieczny i wygodny: wtryskiwany uchwyt z teksturowanym uchwytem<br \/>\n\u0141atwe zamykanie: zamek wk\u0142adany mo\u017cna \u0142atwo zamkn\u0105\u0107 jedn\u0105 r\u0119k\u0105<br \/>\nNiski profil: Kieszonkowy klips zapewnia bezpieczne przenoszenie.<\/p>\n<p>SPECYFIKACJE<br \/>\nD\u0142ugo\u015b\u0107 ostrza 3,35 cala (85,12 mm)<br \/>\nKraw\u0119d\u017a ostrza Veff Serrations\u2122<br \/>\nOstrze ze stali 1.4116<br \/>\nWyko\u0144czenie ostrza typu stonewash<br \/>\nGrubo\u015b\u0107 ostrza 0,12 cala (2,95 mm)<br \/>\nD\u0142ugo\u015b\u0107 ca\u0142kowita 8,19 cala (207,98 mm)<br \/>\nD\u0142ugo\u015b\u0107 po zamkni\u0119ciu 4,86 \u200b\u200bcala (123,32 mm)<br \/>\nWaga 3,60 uncji (102,06 g)<br \/>\nR\u0119koje\u015b\u0107 Nylon wzmocniony szk\u0142em<br \/>\nN\u00f3\u017c sk\u0142adany Style Assisted z blokad\u0105 Liner Lock<\/p>\n<p><iframe title=\"CRKT SHENANIGAN\u2122 | Ken Onion Design\" width=\"800\" height=\"450\" src=\"https:\/\/www.youtube.com\/embed\/RE9C8sg12K4?feature=oembed\" frameborder=\"0\" allow=\"accelerometer; autoplay; clipboard-write; encrypted-media; gyroscope; picture-in-picture; web-share\" referrerpolicy=\"strict-origin-when-cross-origin\" allowfullscreen><\/iframe><\/p>\n<p>&nbsp;<\/p>\n<p>&nbsp;<\/p>\n","protected":false},"excerpt":{"rendered":"<p>Zaprojektowany przez Kena Onion w Kaneohe na Hawajach.<\/p>\n","protected":false},"featured_media":330412,"comment_status":"open","ping_status":"closed","template":"","meta":[],"pwb-brand":[3458],"product_brand":[],"product_cat":[3296,3307],"product_tag":[3671],"class_list":{"0":"post-330411","1":"product","2":"type-product","3":"status-publish","4":"has-post-thumbnail","6":"pwb-brand-crkt-pl","7":"product_cat-noze-pl","8":"product_cat-zamykanie-nozy","9":"product_tag-b2b-pl","11":"first","12":"instock","13":"taxable","14":"shipping-taxable","15":"purchasable","16":"product-type-simple"},"brands":[{"id":3458,"name":"CRKT","slug":"crkt-pl"}],"_links":{"self":[{"href":"https:\/\/www.moskito.cz\/pl\/wp-json\/wp\/v2\/product\/330411","targetHints":{"allow":["GET"]}}],"collection":[{"href":"https:\/\/www.moskito.cz\/pl\/wp-json\/wp\/v2\/product"}],"about":[{"href":"https:\/\/www.moskito.cz\/pl\/wp-json\/wp\/v2\/types\/product"}],"replies":[{"embeddable":true,"href":"https:\/\/www.moskito.cz\/pl\/wp-json\/wp\/v2\/comments?post=330411"}],"wp:featuredmedia":[{"embeddable":true,"href":"https:\/\/www.moskito.cz\/pl\/wp-json\/wp\/v2\/media\/330412"}],"wp:attachment":[{"href":"https:\/\/www.moskito.cz\/pl\/wp-json\/wp\/v2\/media?parent=330411"}],"wp:term":[{"taxonomy":"pwb-brand","embeddable":true,"href":"https:\/\/www.moskito.cz\/pl\/wp-json\/wp\/v2\/pwb-brand?post=330411"},{"taxonomy":"product_brand","embeddable":true,"href":"https:\/\/www.moskito.cz\/pl\/wp-json\/wp\/v2\/product_brand?post=330411"},{"taxonomy":"product_cat","embeddable":true,"href":"https:\/\/www.moskito.cz\/pl\/wp-json\/wp\/v2\/product_cat?post=330411"},{"taxonomy":"product_tag","embeddable":true,"href":"https:\/\/www.moskito.cz\/pl\/wp-json\/wp\/v2\/product_tag?post=330411"}],"curies":[{"name":"wp","href":"https:\/\/api.w.org\/{rel}","templated":true}]}}