{"id":330593,"date":"2023-12-12T22:25:32","date_gmt":"2024-04-12T11:32:24","guid":{"rendered":"https:\/\/www.moskito.cz\/produkt\/noz-skladany-columbia-river-crkt-jim-hammond-abc-all-base-covered-2606\/"},"modified":"2025-05-07T11:10:20","modified_gmt":"2025-05-07T10:10:20","slug":"noz-skladany-columbia-river-crkt-jim-hammond-abc-all-base-covered-2606","status":"publish","type":"product","link":"https:\/\/www.moskito.cz\/pl\/produkt\/noz-skladany-columbia-river-crkt-jim-hammond-abc-all-base-covered-2606\/","title":{"rendered":"N\u00f3\u017c sk\u0142adany Columbia River CRKT Jim Hammond ABC All Base Covered 2606"},"content":{"rendered":"<p>N\u00f3\u017c sk\u0142adany Columbia River <strong>CRKT<\/strong> Jim Hammond ABC All Base Covered 2606<\/p>\n<p>Zaprojektowany z my\u015bl\u0105 o szybkiej reakcji. ABC (All. Bases. Covered.) Jima Hammonda powraca w jeszcze bardziej wszechstronnej formie. Teraz sk\u0142adany, \u0142\u0105czy wszechstronno\u015b\u0107 oryginalnego sta\u0142ego ostrza z wygodniejsz\u0105 i bardziej kompaktow\u0105 konstrukcj\u0105. A dzi\u0119ki wspomaganemu otwieraniu i \u0142o\u017cyskom IKBS jest nadal gotowy do dzia\u0142ania w ka\u017cdej chwili, a r\u0119koje\u015b\u0107 G10 zapewnia mocny chwyt nawet przy niesprzyjaj\u0105cej pogodzie.<\/p>\n<p>Jak dzia\u0142a wspomagane otwieranie<\/p>\n<p>Trzyma si\u0119 go bezpiecznie zamkni\u0119tego w kieszeni, ale wystarczy zainicjowa\u0107 roz\u0142o\u017cenie, a ostrze otwiera si\u0119 z imponuj\u0105c\u0105 szybko\u015bci\u0105, zapewniaj\u0105c \u0142atwe i mocne otwieranie jedn\u0105 r\u0119k\u0105 w cz\u0119\u015bci wahad\u0142owej.<\/p>\n<p>Funkcjonowa\u0107<br \/>\nAssisted Opening Flipper szybko rozk\u0142ada ostrze<br \/>\nSworze\u0144 z \u0142o\u017cyskiem kulkowym IKBS p\u0142ynnie przesuwa ostrze<br \/>\nR\u0119koje\u015b\u0107 G10 jest mocna i lekka<br \/>\nLiner Lock mo\u017cna \u0142atwo zamkn\u0105\u0107 jedn\u0105 r\u0119k\u0105<br \/>\nNiskoprofilowy klips kieszeniowy zapewnia bezpieczne przenoszenie<br \/>\nDane techniczne<br \/>\nD\u0142ugo\u015b\u0107 ostrza: 8,47 cm<br \/>\nD\u0142ugo\u015b\u0107 ca\u0142kowita: 20 cm<br \/>\nMateria\u0142 ostrza: stal nierdzewna 12C27<br \/>\nStyl ostrza: Tanto<br \/>\nSzlifowanie ostrzy: puste<br \/>\nWyko\u0144czenie ostrza: czarne<br \/>\nMateria\u0142 r\u0119koje\u015bci: czarny G10<br \/>\nMechanizm blokuj\u0105cy: Liner Lock<br \/>\nKieszonkowy klips: (sk\u0142adany, odpowiedni do noszenia)<br \/>\nWaga: 3,81 uncji<br \/>\nProjektant: Jim Hammond<\/p>\n<p><iframe title=\"CRKT A.B.C. I Jim Hammond Design\" width=\"800\" height=\"450\" src=\"https:\/\/www.youtube.com\/embed\/ocKMid9erqM?feature=oembed\" frameborder=\"0\" allow=\"accelerometer; autoplay; clipboard-write; encrypted-media; gyroscope; picture-in-picture; web-share\" referrerpolicy=\"strict-origin-when-cross-origin\" allowfullscreen><\/iframe><\/p>\n<p>&nbsp;<\/p>\n","protected":false},"excerpt":{"rendered":"<p><strong>PROJEKTANT: Jim Hammond<\/strong><br \/>\n<strong>Birmingham w Alabamie<\/strong><br \/>\n<strong>Jim by\u0142 pierwszym kuterem, kt\u00f3ry wsp\u00f3\u0142pracowa\u0142 z CRKT\u00ae w 1994 r., ale wcze\u015bniej mia\u0142 ponad 17 lat do\u015bwiadczenia za pasem ozdobionym ostrzami. Po uko\u0144czeniu Clemson w 1977 szybko pi\u0105\u0142 si\u0119 po szczeblach kariery, specjalizuj\u0105c si\u0119 w wojskowych i kolekcjonerskich my\u015bliwcach taktycznych, takich jak nasza seria FE\u2122. Od 1978 roku jest cz\u0142onkiem Gildii Producent\u00f3w No\u017cy, a jego projekty \u2013 i hu\u015btawki golfowe \u2013 charakteryzuj\u0105 si\u0119 perfekcj\u0105, smakiem i funkcjonalno\u015bci\u0105.<\/strong><\/p>\n","protected":false},"featured_media":330594,"comment_status":"open","ping_status":"closed","template":"","meta":[],"pwb-brand":[3458],"product_brand":[],"product_cat":[3307,3296],"product_tag":[3671],"class_list":{"0":"post-330593","1":"product","2":"type-product","3":"status-publish","4":"has-post-thumbnail","6":"pwb-brand-crkt-pl","7":"product_cat-zamykanie-nozy","8":"product_cat-noze-pl","9":"product_tag-b2b-pl","11":"first","12":"instock","13":"sale","14":"taxable","15":"shipping-taxable","16":"purchasable","17":"product-type-simple"},"brands":[{"id":3458,"name":"CRKT","slug":"crkt-pl"}],"_links":{"self":[{"href":"https:\/\/www.moskito.cz\/pl\/wp-json\/wp\/v2\/product\/330593","targetHints":{"allow":["GET"]}}],"collection":[{"href":"https:\/\/www.moskito.cz\/pl\/wp-json\/wp\/v2\/product"}],"about":[{"href":"https:\/\/www.moskito.cz\/pl\/wp-json\/wp\/v2\/types\/product"}],"replies":[{"embeddable":true,"href":"https:\/\/www.moskito.cz\/pl\/wp-json\/wp\/v2\/comments?post=330593"}],"wp:featuredmedia":[{"embeddable":true,"href":"https:\/\/www.moskito.cz\/pl\/wp-json\/wp\/v2\/media\/330594"}],"wp:attachment":[{"href":"https:\/\/www.moskito.cz\/pl\/wp-json\/wp\/v2\/media?parent=330593"}],"wp:term":[{"taxonomy":"pwb-brand","embeddable":true,"href":"https:\/\/www.moskito.cz\/pl\/wp-json\/wp\/v2\/pwb-brand?post=330593"},{"taxonomy":"product_brand","embeddable":true,"href":"https:\/\/www.moskito.cz\/pl\/wp-json\/wp\/v2\/product_brand?post=330593"},{"taxonomy":"product_cat","embeddable":true,"href":"https:\/\/www.moskito.cz\/pl\/wp-json\/wp\/v2\/product_cat?post=330593"},{"taxonomy":"product_tag","embeddable":true,"href":"https:\/\/www.moskito.cz\/pl\/wp-json\/wp\/v2\/product_tag?post=330593"}],"curies":[{"name":"wp","href":"https:\/\/api.w.org\/{rel}","templated":true}]}}