{"id":330674,"date":"2022-09-06T21:58:50","date_gmt":"2024-04-12T12:00:06","guid":{"rendered":"https:\/\/www.moskito.cz\/produkt\/noz-zamykajacy-crkt-facet-k230xxp\/"},"modified":"2025-05-07T11:10:22","modified_gmt":"2025-05-07T10:10:22","slug":"noz-zamykajacy-crkt-facet-k230xxp","status":"publish","type":"product","link":"https:\/\/www.moskito.cz\/pl\/produkt\/noz-zamykajacy-crkt-facet-k230xxp\/","title":{"rendered":"N\u00f3\u017c zamykaj\u0105cy CRKT FACET K230XXP"},"content":{"rendered":"<div class=\"flex-1 overflow-hidden @container\/thread\">\n<div class=\"h-full\">\n<div class=\"react-scroll-to-bottom--css-vxybp-79elbk h-full\">\n<div class=\"react-scroll-to-bottom--css-vxybp-1n7m0yu\">\n<div class=\"flex flex-col text-sm md:pb-9\">\n<article class=\"w-full scroll-mb-[var(--thread-trailing-height,150px)] text-token-text-primary focus-visible:outline-2 focus-visible:outline-offset-[-4px]\" dir=\"auto\" data-testid=\"conversation-turn-175\" data-scroll-anchor=\"true\">\n<div class=\"m-auto text-base py-[18px] px-3 md:px-4 w-full md:px-5 lg:px-4 xl:px-5\">\n<div class=\"mx-auto flex flex-1 gap-4 text-base md:gap-5 lg:gap-6 md:max-w-3xl\">\n<div class=\"group\/conversation-turn relative flex w-full min-w-0 flex-col agent-turn\">\n<div class=\"flex-col gap-1 md:gap-3\">\n<div class=\"flex max-w-full flex-col flex-grow\">\n<div class=\"min-h-8 text-message flex w-full flex-col items-end gap-2 whitespace-normal break-words text-start [.text-message+&amp;]:mt-5\" dir=\"auto\" data-message-author-role=\"assistant\" data-message-id=\"e55cc375-bb52-44ba-bb4f-c5f2fdf8afca\" data-message-model-slug=\"gpt-4o-mini\">\n<div class=\"flex w-full flex-col gap-1 empty:hidden first:pt-[3px]\">\n<div class=\"markdown prose w-full break-words dark:prose-invert light\">\n<p><strong>N\u00f3\u017c sk\u0142adany CRKT FACET K230XXP<\/strong> to elegancki, praktyczny i wytrzyma\u0142y n\u00f3\u017c do codziennego noszenia, zaprojektowany przez \u015bwiatowej s\u0142awy projektanta <strong>Kena Onion<\/strong> . Ten n\u00f3\u017c jest doskona\u0142ym przyk\u0142adem <strong>minimalistycznego designu<\/strong> , kt\u00f3ry bezkompromisowo \u0142\u0105czy <strong>nowoczesn\u0105 estetyk\u0119<\/strong> z <strong>wysok\u0105 funkcjonalno\u015bci\u0105<\/strong> . Facet\u2122 to idealny wyb\u00f3r dla tych, kt\u00f3rzy szukaj\u0105 <strong>m\u0119skiej jako\u015bci<\/strong> i doskona\u0142ej wydajno\u015bci w codziennym u\u017cytkowaniu.  <\/p>\n<h3>G\u0142\u00f3wne cechy i korzy\u015bci:<\/h3>\n<ol>\n<li><strong>Minimalistyczny design na czasy wsp\u00f3\u0142czesne<\/strong> :\n<ul>\n<li>Facet\u2122 jest <strong>elegancki i dyskretny<\/strong> , ale mimo to <strong>doskonale sprawdza<\/strong> si\u0119 w codziennych zadaniach.<\/li>\n<li>Nazwa pochodzi od s\u0142owa \u201efacet\u201d, oznaczaj\u0105cego <strong>ma\u0142\u0105, p\u0142ask\u0105 powierzchni\u0119<\/strong> \u2014 odnosz\u0105c si\u0119 do jego prostego, a jednocze\u015bnie precyzyjnie zaprojektowanego wygl\u0105du.<\/li>\n<\/ul>\n<\/li>\n<li><strong>Wysoka wydajno\u015b\u0107 dzi\u0119ki wspomaganiu otwierania<\/strong> :\n<ul>\n<li><strong>System otwierania oparty<\/strong> <strong>na \u0142o\u017cyskach kulkowych IKBS\u2122<\/strong> umo\u017cliwia <strong>szybkie, p\u0142ynne i \u0142atwe otwieranie<\/strong> no\u017ca jedn\u0105 r\u0119k\u0105. Ostrze otwiera si\u0119 automatycznie w momencie rozpocz\u0119cia ruchu dzi\u0119ki prostemu ruchowi obrotowemu, dzi\u0119ki czemu n\u00f3\u017c jest natychmiast gotowy do wykonania ka\u017cdego zadania. <\/li>\n<li><strong>Blokada ramy<\/strong> gwarantuje, \u017ce ostrze jest bezpiecznie zablokowane podczas u\u017cytkowania, dzi\u0119ki czemu nie musisz si\u0119 martwi\u0107, \u017ce otworzy si\u0119 podczas intensywnego u\u017cytkowania.<\/li>\n<\/ul>\n<\/li>\n<li><strong>Budowa i materia\u0142 ostrza<\/strong> :\n<ul>\n<li><strong>D\u0142ugo\u015b\u0107 ostrza<\/strong> : 3,37&#8243; (85,70 mm) \u2013 idealne do szerokiej gamy codziennych zada\u0144 zwi\u0105zanych z ci\u0119ciem.<\/li>\n<li><strong>Materia\u0142 ostrza<\/strong> : <strong>stal D2<\/strong> , kt\u00f3ra jest bardzo <strong>odporna na zu\u017cycie<\/strong> , dobrze <strong>trzyma ostro\u015b\u0107<\/strong> i jest <strong>odporna na korozj\u0119<\/strong> .<\/li>\n<li><strong>Wyko\u0144czenie ostrza<\/strong> : <strong>Satynowe wyko\u0144czenie<\/strong> nadaje ostrzu elegancki wygl\u0105d, nie wp\u0142ywaj\u0105c jednocze\u015bnie na jego wydajno\u015b\u0107.<\/li>\n<li><strong>Grubo\u015b\u0107 ostrza<\/strong> : 0,12&#8243; (3,15 mm) &#8211; Ostrze jest wystarczaj\u0105co mocne do codziennych zada\u0144, ale nie na tyle wytrzyma\u0142e, by nadawa\u0142o si\u0119 do codziennego u\u017cytku.<\/li>\n<\/ul>\n<\/li>\n<li><strong>Ergonomiczny uchwyt zapewniaj\u0105cy pewny chwyt<\/strong> :\n<ul>\n<li><strong>Uchwyt ze stali nierdzewnej<\/strong> zaprojektowano tak, aby <strong>zapewni\u0107 pewny i wygodny chwyt<\/strong> podczas u\u017cytkowania.<\/li>\n<li><strong>Proste linie i wygi\u0119te kszta\u0142ty<\/strong> r\u0119koje\u015bci sprawiaj\u0105, \u017ce n\u00f3\u017c wygodnie le\u017cy w d\u0142oni, a d\u0142ugotrwa\u0142e u\u017cytkowanie <strong>nie powoduje zm\u0119czenia<\/strong> .<\/li>\n<\/ul>\n<\/li>\n<li><strong>Praktyczne noszenie<\/strong> :\n<ul>\n<li><strong>Kompaktowe rozmiary<\/strong> (d\u0142ugo\u015b\u0107 ca\u0142kowita 7,69&#8243; \/ 195,28 mm, d\u0142ugo\u015b\u0107 po z\u0142o\u017ceniu 4,32&#8243; \/ 109,68 mm) sprawiaj\u0105, \u017ce n\u00f3\u017c mo\u017cna \u0142atwo nosi\u0107 w kieszeni lub na pasku.<\/li>\n<li><strong>Waga<\/strong> : 3,90 uncji (110,56 g) \u2013 wystarczaj\u0105co lekki do codziennego noszenia, bez zb\u0119dnego obci\u0105\u017cania.<\/li>\n<li><strong>G\u0142\u0119boki klips do kieszeni<\/strong> pozwala <strong>na \u0142atwe i bezpieczne przenoszenie<\/strong> no\u017ca, niezale\u017cnie od tego, czy nosisz go w kieszeni, czy przy pasku.<\/li>\n<\/ul>\n<\/li>\n<li><strong>Prostota i funkcjonalno\u015b\u0107 w harmonii<\/strong> :\n<ul>\n<li><strong>Ka\u017cdy \u0142uk i k\u0105t<\/strong> zosta\u0142 <strong>strategicznie zaprojektowany,<\/strong> aby zapewni\u0107 nie tylko doskona\u0142y wygl\u0105d, ale tak\u017ce <strong>wysok\u0105 wydajno\u015b\u0107<\/strong> w codziennym u\u017cytkowaniu.<\/li>\n<\/ul>\n<\/li>\n<\/ol>\n<h3>Jak dzia\u0142a wspomagane otwieranie:<\/h3>\n<ol>\n<li><strong>Wspomagane otwieranie<\/strong> oznacza, \u017ce \u200b\u200bn\u00f3\u017c jest bezpiecznie zamkni\u0119ty i otwiera si\u0119 automatycznie, gdy poruszysz r\u0119k\u0105.<\/li>\n<li>Wystarczy <strong>popchn\u0105\u0107 ostrze<\/strong> , a dzi\u0119ki <strong>systemowi \u0142o\u017cysk kulkowych<\/strong> i mechanizmowi wspomagaj\u0105cemu ostrze szybko otworzy si\u0119 do pozycji roboczej.<\/li>\n<li>Po otwarciu ostrza <strong>blokada ramy<\/strong> blokuje si\u0119, zapewniaj\u0105c bezpieczne u\u017cytkowanie no\u017ca.<\/li>\n<\/ol>\n<h3>Dane techniczne:<\/h3>\n<ul>\n<li><strong>D\u0142ugo\u015b\u0107 ostrza<\/strong> : 3,37&#8243; (85,70 mm)<\/li>\n<li><strong>Ostrze ostrza<\/strong> : g\u0142adkie<\/li>\n<li><strong>Materia\u0142 ostrza<\/strong> : <strong>stal D2<\/strong><\/li>\n<li><strong>Wyko\u0144czenie powierzchni ostrza<\/strong> : <strong>Satynowe<\/strong><\/li>\n<li><strong>Grubo\u015b\u0107 ostrza<\/strong> : 0,12&#8243; (3,15 mm)<\/li>\n<li><strong>D\u0142ugo\u015b\u0107 ca\u0142kowita<\/strong> : 7,69&#8243; (195,28 mm)<\/li>\n<li><strong>D\u0142ugo\u015b\u0107 po z\u0142o\u017ceniu<\/strong> : 4,32&#8243; (109,68 mm)<\/li>\n<li><strong>Waga<\/strong> : 3,90 uncji (110,56 g)<\/li>\n<li><strong>Uchwyt<\/strong> : <strong>Stal nierdzewna<\/strong><\/li>\n<li><strong>Styl<\/strong> : <strong>N\u00f3\u017c sk\u0142adany<\/strong> z blokad\u0105 ramy<\/li>\n<\/ul>\n<h3>Streszczenie:<\/h3>\n<p><strong>N\u00f3\u017c sk\u0142adany CRKT Facet K230XXP<\/strong> to <strong>doskona\u0142y przyk\u0142ad po\u0142\u0105czenia prostoty i wydajno\u015bci<\/strong> . Zaprojektowany przez Kena Onion&#8217;a n\u00f3\u017c oferuje <strong>wysok\u0105 wydajno\u015b\u0107<\/strong> , <strong>elegancki design<\/strong> i <strong>wspomagane otwieranie<\/strong> , co u\u0142atwia codzienne u\u017cytkowanie. <strong>Stal D2<\/strong> i <strong>system \u0142o\u017cysk kulkowych IKBS\u2122<\/strong> zapewniaj\u0105 d\u0142ug\u0105 \u017cywotno\u015b\u0107 i niezawodno\u015b\u0107 no\u017ca. Jest to idealne rozwi\u0105zanie dla <strong>pan\u00f3w<\/strong> , kt\u00f3rzy poszukuj\u0105 eleganckiego i funkcjonalnego no\u017ca do codziennego u\u017cytku, zapewniaj\u0105cego <strong>wysoki poziom bezpiecze\u0144stwa<\/strong> i <strong>\u0142atwo\u015b\u0107 przenoszenia<\/strong> .  <\/p>\n<\/div>\n<\/div>\n<\/div>\n<\/div>\n<div class=\"mb-2 flex gap-3 empty:hidden -ml-2\">\n<div class=\"items-center justify-start rounded-xl p-1 flex\">\n<div class=\"flex items-center\"><\/div>\n<\/div>\n<\/div>\n<div class=\"pr-2 lg:pr-0\"><\/div>\n<\/div>\n<\/div>\n<\/div>\n<\/div>\n<\/article>\n<\/div>\n<\/div>\n<\/div>\n<\/div>\n<\/div>\n<p><iframe title=\"CRKT FACET\u2122 | Ken Onion Design\" width=\"800\" height=\"450\" src=\"https:\/\/www.youtube.com\/embed\/GOX4q971Bms?feature=oembed\" frameborder=\"0\" allow=\"accelerometer; autoplay; clipboard-write; encrypted-media; gyroscope; picture-in-picture; web-share\" referrerpolicy=\"strict-origin-when-cross-origin\" allowfullscreen><\/iframe><\/p>\n<p>&nbsp;<\/p>\n","protected":false},"excerpt":{"rendered":"<div class=\"flex max-w-full flex-col flex-grow\">\n<div class=\"min-h-8 text-message flex w-full flex-col items-end gap-2 whitespace-normal break-words text-start [.text-message+&amp;]:mt-5\" dir=\"auto\" data-message-author-role=\"assistant\" data-message-id=\"e55cc375-bb52-44ba-bb4f-c5f2fdf8afca\" data-message-model-slug=\"gpt-4o-mini\">\n<div class=\"flex w-full flex-col gap-1 empty:hidden first:pt-[3px]\">\n<div class=\"markdown prose w-full break-words dark:prose-invert light\">\n<p><strong>N\u00f3\u017c sk\u0142adany CRKT Facet K230XXP to doskona\u0142y przyk\u0142ad po\u0142\u0105czenia prostoty i wydajno\u015bci. Zaprojektowany przez Kena Oniona n\u00f3\u017c charakteryzuje si\u0119 wysok\u0105 wydajno\u015bci\u0105, eleganckim designem i wspomaganym otwieraniem, co u\u0142atwia codzienne u\u017cytkowanie. Stal D2 i system \u0142o\u017cysk kulkowych IKBS\u2122 zapewniaj\u0105 d\u0142ug\u0105 \u017cywotno\u015b\u0107 i niezawodno\u015b\u0107 no\u017ca. Jest to idealne rozwi\u0105zanie dla pan\u00f3w, kt\u00f3rzy poszukuj\u0105 eleganckiego i funkcjonalnego no\u017ca do codziennego noszenia, zapewniaj\u0105cego wysoki poziom bezpiecze\u0144stwa i \u0142atwo\u015b\u0107 przenoszenia.   <\/strong><\/p>\n<\/div>\n<\/div>\n<\/div>\n<\/div>\n<div class=\"mb-2 flex gap-3 empty:hidden -ml-2\">\n<div class=\"items-center justify-start rounded-xl p-1 flex\">\n<div class=\"flex items-center\"><\/div>\n<\/div>\n<\/div>\n","protected":false},"featured_media":330675,"comment_status":"open","ping_status":"closed","template":"","meta":[],"pwb-brand":[3458],"product_brand":[],"product_cat":[3307,3296],"product_tag":[3671],"class_list":{"0":"post-330674","1":"product","2":"type-product","3":"status-publish","4":"has-post-thumbnail","6":"pwb-brand-crkt-pl","7":"product_cat-zamykanie-nozy","8":"product_cat-noze-pl","9":"product_tag-b2b-pl","11":"first","12":"instock","13":"sale","14":"taxable","15":"shipping-taxable","16":"purchasable","17":"product-type-simple"},"brands":[{"id":3458,"name":"CRKT","slug":"crkt-pl"}],"_links":{"self":[{"href":"https:\/\/www.moskito.cz\/pl\/wp-json\/wp\/v2\/product\/330674","targetHints":{"allow":["GET"]}}],"collection":[{"href":"https:\/\/www.moskito.cz\/pl\/wp-json\/wp\/v2\/product"}],"about":[{"href":"https:\/\/www.moskito.cz\/pl\/wp-json\/wp\/v2\/types\/product"}],"replies":[{"embeddable":true,"href":"https:\/\/www.moskito.cz\/pl\/wp-json\/wp\/v2\/comments?post=330674"}],"wp:featuredmedia":[{"embeddable":true,"href":"https:\/\/www.moskito.cz\/pl\/wp-json\/wp\/v2\/media\/330675"}],"wp:attachment":[{"href":"https:\/\/www.moskito.cz\/pl\/wp-json\/wp\/v2\/media?parent=330674"}],"wp:term":[{"taxonomy":"pwb-brand","embeddable":true,"href":"https:\/\/www.moskito.cz\/pl\/wp-json\/wp\/v2\/pwb-brand?post=330674"},{"taxonomy":"product_brand","embeddable":true,"href":"https:\/\/www.moskito.cz\/pl\/wp-json\/wp\/v2\/product_brand?post=330674"},{"taxonomy":"product_cat","embeddable":true,"href":"https:\/\/www.moskito.cz\/pl\/wp-json\/wp\/v2\/product_cat?post=330674"},{"taxonomy":"product_tag","embeddable":true,"href":"https:\/\/www.moskito.cz\/pl\/wp-json\/wp\/v2\/product_tag?post=330674"}],"curies":[{"name":"wp","href":"https:\/\/api.w.org\/{rel}","templated":true}]}}